{"id":142017,"date":"2024-08-31T14:14:20","date_gmt":"2024-08-31T12:14:20","guid":{"rendered":"https:\/\/beyondx.se\/cut-restistant-under-wear\/"},"modified":"2025-08-27T14:07:46","modified_gmt":"2025-08-27T12:07:46","slug":"cut-restistant-under-wear","status":"publish","type":"page","link":"https:\/\/beyondx.se\/no\/cut-restistant-under-wear\/","title":{"rendered":"Cut restistant under wear"},"content":{"rendered":"<div  class=\"wp-block-columns\"><div  class=\"wp-block-column\">\n<p>Med stadig mer sofistikert skislipeteknologi, trenings- og konkurranseunderlag som krever dette, har ogs\u00e5 antallet kuttskader i skisport \u00f8kt. De mange hendelsene med toppidrettsut\u00f8vere de siste \u00e5rene har f\u00e5tt FIS til \u00e5 innf\u00f8re et obligatorisk krav om at ut\u00f8vere i kontinentale cuper (EM, Nor-Am osv.) og h\u00f8yere m\u00e5 bruke kuttbestandig undert\u00f8y fra og med sesongen 2025\u201326.<\/p>\n\n\n\n<p>Flere leverand\u00f8rer har i lengre tid fors\u00f8kt \u00e5 utvikle funksjonelt undert\u00f8y av denne typen. Som dog oftest blir for tykke og med d\u00e5rlig elastisitet.<\/p>\n\n\n\n<p>Vi har ogs\u00e5 testet en rekke forskjellige stoffer. Og har funnet noe som kan v\u00e6re en god l\u00f8sning p\u00e5 problemet. Men det er veldig dyrt!<\/p>\n\n\n\n<p>Underveis i prosessen har vi kommet over et veldig godt og kostnadseffektivt alternativ. Kuttbestandig undert\u00f8y laget med en patentert s\u00f8ml\u00f8s strikketeknologi, med h\u00f8y elastisitet, som er veldig behagelig \u00e5 ha p\u00e5 seg.<\/p>\n\n\n\n<p>De svarte\/gr\u00f8nne plaggene er sertifisert i henhold til:<br\/><strong>UNI EN 388:2009 LEVEL 3<\/strong><br\/><strong>EN ISO 13997 LEVEL B<\/strong><br\/>Ikke testet for FIS<br\/><br\/>Nytt fra 2025\/26 er FIS-testede undert\u00f8y, som er p\u00e5krevd for EM og VM (3-stjerners)!<br\/>Forel\u00f8pig er det kun bukser tilgjengelig i denne kategorien. <br\/><\/p>\n\n\n\n<p><\/p>\n\n\n<div data-block-name=\"woocommerce\/product-category\" data-categories=\"[1990]\" class=\"wc-block-grid wp-block-product-category wc-block-product-category has-3-columns has-multiple-rows\"><ul class=\"wc-block-grid__products\"><li class=\"fade fpd-variation-needed product type-product post-149974 status-publish first outofstock product_cat-cut-resistant-under-wear product_cat-skyddsutrustning product_cat-utrustning has-post-thumbnail sale taxable shipping-taxable purchasable product-type-variable\">\r\n        <div class=\"image\"><a href=\"https:\/\/beyondx.se\/no\/produkt\/iron-ic-cut-resistant-pant-3-4-fis-3-star\/\"><div class=\"wc-block-grid__product-image\"><img loading=\"lazy\" decoding=\"async\" width=\"350\" height=\"350\" src=\"https:\/\/beyondx.se\/wp-content\/uploads\/2025\/09\/600894-66_1-350x350.jpg\" class=\"attachment-woocommerce_thumbnail size-woocommerce_thumbnail\" alt=\"Iron-ic Cut-Resistant pant 3\/4, FIS 3-star\" srcset=\"https:\/\/beyondx.se\/wp-content\/uploads\/2025\/09\/600894-66_1-350x350.webp 350w, https:\/\/beyondx.se\/wp-content\/uploads\/2025\/09\/600894-66_1-600x600.webp 600w, https:\/\/beyondx.se\/wp-content\/uploads\/2025\/09\/600894-66_1-150x150.jpg 150w, https:\/\/beyondx.se\/wp-content\/uploads\/2025\/09\/600894-66_1-768x768.jpg 768w, https:\/\/beyondx.se\/wp-content\/uploads\/2025\/09\/600894-66_1-400x400.webp 400w, https:\/\/beyondx.se\/wp-content\/uploads\/2025\/09\/600894-66_1.jpg 800w\" sizes=\"auto, (max-width: 350px) 100vw, 350px\" \/><\/div><\/a><\/div><div class=\"d-flex align-items-center\">\r\n        <div class=\"text-red fw-600 font-size-sm minh-22px d-block\">Senior<\/div>\r\n      <\/div><a href=\"https:\/\/beyondx.se\/no\/produkt\/iron-ic-cut-resistant-pant-3-4-fis-3-star\/\"><h2 class=\"woocommerce-loop-product__title\"><div class=\"wc-block-grid__product-title\">Iron-ic Cut-Resistant pant 3\/4, FIS 3-star<\/div><\/h2><\/a><div class=\"d-flex align-items-center mb-1\">\r\n        <div class=\"text-grey fw-600 font-size-sm me-2\">600894<\/div>\r\n        <div class=\"lh-1\"><i class=\"ti ti-point-filled text-green\"><\/i><\/div>\r\n      <\/div><div class=\"wc-block-grid__product-price price\"><del><span class=\"woocommerce-Price-amount amount\">2 824&nbsp;<span class=\"woocommerce-Price-currencySymbol\">&#107;&#114;<\/span><\/span><\/del> <ins><span class=\"woocommerce-Price-amount amount\">2 227&nbsp;<span class=\"woocommerce-Price-currencySymbol\">&#107;&#114;<\/span><\/span><\/ins><\/div><\/li><li class=\"fade fpd-variation-needed product type-product post-149846 status-publish instock product_cat-cut-resistant-under-wear product_cat-skyddsutrustning product_cat-utrustning has-post-thumbnail sale taxable shipping-taxable purchasable product-type-simple\">\r\n        <div class=\"image\"><a href=\"https:\/\/beyondx.se\/no\/produkt\/iron-ic-neck-warmer-pro\/\"><div class=\"wc-block-grid__product-image\"><img loading=\"lazy\" decoding=\"async\" width=\"350\" height=\"350\" src=\"https:\/\/beyondx.se\/wp-content\/uploads\/2025\/08\/700747_1-1-350x350.jpg\" class=\"attachment-woocommerce_thumbnail size-woocommerce_thumbnail\" alt=\"Iron-IC Neck warmer PRO\" srcset=\"https:\/\/beyondx.se\/wp-content\/uploads\/2025\/08\/700747_1-1-350x350.webp 350w, https:\/\/beyondx.se\/wp-content\/uploads\/2025\/08\/700747_1-1-600x601.webp 600w, https:\/\/beyondx.se\/wp-content\/uploads\/2025\/08\/700747_1-1-150x150.jpg 150w, https:\/\/beyondx.se\/wp-content\/uploads\/2025\/08\/700747_1-1-768x769.jpg 768w, https:\/\/beyondx.se\/wp-content\/uploads\/2025\/08\/700747_1-1-400x401.webp 400w, https:\/\/beyondx.se\/wp-content\/uploads\/2025\/08\/700747_1-1.jpg 799w\" sizes=\"auto, (max-width: 350px) 100vw, 350px\" \/><\/div><\/a><\/div><div class=\"d-flex align-items-center\">\r\n        <div class=\"text-red fw-600 font-size-sm minh-22px d-block\"><\/div>\r\n      <\/div><a href=\"https:\/\/beyondx.se\/no\/produkt\/iron-ic-neck-warmer-pro\/\"><h2 class=\"woocommerce-loop-product__title\"><div class=\"wc-block-grid__product-title\">Iron-IC Neck warmer PRO<\/div><\/h2><\/a><div class=\"d-flex align-items-center mb-1\">\r\n        <div class=\"text-grey fw-600 font-size-sm me-2\">700747<\/div>\r\n        <div class=\"lh-1\"><i class=\"ti ti-point-filled text-green\"><\/i><\/div>\r\n      <\/div><div class=\"wc-block-grid__product-price price\"><del aria-hidden=\"true\"><span class=\"woocommerce-Price-amount amount\">508&nbsp;<span class=\"woocommerce-Price-currencySymbol\">&#107;&#114;<\/span><\/span><\/del> <ins><span class=\"woocommerce-Price-amount amount\">314&nbsp;<span class=\"woocommerce-Price-currencySymbol\">&#107;&#114;<\/span><\/span><\/ins><\/div><\/li><li class=\"fade fpd-variation-needed product type-product post-141855 status-publish outofstock product_cat-cut-resistant-under-wear has-post-thumbnail sale taxable shipping-taxable purchasable product-type-variable\">\r\n        <div class=\"image\"><a href=\"https:\/\/beyondx.se\/no\/produkt\/iron-ic-cut-resistant-pant-3-4-junior\/\"><div class=\"wc-block-grid__product-image\"><img loading=\"lazy\" decoding=\"async\" width=\"350\" height=\"350\" src=\"https:\/\/beyondx.se\/wp-content\/uploads\/2024\/08\/600814-12_1-350x350.jpg\" class=\"attachment-woocommerce_thumbnail size-woocommerce_thumbnail\" alt=\"Iron-ic Cut-Resistant pant 3\/4 Junior\" srcset=\"https:\/\/beyondx.se\/wp-content\/uploads\/2024\/08\/600814-12_1-350x350.webp 350w, https:\/\/beyondx.se\/wp-content\/uploads\/2024\/08\/600814-12_1-600x600.webp 600w, https:\/\/beyondx.se\/wp-content\/uploads\/2024\/08\/600814-12_1-150x150.jpg 150w, https:\/\/beyondx.se\/wp-content\/uploads\/2024\/08\/600814-12_1-400x400.webp 400w, https:\/\/beyondx.se\/wp-content\/uploads\/2024\/08\/600814-12_1.jpg 696w\" sizes=\"auto, (max-width: 350px) 100vw, 350px\" \/><\/div><\/a><\/div><div class=\"d-flex align-items-center\">\r\n        <div class=\"text-red fw-600 font-size-sm minh-22px d-block\">Junior<\/div>\r\n      <\/div><a href=\"https:\/\/beyondx.se\/no\/produkt\/iron-ic-cut-resistant-pant-3-4-junior\/\"><h2 class=\"woocommerce-loop-product__title\"><div class=\"wc-block-grid__product-title\">Iron-ic Cut-Resistant pant 3\/4 Junior<\/div><\/h2><\/a><div class=\"d-flex align-items-center mb-1\">\r\n        <div class=\"text-grey fw-600 font-size-sm me-2\">600814<\/div>\r\n        <div class=\"lh-1\"><i class=\"ti ti-point-filled text-green\"><\/i><\/div>\r\n      <\/div><div class=\"wc-block-grid__product-price price\"><del><span class=\"woocommerce-Price-amount amount\">1 468&nbsp;<span class=\"woocommerce-Price-currencySymbol\">&#107;&#114;<\/span><\/span><\/del> <ins><span class=\"woocommerce-Price-amount amount\">1 006&nbsp;<span class=\"woocommerce-Price-currencySymbol\">&#107;&#114;<\/span><\/span><\/ins><\/div><\/li><li class=\"fade fpd-variation-needed product type-product post-141838 status-publish last outofstock product_cat-cut-resistant-under-wear product_cat-skyddsutrustning product_cat-utrustning has-post-thumbnail sale taxable shipping-taxable purchasable product-type-variable\">\r\n        <div class=\"image\"><a href=\"https:\/\/beyondx.se\/no\/produkt\/iron-ic-cut-resistant-pant-3-4\/\"><div class=\"wc-block-grid__product-image\"><img loading=\"lazy\" decoding=\"async\" width=\"350\" height=\"350\" src=\"https:\/\/beyondx.se\/wp-content\/uploads\/2024\/09\/600813-66_1-350x350.jpg\" class=\"attachment-woocommerce_thumbnail size-woocommerce_thumbnail\" alt=\"Iron-ic Cut-Resistant pant 3\/4\" srcset=\"https:\/\/beyondx.se\/wp-content\/uploads\/2024\/09\/600813-66_1-350x350.webp 350w, https:\/\/beyondx.se\/wp-content\/uploads\/2024\/09\/600813-66_1-600x600.webp 600w, https:\/\/beyondx.se\/wp-content\/uploads\/2024\/09\/600813-66_1-150x150.jpg 150w, https:\/\/beyondx.se\/wp-content\/uploads\/2024\/09\/600813-66_1-400x400.webp 400w, https:\/\/beyondx.se\/wp-content\/uploads\/2024\/09\/600813-66_1.jpg 740w\" sizes=\"auto, (max-width: 350px) 100vw, 350px\" \/><\/div><\/a><\/div><div class=\"d-flex align-items-center\">\r\n        <div class=\"text-red fw-600 font-size-sm minh-22px d-block\">Senior<\/div>\r\n      <\/div><a href=\"https:\/\/beyondx.se\/no\/produkt\/iron-ic-cut-resistant-pant-3-4\/\"><h2 class=\"woocommerce-loop-product__title\"><div class=\"wc-block-grid__product-title\">Iron-ic Cut-Resistant pant 3\/4<\/div><\/h2><\/a><div class=\"d-flex align-items-center mb-1\">\r\n        <div class=\"text-grey fw-600 font-size-sm me-2\">600813<\/div>\r\n        <div class=\"lh-1\"><i class=\"ti ti-point-filled text-green\"><\/i><\/div>\r\n      <\/div><div class=\"wc-block-grid__product-price price\"><del><span class=\"woocommerce-Price-amount amount\">1 581&nbsp;<span class=\"woocommerce-Price-currencySymbol\">&#107;&#114;<\/span><\/span><\/del> <ins><span class=\"woocommerce-Price-amount amount\">1 085&nbsp;<span class=\"woocommerce-Price-currencySymbol\">&#107;&#114;<\/span><\/span><\/ins><\/div><\/li><li class=\"fade fpd-variation-needed product type-product post-141831 status-publish first outofstock product_cat-cut-resistant-under-wear has-post-thumbnail sale taxable shipping-taxable purchasable product-type-variable\">\r\n        <div class=\"image\"><a href=\"https:\/\/beyondx.se\/no\/produkt\/iron-ic-cut-resistant-shirt-junior\/\"><div class=\"wc-block-grid__product-image\"><img loading=\"lazy\" decoding=\"async\" width=\"350\" height=\"350\" src=\"https:\/\/beyondx.se\/wp-content\/uploads\/2025\/06\/201984-12_1-350x350.jpg\" class=\"attachment-woocommerce_thumbnail size-woocommerce_thumbnail\" alt=\"Iron-ic Cut-Resistant shirt Junior\" srcset=\"https:\/\/beyondx.se\/wp-content\/uploads\/2025\/06\/201984-12_1-350x350.webp 350w, https:\/\/beyondx.se\/wp-content\/uploads\/2025\/06\/201984-12_1-600x601.webp 600w, https:\/\/beyondx.se\/wp-content\/uploads\/2025\/06\/201984-12_1-150x150.jpg 150w, https:\/\/beyondx.se\/wp-content\/uploads\/2025\/06\/201984-12_1-768x769.jpg 768w, https:\/\/beyondx.se\/wp-content\/uploads\/2025\/06\/201984-12_1-400x401.webp 400w, https:\/\/beyondx.se\/wp-content\/uploads\/2025\/06\/201984-12_1.jpg 781w\" sizes=\"auto, (max-width: 350px) 100vw, 350px\" \/><\/div><\/a><\/div><div class=\"d-flex align-items-center\">\r\n        <div class=\"text-red fw-600 font-size-sm minh-22px d-block\">Junior<\/div>\r\n      <\/div><a href=\"https:\/\/beyondx.se\/no\/produkt\/iron-ic-cut-resistant-shirt-junior\/\"><h2 class=\"woocommerce-loop-product__title\"><div class=\"wc-block-grid__product-title\">Iron-ic Cut-Resistant shirt Junior<\/div><\/h2><\/a><div class=\"d-flex align-items-center mb-1\">\r\n        <div class=\"text-grey fw-600 font-size-sm me-2\">201984<\/div>\r\n        <div class=\"lh-1\"><i class=\"ti ti-point-filled text-green\"><\/i><\/div>\r\n      <\/div><div class=\"wc-block-grid__product-price price\"><del><span class=\"woocommerce-Price-amount amount\">1 694&nbsp;<span class=\"woocommerce-Price-currencySymbol\">&#107;&#114;<\/span><\/span><\/del> <ins><span class=\"woocommerce-Price-amount amount\">1 157&nbsp;<span class=\"woocommerce-Price-currencySymbol\">&#107;&#114;<\/span><\/span><\/ins><\/div><\/li><li class=\"fade fpd-variation-needed product type-product post-141602 status-publish outofstock product_cat-cut-resistant-under-wear product_cat-skyddsutrustning product_cat-utrustning has-post-thumbnail sale taxable shipping-taxable purchasable product-type-variable\">\r\n        <div class=\"image\"><a href=\"https:\/\/beyondx.se\/no\/produkt\/iron-ic-cut-resistant-shirt\/\"><div class=\"wc-block-grid__product-image\"><img loading=\"lazy\" decoding=\"async\" width=\"350\" height=\"350\" src=\"https:\/\/beyondx.se\/wp-content\/uploads\/2024\/09\/201983-66_1-350x350.jpg\" class=\"attachment-woocommerce_thumbnail size-woocommerce_thumbnail\" alt=\"Iron-ic Cut-Resistant shirt\" srcset=\"https:\/\/beyondx.se\/wp-content\/uploads\/2024\/09\/201983-66_1-350x350.webp 350w, https:\/\/beyondx.se\/wp-content\/uploads\/2024\/09\/201983-66_1-600x600.webp 600w, https:\/\/beyondx.se\/wp-content\/uploads\/2024\/09\/201983-66_1-150x150.jpg 150w, https:\/\/beyondx.se\/wp-content\/uploads\/2024\/09\/201983-66_1-400x400.webp 400w, https:\/\/beyondx.se\/wp-content\/uploads\/2024\/09\/201983-66_1.jpg 625w\" sizes=\"auto, (max-width: 350px) 100vw, 350px\" \/><div class=\"wcpb-badges\"><span class=\"wcpb-badge\">Sluts\u00e5ld<\/span><span class=\"wcpb-badge\">\u00c5ter i lager till h\u00f6sten<\/span><\/div><\/div><\/a><\/div><div class=\"d-flex align-items-center\">\r\n        <div class=\"text-red fw-600 font-size-sm minh-22px d-block\">Senior<\/div>\r\n      <\/div><a href=\"https:\/\/beyondx.se\/no\/produkt\/iron-ic-cut-resistant-shirt\/\"><h2 class=\"woocommerce-loop-product__title\"><div class=\"wc-block-grid__product-title\">Iron-ic Cut-Resistant shirt<\/div><\/h2><\/a><div class=\"d-flex align-items-center mb-1\">\r\n        <div class=\"text-grey fw-600 font-size-sm me-2\">201983<\/div>\r\n        <div class=\"lh-1\"><i class=\"ti ti-point-filled text-red\"><\/i><\/div>\r\n      <\/div><div class=\"wc-block-grid__product-price price\"><del><span class=\"woocommerce-Price-amount amount\">1 807&nbsp;<span class=\"woocommerce-Price-currencySymbol\">&#107;&#114;<\/span><\/span><\/del> <ins><span class=\"woocommerce-Price-amount amount\">1 237&nbsp;<span class=\"woocommerce-Price-currencySymbol\">&#107;&#114;<\/span><\/span><\/ins><\/div><\/li><\/ul><\/div><\/div><\/div>\n<p><\/p>\n","protected":false},"excerpt":{"rendered":"Med stadig mer sofistikert skislipeteknologi, trenings- og konkurranseunderlag som krever dette, har ogs\u00e5 antallet kuttskader i skisport \u00f8kt. De mange hendelsene med toppidrettsut\u00f8vere de siste \u00e5rene har f\u00e5tt FIS til \u00e5 innf\u00f8re et obligatorisk krav om at ut\u00f8vere i kontinentale cuper (EM, Nor-Am osv.) og h\u00f8yere m\u00e5 bruke kuttbestandig undert\u00f8y fra og med sesongen 2025\u201326&#8230;. <a class=\"view-article\" href=\"https:\/\/beyondx.se\/no\/cut-restistant-under-wear\/\">View Article<\/a>","protected":false},"author":2,"featured_media":0,"parent":0,"menu_order":0,"comment_status":"closed","ping_status":"closed","template":"","meta":{"footnotes":""},"class_list":["post-142017","page","type-page","status-publish","hentry","fpd-variation-needed"],"yoast_head":"<!-- This site is optimized with the Yoast SEO plugin v21.0 - https:\/\/yoast.com\/wordpress\/plugins\/seo\/ -->\n<title>Cut restistant under wear - Beyond-X<\/title>\n<meta name=\"description\" content=\"Beyond-X Cut restistant under wear\" \/>\n<meta name=\"robots\" content=\"index, follow, max-snippet:-1, max-image-preview:large, max-video-preview:-1\" \/>\n<link rel=\"canonical\" href=\"https:\/\/beyondx.se\/no\/cut-restistant-under-wear\/\" \/>\n<meta property=\"og:locale\" content=\"nb_NO\" \/>\n<meta property=\"og:type\" content=\"article\" \/>\n<meta property=\"og:title\" content=\"Cut restistant under wear - Beyond-X\" \/>\n<meta property=\"og:description\" content=\"Beyond-X Cut restistant under wear\" \/>\n<meta property=\"og:url\" content=\"https:\/\/beyondx.se\/no\/cut-restistant-under-wear\/\" \/>\n<meta property=\"og:site_name\" content=\"Beyond-X\" \/>\n<meta property=\"article:modified_time\" content=\"2025-08-27T12:07:46+00:00\" \/>\n<meta name=\"twitter:card\" content=\"summary_large_image\" \/>\n<meta name=\"twitter:label1\" content=\"Ansl. lesetid\" \/>\n\t<meta name=\"twitter:data1\" content=\"1 minutt\" \/>\n<script type=\"application\/ld+json\" class=\"yoast-schema-graph\">{\"@context\":\"https:\/\/schema.org\",\"@graph\":[{\"@type\":\"WebPage\",\"@id\":\"https:\/\/beyondx.se\/no\/cut-restistant-under-wear\/\",\"url\":\"https:\/\/beyondx.se\/no\/cut-restistant-under-wear\/\",\"name\":\"Cut restistant under wear - Beyond-X\",\"isPartOf\":{\"@id\":\"https:\/\/beyondx.se\/no\/#website\"},\"datePublished\":\"2024-08-31T12:14:20+00:00\",\"dateModified\":\"2025-08-27T12:07:46+00:00\",\"description\":\"Beyond-X Cut restistant under wear\",\"breadcrumb\":{\"@id\":\"https:\/\/beyondx.se\/no\/cut-restistant-under-wear\/#breadcrumb\"},\"inLanguage\":\"nb-NO\",\"potentialAction\":[{\"@type\":\"ReadAction\",\"target\":[\"https:\/\/beyondx.se\/no\/cut-restistant-under-wear\/\"]}]},{\"@type\":\"BreadcrumbList\",\"@id\":\"https:\/\/beyondx.se\/no\/cut-restistant-under-wear\/#breadcrumb\",\"itemListElement\":[{\"@type\":\"ListItem\",\"position\":1,\"name\":\"Hem\",\"item\":\"https:\/\/beyondx.se\/no\/\"},{\"@type\":\"ListItem\",\"position\":2,\"name\":\"Cut restistant under wear\"}]},{\"@type\":\"WebSite\",\"@id\":\"https:\/\/beyondx.se\/no\/#website\",\"url\":\"https:\/\/beyondx.se\/no\/\",\"name\":\"Beyond-X\",\"description\":\"No Bullshit Ski Wear\",\"publisher\":{\"@id\":\"https:\/\/beyondx.se\/no\/#organization\"},\"potentialAction\":[{\"@type\":\"SearchAction\",\"target\":{\"@type\":\"EntryPoint\",\"urlTemplate\":\"https:\/\/beyondx.se\/no\/?s={search_term_string}\"},\"query-input\":\"required name=search_term_string\"}],\"inLanguage\":\"nb-NO\"},{\"@type\":\"Organization\",\"@id\":\"https:\/\/beyondx.se\/no\/#organization\",\"name\":\"B-stedt of Sweden AB\",\"url\":\"https:\/\/beyondx.se\/no\/\",\"logo\":{\"@type\":\"ImageObject\",\"inLanguage\":\"nb-NO\",\"@id\":\"https:\/\/beyondx.se\/no\/#\/schema\/logo\/image\/\",\"url\":\"https:\/\/beyondx.se\/wp-content\/uploads\/2023\/08\/bx-logo.svg\",\"contentUrl\":\"https:\/\/beyondx.se\/wp-content\/uploads\/2023\/08\/bx-logo.svg\",\"width\":1,\"height\":1,\"caption\":\"B-stedt of Sweden AB\"},\"image\":{\"@id\":\"https:\/\/beyondx.se\/no\/#\/schema\/logo\/image\/\"}}]}<\/script>\n<!-- \/ Yoast SEO plugin. -->","yoast_head_json":{"title":"Cut restistant under wear - Beyond-X","description":"Beyond-X Cut restistant under wear","robots":{"index":"index","follow":"follow","max-snippet":"max-snippet:-1","max-image-preview":"max-image-preview:large","max-video-preview":"max-video-preview:-1"},"canonical":"https:\/\/beyondx.se\/no\/cut-restistant-under-wear\/","og_locale":"nb_NO","og_type":"article","og_title":"Cut restistant under wear - Beyond-X","og_description":"Beyond-X Cut restistant under wear","og_url":"https:\/\/beyondx.se\/no\/cut-restistant-under-wear\/","og_site_name":"Beyond-X","article_modified_time":"2025-08-27T12:07:46+00:00","twitter_card":"summary_large_image","twitter_misc":{"Ansl. lesetid":"1 minutt"},"schema":{"@context":"https:\/\/schema.org","@graph":[{"@type":"WebPage","@id":"https:\/\/beyondx.se\/no\/cut-restistant-under-wear\/","url":"https:\/\/beyondx.se\/no\/cut-restistant-under-wear\/","name":"Cut restistant under wear - Beyond-X","isPartOf":{"@id":"https:\/\/beyondx.se\/no\/#website"},"datePublished":"2024-08-31T12:14:20+00:00","dateModified":"2025-08-27T12:07:46+00:00","description":"Beyond-X Cut restistant under wear","breadcrumb":{"@id":"https:\/\/beyondx.se\/no\/cut-restistant-under-wear\/#breadcrumb"},"inLanguage":"nb-NO","potentialAction":[{"@type":"ReadAction","target":["https:\/\/beyondx.se\/no\/cut-restistant-under-wear\/"]}]},{"@type":"BreadcrumbList","@id":"https:\/\/beyondx.se\/no\/cut-restistant-under-wear\/#breadcrumb","itemListElement":[{"@type":"ListItem","position":1,"name":"Hem","item":"https:\/\/beyondx.se\/no\/"},{"@type":"ListItem","position":2,"name":"Cut restistant under wear"}]},{"@type":"WebSite","@id":"https:\/\/beyondx.se\/no\/#website","url":"https:\/\/beyondx.se\/no\/","name":"Beyond-X","description":"No Bullshit Ski Wear","publisher":{"@id":"https:\/\/beyondx.se\/no\/#organization"},"potentialAction":[{"@type":"SearchAction","target":{"@type":"EntryPoint","urlTemplate":"https:\/\/beyondx.se\/no\/?s={search_term_string}"},"query-input":"required name=search_term_string"}],"inLanguage":"nb-NO"},{"@type":"Organization","@id":"https:\/\/beyondx.se\/no\/#organization","name":"B-stedt of Sweden AB","url":"https:\/\/beyondx.se\/no\/","logo":{"@type":"ImageObject","inLanguage":"nb-NO","@id":"https:\/\/beyondx.se\/no\/#\/schema\/logo\/image\/","url":"https:\/\/beyondx.se\/wp-content\/uploads\/2023\/08\/bx-logo.svg","contentUrl":"https:\/\/beyondx.se\/wp-content\/uploads\/2023\/08\/bx-logo.svg","width":1,"height":1,"caption":"B-stedt of Sweden AB"},"image":{"@id":"https:\/\/beyondx.se\/no\/#\/schema\/logo\/image\/"}}]}},"_links":{"self":[{"href":"https:\/\/beyondx.se\/no\/wp-json\/wp\/v2\/pages\/142017","targetHints":{"allow":["GET"]}}],"collection":[{"href":"https:\/\/beyondx.se\/no\/wp-json\/wp\/v2\/pages"}],"about":[{"href":"https:\/\/beyondx.se\/no\/wp-json\/wp\/v2\/types\/page"}],"author":[{"embeddable":true,"href":"https:\/\/beyondx.se\/no\/wp-json\/wp\/v2\/users\/2"}],"replies":[{"embeddable":true,"href":"https:\/\/beyondx.se\/no\/wp-json\/wp\/v2\/comments?post=142017"}],"version-history":[{"count":3,"href":"https:\/\/beyondx.se\/no\/wp-json\/wp\/v2\/pages\/142017\/revisions"}],"predecessor-version":[{"id":150146,"href":"https:\/\/beyondx.se\/no\/wp-json\/wp\/v2\/pages\/142017\/revisions\/150146"}],"wp:attachment":[{"href":"https:\/\/beyondx.se\/no\/wp-json\/wp\/v2\/media?parent=142017"}],"curies":[{"name":"wp","href":"https:\/\/api.w.org\/{rel}","templated":true}]}}