{"id":43459,"date":"2023-08-28T08:34:43","date_gmt":"2023-08-28T06:34:43","guid":{"rendered":"https:\/\/beyondx.se\/om-oss-2\/"},"modified":"2023-11-01T00:08:21","modified_gmt":"2023-10-31T23:08:21","slug":"om-oss-2","status":"publish","type":"page","link":"https:\/\/beyondx.se\/no\/om-oss-2\/","title":{"rendered":"Om oss"},"content":{"rendered":"\n<div class=\"wp-block-group\"><div class=\"container\">\r\n    <div class=\"row kwb-jumbotron\">\r\n      <div class=\"col-lg-6 col-xl-7 media image d-flex align-items-end\" style=\"background-image: url(https:\/\/beyondx.se\/wp-content\/uploads\/2023\/08\/R21b-.gif)\"><div class=\"j-border\"><\/div><\/div>\r\n      <div class=\"col-lg-6 col-xl-5 bg-black text-white\">\r\n        <div class=\"content p-lg-5 px-4 py-5 h-100 d-flex align-items-center\">\r\n          \n<div class=\"\"><div>\n<p class=\"has-kwb-large-font-size\"><img decoding=\"async\" class=\"wp-image-27368\" style=\"width: NaNpx;\" src=\"https:\/\/beyondx.se\/wp-content\/uploads\/2023\/08\/No-Bullshit-1.svg\" alt=\"\"\/><\/p>\n\n\n\n<p class=\"has-kwb-large-font-size\"><strong>No Bullshit Ski Wear<\/strong><\/p>\n\n\n\n<p class=\"has-kwb-medium-font-size\">Ett motto som genomsyrar alla v\u00e5ra produkter.<\/p>\n<\/div><\/div>\n\r\n        <\/div>\r\n      <\/div>\r\n    <\/div>\r\n\r\n    <\/div><\/div>\n\n<div class=\"wp-block-group\">\n<p>Beyond-X har de senaste \u00e5ren genomg\u00e5tt en f\u00f6rvandling, fr\u00e5n att ha varit en skidkl\u00e4dtillverkare. Till att numera \u00e4ven vara en sorts Alpinbranschens reklambyr\u00e5<br\/>Men p\u00e5 ett v\u00e4ldigt eget vis, d\u00e4r vi custom-anpassar nyttoprodukter f\u00f6r skidbranschen, s\u00e5 som n\u00e4t, madrasser, m\u00e5nga olika sorters nummerv\u00e4star och portflaggor, skyltar samt barnskidlek produkter. Och f\u00f6rst\u00e5s \u00e4ven skidkl\u00e4der!<br\/><\/p>\n<\/div>\n\n<div class=\"wp-block-group\">\n<figure class=\"wp-block-gallery has-nested-images columns-1 is-cropped wp-block-gallery-2\">\n<figure class=\"wp-block-image size-large is-style-rounded wp-duotone-unset-1\"><img loading=\"lazy\" decoding=\"async\" width=\"1200\" height=\"422\" data-id=\"27414\" src=\"https:\/\/beyondx.se\/wp-content\/uploads\/2023\/09\/IMG_7026-1200x422.jpg\" alt=\"\" class=\"wp-image-27414\" srcset=\"https:\/\/beyondx.se\/wp-content\/uploads\/2023\/09\/IMG_7026-1200x422.webp 1200w, https:\/\/beyondx.se\/wp-content\/uploads\/2023\/09\/IMG_7026-600x211.webp 600w, https:\/\/beyondx.se\/wp-content\/uploads\/2023\/09\/IMG_7026-768x270.jpg 768w, https:\/\/beyondx.se\/wp-content\/uploads\/2023\/09\/IMG_7026-1536x540.jpg 1536w, https:\/\/beyondx.se\/wp-content\/uploads\/2023\/09\/IMG_7026-2048x721.jpg 2048w, https:\/\/beyondx.se\/wp-content\/uploads\/2023\/09\/IMG_7026-400x141.webp 400w, https:\/\/beyondx.se\/wp-content\/uploads\/2023\/09\/IMG_7026-350x123.webp 350w\" sizes=\"auto, (max-width: 1200px) 100vw, 1200px\" \/><figcaption class=\"wp-element-caption\">B-stedt Polska<\/figcaption><\/figure>\n<\/figure>\n<\/div>\n\n<div class=\"wp-block-group\">\n<p><strong>Egen syfabrik<\/strong><br\/>Detta har m\u00f6jliggjorts av att vi \u00e4ger v\u00e5r egen Polska syfabrik, som vi drivit sedan \u00e4r 2000. Det har frigjort oss fr\u00e5n vanliga tillverkningsproblem, som stora order minimum, varje g\u00e5ng en produkt skall tillverkas. Vilket varit en f\u00f6ruts\u00e4ttning f\u00f6r att ett v\u00e4l fungerande team-uniform program verkligen skall fungera.<br\/>D\u00e4r kompletterings m\u00f6jligheter, utan order minimum, kan garanteras i flera \u00e5r fram\u00f6ver. Order minimum g\u00f6r annars att man snabbt tvingas byta uniform, d\u00e5 man inte kan komplettera, f\u00f6r att f\u00f6r att minimum ej kan uppn\u00e5s.<br\/>Beh\u00f6ver vi f\u00e5 ett enda plagg producerat, s\u00e5 \u00e4r detta inte om\u00f6jligt! \u00c4ven om det inte \u00e4r s\u00e5 v\u00e5r produktion skall fungera. Men m\u00f6jligheten finns!<br\/>Sedan \u00e4r det ni, v\u00e5ra kunder, som hj\u00e4lpt oss att utveckla ett brett sortiment av v\u00e4ldigt funktionella, h\u00f6gkvalitativa produkter.<\/p>\n<\/div>\n","protected":false},"excerpt":{"rendered":"Beyond-X har de senaste \u00e5ren genomg\u00e5tt en f\u00f6rvandling, fr\u00e5n att ha varit en skidkl\u00e4dtillverkare. Till att numera \u00e4ven vara en sorts Alpinbranschens reklambyr\u00e5Men p\u00e5 ett v\u00e4ldigt eget vis, d\u00e4r vi custom-anpassar nyttoprodukter f\u00f6r skidbranschen, s\u00e5 som n\u00e4t, madrasser, m\u00e5nga olika sorters nummerv\u00e4star och portflaggor, skyltar samt barnskidlek produkter. Och f\u00f6rst\u00e5s \u00e4ven skidkl\u00e4der! Egen syfabrikDetta har&#8230; <a class=\"view-article\" href=\"https:\/\/beyondx.se\/no\/om-oss-2\/\">View Article<\/a>","protected":false},"author":2,"featured_media":0,"parent":0,"menu_order":0,"comment_status":"closed","ping_status":"closed","template":"","meta":{"footnotes":""},"class_list":["post-43459","page","type-page","status-publish","hentry","fpd-variation-needed"],"yoast_head":"<!-- This site is optimized with the Yoast SEO plugin v21.0 - https:\/\/yoast.com\/wordpress\/plugins\/seo\/ -->\n<title>Om oss - Beyond-X<\/title>\n<meta name=\"robots\" content=\"index, follow, max-snippet:-1, max-image-preview:large, max-video-preview:-1\" \/>\n<link rel=\"canonical\" href=\"https:\/\/beyondx.se\/no\/om-oss-2\/\" \/>\n<meta property=\"og:locale\" content=\"nb_NO\" \/>\n<meta property=\"og:type\" content=\"article\" \/>\n<meta property=\"og:title\" content=\"Om oss - Beyond-X\" \/>\n<meta property=\"og:description\" content=\"Beyond-X har de senaste \u00e5ren genomg\u00e5tt en f\u00f6rvandling, fr\u00e5n att ha varit en skidkl\u00e4dtillverkare. Till att numera \u00e4ven vara en sorts Alpinbranschens reklambyr\u00e5Men p\u00e5 ett v\u00e4ldigt eget vis, d\u00e4r vi custom-anpassar nyttoprodukter f\u00f6r skidbranschen, s\u00e5 som n\u00e4t, madrasser, m\u00e5nga olika sorters nummerv\u00e4star och portflaggor, skyltar samt barnskidlek produkter. Och f\u00f6rst\u00e5s \u00e4ven skidkl\u00e4der! Egen syfabrikDetta har... View Article\" \/>\n<meta property=\"og:url\" content=\"https:\/\/beyondx.se\/no\/om-oss-2\/\" \/>\n<meta property=\"og:site_name\" content=\"Beyond-X\" \/>\n<meta property=\"article:modified_time\" content=\"2023-10-31T23:08:21+00:00\" \/>\n<meta property=\"og:image\" content=\"https:\/\/beyondx.se\/wp-content\/uploads\/2023\/08\/No-Bullshit-1.svg\" \/>\n<meta name=\"twitter:card\" content=\"summary_large_image\" \/>\n<meta name=\"twitter:label1\" content=\"Ansl. lesetid\" \/>\n\t<meta name=\"twitter:data1\" content=\"1 minutt\" \/>\n<script type=\"application\/ld+json\" class=\"yoast-schema-graph\">{\"@context\":\"https:\/\/schema.org\",\"@graph\":[{\"@type\":\"WebPage\",\"@id\":\"https:\/\/beyondx.se\/no\/om-oss-2\/\",\"url\":\"https:\/\/beyondx.se\/no\/om-oss-2\/\",\"name\":\"Om oss - Beyond-X\",\"isPartOf\":{\"@id\":\"https:\/\/beyondx.se\/no\/#website\"},\"datePublished\":\"2023-08-28T06:34:43+00:00\",\"dateModified\":\"2023-10-31T23:08:21+00:00\",\"breadcrumb\":{\"@id\":\"https:\/\/beyondx.se\/no\/om-oss-2\/#breadcrumb\"},\"inLanguage\":\"nb-NO\",\"potentialAction\":[{\"@type\":\"ReadAction\",\"target\":[\"https:\/\/beyondx.se\/no\/om-oss-2\/\"]}]},{\"@type\":\"BreadcrumbList\",\"@id\":\"https:\/\/beyondx.se\/no\/om-oss-2\/#breadcrumb\",\"itemListElement\":[{\"@type\":\"ListItem\",\"position\":1,\"name\":\"Hem\",\"item\":\"https:\/\/beyondx.se\/no\/\"},{\"@type\":\"ListItem\",\"position\":2,\"name\":\"Om oss\"}]},{\"@type\":\"WebSite\",\"@id\":\"https:\/\/beyondx.se\/no\/#website\",\"url\":\"https:\/\/beyondx.se\/no\/\",\"name\":\"Beyond-X\",\"description\":\"No Bullshit Ski Wear\",\"publisher\":{\"@id\":\"https:\/\/beyondx.se\/no\/#organization\"},\"potentialAction\":[{\"@type\":\"SearchAction\",\"target\":{\"@type\":\"EntryPoint\",\"urlTemplate\":\"https:\/\/beyondx.se\/no\/?s={search_term_string}\"},\"query-input\":\"required name=search_term_string\"}],\"inLanguage\":\"nb-NO\"},{\"@type\":\"Organization\",\"@id\":\"https:\/\/beyondx.se\/no\/#organization\",\"name\":\"B-stedt of Sweden AB\",\"url\":\"https:\/\/beyondx.se\/no\/\",\"logo\":{\"@type\":\"ImageObject\",\"inLanguage\":\"nb-NO\",\"@id\":\"https:\/\/beyondx.se\/no\/#\/schema\/logo\/image\/\",\"url\":\"https:\/\/beyondx.se\/wp-content\/uploads\/2023\/08\/bx-logo.svg\",\"contentUrl\":\"https:\/\/beyondx.se\/wp-content\/uploads\/2023\/08\/bx-logo.svg\",\"width\":1,\"height\":1,\"caption\":\"B-stedt of Sweden AB\"},\"image\":{\"@id\":\"https:\/\/beyondx.se\/no\/#\/schema\/logo\/image\/\"}}]}<\/script>\n<!-- \/ Yoast SEO plugin. -->","yoast_head_json":{"title":"Om oss - Beyond-X","robots":{"index":"index","follow":"follow","max-snippet":"max-snippet:-1","max-image-preview":"max-image-preview:large","max-video-preview":"max-video-preview:-1"},"canonical":"https:\/\/beyondx.se\/no\/om-oss-2\/","og_locale":"nb_NO","og_type":"article","og_title":"Om oss - Beyond-X","og_description":"Beyond-X har de senaste \u00e5ren genomg\u00e5tt en f\u00f6rvandling, fr\u00e5n att ha varit en skidkl\u00e4dtillverkare. Till att numera \u00e4ven vara en sorts Alpinbranschens reklambyr\u00e5Men p\u00e5 ett v\u00e4ldigt eget vis, d\u00e4r vi custom-anpassar nyttoprodukter f\u00f6r skidbranschen, s\u00e5 som n\u00e4t, madrasser, m\u00e5nga olika sorters nummerv\u00e4star och portflaggor, skyltar samt barnskidlek produkter. Och f\u00f6rst\u00e5s \u00e4ven skidkl\u00e4der! Egen syfabrikDetta har... View Article","og_url":"https:\/\/beyondx.se\/no\/om-oss-2\/","og_site_name":"Beyond-X","article_modified_time":"2023-10-31T23:08:21+00:00","og_image":[{"url":"https:\/\/beyondx.se\/wp-content\/uploads\/2023\/08\/No-Bullshit-1.svg"}],"twitter_card":"summary_large_image","twitter_misc":{"Ansl. lesetid":"1 minutt"},"schema":{"@context":"https:\/\/schema.org","@graph":[{"@type":"WebPage","@id":"https:\/\/beyondx.se\/no\/om-oss-2\/","url":"https:\/\/beyondx.se\/no\/om-oss-2\/","name":"Om oss - Beyond-X","isPartOf":{"@id":"https:\/\/beyondx.se\/no\/#website"},"datePublished":"2023-08-28T06:34:43+00:00","dateModified":"2023-10-31T23:08:21+00:00","breadcrumb":{"@id":"https:\/\/beyondx.se\/no\/om-oss-2\/#breadcrumb"},"inLanguage":"nb-NO","potentialAction":[{"@type":"ReadAction","target":["https:\/\/beyondx.se\/no\/om-oss-2\/"]}]},{"@type":"BreadcrumbList","@id":"https:\/\/beyondx.se\/no\/om-oss-2\/#breadcrumb","itemListElement":[{"@type":"ListItem","position":1,"name":"Hem","item":"https:\/\/beyondx.se\/no\/"},{"@type":"ListItem","position":2,"name":"Om oss"}]},{"@type":"WebSite","@id":"https:\/\/beyondx.se\/no\/#website","url":"https:\/\/beyondx.se\/no\/","name":"Beyond-X","description":"No Bullshit Ski Wear","publisher":{"@id":"https:\/\/beyondx.se\/no\/#organization"},"potentialAction":[{"@type":"SearchAction","target":{"@type":"EntryPoint","urlTemplate":"https:\/\/beyondx.se\/no\/?s={search_term_string}"},"query-input":"required name=search_term_string"}],"inLanguage":"nb-NO"},{"@type":"Organization","@id":"https:\/\/beyondx.se\/no\/#organization","name":"B-stedt of Sweden AB","url":"https:\/\/beyondx.se\/no\/","logo":{"@type":"ImageObject","inLanguage":"nb-NO","@id":"https:\/\/beyondx.se\/no\/#\/schema\/logo\/image\/","url":"https:\/\/beyondx.se\/wp-content\/uploads\/2023\/08\/bx-logo.svg","contentUrl":"https:\/\/beyondx.se\/wp-content\/uploads\/2023\/08\/bx-logo.svg","width":1,"height":1,"caption":"B-stedt of Sweden AB"},"image":{"@id":"https:\/\/beyondx.se\/no\/#\/schema\/logo\/image\/"}}]}},"_links":{"self":[{"href":"https:\/\/beyondx.se\/no\/wp-json\/wp\/v2\/pages\/43459","targetHints":{"allow":["GET"]}}],"collection":[{"href":"https:\/\/beyondx.se\/no\/wp-json\/wp\/v2\/pages"}],"about":[{"href":"https:\/\/beyondx.se\/no\/wp-json\/wp\/v2\/types\/page"}],"author":[{"embeddable":true,"href":"https:\/\/beyondx.se\/no\/wp-json\/wp\/v2\/users\/2"}],"replies":[{"embeddable":true,"href":"https:\/\/beyondx.se\/no\/wp-json\/wp\/v2\/comments?post=43459"}],"version-history":[{"count":5,"href":"https:\/\/beyondx.se\/no\/wp-json\/wp\/v2\/pages\/43459\/revisions"}],"predecessor-version":[{"id":134495,"href":"https:\/\/beyondx.se\/no\/wp-json\/wp\/v2\/pages\/43459\/revisions\/134495"}],"wp:attachment":[{"href":"https:\/\/beyondx.se\/no\/wp-json\/wp\/v2\/media?parent=43459"}],"curies":[{"name":"wp","href":"https:\/\/api.w.org\/{rel}","templated":true}]}}