{"id":10233,"date":"2023-04-21T08:10:30","date_gmt":"2023-04-21T06:10:30","guid":{"rendered":"https:\/\/beta.karlskogawebbyra.se\/beyond\/product\/lundhags-skare-expedition-ms-liner-grey-black\/"},"modified":"2026-04-26T02:24:41","modified_gmt":"2026-04-26T00:24:41","slug":"lundhags-skare-expedition-ms-liner-grey-black","status":"publish","type":"product","link":"https:\/\/beyondx.se\/no\/produkt\/lundhags-skare-expedition-ms-liner-grey-black\/","title":{"rendered":"Lundhags Skare Expedition Ms Liner Grey\/Black"},"content":{"rendered":"<p>&nbsp;<\/p>\n<h3>HITTA R\u00c4TT STORLEK<\/h3>\n<p>Det enklaste s\u00e4ttet att snabbt hitta r\u00e4tt storlek \u00e4r att du m\u00e4ter foten fr\u00e5n h\u00e4l till t\u00e5. L\u00e4gg sedan till 20 mm och j\u00e4mf\u00f6r med storlekarna i tabellen nedan:<\/p>\n<p><img decoding=\"async\" src=\"https:\/\/www.lundhags.com\/siteassets\/articles\/shellbootssizechart2019wb.png\" \/><\/p>\n","protected":false},"excerpt":{"rendered":"<p>En l&#246;stagbar innersko i 5 mm ullfilt f&#246;r herrversionen av Skare Expedition. Heel Fit Control&#8482; ger b&#228;ttre h&#228;lgrepp och stabilitet. Den har en vadderad krage och Vegam-f&#246;rst&#228;rkningar och kan kombineras med Jota Insole, en Primaloft Aerogel-innersula f&#246;r maximal v&#228;rme.<\/p><ul><li>Ullfilt 5 mm mycket varm.<\/li><li>Heel Fit Control&#8482; f&#246;r perfekt passform.<\/li><li>Torkar snabbt och enkelt att byta.<\/li><li>Effektiva isolerande egenskaper.<\/li><\/ul><p><em>Ug&#229;ende i v&#229;rt sortiment. S&#229; l&#228;nge lagret r&#228;cker!<\/em><\/p>","protected":false},"featured_media":19026,"template":"","meta":[],"product_cat":[100,192],"product_tag":[],"class_list":["post-10233","product","type-product","status-publish","has-post-thumbnail","hentry","product_cat-utrustning","product_cat-skor","brands-lundhags","fpd-variation-needed"],"yoast_head":"<!-- This site is optimized with the Yoast SEO plugin v21.0 - https:\/\/yoast.com\/wordpress\/plugins\/seo\/ -->\n<title>Lundhags Skare Expedition Ms Liner Grey\/Black - Beyond-X<\/title>\n<meta name=\"robots\" content=\"index, follow, max-snippet:-1, max-image-preview:large, max-video-preview:-1\" \/>\n<link rel=\"canonical\" href=\"https:\/\/beyondx.se\/no\/produkt\/lundhags-skare-expedition-ms-liner-grey-black\/\" \/>\n<meta property=\"og:locale\" content=\"nb_NO\" \/>\n<meta property=\"og:type\" content=\"article\" \/>\n<meta property=\"og:title\" content=\"Lundhags Skare Expedition Ms Liner Grey\/Black - Beyond-X\" \/>\n<meta property=\"og:description\" content=\"En l&#246;stagbar innersko i 5 mm ullfilt f&#246;r herrversionen av Skare Expedition. Heel Fit Control&#8482; ger b&#228;ttre h&#228;lgrepp och stabilitet. Den har en vadderad krage och Vegam-f&#246;rst&#228;rkningar och kan kombineras med Jota Insole, en Primaloft Aerogel-innersula f&#246;r maximal v&#228;rme.Ullfilt 5 mm mycket varm.Heel Fit Control&#8482; f&#246;r perfekt passform.Torkar snabbt och enkelt att byta.Effektiva isolerande egenskaper.Ug&#229;ende i v&#229;rt sortiment. S&#229; l&#228;nge lagret r&#228;cker!\" \/>\n<meta property=\"og:url\" content=\"https:\/\/beyondx.se\/no\/produkt\/lundhags-skare-expedition-ms-liner-grey-black\/\" \/>\n<meta property=\"og:site_name\" content=\"Beyond-X\" \/>\n<meta property=\"article:modified_time\" content=\"2026-04-26T00:24:41+00:00\" \/>\n<meta property=\"og:image\" content=\"https:\/\/beyondx.se\/wp-content\/uploads\/2023\/06\/1050672-833_1.jpg\" \/>\n\t<meta property=\"og:image:width\" content=\"800\" \/>\n\t<meta property=\"og:image:height\" content=\"800\" \/>\n\t<meta property=\"og:image:type\" content=\"image\/jpeg\" \/>\n<meta name=\"twitter:card\" content=\"summary_large_image\" \/>\n<script type=\"application\/ld+json\" class=\"yoast-schema-graph\">{\"@context\":\"https:\/\/schema.org\",\"@graph\":[{\"@type\":\"WebPage\",\"@id\":\"https:\/\/beyondx.se\/no\/produkt\/lundhags-skare-expedition-ms-liner-grey-black\/\",\"url\":\"https:\/\/beyondx.se\/no\/produkt\/lundhags-skare-expedition-ms-liner-grey-black\/\",\"name\":\"Lundhags Skare Expedition Ms Liner Grey\/Black - Beyond-X\",\"isPartOf\":{\"@id\":\"https:\/\/beyondx.se\/no\/#website\"},\"datePublished\":\"2023-04-21T06:10:30+00:00\",\"dateModified\":\"2026-04-26T00:24:41+00:00\",\"breadcrumb\":{\"@id\":\"https:\/\/beyondx.se\/no\/produkt\/lundhags-skare-expedition-ms-liner-grey-black\/#breadcrumb\"},\"inLanguage\":\"nb-NO\",\"potentialAction\":[{\"@type\":\"ReadAction\",\"target\":[\"https:\/\/beyondx.se\/no\/produkt\/lundhags-skare-expedition-ms-liner-grey-black\/\"]}]},{\"@type\":\"BreadcrumbList\",\"@id\":\"https:\/\/beyondx.se\/no\/produkt\/lundhags-skare-expedition-ms-liner-grey-black\/#breadcrumb\",\"itemListElement\":[{\"@type\":\"ListItem\",\"position\":1,\"name\":\"Hem\",\"item\":\"https:\/\/beyondx.se\/no\/\"},{\"@type\":\"ListItem\",\"position\":2,\"name\":\"Butik\",\"item\":\"https:\/\/beyondx.se\/no\/butik\/\"},{\"@type\":\"ListItem\",\"position\":3,\"name\":\"Lundhags Skare Expedition Ms Liner Grey\/Black\"}]},{\"@type\":\"WebSite\",\"@id\":\"https:\/\/beyondx.se\/no\/#website\",\"url\":\"https:\/\/beyondx.se\/no\/\",\"name\":\"Beyond-X\",\"description\":\"No Bullshit Ski Wear\",\"publisher\":{\"@id\":\"https:\/\/beyondx.se\/no\/#organization\"},\"potentialAction\":[{\"@type\":\"SearchAction\",\"target\":{\"@type\":\"EntryPoint\",\"urlTemplate\":\"https:\/\/beyondx.se\/no\/?s={search_term_string}\"},\"query-input\":\"required name=search_term_string\"}],\"inLanguage\":\"nb-NO\"},{\"@type\":\"Organization\",\"@id\":\"https:\/\/beyondx.se\/no\/#organization\",\"name\":\"B-stedt of Sweden AB\",\"url\":\"https:\/\/beyondx.se\/no\/\",\"logo\":{\"@type\":\"ImageObject\",\"inLanguage\":\"nb-NO\",\"@id\":\"https:\/\/beyondx.se\/no\/#\/schema\/logo\/image\/\",\"url\":\"https:\/\/beyondx.se\/wp-content\/uploads\/2023\/08\/bx-logo.svg\",\"contentUrl\":\"https:\/\/beyondx.se\/wp-content\/uploads\/2023\/08\/bx-logo.svg\",\"width\":1,\"height\":1,\"caption\":\"B-stedt of Sweden AB\"},\"image\":{\"@id\":\"https:\/\/beyondx.se\/no\/#\/schema\/logo\/image\/\"}}]}<\/script>\n<!-- \/ Yoast SEO plugin. -->","yoast_head_json":{"title":"Lundhags Skare Expedition Ms Liner Grey\/Black - Beyond-X","robots":{"index":"index","follow":"follow","max-snippet":"max-snippet:-1","max-image-preview":"max-image-preview:large","max-video-preview":"max-video-preview:-1"},"canonical":"https:\/\/beyondx.se\/no\/produkt\/lundhags-skare-expedition-ms-liner-grey-black\/","og_locale":"nb_NO","og_type":"article","og_title":"Lundhags Skare Expedition Ms Liner Grey\/Black - Beyond-X","og_description":"En l&#246;stagbar innersko i 5 mm ullfilt f&#246;r herrversionen av Skare Expedition. Heel Fit Control&#8482; ger b&#228;ttre h&#228;lgrepp och stabilitet. Den har en vadderad krage och Vegam-f&#246;rst&#228;rkningar och kan kombineras med Jota Insole, en Primaloft Aerogel-innersula f&#246;r maximal v&#228;rme.Ullfilt 5 mm mycket varm.Heel Fit Control&#8482; f&#246;r perfekt passform.Torkar snabbt och enkelt att byta.Effektiva isolerande egenskaper.Ug&#229;ende i v&#229;rt sortiment. S&#229; l&#228;nge lagret r&#228;cker!","og_url":"https:\/\/beyondx.se\/no\/produkt\/lundhags-skare-expedition-ms-liner-grey-black\/","og_site_name":"Beyond-X","article_modified_time":"2026-04-26T00:24:41+00:00","og_image":[{"width":800,"height":800,"url":"https:\/\/beyondx.se\/wp-content\/uploads\/2023\/06\/1050672-833_1.jpg","type":"image\/jpeg"}],"twitter_card":"summary_large_image","schema":{"@context":"https:\/\/schema.org","@graph":[{"@type":"WebPage","@id":"https:\/\/beyondx.se\/no\/produkt\/lundhags-skare-expedition-ms-liner-grey-black\/","url":"https:\/\/beyondx.se\/no\/produkt\/lundhags-skare-expedition-ms-liner-grey-black\/","name":"Lundhags Skare Expedition Ms Liner Grey\/Black - Beyond-X","isPartOf":{"@id":"https:\/\/beyondx.se\/no\/#website"},"datePublished":"2023-04-21T06:10:30+00:00","dateModified":"2026-04-26T00:24:41+00:00","breadcrumb":{"@id":"https:\/\/beyondx.se\/no\/produkt\/lundhags-skare-expedition-ms-liner-grey-black\/#breadcrumb"},"inLanguage":"nb-NO","potentialAction":[{"@type":"ReadAction","target":["https:\/\/beyondx.se\/no\/produkt\/lundhags-skare-expedition-ms-liner-grey-black\/"]}]},{"@type":"BreadcrumbList","@id":"https:\/\/beyondx.se\/no\/produkt\/lundhags-skare-expedition-ms-liner-grey-black\/#breadcrumb","itemListElement":[{"@type":"ListItem","position":1,"name":"Hem","item":"https:\/\/beyondx.se\/no\/"},{"@type":"ListItem","position":2,"name":"Butik","item":"https:\/\/beyondx.se\/no\/butik\/"},{"@type":"ListItem","position":3,"name":"Lundhags Skare Expedition Ms Liner Grey\/Black"}]},{"@type":"WebSite","@id":"https:\/\/beyondx.se\/no\/#website","url":"https:\/\/beyondx.se\/no\/","name":"Beyond-X","description":"No Bullshit Ski Wear","publisher":{"@id":"https:\/\/beyondx.se\/no\/#organization"},"potentialAction":[{"@type":"SearchAction","target":{"@type":"EntryPoint","urlTemplate":"https:\/\/beyondx.se\/no\/?s={search_term_string}"},"query-input":"required name=search_term_string"}],"inLanguage":"nb-NO"},{"@type":"Organization","@id":"https:\/\/beyondx.se\/no\/#organization","name":"B-stedt of Sweden AB","url":"https:\/\/beyondx.se\/no\/","logo":{"@type":"ImageObject","inLanguage":"nb-NO","@id":"https:\/\/beyondx.se\/no\/#\/schema\/logo\/image\/","url":"https:\/\/beyondx.se\/wp-content\/uploads\/2023\/08\/bx-logo.svg","contentUrl":"https:\/\/beyondx.se\/wp-content\/uploads\/2023\/08\/bx-logo.svg","width":1,"height":1,"caption":"B-stedt of Sweden AB"},"image":{"@id":"https:\/\/beyondx.se\/no\/#\/schema\/logo\/image\/"}}]}},"_links":{"self":[{"href":"https:\/\/beyondx.se\/no\/wp-json\/wp\/v2\/product\/10233","targetHints":{"allow":["GET"]}}],"collection":[{"href":"https:\/\/beyondx.se\/no\/wp-json\/wp\/v2\/product"}],"about":[{"href":"https:\/\/beyondx.se\/no\/wp-json\/wp\/v2\/types\/product"}],"wp:featuredmedia":[{"embeddable":true,"href":"https:\/\/beyondx.se\/no\/wp-json\/wp\/v2\/media\/19026"}],"wp:attachment":[{"href":"https:\/\/beyondx.se\/no\/wp-json\/wp\/v2\/media?parent=10233"}],"wp:term":[{"taxonomy":"product_cat","embeddable":true,"href":"https:\/\/beyondx.se\/no\/wp-json\/wp\/v2\/product_cat?post=10233"},{"taxonomy":"product_tag","embeddable":true,"href":"https:\/\/beyondx.se\/no\/wp-json\/wp\/v2\/product_tag?post=10233"}],"curies":[{"name":"wp","href":"https:\/\/api.w.org\/{rel}","templated":true}]}}