{"id":10301,"date":"2023-04-21T08:11:05","date_gmt":"2023-04-21T06:11:05","guid":{"rendered":"https:\/\/beta.karlskogawebbyra.se\/beyond\/product\/bd-tapevene-run-9\/"},"modified":"2026-05-01T02:21:50","modified_gmt":"2026-05-01T00:21:50","slug":"bd-tapevene-run-9","status":"publish","type":"product","link":"https:\/\/beyondx.se\/no\/produkt\/bd-tapevene-run-9\/","title":{"rendered":"BD TAPEVENE RUN 9"},"content":{"rendered":"<p>Kompressionsocka med stretchzoner i t\u00e5 och h\u00e4l. \u00d6kar din prestationsf\u00f6rm\u00e5ga genom f\u00f6rb\u00e4ttrad blodgenomstr\u00f6mmning i f\u00f6tter och ben.<\/p>\n","protected":false},"excerpt":{"rendered":"<p>Kompressionsocka med stretchzoner i t&#229; och h&#228;l. &#214;kar din prestationsf&#246;rm&#229;ga genom f&#246;rb&#228;ttrad blodgenomstr&#246;mmning i f&#246;tter och ben.<\/p><p>&#160;<\/p><p>XS (33-35)<\/p><p>S (36-38)<\/p><p>M (39-41)<\/p><p>L (42-43)<\/p><p>XL (44-45)<\/p><p>XXL (46-48)<\/p>","protected":false},"featured_media":19017,"template":"","meta":[],"product_cat":[107],"product_tag":[],"class_list":["post-10301","product","type-product","status-publish","has-post-thumbnail","hentry","product_cat-strumpor","brands-boot-doc","fpd-variation-needed"],"yoast_head":"<!-- This site is optimized with the Yoast SEO plugin v21.0 - https:\/\/yoast.com\/wordpress\/plugins\/seo\/ -->\n<title>BD TAPEVENE RUN 9 - Beyond-X<\/title>\n<meta name=\"robots\" content=\"index, follow, max-snippet:-1, max-image-preview:large, max-video-preview:-1\" \/>\n<link rel=\"canonical\" href=\"https:\/\/beyondx.se\/no\/produkt\/bd-tapevene-run-9\/\" \/>\n<meta property=\"og:locale\" content=\"nb_NO\" \/>\n<meta property=\"og:type\" content=\"article\" \/>\n<meta property=\"og:title\" content=\"BD TAPEVENE RUN 9 - Beyond-X\" \/>\n<meta property=\"og:description\" content=\"Kompressionsocka med stretchzoner i t&#229; och h&#228;l. &#214;kar din prestationsf&#246;rm&#229;ga genom f&#246;rb&#228;ttrad blodgenomstr&#246;mmning i f&#246;tter och ben.&#160;XS (33-35)S (36-38)M (39-41)L (42-43)XL (44-45)XXL (46-48)\" \/>\n<meta property=\"og:url\" content=\"https:\/\/beyondx.se\/no\/produkt\/bd-tapevene-run-9\/\" \/>\n<meta property=\"og:site_name\" content=\"Beyond-X\" \/>\n<meta property=\"article:modified_time\" content=\"2026-05-01T00:21:50+00:00\" \/>\n<meta property=\"og:image\" content=\"https:\/\/beyondx.se\/wp-content\/uploads\/2023\/06\/01-0500-093_1.jpg\" \/>\n\t<meta property=\"og:image:width\" content=\"800\" \/>\n\t<meta property=\"og:image:height\" content=\"800\" \/>\n\t<meta property=\"og:image:type\" content=\"image\/jpeg\" \/>\n<meta name=\"twitter:card\" content=\"summary_large_image\" \/>\n<meta name=\"twitter:label1\" content=\"Ansl. lesetid\" \/>\n\t<meta name=\"twitter:data1\" content=\"1 minutt\" \/>\n<script type=\"application\/ld+json\" class=\"yoast-schema-graph\">{\"@context\":\"https:\/\/schema.org\",\"@graph\":[{\"@type\":\"WebPage\",\"@id\":\"https:\/\/beyondx.se\/no\/produkt\/bd-tapevene-run-9\/\",\"url\":\"https:\/\/beyondx.se\/no\/produkt\/bd-tapevene-run-9\/\",\"name\":\"BD TAPEVENE RUN 9 - Beyond-X\",\"isPartOf\":{\"@id\":\"https:\/\/beyondx.se\/no\/#website\"},\"datePublished\":\"2023-04-21T06:11:05+00:00\",\"dateModified\":\"2026-05-01T00:21:50+00:00\",\"breadcrumb\":{\"@id\":\"https:\/\/beyondx.se\/no\/produkt\/bd-tapevene-run-9\/#breadcrumb\"},\"inLanguage\":\"nb-NO\",\"potentialAction\":[{\"@type\":\"ReadAction\",\"target\":[\"https:\/\/beyondx.se\/no\/produkt\/bd-tapevene-run-9\/\"]}]},{\"@type\":\"BreadcrumbList\",\"@id\":\"https:\/\/beyondx.se\/no\/produkt\/bd-tapevene-run-9\/#breadcrumb\",\"itemListElement\":[{\"@type\":\"ListItem\",\"position\":1,\"name\":\"Hem\",\"item\":\"https:\/\/beyondx.se\/no\/\"},{\"@type\":\"ListItem\",\"position\":2,\"name\":\"Butik\",\"item\":\"https:\/\/beyondx.se\/no\/butik\/\"},{\"@type\":\"ListItem\",\"position\":3,\"name\":\"BD TAPEVENE RUN 9\"}]},{\"@type\":\"WebSite\",\"@id\":\"https:\/\/beyondx.se\/no\/#website\",\"url\":\"https:\/\/beyondx.se\/no\/\",\"name\":\"Beyond-X\",\"description\":\"No Bullshit Ski Wear\",\"publisher\":{\"@id\":\"https:\/\/beyondx.se\/no\/#organization\"},\"potentialAction\":[{\"@type\":\"SearchAction\",\"target\":{\"@type\":\"EntryPoint\",\"urlTemplate\":\"https:\/\/beyondx.se\/no\/?s={search_term_string}\"},\"query-input\":\"required name=search_term_string\"}],\"inLanguage\":\"nb-NO\"},{\"@type\":\"Organization\",\"@id\":\"https:\/\/beyondx.se\/no\/#organization\",\"name\":\"B-stedt of Sweden AB\",\"url\":\"https:\/\/beyondx.se\/no\/\",\"logo\":{\"@type\":\"ImageObject\",\"inLanguage\":\"nb-NO\",\"@id\":\"https:\/\/beyondx.se\/no\/#\/schema\/logo\/image\/\",\"url\":\"https:\/\/beyondx.se\/wp-content\/uploads\/2023\/08\/bx-logo.svg\",\"contentUrl\":\"https:\/\/beyondx.se\/wp-content\/uploads\/2023\/08\/bx-logo.svg\",\"width\":1,\"height\":1,\"caption\":\"B-stedt of Sweden AB\"},\"image\":{\"@id\":\"https:\/\/beyondx.se\/no\/#\/schema\/logo\/image\/\"}}]}<\/script>\n<!-- \/ Yoast SEO plugin. -->","yoast_head_json":{"title":"BD TAPEVENE RUN 9 - Beyond-X","robots":{"index":"index","follow":"follow","max-snippet":"max-snippet:-1","max-image-preview":"max-image-preview:large","max-video-preview":"max-video-preview:-1"},"canonical":"https:\/\/beyondx.se\/no\/produkt\/bd-tapevene-run-9\/","og_locale":"nb_NO","og_type":"article","og_title":"BD TAPEVENE RUN 9 - Beyond-X","og_description":"Kompressionsocka med stretchzoner i t&#229; och h&#228;l. &#214;kar din prestationsf&#246;rm&#229;ga genom f&#246;rb&#228;ttrad blodgenomstr&#246;mmning i f&#246;tter och ben.&#160;XS (33-35)S (36-38)M (39-41)L (42-43)XL (44-45)XXL (46-48)","og_url":"https:\/\/beyondx.se\/no\/produkt\/bd-tapevene-run-9\/","og_site_name":"Beyond-X","article_modified_time":"2026-05-01T00:21:50+00:00","og_image":[{"width":800,"height":800,"url":"https:\/\/beyondx.se\/wp-content\/uploads\/2023\/06\/01-0500-093_1.jpg","type":"image\/jpeg"}],"twitter_card":"summary_large_image","twitter_misc":{"Ansl. lesetid":"1 minutt"},"schema":{"@context":"https:\/\/schema.org","@graph":[{"@type":"WebPage","@id":"https:\/\/beyondx.se\/no\/produkt\/bd-tapevene-run-9\/","url":"https:\/\/beyondx.se\/no\/produkt\/bd-tapevene-run-9\/","name":"BD TAPEVENE RUN 9 - Beyond-X","isPartOf":{"@id":"https:\/\/beyondx.se\/no\/#website"},"datePublished":"2023-04-21T06:11:05+00:00","dateModified":"2026-05-01T00:21:50+00:00","breadcrumb":{"@id":"https:\/\/beyondx.se\/no\/produkt\/bd-tapevene-run-9\/#breadcrumb"},"inLanguage":"nb-NO","potentialAction":[{"@type":"ReadAction","target":["https:\/\/beyondx.se\/no\/produkt\/bd-tapevene-run-9\/"]}]},{"@type":"BreadcrumbList","@id":"https:\/\/beyondx.se\/no\/produkt\/bd-tapevene-run-9\/#breadcrumb","itemListElement":[{"@type":"ListItem","position":1,"name":"Hem","item":"https:\/\/beyondx.se\/no\/"},{"@type":"ListItem","position":2,"name":"Butik","item":"https:\/\/beyondx.se\/no\/butik\/"},{"@type":"ListItem","position":3,"name":"BD TAPEVENE RUN 9"}]},{"@type":"WebSite","@id":"https:\/\/beyondx.se\/no\/#website","url":"https:\/\/beyondx.se\/no\/","name":"Beyond-X","description":"No Bullshit Ski Wear","publisher":{"@id":"https:\/\/beyondx.se\/no\/#organization"},"potentialAction":[{"@type":"SearchAction","target":{"@type":"EntryPoint","urlTemplate":"https:\/\/beyondx.se\/no\/?s={search_term_string}"},"query-input":"required name=search_term_string"}],"inLanguage":"nb-NO"},{"@type":"Organization","@id":"https:\/\/beyondx.se\/no\/#organization","name":"B-stedt of Sweden AB","url":"https:\/\/beyondx.se\/no\/","logo":{"@type":"ImageObject","inLanguage":"nb-NO","@id":"https:\/\/beyondx.se\/no\/#\/schema\/logo\/image\/","url":"https:\/\/beyondx.se\/wp-content\/uploads\/2023\/08\/bx-logo.svg","contentUrl":"https:\/\/beyondx.se\/wp-content\/uploads\/2023\/08\/bx-logo.svg","width":1,"height":1,"caption":"B-stedt of Sweden AB"},"image":{"@id":"https:\/\/beyondx.se\/no\/#\/schema\/logo\/image\/"}}]}},"_links":{"self":[{"href":"https:\/\/beyondx.se\/no\/wp-json\/wp\/v2\/product\/10301","targetHints":{"allow":["GET"]}}],"collection":[{"href":"https:\/\/beyondx.se\/no\/wp-json\/wp\/v2\/product"}],"about":[{"href":"https:\/\/beyondx.se\/no\/wp-json\/wp\/v2\/types\/product"}],"wp:featuredmedia":[{"embeddable":true,"href":"https:\/\/beyondx.se\/no\/wp-json\/wp\/v2\/media\/19017"}],"wp:attachment":[{"href":"https:\/\/beyondx.se\/no\/wp-json\/wp\/v2\/media?parent=10301"}],"wp:term":[{"taxonomy":"product_cat","embeddable":true,"href":"https:\/\/beyondx.se\/no\/wp-json\/wp\/v2\/product_cat?post=10301"},{"taxonomy":"product_tag","embeddable":true,"href":"https:\/\/beyondx.se\/no\/wp-json\/wp\/v2\/product_tag?post=10301"}],"curies":[{"name":"wp","href":"https:\/\/api.w.org\/{rel}","templated":true}]}}