{"id":10617,"date":"2023-04-21T08:16:28","date_gmt":"2023-04-21T06:16:28","guid":{"rendered":"https:\/\/beta.karlskogawebbyra.se\/beyond\/product\/hestra-army-leather-gore-tex-5-fing\/"},"modified":"2026-04-19T10:45:24","modified_gmt":"2026-04-19T08:45:24","slug":"hestra-army-leather-gore-tex-5-fing","status":"publish","type":"product","link":"https:\/\/beyondx.se\/no\/produkt\/hestra-army-leather-gore-tex-5-fing\/","title":{"rendered":"HESTRA Army Leather Gore-Tex 5-fing"},"content":{"rendered":"","protected":false},"excerpt":{"rendered":"L\u00e5ng och slitstark alpinhandske f\u00f6r dig som beh\u00f6ver en varm och torr handske vid rej\u00e4lt tuffa v\u00e4derf\u00f6rh\u00e5llanden och h\u00f6g aktivitetsniv\u00e5. En favorit av m\u00e5nga i Skidpatrull\u00f6rer.\r\nStorlek 6-11","protected":false},"featured_media":19080,"template":"","meta":[],"product_cat":[100,969,227,185],"product_tag":[],"class_list":["post-10617","product","type-product","status-publish","has-post-thumbnail","hentry","product_cat-utrustning","product_cat-handskar","product_cat-hestra-job","product_cat-hestra_sport","brands-hestra","fpd-variation-needed"],"yoast_head":"<!-- This site is optimized with the Yoast SEO plugin v21.0 - https:\/\/yoast.com\/wordpress\/plugins\/seo\/ -->\n<title>HESTRA Army Leather Gore-Tex 5-fing - Beyond-X<\/title>\n<meta name=\"robots\" content=\"index, follow, max-snippet:-1, max-image-preview:large, max-video-preview:-1\" \/>\n<link rel=\"canonical\" href=\"https:\/\/beyondx.se\/no\/produkt\/hestra-army-leather-gore-tex-5-fing\/\" \/>\n<meta property=\"og:locale\" content=\"nb_NO\" \/>\n<meta property=\"og:type\" content=\"article\" \/>\n<meta property=\"og:title\" content=\"HESTRA Army Leather Gore-Tex 5-fing - Beyond-X\" \/>\n<meta property=\"og:description\" content=\"L\u00e5ng och slitstark alpinhandske f\u00f6r dig som beh\u00f6ver en varm och torr handske vid rej\u00e4lt tuffa v\u00e4derf\u00f6rh\u00e5llanden och h\u00f6g aktivitetsniv\u00e5. En favorit av m\u00e5nga i Skidpatrull\u00f6rer. Storlek 6-11\" \/>\n<meta property=\"og:url\" content=\"https:\/\/beyondx.se\/no\/produkt\/hestra-army-leather-gore-tex-5-fing\/\" \/>\n<meta property=\"og:site_name\" content=\"Beyond-X\" \/>\n<meta property=\"article:modified_time\" content=\"2026-04-19T08:45:24+00:00\" \/>\n<meta property=\"og:image\" content=\"https:\/\/beyondx.se\/wp-content\/uploads\/2023\/06\/31460-100_1.jpg\" \/>\n\t<meta property=\"og:image:width\" content=\"797\" \/>\n\t<meta property=\"og:image:height\" content=\"800\" \/>\n\t<meta property=\"og:image:type\" content=\"image\/jpeg\" \/>\n<meta name=\"twitter:card\" content=\"summary_large_image\" \/>\n<script type=\"application\/ld+json\" class=\"yoast-schema-graph\">{\"@context\":\"https:\/\/schema.org\",\"@graph\":[{\"@type\":\"WebPage\",\"@id\":\"https:\/\/beyondx.se\/no\/produkt\/hestra-army-leather-gore-tex-5-fing\/\",\"url\":\"https:\/\/beyondx.se\/no\/produkt\/hestra-army-leather-gore-tex-5-fing\/\",\"name\":\"HESTRA Army Leather Gore-Tex 5-fing - Beyond-X\",\"isPartOf\":{\"@id\":\"https:\/\/beyondx.se\/no\/#website\"},\"datePublished\":\"2023-04-21T06:16:28+00:00\",\"dateModified\":\"2026-04-19T08:45:24+00:00\",\"breadcrumb\":{\"@id\":\"https:\/\/beyondx.se\/no\/produkt\/hestra-army-leather-gore-tex-5-fing\/#breadcrumb\"},\"inLanguage\":\"nb-NO\",\"potentialAction\":[{\"@type\":\"ReadAction\",\"target\":[\"https:\/\/beyondx.se\/no\/produkt\/hestra-army-leather-gore-tex-5-fing\/\"]}]},{\"@type\":\"BreadcrumbList\",\"@id\":\"https:\/\/beyondx.se\/no\/produkt\/hestra-army-leather-gore-tex-5-fing\/#breadcrumb\",\"itemListElement\":[{\"@type\":\"ListItem\",\"position\":1,\"name\":\"Hem\",\"item\":\"https:\/\/beyondx.se\/no\/\"},{\"@type\":\"ListItem\",\"position\":2,\"name\":\"Butik\",\"item\":\"https:\/\/beyondx.se\/no\/butik\/\"},{\"@type\":\"ListItem\",\"position\":3,\"name\":\"HESTRA Army Leather Gore-Tex 5-fing\"}]},{\"@type\":\"WebSite\",\"@id\":\"https:\/\/beyondx.se\/no\/#website\",\"url\":\"https:\/\/beyondx.se\/no\/\",\"name\":\"Beyond-X\",\"description\":\"No Bullshit Ski Wear\",\"publisher\":{\"@id\":\"https:\/\/beyondx.se\/no\/#organization\"},\"potentialAction\":[{\"@type\":\"SearchAction\",\"target\":{\"@type\":\"EntryPoint\",\"urlTemplate\":\"https:\/\/beyondx.se\/no\/?s={search_term_string}\"},\"query-input\":\"required name=search_term_string\"}],\"inLanguage\":\"nb-NO\"},{\"@type\":\"Organization\",\"@id\":\"https:\/\/beyondx.se\/no\/#organization\",\"name\":\"B-stedt of Sweden AB\",\"url\":\"https:\/\/beyondx.se\/no\/\",\"logo\":{\"@type\":\"ImageObject\",\"inLanguage\":\"nb-NO\",\"@id\":\"https:\/\/beyondx.se\/no\/#\/schema\/logo\/image\/\",\"url\":\"https:\/\/beyondx.se\/wp-content\/uploads\/2023\/08\/bx-logo.svg\",\"contentUrl\":\"https:\/\/beyondx.se\/wp-content\/uploads\/2023\/08\/bx-logo.svg\",\"width\":1,\"height\":1,\"caption\":\"B-stedt of Sweden AB\"},\"image\":{\"@id\":\"https:\/\/beyondx.se\/no\/#\/schema\/logo\/image\/\"}}]}<\/script>\n<!-- \/ Yoast SEO plugin. -->","yoast_head_json":{"title":"HESTRA Army Leather Gore-Tex 5-fing - Beyond-X","robots":{"index":"index","follow":"follow","max-snippet":"max-snippet:-1","max-image-preview":"max-image-preview:large","max-video-preview":"max-video-preview:-1"},"canonical":"https:\/\/beyondx.se\/no\/produkt\/hestra-army-leather-gore-tex-5-fing\/","og_locale":"nb_NO","og_type":"article","og_title":"HESTRA Army Leather Gore-Tex 5-fing - Beyond-X","og_description":"L\u00e5ng och slitstark alpinhandske f\u00f6r dig som beh\u00f6ver en varm och torr handske vid rej\u00e4lt tuffa v\u00e4derf\u00f6rh\u00e5llanden och h\u00f6g aktivitetsniv\u00e5. En favorit av m\u00e5nga i Skidpatrull\u00f6rer. Storlek 6-11","og_url":"https:\/\/beyondx.se\/no\/produkt\/hestra-army-leather-gore-tex-5-fing\/","og_site_name":"Beyond-X","article_modified_time":"2026-04-19T08:45:24+00:00","og_image":[{"width":797,"height":800,"url":"https:\/\/beyondx.se\/wp-content\/uploads\/2023\/06\/31460-100_1.jpg","type":"image\/jpeg"}],"twitter_card":"summary_large_image","schema":{"@context":"https:\/\/schema.org","@graph":[{"@type":"WebPage","@id":"https:\/\/beyondx.se\/no\/produkt\/hestra-army-leather-gore-tex-5-fing\/","url":"https:\/\/beyondx.se\/no\/produkt\/hestra-army-leather-gore-tex-5-fing\/","name":"HESTRA Army Leather Gore-Tex 5-fing - Beyond-X","isPartOf":{"@id":"https:\/\/beyondx.se\/no\/#website"},"datePublished":"2023-04-21T06:16:28+00:00","dateModified":"2026-04-19T08:45:24+00:00","breadcrumb":{"@id":"https:\/\/beyondx.se\/no\/produkt\/hestra-army-leather-gore-tex-5-fing\/#breadcrumb"},"inLanguage":"nb-NO","potentialAction":[{"@type":"ReadAction","target":["https:\/\/beyondx.se\/no\/produkt\/hestra-army-leather-gore-tex-5-fing\/"]}]},{"@type":"BreadcrumbList","@id":"https:\/\/beyondx.se\/no\/produkt\/hestra-army-leather-gore-tex-5-fing\/#breadcrumb","itemListElement":[{"@type":"ListItem","position":1,"name":"Hem","item":"https:\/\/beyondx.se\/no\/"},{"@type":"ListItem","position":2,"name":"Butik","item":"https:\/\/beyondx.se\/no\/butik\/"},{"@type":"ListItem","position":3,"name":"HESTRA Army Leather Gore-Tex 5-fing"}]},{"@type":"WebSite","@id":"https:\/\/beyondx.se\/no\/#website","url":"https:\/\/beyondx.se\/no\/","name":"Beyond-X","description":"No Bullshit Ski Wear","publisher":{"@id":"https:\/\/beyondx.se\/no\/#organization"},"potentialAction":[{"@type":"SearchAction","target":{"@type":"EntryPoint","urlTemplate":"https:\/\/beyondx.se\/no\/?s={search_term_string}"},"query-input":"required name=search_term_string"}],"inLanguage":"nb-NO"},{"@type":"Organization","@id":"https:\/\/beyondx.se\/no\/#organization","name":"B-stedt of Sweden AB","url":"https:\/\/beyondx.se\/no\/","logo":{"@type":"ImageObject","inLanguage":"nb-NO","@id":"https:\/\/beyondx.se\/no\/#\/schema\/logo\/image\/","url":"https:\/\/beyondx.se\/wp-content\/uploads\/2023\/08\/bx-logo.svg","contentUrl":"https:\/\/beyondx.se\/wp-content\/uploads\/2023\/08\/bx-logo.svg","width":1,"height":1,"caption":"B-stedt of Sweden AB"},"image":{"@id":"https:\/\/beyondx.se\/no\/#\/schema\/logo\/image\/"}}]}},"_links":{"self":[{"href":"https:\/\/beyondx.se\/no\/wp-json\/wp\/v2\/product\/10617","targetHints":{"allow":["GET"]}}],"collection":[{"href":"https:\/\/beyondx.se\/no\/wp-json\/wp\/v2\/product"}],"about":[{"href":"https:\/\/beyondx.se\/no\/wp-json\/wp\/v2\/types\/product"}],"wp:featuredmedia":[{"embeddable":true,"href":"https:\/\/beyondx.se\/no\/wp-json\/wp\/v2\/media\/19080"}],"wp:attachment":[{"href":"https:\/\/beyondx.se\/no\/wp-json\/wp\/v2\/media?parent=10617"}],"wp:term":[{"taxonomy":"product_cat","embeddable":true,"href":"https:\/\/beyondx.se\/no\/wp-json\/wp\/v2\/product_cat?post=10617"},{"taxonomy":"product_tag","embeddable":true,"href":"https:\/\/beyondx.se\/no\/wp-json\/wp\/v2\/product_tag?post=10617"}],"curies":[{"name":"wp","href":"https:\/\/api.w.org\/{rel}","templated":true}]}}