{"id":10966,"date":"2023-04-21T08:38:12","date_gmt":"2023-04-21T06:38:12","guid":{"rendered":"https:\/\/beta.karlskogawebbyra.se\/beyond\/product\/arbetsplats-insydda-tunnlar-06x25m\/"},"modified":"2026-04-19T10:43:59","modified_gmt":"2026-04-19T08:43:59","slug":"arbetsplats-insydda-tunnlar-06x25m","status":"publish","type":"product","link":"https:\/\/beyondx.se\/no\/produkt\/arbetsplats-insydda-tunnlar-06x25m\/","title":{"rendered":"Arbetsplats n\u00e4tbanderoll 0,6&#215;2,5m, ink r\u00f6d k\u00e4pp"},"content":{"rendered":"","protected":false},"excerpt":{"rendered":"<p>Arbetsplats banderoll i digitaltryckt mesh material.<br \/>Insydda tunnlar p&#229; vardera sida med k&#228;ppar som sitter &#229;t med res&#229;r i botten.<br \/><strong>H&#246;jd \/ Bredd: <\/strong>0,6m \/ 2,5m<br \/><strong>K&#228;pp:<\/strong> 35mmx160cm.<br \/>&#214;nskas eget tryck s&#229; &#228;r det m&#246;jligt, kontakta oss s&#229; hj&#228;lper vi till!<\/p>","protected":false},"featured_media":137589,"template":"","meta":[],"product_cat":[148,168,1427,174,1268],"product_tag":[],"class_list":["post-10966","product","type-product","status-publish","has-post-thumbnail","hentry","product_cat-skidanlaggning","product_cat-avsparrning","product_cat-skyltning","product_cat-banderoller-beachflaggor","product_cat-banderoller-och-paneler","product_shipping_class-paket-over-150cm","brands-beyond-x","fpd-variation-needed"],"yoast_head":"<!-- This site is optimized with the Yoast SEO plugin v21.0 - https:\/\/yoast.com\/wordpress\/plugins\/seo\/ -->\n<title>Arbetsplats n\u00e4tbanderoll 0,6x2,5m, ink r\u00f6d k\u00e4pp - Beyond-X<\/title>\n<meta name=\"robots\" content=\"index, follow, max-snippet:-1, max-image-preview:large, max-video-preview:-1\" \/>\n<link rel=\"canonical\" href=\"https:\/\/beyondx.se\/no\/produkt\/arbetsplats-insydda-tunnlar-06x25m\/\" \/>\n<meta property=\"og:locale\" content=\"nb_NO\" \/>\n<meta property=\"og:type\" content=\"article\" \/>\n<meta property=\"og:title\" content=\"Arbetsplats n\u00e4tbanderoll 0,6x2,5m, ink r\u00f6d k\u00e4pp - Beyond-X\" \/>\n<meta property=\"og:description\" content=\"Arbetsplats banderoll i digitaltryckt mesh material.Insydda tunnlar p&#229; vardera sida med k&#228;ppar som sitter &#229;t med res&#229;r i botten.H&#246;jd \/ Bredd: 0,6m \/ 2,5mK&#228;pp: 35mmx160cm.&#214;nskas eget tryck s&#229; &#228;r det m&#246;jligt, kontakta oss s&#229; hj&#228;lper vi till!\" \/>\n<meta property=\"og:url\" content=\"https:\/\/beyondx.se\/no\/produkt\/arbetsplats-insydda-tunnlar-06x25m\/\" \/>\n<meta property=\"og:site_name\" content=\"Beyond-X\" \/>\n<meta property=\"article:modified_time\" content=\"2026-04-19T08:43:59+00:00\" \/>\n<meta property=\"og:image\" content=\"https:\/\/beyondx.se\/wp-content\/uploads\/2023\/04\/PPSWE205-D.jpg\" \/>\n\t<meta property=\"og:image:width\" content=\"2000\" \/>\n\t<meta property=\"og:image:height\" content=\"2000\" \/>\n\t<meta property=\"og:image:type\" content=\"image\/jpeg\" \/>\n<meta name=\"twitter:card\" content=\"summary_large_image\" \/>\n<script type=\"application\/ld+json\" class=\"yoast-schema-graph\">{\"@context\":\"https:\/\/schema.org\",\"@graph\":[{\"@type\":\"WebPage\",\"@id\":\"https:\/\/beyondx.se\/no\/produkt\/arbetsplats-insydda-tunnlar-06x25m\/\",\"url\":\"https:\/\/beyondx.se\/no\/produkt\/arbetsplats-insydda-tunnlar-06x25m\/\",\"name\":\"Arbetsplats n\u00e4tbanderoll 0,6x2,5m, ink r\u00f6d k\u00e4pp - Beyond-X\",\"isPartOf\":{\"@id\":\"https:\/\/beyondx.se\/no\/#website\"},\"datePublished\":\"2023-04-21T06:38:12+00:00\",\"dateModified\":\"2026-04-19T08:43:59+00:00\",\"breadcrumb\":{\"@id\":\"https:\/\/beyondx.se\/no\/produkt\/arbetsplats-insydda-tunnlar-06x25m\/#breadcrumb\"},\"inLanguage\":\"nb-NO\",\"potentialAction\":[{\"@type\":\"ReadAction\",\"target\":[\"https:\/\/beyondx.se\/no\/produkt\/arbetsplats-insydda-tunnlar-06x25m\/\"]}]},{\"@type\":\"BreadcrumbList\",\"@id\":\"https:\/\/beyondx.se\/no\/produkt\/arbetsplats-insydda-tunnlar-06x25m\/#breadcrumb\",\"itemListElement\":[{\"@type\":\"ListItem\",\"position\":1,\"name\":\"Hem\",\"item\":\"https:\/\/beyondx.se\/no\/\"},{\"@type\":\"ListItem\",\"position\":2,\"name\":\"Butik\",\"item\":\"https:\/\/beyondx.se\/no\/butik\/\"},{\"@type\":\"ListItem\",\"position\":3,\"name\":\"Arbetsplats n\u00e4tbanderoll 0,6&#215;2,5m, ink r\u00f6d k\u00e4pp\"}]},{\"@type\":\"WebSite\",\"@id\":\"https:\/\/beyondx.se\/no\/#website\",\"url\":\"https:\/\/beyondx.se\/no\/\",\"name\":\"Beyond-X\",\"description\":\"No Bullshit Ski Wear\",\"publisher\":{\"@id\":\"https:\/\/beyondx.se\/no\/#organization\"},\"potentialAction\":[{\"@type\":\"SearchAction\",\"target\":{\"@type\":\"EntryPoint\",\"urlTemplate\":\"https:\/\/beyondx.se\/no\/?s={search_term_string}\"},\"query-input\":\"required name=search_term_string\"}],\"inLanguage\":\"nb-NO\"},{\"@type\":\"Organization\",\"@id\":\"https:\/\/beyondx.se\/no\/#organization\",\"name\":\"B-stedt of Sweden AB\",\"url\":\"https:\/\/beyondx.se\/no\/\",\"logo\":{\"@type\":\"ImageObject\",\"inLanguage\":\"nb-NO\",\"@id\":\"https:\/\/beyondx.se\/no\/#\/schema\/logo\/image\/\",\"url\":\"https:\/\/beyondx.se\/wp-content\/uploads\/2023\/08\/bx-logo.svg\",\"contentUrl\":\"https:\/\/beyondx.se\/wp-content\/uploads\/2023\/08\/bx-logo.svg\",\"width\":1,\"height\":1,\"caption\":\"B-stedt of Sweden AB\"},\"image\":{\"@id\":\"https:\/\/beyondx.se\/no\/#\/schema\/logo\/image\/\"}}]}<\/script>\n<!-- \/ Yoast SEO plugin. -->","yoast_head_json":{"title":"Arbetsplats n\u00e4tbanderoll 0,6x2,5m, ink r\u00f6d k\u00e4pp - Beyond-X","robots":{"index":"index","follow":"follow","max-snippet":"max-snippet:-1","max-image-preview":"max-image-preview:large","max-video-preview":"max-video-preview:-1"},"canonical":"https:\/\/beyondx.se\/no\/produkt\/arbetsplats-insydda-tunnlar-06x25m\/","og_locale":"nb_NO","og_type":"article","og_title":"Arbetsplats n\u00e4tbanderoll 0,6x2,5m, ink r\u00f6d k\u00e4pp - Beyond-X","og_description":"Arbetsplats banderoll i digitaltryckt mesh material.Insydda tunnlar p&#229; vardera sida med k&#228;ppar som sitter &#229;t med res&#229;r i botten.H&#246;jd \/ Bredd: 0,6m \/ 2,5mK&#228;pp: 35mmx160cm.&#214;nskas eget tryck s&#229; &#228;r det m&#246;jligt, kontakta oss s&#229; hj&#228;lper vi till!","og_url":"https:\/\/beyondx.se\/no\/produkt\/arbetsplats-insydda-tunnlar-06x25m\/","og_site_name":"Beyond-X","article_modified_time":"2026-04-19T08:43:59+00:00","og_image":[{"width":2000,"height":2000,"url":"https:\/\/beyondx.se\/wp-content\/uploads\/2023\/04\/PPSWE205-D.jpg","type":"image\/jpeg"}],"twitter_card":"summary_large_image","schema":{"@context":"https:\/\/schema.org","@graph":[{"@type":"WebPage","@id":"https:\/\/beyondx.se\/no\/produkt\/arbetsplats-insydda-tunnlar-06x25m\/","url":"https:\/\/beyondx.se\/no\/produkt\/arbetsplats-insydda-tunnlar-06x25m\/","name":"Arbetsplats n\u00e4tbanderoll 0,6x2,5m, ink r\u00f6d k\u00e4pp - Beyond-X","isPartOf":{"@id":"https:\/\/beyondx.se\/no\/#website"},"datePublished":"2023-04-21T06:38:12+00:00","dateModified":"2026-04-19T08:43:59+00:00","breadcrumb":{"@id":"https:\/\/beyondx.se\/no\/produkt\/arbetsplats-insydda-tunnlar-06x25m\/#breadcrumb"},"inLanguage":"nb-NO","potentialAction":[{"@type":"ReadAction","target":["https:\/\/beyondx.se\/no\/produkt\/arbetsplats-insydda-tunnlar-06x25m\/"]}]},{"@type":"BreadcrumbList","@id":"https:\/\/beyondx.se\/no\/produkt\/arbetsplats-insydda-tunnlar-06x25m\/#breadcrumb","itemListElement":[{"@type":"ListItem","position":1,"name":"Hem","item":"https:\/\/beyondx.se\/no\/"},{"@type":"ListItem","position":2,"name":"Butik","item":"https:\/\/beyondx.se\/no\/butik\/"},{"@type":"ListItem","position":3,"name":"Arbetsplats n\u00e4tbanderoll 0,6&#215;2,5m, ink r\u00f6d k\u00e4pp"}]},{"@type":"WebSite","@id":"https:\/\/beyondx.se\/no\/#website","url":"https:\/\/beyondx.se\/no\/","name":"Beyond-X","description":"No Bullshit Ski Wear","publisher":{"@id":"https:\/\/beyondx.se\/no\/#organization"},"potentialAction":[{"@type":"SearchAction","target":{"@type":"EntryPoint","urlTemplate":"https:\/\/beyondx.se\/no\/?s={search_term_string}"},"query-input":"required name=search_term_string"}],"inLanguage":"nb-NO"},{"@type":"Organization","@id":"https:\/\/beyondx.se\/no\/#organization","name":"B-stedt of Sweden AB","url":"https:\/\/beyondx.se\/no\/","logo":{"@type":"ImageObject","inLanguage":"nb-NO","@id":"https:\/\/beyondx.se\/no\/#\/schema\/logo\/image\/","url":"https:\/\/beyondx.se\/wp-content\/uploads\/2023\/08\/bx-logo.svg","contentUrl":"https:\/\/beyondx.se\/wp-content\/uploads\/2023\/08\/bx-logo.svg","width":1,"height":1,"caption":"B-stedt of Sweden AB"},"image":{"@id":"https:\/\/beyondx.se\/no\/#\/schema\/logo\/image\/"}}]}},"_links":{"self":[{"href":"https:\/\/beyondx.se\/no\/wp-json\/wp\/v2\/product\/10966","targetHints":{"allow":["GET"]}}],"collection":[{"href":"https:\/\/beyondx.se\/no\/wp-json\/wp\/v2\/product"}],"about":[{"href":"https:\/\/beyondx.se\/no\/wp-json\/wp\/v2\/types\/product"}],"wp:featuredmedia":[{"embeddable":true,"href":"https:\/\/beyondx.se\/no\/wp-json\/wp\/v2\/media\/137589"}],"wp:attachment":[{"href":"https:\/\/beyondx.se\/no\/wp-json\/wp\/v2\/media?parent=10966"}],"wp:term":[{"taxonomy":"product_cat","embeddable":true,"href":"https:\/\/beyondx.se\/no\/wp-json\/wp\/v2\/product_cat?post=10966"},{"taxonomy":"product_tag","embeddable":true,"href":"https:\/\/beyondx.se\/no\/wp-json\/wp\/v2\/product_tag?post=10966"}],"curies":[{"name":"wp","href":"https:\/\/api.w.org\/{rel}","templated":true}]}}