{"id":115836,"date":"2023-10-20T12:40:14","date_gmt":"2023-10-20T10:40:14","guid":{"rendered":"https:\/\/beyondx.se\/product\/hard-plastic-water-tank-must-combine-with-4-leg-x-base-fi\/"},"modified":"2026-05-05T08:18:43","modified_gmt":"2026-05-05T06:18:43","slug":"hard-plastic-water-tank-must-combine-with-4-leg-x-base-fi","status":"publish","type":"product","link":"https:\/\/beyondx.se\/no\/produkt\/hard-plastic-water-tank-must-combine-with-4-leg-x-base-fi\/","title":{"rendered":"Vattentank H\u00e5rd"},"content":{"rendered":"<p><strong>H\u00e5rd Vattentank \u2013 Extra stabilitet f\u00f6r din Beachflagga<\/strong><br \/>\nH\u00e5rd vattentank \u00e4r ett effektivt s\u00e4tt att ge extra tyngd och stabilitet \u00e5t beachflaggor. Tillverkad i slitstark svart plast, fylls den med vatten f\u00f6r att skapa en s\u00e4ker bas som h\u00e5ller flaggan p\u00e5 plats, \u00e4ven vid stark vind eller n\u00e4r flaggan uts\u00e4tts f\u00f6r p\u00e5frestningar.<br \/>\nN\u00e4r den \u00e4r fylld v\u00e4ger vattentanken upp till 12 kg, vilket ger ett robust f\u00e4ste. F\u00f6r ytterligare stabilitet kan du fylla den med sand. N\u00e4r den \u00e4r tom v\u00e4ger den cirka 1,5 kg, vilket g\u00f6r den enkel att transportera och f\u00f6rvara.<br \/>\nTanken \u00e4r h\u00e5llbar, v\u00e4dert\u00e5lig och st\u00f6tt\u00e5lig, vilket g\u00f6r den anv\u00e4ndbar b\u00e5de inomhus och utomhus.<br \/>\n<strong>Dimensioner:<\/strong><br \/>\n<strong>\u2022 Storlek (fylld):<\/strong>\u00a045x45x12 cm<br \/>\n<strong>\u2022 H\u00e5ldiameter:<\/strong>\u00a05,5 cm<br \/>\n<strong>\u2022 Vikt (tom):<\/strong>\u00a01,4 kg<br \/>\n<strong>\u2022 Vikt (fylld):<\/strong>\u00a011,5 kg<\/p>\n","protected":false},"excerpt":{"rendered":"<p>Vattentank i h&#229;rdplast, plasceras p&#229; kryssfot eller markplatta f&#246;r att ge extra tyngd och stabilitet.<\/p><p>&#8226; <strong>Kompatibilitet:<\/strong> Passar till kryssfot och markplatta<\/p><p>&#8226; <strong>Fylls med:<\/strong> Vatten eller sand<\/p><p>&#8226; <strong>Material:<\/strong> Svart h&#229;rdplast<\/p><p>&#8226; <strong>F&#228;rg:<\/strong> Svart<\/p>","protected":false},"featured_media":115834,"template":"","meta":[],"product_cat":[148,174,232],"product_tag":[],"class_list":["post-115836","product","type-product","status-publish","has-post-thumbnail","hentry","product_cat-skidanlaggning","product_cat-banderoller-beachflaggor","product_cat-beachflaggor","brands-beyond-x","fpd-variation-needed"],"yoast_head":"<!-- This site is optimized with the Yoast SEO plugin v21.0 - https:\/\/yoast.com\/wordpress\/plugins\/seo\/ -->\n<title>Vattentank H\u00e5rd - Beyond-X<\/title>\n<meta name=\"robots\" content=\"index, follow, max-snippet:-1, max-image-preview:large, max-video-preview:-1\" \/>\n<link rel=\"canonical\" href=\"https:\/\/beyondx.se\/no\/produkt\/hard-plastic-water-tank-must-combine-with-4-leg-x-base-fi\/\" \/>\n<meta property=\"og:locale\" content=\"nb_NO\" \/>\n<meta property=\"og:type\" content=\"article\" \/>\n<meta property=\"og:title\" content=\"Vattentank H\u00e5rd - Beyond-X\" \/>\n<meta property=\"og:description\" content=\"Vattentank i h&#229;rdplast, plasceras p&#229; kryssfot eller markplatta f&#246;r att ge extra tyngd och stabilitet.&#8226; Kompatibilitet: Passar till kryssfot och markplatta&#8226; Fylls med: Vatten eller sand&#8226; Material: Svart h&#229;rdplast&#8226; F&#228;rg: Svart\" \/>\n<meta property=\"og:url\" content=\"https:\/\/beyondx.se\/no\/produkt\/hard-plastic-water-tank-must-combine-with-4-leg-x-base-fi\/\" \/>\n<meta property=\"og:site_name\" content=\"Beyond-X\" \/>\n<meta property=\"article:modified_time\" content=\"2026-05-05T06:18:43+00:00\" \/>\n<meta property=\"og:image\" content=\"https:\/\/beyondx.se\/wp-content\/uploads\/2023\/10\/41000510_1.jpg\" \/>\n\t<meta property=\"og:image:width\" content=\"800\" \/>\n\t<meta property=\"og:image:height\" content=\"800\" \/>\n\t<meta property=\"og:image:type\" content=\"image\/jpeg\" \/>\n<meta name=\"twitter:card\" content=\"summary_large_image\" \/>\n<meta name=\"twitter:label1\" content=\"Ansl. lesetid\" \/>\n\t<meta name=\"twitter:data1\" content=\"1 minutt\" \/>\n<script type=\"application\/ld+json\" class=\"yoast-schema-graph\">{\"@context\":\"https:\/\/schema.org\",\"@graph\":[{\"@type\":\"WebPage\",\"@id\":\"https:\/\/beyondx.se\/no\/produkt\/hard-plastic-water-tank-must-combine-with-4-leg-x-base-fi\/\",\"url\":\"https:\/\/beyondx.se\/no\/produkt\/hard-plastic-water-tank-must-combine-with-4-leg-x-base-fi\/\",\"name\":\"Vattentank H\u00e5rd - Beyond-X\",\"isPartOf\":{\"@id\":\"https:\/\/beyondx.se\/no\/#website\"},\"datePublished\":\"2023-10-20T10:40:14+00:00\",\"dateModified\":\"2026-05-05T06:18:43+00:00\",\"breadcrumb\":{\"@id\":\"https:\/\/beyondx.se\/no\/produkt\/hard-plastic-water-tank-must-combine-with-4-leg-x-base-fi\/#breadcrumb\"},\"inLanguage\":\"nb-NO\",\"potentialAction\":[{\"@type\":\"ReadAction\",\"target\":[\"https:\/\/beyondx.se\/no\/produkt\/hard-plastic-water-tank-must-combine-with-4-leg-x-base-fi\/\"]}]},{\"@type\":\"BreadcrumbList\",\"@id\":\"https:\/\/beyondx.se\/no\/produkt\/hard-plastic-water-tank-must-combine-with-4-leg-x-base-fi\/#breadcrumb\",\"itemListElement\":[{\"@type\":\"ListItem\",\"position\":1,\"name\":\"Hem\",\"item\":\"https:\/\/beyondx.se\/no\/\"},{\"@type\":\"ListItem\",\"position\":2,\"name\":\"Butik\",\"item\":\"https:\/\/beyondx.se\/no\/butik\/\"},{\"@type\":\"ListItem\",\"position\":3,\"name\":\"Vattentank H\u00e5rd\"}]},{\"@type\":\"WebSite\",\"@id\":\"https:\/\/beyondx.se\/no\/#website\",\"url\":\"https:\/\/beyondx.se\/no\/\",\"name\":\"Beyond-X\",\"description\":\"No Bullshit Ski Wear\",\"publisher\":{\"@id\":\"https:\/\/beyondx.se\/no\/#organization\"},\"potentialAction\":[{\"@type\":\"SearchAction\",\"target\":{\"@type\":\"EntryPoint\",\"urlTemplate\":\"https:\/\/beyondx.se\/no\/?s={search_term_string}\"},\"query-input\":\"required name=search_term_string\"}],\"inLanguage\":\"nb-NO\"},{\"@type\":\"Organization\",\"@id\":\"https:\/\/beyondx.se\/no\/#organization\",\"name\":\"B-stedt of Sweden AB\",\"url\":\"https:\/\/beyondx.se\/no\/\",\"logo\":{\"@type\":\"ImageObject\",\"inLanguage\":\"nb-NO\",\"@id\":\"https:\/\/beyondx.se\/no\/#\/schema\/logo\/image\/\",\"url\":\"https:\/\/beyondx.se\/wp-content\/uploads\/2023\/08\/bx-logo.svg\",\"contentUrl\":\"https:\/\/beyondx.se\/wp-content\/uploads\/2023\/08\/bx-logo.svg\",\"width\":1,\"height\":1,\"caption\":\"B-stedt of Sweden AB\"},\"image\":{\"@id\":\"https:\/\/beyondx.se\/no\/#\/schema\/logo\/image\/\"}}]}<\/script>\n<!-- \/ Yoast SEO plugin. -->","yoast_head_json":{"title":"Vattentank H\u00e5rd - Beyond-X","robots":{"index":"index","follow":"follow","max-snippet":"max-snippet:-1","max-image-preview":"max-image-preview:large","max-video-preview":"max-video-preview:-1"},"canonical":"https:\/\/beyondx.se\/no\/produkt\/hard-plastic-water-tank-must-combine-with-4-leg-x-base-fi\/","og_locale":"nb_NO","og_type":"article","og_title":"Vattentank H\u00e5rd - Beyond-X","og_description":"Vattentank i h&#229;rdplast, plasceras p&#229; kryssfot eller markplatta f&#246;r att ge extra tyngd och stabilitet.&#8226; Kompatibilitet: Passar till kryssfot och markplatta&#8226; Fylls med: Vatten eller sand&#8226; Material: Svart h&#229;rdplast&#8226; F&#228;rg: Svart","og_url":"https:\/\/beyondx.se\/no\/produkt\/hard-plastic-water-tank-must-combine-with-4-leg-x-base-fi\/","og_site_name":"Beyond-X","article_modified_time":"2026-05-05T06:18:43+00:00","og_image":[{"width":800,"height":800,"url":"https:\/\/beyondx.se\/wp-content\/uploads\/2023\/10\/41000510_1.jpg","type":"image\/jpeg"}],"twitter_card":"summary_large_image","twitter_misc":{"Ansl. lesetid":"1 minutt"},"schema":{"@context":"https:\/\/schema.org","@graph":[{"@type":"WebPage","@id":"https:\/\/beyondx.se\/no\/produkt\/hard-plastic-water-tank-must-combine-with-4-leg-x-base-fi\/","url":"https:\/\/beyondx.se\/no\/produkt\/hard-plastic-water-tank-must-combine-with-4-leg-x-base-fi\/","name":"Vattentank H\u00e5rd - Beyond-X","isPartOf":{"@id":"https:\/\/beyondx.se\/no\/#website"},"datePublished":"2023-10-20T10:40:14+00:00","dateModified":"2026-05-05T06:18:43+00:00","breadcrumb":{"@id":"https:\/\/beyondx.se\/no\/produkt\/hard-plastic-water-tank-must-combine-with-4-leg-x-base-fi\/#breadcrumb"},"inLanguage":"nb-NO","potentialAction":[{"@type":"ReadAction","target":["https:\/\/beyondx.se\/no\/produkt\/hard-plastic-water-tank-must-combine-with-4-leg-x-base-fi\/"]}]},{"@type":"BreadcrumbList","@id":"https:\/\/beyondx.se\/no\/produkt\/hard-plastic-water-tank-must-combine-with-4-leg-x-base-fi\/#breadcrumb","itemListElement":[{"@type":"ListItem","position":1,"name":"Hem","item":"https:\/\/beyondx.se\/no\/"},{"@type":"ListItem","position":2,"name":"Butik","item":"https:\/\/beyondx.se\/no\/butik\/"},{"@type":"ListItem","position":3,"name":"Vattentank H\u00e5rd"}]},{"@type":"WebSite","@id":"https:\/\/beyondx.se\/no\/#website","url":"https:\/\/beyondx.se\/no\/","name":"Beyond-X","description":"No Bullshit Ski Wear","publisher":{"@id":"https:\/\/beyondx.se\/no\/#organization"},"potentialAction":[{"@type":"SearchAction","target":{"@type":"EntryPoint","urlTemplate":"https:\/\/beyondx.se\/no\/?s={search_term_string}"},"query-input":"required name=search_term_string"}],"inLanguage":"nb-NO"},{"@type":"Organization","@id":"https:\/\/beyondx.se\/no\/#organization","name":"B-stedt of Sweden AB","url":"https:\/\/beyondx.se\/no\/","logo":{"@type":"ImageObject","inLanguage":"nb-NO","@id":"https:\/\/beyondx.se\/no\/#\/schema\/logo\/image\/","url":"https:\/\/beyondx.se\/wp-content\/uploads\/2023\/08\/bx-logo.svg","contentUrl":"https:\/\/beyondx.se\/wp-content\/uploads\/2023\/08\/bx-logo.svg","width":1,"height":1,"caption":"B-stedt of Sweden AB"},"image":{"@id":"https:\/\/beyondx.se\/no\/#\/schema\/logo\/image\/"}}]}},"_links":{"self":[{"href":"https:\/\/beyondx.se\/no\/wp-json\/wp\/v2\/product\/115836","targetHints":{"allow":["GET"]}}],"collection":[{"href":"https:\/\/beyondx.se\/no\/wp-json\/wp\/v2\/product"}],"about":[{"href":"https:\/\/beyondx.se\/no\/wp-json\/wp\/v2\/types\/product"}],"wp:featuredmedia":[{"embeddable":true,"href":"https:\/\/beyondx.se\/no\/wp-json\/wp\/v2\/media\/115834"}],"wp:attachment":[{"href":"https:\/\/beyondx.se\/no\/wp-json\/wp\/v2\/media?parent=115836"}],"wp:term":[{"taxonomy":"product_cat","embeddable":true,"href":"https:\/\/beyondx.se\/no\/wp-json\/wp\/v2\/product_cat?post=115836"},{"taxonomy":"product_tag","embeddable":true,"href":"https:\/\/beyondx.se\/no\/wp-json\/wp\/v2\/product_tag?post=115836"}],"curies":[{"name":"wp","href":"https:\/\/api.w.org\/{rel}","templated":true}]}}