{"id":115866,"date":"2023-10-20T12:40:23","date_gmt":"2023-10-20T10:40:23","guid":{"rendered":"https:\/\/beyondx.se\/product\/milwaukee-replacement-batterie-12v-6a\/"},"modified":"2026-05-01T08:07:40","modified_gmt":"2026-05-01T06:07:40","slug":"milwaukee-replacement-batterie-12v-6a","status":"publish","type":"product","link":"https:\/\/beyondx.se\/no\/produkt\/milwaukee-replacement-batterie-12v-6a\/","title":{"rendered":"Milwaukee Replacement batterie 12V 6A"},"content":{"rendered":"","protected":false},"excerpt":{"rendered":"12V &#8211; 6,0 Ah REDLITHIUM?-batteri. REDLITHIUM?-batteriet ger upp till 3x l\u00e4ngre drifttid, upp till 20% mer kraft, upp till 2x fler uppladdningar \u00e4n andra lithiumteknologier eller tidigare MILWAUKEE\u00ae batteriteknologi. REDLINK? digitala \u00f6verbelastningsskydd. Individuell cell\u00f6vervakning f\u00f6rs\u00e4krar att varje cell i batteriet alltid presterar sitt maximala f\u00f6r optimal produktivitet. H\u00e5llbar konstruktion. Kan anv\u00e4ndas i temperaturer ner till -20\u00b0C utan p\u00e5verkan p\u00e5 drifttid eller batteriets h\u00e5llbarhet. Urladdningsskyddet f\u00f6rhindrar skador p\u00e5 battericellerna fr\u00e5n \u00f6verurladdning. Kompatibelt med hela M12?-serien.","protected":false},"featured_media":115864,"template":"","meta":[],"product_cat":[163],"product_tag":[],"class_list":["post-115866","product","type-product","status-publish","has-post-thumbnail","hentry","product_cat-borrning","brands-milwaukee","fpd-variation-needed"],"yoast_head":"<!-- This site is optimized with the Yoast SEO plugin v21.0 - https:\/\/yoast.com\/wordpress\/plugins\/seo\/ -->\n<title>Milwaukee Replacement batterie 12V 6A - Beyond-X<\/title>\n<meta name=\"robots\" content=\"index, follow, max-snippet:-1, max-image-preview:large, max-video-preview:-1\" \/>\n<link rel=\"canonical\" href=\"https:\/\/beyondx.se\/no\/produkt\/milwaukee-replacement-batterie-12v-6a\/\" \/>\n<meta property=\"og:locale\" content=\"nb_NO\" \/>\n<meta property=\"og:type\" content=\"article\" \/>\n<meta property=\"og:title\" content=\"Milwaukee Replacement batterie 12V 6A - Beyond-X\" \/>\n<meta property=\"og:description\" content=\"12V - 6,0 Ah REDLITHIUM?-batteri. REDLITHIUM?-batteriet ger upp till 3x l\u00e4ngre drifttid, upp till 20% mer kraft, upp till 2x fler uppladdningar \u00e4n andra lithiumteknologier eller tidigare MILWAUKEE\u00ae batteriteknologi. REDLINK? digitala \u00f6verbelastningsskydd. Individuell cell\u00f6vervakning f\u00f6rs\u00e4krar att varje cell i batteriet alltid presterar sitt maximala f\u00f6r optimal produktivitet. H\u00e5llbar konstruktion. Kan anv\u00e4ndas i temperaturer ner till -20\u00b0C utan p\u00e5verkan p\u00e5 drifttid eller batteriets h\u00e5llbarhet. Urladdningsskyddet f\u00f6rhindrar skador p\u00e5 battericellerna fr\u00e5n \u00f6verurladdning. Kompatibelt med hela M12?-serien.\" \/>\n<meta property=\"og:url\" content=\"https:\/\/beyondx.se\/no\/produkt\/milwaukee-replacement-batterie-12v-6a\/\" \/>\n<meta property=\"og:site_name\" content=\"Beyond-X\" \/>\n<meta property=\"article:modified_time\" content=\"2026-05-01T06:07:40+00:00\" \/>\n<meta property=\"og:image\" content=\"https:\/\/beyondx.se\/wp-content\/uploads\/2023\/10\/4932451395_1.jpg\" \/>\n\t<meta property=\"og:image:width\" content=\"610\" \/>\n\t<meta property=\"og:image:height\" content=\"610\" \/>\n\t<meta property=\"og:image:type\" content=\"image\/jpeg\" \/>\n<meta name=\"twitter:card\" content=\"summary_large_image\" \/>\n<script type=\"application\/ld+json\" class=\"yoast-schema-graph\">{\"@context\":\"https:\/\/schema.org\",\"@graph\":[{\"@type\":\"WebPage\",\"@id\":\"https:\/\/beyondx.se\/no\/produkt\/milwaukee-replacement-batterie-12v-6a\/\",\"url\":\"https:\/\/beyondx.se\/no\/produkt\/milwaukee-replacement-batterie-12v-6a\/\",\"name\":\"Milwaukee Replacement batterie 12V 6A - Beyond-X\",\"isPartOf\":{\"@id\":\"https:\/\/beyondx.se\/no\/#website\"},\"datePublished\":\"2023-10-20T10:40:23+00:00\",\"dateModified\":\"2026-05-01T06:07:40+00:00\",\"breadcrumb\":{\"@id\":\"https:\/\/beyondx.se\/no\/produkt\/milwaukee-replacement-batterie-12v-6a\/#breadcrumb\"},\"inLanguage\":\"nb-NO\",\"potentialAction\":[{\"@type\":\"ReadAction\",\"target\":[\"https:\/\/beyondx.se\/no\/produkt\/milwaukee-replacement-batterie-12v-6a\/\"]}]},{\"@type\":\"BreadcrumbList\",\"@id\":\"https:\/\/beyondx.se\/no\/produkt\/milwaukee-replacement-batterie-12v-6a\/#breadcrumb\",\"itemListElement\":[{\"@type\":\"ListItem\",\"position\":1,\"name\":\"Hem\",\"item\":\"https:\/\/beyondx.se\/no\/\"},{\"@type\":\"ListItem\",\"position\":2,\"name\":\"Butik\",\"item\":\"https:\/\/beyondx.se\/no\/butik\/\"},{\"@type\":\"ListItem\",\"position\":3,\"name\":\"Milwaukee Replacement batterie 12V 6A\"}]},{\"@type\":\"WebSite\",\"@id\":\"https:\/\/beyondx.se\/no\/#website\",\"url\":\"https:\/\/beyondx.se\/no\/\",\"name\":\"Beyond-X\",\"description\":\"No Bullshit Ski Wear\",\"publisher\":{\"@id\":\"https:\/\/beyondx.se\/no\/#organization\"},\"potentialAction\":[{\"@type\":\"SearchAction\",\"target\":{\"@type\":\"EntryPoint\",\"urlTemplate\":\"https:\/\/beyondx.se\/no\/?s={search_term_string}\"},\"query-input\":\"required name=search_term_string\"}],\"inLanguage\":\"nb-NO\"},{\"@type\":\"Organization\",\"@id\":\"https:\/\/beyondx.se\/no\/#organization\",\"name\":\"B-stedt of Sweden AB\",\"url\":\"https:\/\/beyondx.se\/no\/\",\"logo\":{\"@type\":\"ImageObject\",\"inLanguage\":\"nb-NO\",\"@id\":\"https:\/\/beyondx.se\/no\/#\/schema\/logo\/image\/\",\"url\":\"https:\/\/beyondx.se\/wp-content\/uploads\/2023\/08\/bx-logo.svg\",\"contentUrl\":\"https:\/\/beyondx.se\/wp-content\/uploads\/2023\/08\/bx-logo.svg\",\"width\":1,\"height\":1,\"caption\":\"B-stedt of Sweden AB\"},\"image\":{\"@id\":\"https:\/\/beyondx.se\/no\/#\/schema\/logo\/image\/\"}}]}<\/script>\n<!-- \/ Yoast SEO plugin. -->","yoast_head_json":{"title":"Milwaukee Replacement batterie 12V 6A - Beyond-X","robots":{"index":"index","follow":"follow","max-snippet":"max-snippet:-1","max-image-preview":"max-image-preview:large","max-video-preview":"max-video-preview:-1"},"canonical":"https:\/\/beyondx.se\/no\/produkt\/milwaukee-replacement-batterie-12v-6a\/","og_locale":"nb_NO","og_type":"article","og_title":"Milwaukee Replacement batterie 12V 6A - Beyond-X","og_description":"12V - 6,0 Ah REDLITHIUM?-batteri. REDLITHIUM?-batteriet ger upp till 3x l\u00e4ngre drifttid, upp till 20% mer kraft, upp till 2x fler uppladdningar \u00e4n andra lithiumteknologier eller tidigare MILWAUKEE\u00ae batteriteknologi. REDLINK? digitala \u00f6verbelastningsskydd. Individuell cell\u00f6vervakning f\u00f6rs\u00e4krar att varje cell i batteriet alltid presterar sitt maximala f\u00f6r optimal produktivitet. H\u00e5llbar konstruktion. Kan anv\u00e4ndas i temperaturer ner till -20\u00b0C utan p\u00e5verkan p\u00e5 drifttid eller batteriets h\u00e5llbarhet. Urladdningsskyddet f\u00f6rhindrar skador p\u00e5 battericellerna fr\u00e5n \u00f6verurladdning. Kompatibelt med hela M12?-serien.","og_url":"https:\/\/beyondx.se\/no\/produkt\/milwaukee-replacement-batterie-12v-6a\/","og_site_name":"Beyond-X","article_modified_time":"2026-05-01T06:07:40+00:00","og_image":[{"width":610,"height":610,"url":"https:\/\/beyondx.se\/wp-content\/uploads\/2023\/10\/4932451395_1.jpg","type":"image\/jpeg"}],"twitter_card":"summary_large_image","schema":{"@context":"https:\/\/schema.org","@graph":[{"@type":"WebPage","@id":"https:\/\/beyondx.se\/no\/produkt\/milwaukee-replacement-batterie-12v-6a\/","url":"https:\/\/beyondx.se\/no\/produkt\/milwaukee-replacement-batterie-12v-6a\/","name":"Milwaukee Replacement batterie 12V 6A - Beyond-X","isPartOf":{"@id":"https:\/\/beyondx.se\/no\/#website"},"datePublished":"2023-10-20T10:40:23+00:00","dateModified":"2026-05-01T06:07:40+00:00","breadcrumb":{"@id":"https:\/\/beyondx.se\/no\/produkt\/milwaukee-replacement-batterie-12v-6a\/#breadcrumb"},"inLanguage":"nb-NO","potentialAction":[{"@type":"ReadAction","target":["https:\/\/beyondx.se\/no\/produkt\/milwaukee-replacement-batterie-12v-6a\/"]}]},{"@type":"BreadcrumbList","@id":"https:\/\/beyondx.se\/no\/produkt\/milwaukee-replacement-batterie-12v-6a\/#breadcrumb","itemListElement":[{"@type":"ListItem","position":1,"name":"Hem","item":"https:\/\/beyondx.se\/no\/"},{"@type":"ListItem","position":2,"name":"Butik","item":"https:\/\/beyondx.se\/no\/butik\/"},{"@type":"ListItem","position":3,"name":"Milwaukee Replacement batterie 12V 6A"}]},{"@type":"WebSite","@id":"https:\/\/beyondx.se\/no\/#website","url":"https:\/\/beyondx.se\/no\/","name":"Beyond-X","description":"No Bullshit Ski Wear","publisher":{"@id":"https:\/\/beyondx.se\/no\/#organization"},"potentialAction":[{"@type":"SearchAction","target":{"@type":"EntryPoint","urlTemplate":"https:\/\/beyondx.se\/no\/?s={search_term_string}"},"query-input":"required name=search_term_string"}],"inLanguage":"nb-NO"},{"@type":"Organization","@id":"https:\/\/beyondx.se\/no\/#organization","name":"B-stedt of Sweden AB","url":"https:\/\/beyondx.se\/no\/","logo":{"@type":"ImageObject","inLanguage":"nb-NO","@id":"https:\/\/beyondx.se\/no\/#\/schema\/logo\/image\/","url":"https:\/\/beyondx.se\/wp-content\/uploads\/2023\/08\/bx-logo.svg","contentUrl":"https:\/\/beyondx.se\/wp-content\/uploads\/2023\/08\/bx-logo.svg","width":1,"height":1,"caption":"B-stedt of Sweden AB"},"image":{"@id":"https:\/\/beyondx.se\/no\/#\/schema\/logo\/image\/"}}]}},"_links":{"self":[{"href":"https:\/\/beyondx.se\/no\/wp-json\/wp\/v2\/product\/115866","targetHints":{"allow":["GET"]}}],"collection":[{"href":"https:\/\/beyondx.se\/no\/wp-json\/wp\/v2\/product"}],"about":[{"href":"https:\/\/beyondx.se\/no\/wp-json\/wp\/v2\/types\/product"}],"wp:featuredmedia":[{"embeddable":true,"href":"https:\/\/beyondx.se\/no\/wp-json\/wp\/v2\/media\/115864"}],"wp:attachment":[{"href":"https:\/\/beyondx.se\/no\/wp-json\/wp\/v2\/media?parent=115866"}],"wp:term":[{"taxonomy":"product_cat","embeddable":true,"href":"https:\/\/beyondx.se\/no\/wp-json\/wp\/v2\/product_cat?post=115866"},{"taxonomy":"product_tag","embeddable":true,"href":"https:\/\/beyondx.se\/no\/wp-json\/wp\/v2\/product_tag?post=115866"}],"curies":[{"name":"wp","href":"https:\/\/api.w.org\/{rel}","templated":true}]}}