{"id":115875,"date":"2023-10-20T12:40:26","date_gmt":"2023-10-20T10:40:26","guid":{"rendered":"https:\/\/beyondx.se\/product\/milwaukee-m18-fhm-121c-fuel\/"},"modified":"2026-05-01T08:07:08","modified_gmt":"2026-05-01T06:07:08","slug":"milwaukee-m18-fhm-121c-fuel","status":"publish","type":"product","link":"https:\/\/beyondx.se\/no\/produkt\/milwaukee-m18-fhm-121c-fuel\/","title":{"rendered":"Milwaukee M18 FHM-121C FUEL"},"content":{"rendered":"","protected":false},"excerpt":{"rendered":"M18 FUEL? 8 kg SDS-Max kombihammare med kolborstfri POWERSTATE?-motor och imponerande slagkraft p\u00e5 11 J. Max. borrkapacitet i betong: 45 mm. REDLINK PLUS?-elektronik. REDLITHIUM? HIGH OUTPUT? 12.0Ah-batteri levererar otrolig kraft (medf\u00f6ljer ej). ONE-KEY? verktygssp\u00e5rning. L\u00e5sbar str\u00f6mbrytare. Stort AVS-bakhandtag st\u00f6der vid tv\u00e5handstill\u00e4mpningar samtidigt som vibrationsexponering minimeras (9,4 m\/s\u00b2). Optimerad f\u00f6r HIGH OUTPUT?-batterier. Vikt med batteri 10,2 kg. Servicelampa anger n\u00e4r service beh\u00f6vs. Levereras med 1 x 12,0Ah REDLITHIUM? HIGH OUTPUT?-batteri, 130 min. M12-18 FC laddare och box.","protected":false},"featured_media":115873,"template":"","meta":[],"product_cat":[163],"product_tag":[],"class_list":["post-115875","product","type-product","status-publish","has-post-thumbnail","hentry","product_cat-borrning","brands-milwaukee","fpd-variation-needed"],"yoast_head":"<!-- This site is optimized with the Yoast SEO plugin v21.0 - https:\/\/yoast.com\/wordpress\/plugins\/seo\/ -->\n<title>Milwaukee M18 FHM-121C FUEL - Beyond-X<\/title>\n<meta name=\"robots\" content=\"index, follow, max-snippet:-1, max-image-preview:large, max-video-preview:-1\" \/>\n<link rel=\"canonical\" href=\"https:\/\/beyondx.se\/no\/produkt\/milwaukee-m18-fhm-121c-fuel\/\" \/>\n<meta property=\"og:locale\" content=\"nb_NO\" \/>\n<meta property=\"og:type\" content=\"article\" \/>\n<meta property=\"og:title\" content=\"Milwaukee M18 FHM-121C FUEL - Beyond-X\" \/>\n<meta property=\"og:description\" content=\"M18 FUEL? 8 kg SDS-Max kombihammare med kolborstfri POWERSTATE?-motor och imponerande slagkraft p\u00e5 11 J. Max. borrkapacitet i betong: 45 mm. REDLINK PLUS?-elektronik. REDLITHIUM? HIGH OUTPUT? 12.0Ah-batteri levererar otrolig kraft (medf\u00f6ljer ej). ONE-KEY? verktygssp\u00e5rning. L\u00e5sbar str\u00f6mbrytare. Stort AVS-bakhandtag st\u00f6der vid tv\u00e5handstill\u00e4mpningar samtidigt som vibrationsexponering minimeras (9,4 m\/s\u00b2). Optimerad f\u00f6r HIGH OUTPUT?-batterier. Vikt med batteri 10,2 kg. Servicelampa anger n\u00e4r service beh\u00f6vs. Levereras med 1 x 12,0Ah REDLITHIUM? HIGH OUTPUT?-batteri, 130 min. M12-18 FC laddare och box.\" \/>\n<meta property=\"og:url\" content=\"https:\/\/beyondx.se\/no\/produkt\/milwaukee-m18-fhm-121c-fuel\/\" \/>\n<meta property=\"og:site_name\" content=\"Beyond-X\" \/>\n<meta property=\"article:modified_time\" content=\"2026-05-01T06:07:08+00:00\" \/>\n<meta property=\"og:image\" content=\"https:\/\/beyondx.se\/wp-content\/uploads\/2023\/10\/4933464894_1.jpg\" \/>\n\t<meta property=\"og:image:width\" content=\"610\" \/>\n\t<meta property=\"og:image:height\" content=\"610\" \/>\n\t<meta property=\"og:image:type\" content=\"image\/jpeg\" \/>\n<meta name=\"twitter:card\" content=\"summary_large_image\" \/>\n<script type=\"application\/ld+json\" class=\"yoast-schema-graph\">{\"@context\":\"https:\/\/schema.org\",\"@graph\":[{\"@type\":\"WebPage\",\"@id\":\"https:\/\/beyondx.se\/no\/produkt\/milwaukee-m18-fhm-121c-fuel\/\",\"url\":\"https:\/\/beyondx.se\/no\/produkt\/milwaukee-m18-fhm-121c-fuel\/\",\"name\":\"Milwaukee M18 FHM-121C FUEL - Beyond-X\",\"isPartOf\":{\"@id\":\"https:\/\/beyondx.se\/no\/#website\"},\"datePublished\":\"2023-10-20T10:40:26+00:00\",\"dateModified\":\"2026-05-01T06:07:08+00:00\",\"breadcrumb\":{\"@id\":\"https:\/\/beyondx.se\/no\/produkt\/milwaukee-m18-fhm-121c-fuel\/#breadcrumb\"},\"inLanguage\":\"nb-NO\",\"potentialAction\":[{\"@type\":\"ReadAction\",\"target\":[\"https:\/\/beyondx.se\/no\/produkt\/milwaukee-m18-fhm-121c-fuel\/\"]}]},{\"@type\":\"BreadcrumbList\",\"@id\":\"https:\/\/beyondx.se\/no\/produkt\/milwaukee-m18-fhm-121c-fuel\/#breadcrumb\",\"itemListElement\":[{\"@type\":\"ListItem\",\"position\":1,\"name\":\"Hem\",\"item\":\"https:\/\/beyondx.se\/no\/\"},{\"@type\":\"ListItem\",\"position\":2,\"name\":\"Butik\",\"item\":\"https:\/\/beyondx.se\/no\/butik\/\"},{\"@type\":\"ListItem\",\"position\":3,\"name\":\"Milwaukee M18 FHM-121C FUEL\"}]},{\"@type\":\"WebSite\",\"@id\":\"https:\/\/beyondx.se\/no\/#website\",\"url\":\"https:\/\/beyondx.se\/no\/\",\"name\":\"Beyond-X\",\"description\":\"No Bullshit Ski Wear\",\"publisher\":{\"@id\":\"https:\/\/beyondx.se\/no\/#organization\"},\"potentialAction\":[{\"@type\":\"SearchAction\",\"target\":{\"@type\":\"EntryPoint\",\"urlTemplate\":\"https:\/\/beyondx.se\/no\/?s={search_term_string}\"},\"query-input\":\"required name=search_term_string\"}],\"inLanguage\":\"nb-NO\"},{\"@type\":\"Organization\",\"@id\":\"https:\/\/beyondx.se\/no\/#organization\",\"name\":\"B-stedt of Sweden AB\",\"url\":\"https:\/\/beyondx.se\/no\/\",\"logo\":{\"@type\":\"ImageObject\",\"inLanguage\":\"nb-NO\",\"@id\":\"https:\/\/beyondx.se\/no\/#\/schema\/logo\/image\/\",\"url\":\"https:\/\/beyondx.se\/wp-content\/uploads\/2023\/08\/bx-logo.svg\",\"contentUrl\":\"https:\/\/beyondx.se\/wp-content\/uploads\/2023\/08\/bx-logo.svg\",\"width\":1,\"height\":1,\"caption\":\"B-stedt of Sweden AB\"},\"image\":{\"@id\":\"https:\/\/beyondx.se\/no\/#\/schema\/logo\/image\/\"}}]}<\/script>\n<!-- \/ Yoast SEO plugin. -->","yoast_head_json":{"title":"Milwaukee M18 FHM-121C FUEL - Beyond-X","robots":{"index":"index","follow":"follow","max-snippet":"max-snippet:-1","max-image-preview":"max-image-preview:large","max-video-preview":"max-video-preview:-1"},"canonical":"https:\/\/beyondx.se\/no\/produkt\/milwaukee-m18-fhm-121c-fuel\/","og_locale":"nb_NO","og_type":"article","og_title":"Milwaukee M18 FHM-121C FUEL - Beyond-X","og_description":"M18 FUEL? 8 kg SDS-Max kombihammare med kolborstfri POWERSTATE?-motor och imponerande slagkraft p\u00e5 11 J. Max. borrkapacitet i betong: 45 mm. REDLINK PLUS?-elektronik. REDLITHIUM? HIGH OUTPUT? 12.0Ah-batteri levererar otrolig kraft (medf\u00f6ljer ej). ONE-KEY? verktygssp\u00e5rning. L\u00e5sbar str\u00f6mbrytare. Stort AVS-bakhandtag st\u00f6der vid tv\u00e5handstill\u00e4mpningar samtidigt som vibrationsexponering minimeras (9,4 m\/s\u00b2). Optimerad f\u00f6r HIGH OUTPUT?-batterier. Vikt med batteri 10,2 kg. Servicelampa anger n\u00e4r service beh\u00f6vs. Levereras med 1 x 12,0Ah REDLITHIUM? HIGH OUTPUT?-batteri, 130 min. M12-18 FC laddare och box.","og_url":"https:\/\/beyondx.se\/no\/produkt\/milwaukee-m18-fhm-121c-fuel\/","og_site_name":"Beyond-X","article_modified_time":"2026-05-01T06:07:08+00:00","og_image":[{"width":610,"height":610,"url":"https:\/\/beyondx.se\/wp-content\/uploads\/2023\/10\/4933464894_1.jpg","type":"image\/jpeg"}],"twitter_card":"summary_large_image","schema":{"@context":"https:\/\/schema.org","@graph":[{"@type":"WebPage","@id":"https:\/\/beyondx.se\/no\/produkt\/milwaukee-m18-fhm-121c-fuel\/","url":"https:\/\/beyondx.se\/no\/produkt\/milwaukee-m18-fhm-121c-fuel\/","name":"Milwaukee M18 FHM-121C FUEL - Beyond-X","isPartOf":{"@id":"https:\/\/beyondx.se\/no\/#website"},"datePublished":"2023-10-20T10:40:26+00:00","dateModified":"2026-05-01T06:07:08+00:00","breadcrumb":{"@id":"https:\/\/beyondx.se\/no\/produkt\/milwaukee-m18-fhm-121c-fuel\/#breadcrumb"},"inLanguage":"nb-NO","potentialAction":[{"@type":"ReadAction","target":["https:\/\/beyondx.se\/no\/produkt\/milwaukee-m18-fhm-121c-fuel\/"]}]},{"@type":"BreadcrumbList","@id":"https:\/\/beyondx.se\/no\/produkt\/milwaukee-m18-fhm-121c-fuel\/#breadcrumb","itemListElement":[{"@type":"ListItem","position":1,"name":"Hem","item":"https:\/\/beyondx.se\/no\/"},{"@type":"ListItem","position":2,"name":"Butik","item":"https:\/\/beyondx.se\/no\/butik\/"},{"@type":"ListItem","position":3,"name":"Milwaukee M18 FHM-121C FUEL"}]},{"@type":"WebSite","@id":"https:\/\/beyondx.se\/no\/#website","url":"https:\/\/beyondx.se\/no\/","name":"Beyond-X","description":"No Bullshit Ski Wear","publisher":{"@id":"https:\/\/beyondx.se\/no\/#organization"},"potentialAction":[{"@type":"SearchAction","target":{"@type":"EntryPoint","urlTemplate":"https:\/\/beyondx.se\/no\/?s={search_term_string}"},"query-input":"required name=search_term_string"}],"inLanguage":"nb-NO"},{"@type":"Organization","@id":"https:\/\/beyondx.se\/no\/#organization","name":"B-stedt of Sweden AB","url":"https:\/\/beyondx.se\/no\/","logo":{"@type":"ImageObject","inLanguage":"nb-NO","@id":"https:\/\/beyondx.se\/no\/#\/schema\/logo\/image\/","url":"https:\/\/beyondx.se\/wp-content\/uploads\/2023\/08\/bx-logo.svg","contentUrl":"https:\/\/beyondx.se\/wp-content\/uploads\/2023\/08\/bx-logo.svg","width":1,"height":1,"caption":"B-stedt of Sweden AB"},"image":{"@id":"https:\/\/beyondx.se\/no\/#\/schema\/logo\/image\/"}}]}},"_links":{"self":[{"href":"https:\/\/beyondx.se\/no\/wp-json\/wp\/v2\/product\/115875","targetHints":{"allow":["GET"]}}],"collection":[{"href":"https:\/\/beyondx.se\/no\/wp-json\/wp\/v2\/product"}],"about":[{"href":"https:\/\/beyondx.se\/no\/wp-json\/wp\/v2\/types\/product"}],"wp:featuredmedia":[{"embeddable":true,"href":"https:\/\/beyondx.se\/no\/wp-json\/wp\/v2\/media\/115873"}],"wp:attachment":[{"href":"https:\/\/beyondx.se\/no\/wp-json\/wp\/v2\/media?parent=115875"}],"wp:term":[{"taxonomy":"product_cat","embeddable":true,"href":"https:\/\/beyondx.se\/no\/wp-json\/wp\/v2\/product_cat?post=115875"},{"taxonomy":"product_tag","embeddable":true,"href":"https:\/\/beyondx.se\/no\/wp-json\/wp\/v2\/product_tag?post=115875"}],"curies":[{"name":"wp","href":"https:\/\/api.w.org\/{rel}","templated":true}]}}