{"id":115878,"date":"2023-10-20T12:40:27","date_gmt":"2023-10-20T10:40:27","guid":{"rendered":"https:\/\/beyondx.se\/product\/milwaukee-m18-fdd3-502x-fuel\/"},"modified":"2026-05-01T08:07:07","modified_gmt":"2026-05-01T06:07:07","slug":"milwaukee-m18-fdd3-502x-fuel","status":"publish","type":"product","link":"https:\/\/beyondx.se\/no\/produkt\/milwaukee-m18-fdd3-502x-fuel\/","title":{"rendered":"Milwaukee M18 FDD3-502X FUEL"},"content":{"rendered":"<p><strong>Milwaukee M18 FDD3 \u00e4r en mycket effektiv borrskruvdragare med kraftfull prestanda. Den levereras komplett med tv\u00e5 5,0Ah-batterier och en snabbladdare, samt en robust HD BOX f\u00f6r s\u00e4ker och bekv\u00e4m f\u00f6rvaring.<\/strong><\/p>\n<p>Denna borrskruvdragare \u00e4r utrustad med flera smarta funktioner. AUTOSTOP\u2122-tekniken bidrar till \u00f6kad s\u00e4kerhet genom att automatiskt stoppa maskinen n\u00e4r den uts\u00e4tts f\u00f6r h\u00f6ga belastningar, vilket kan f\u00f6rhindra skador p\u00e5 b\u00e5de verktyget och anv\u00e4ndaren. Den inbyggda LED-belysningen ger tydlig sikt \u00f6ver arbetsytan, och batteriindikatorn ger dig exakt information om hur mycket str\u00f6m som \u00e5terst\u00e5r.<\/p>\n<p>Milwaukee M18 FDD3 drivs av Milwaukees FUEL\u2122-plattform, vilket inneb\u00e4r att den har en kolborstfri POWERSTATE\u2122-motor, ett REDLITHIUM\u2122-batteri och REDLINK PLUS\u2122-elektroniken f\u00f6r optimal prestanda, driftstid och h\u00e5llbarhet. Verktyget \u00e4r \u00e4ven flexibelt och kan anv\u00e4ndas med alla MILWAUKEE\u00ae M18\u2122-batterier.<\/p>\n<p>&#8211; O\u00f6vertr\u00e4ffat vridmoment p\u00e5 158 Nm f\u00f6r kraftfull prestanda.<br \/>\n&#8211; AUTOSTOP\u2122-funktion ger \u00f6kad s\u00e4kerhet.<br \/>\n&#8211; LED-belysning f\u00f6r b\u00e4ttre sikt p\u00e5 arbetsomr\u00e5det.<br \/>\n&#8211; Batteriindikator visar \u00e5terst\u00e5ende batteriliv.<br \/>\n&#8211; Flexibelt batterisystem som \u00e4r kompatibelt med alla MILWAUKEE\u00ae M18\u2122-batterier.<\/p>\n<p>Milwaukee M18 FDD3 \u00e4r en kraftfull och effektiv borrskruvdragare, perfekt f\u00f6r b\u00e5de professionella och hemanv\u00e4ndare som kr\u00e4ver h\u00f6g prestanda och h\u00e5llbarhet.<\/p>\n<p><strong>Anv\u00e4ndningsomr\u00e5den:<\/strong><br \/>\nPerfekt f\u00f6r borrning och skruvdragning i en m\u00e4ngd olika material, inklusive tr\u00e4 och metall.<\/p>\n<p><strong>Tekniska data<\/strong><br \/>\nChuck kapacitet 13mm<br \/>\nMax. Borrning i st\u00e5l 16mm<br \/>\nMax. Borrning i tr\u00e4 89mm<br \/>\nMax. Vridmoment 158nm<br \/>\nObelastad hastighet v\u00e4xel 1 0-500 varv\/min<br \/>\nObelastad hastighet v\u00e4xel 2 0-2100 varv\/min<br \/>\nBatteri M18 5,0ah<br \/>\nVolt 18V<br \/>\nVikt med batteri 2,1kg<\/p>\n<p><strong>Levereras med<\/strong><br \/>\nStaplingsbar HD BOX<br \/>\nSnabbladdare M12-M18<br \/>\n2x Batteri M18 5,0ah<\/p>\n","protected":false},"excerpt":{"rendered":"<p>Milwaukee M18 FDD3 &#228;r en kraftfull 18V borrskruvdragare med enast&#229;ende vridmoment p&#229; 158 Nm. Med LED-belysning, gummerat grepphandtag och autostop-funktion, erbjuder den h&#246;g effektivitet och s&#228;kerhet. Levereras med 2st 5,0ah batterier, extra st&#246;dhandtag, batteriladdare och en HD BOX f&#246;rvaringsv&#228;ska.<\/p>","protected":false},"featured_media":115876,"template":"","meta":[],"product_cat":[163],"product_tag":[],"class_list":["post-115878","product","type-product","status-publish","has-post-thumbnail","hentry","product_cat-borrning","brands-milwaukee","fpd-variation-needed"],"yoast_head":"<!-- This site is optimized with the Yoast SEO plugin v21.0 - https:\/\/yoast.com\/wordpress\/plugins\/seo\/ -->\n<title>Milwaukee M18 FDD3-502X FUEL - Beyond-X<\/title>\n<meta name=\"robots\" content=\"index, follow, max-snippet:-1, max-image-preview:large, max-video-preview:-1\" \/>\n<link rel=\"canonical\" href=\"https:\/\/beyondx.se\/no\/produkt\/milwaukee-m18-fdd3-502x-fuel\/\" \/>\n<meta property=\"og:locale\" content=\"nb_NO\" \/>\n<meta property=\"og:type\" content=\"article\" \/>\n<meta property=\"og:title\" content=\"Milwaukee M18 FDD3-502X FUEL - Beyond-X\" \/>\n<meta property=\"og:description\" content=\"Milwaukee M18 FDD3 &#228;r en kraftfull 18V borrskruvdragare med enast&#229;ende vridmoment p&#229; 158 Nm. Med LED-belysning, gummerat grepphandtag och autostop-funktion, erbjuder den h&#246;g effektivitet och s&#228;kerhet. Levereras med 2st 5,0ah batterier, extra st&#246;dhandtag, batteriladdare och en HD BOX f&#246;rvaringsv&#228;ska.\" \/>\n<meta property=\"og:url\" content=\"https:\/\/beyondx.se\/no\/produkt\/milwaukee-m18-fdd3-502x-fuel\/\" \/>\n<meta property=\"og:site_name\" content=\"Beyond-X\" \/>\n<meta property=\"article:modified_time\" content=\"2026-05-01T06:07:07+00:00\" \/>\n<meta property=\"og:image\" content=\"https:\/\/beyondx.se\/wp-content\/uploads\/2023\/10\/4933479863_1.jpg\" \/>\n\t<meta property=\"og:image:width\" content=\"800\" \/>\n\t<meta property=\"og:image:height\" content=\"800\" \/>\n\t<meta property=\"og:image:type\" content=\"image\/jpeg\" \/>\n<meta name=\"twitter:card\" content=\"summary_large_image\" \/>\n<meta name=\"twitter:label1\" content=\"Ansl. lesetid\" \/>\n\t<meta name=\"twitter:data1\" content=\"2 minutter\" \/>\n<script type=\"application\/ld+json\" class=\"yoast-schema-graph\">{\"@context\":\"https:\/\/schema.org\",\"@graph\":[{\"@type\":\"WebPage\",\"@id\":\"https:\/\/beyondx.se\/no\/produkt\/milwaukee-m18-fdd3-502x-fuel\/\",\"url\":\"https:\/\/beyondx.se\/no\/produkt\/milwaukee-m18-fdd3-502x-fuel\/\",\"name\":\"Milwaukee M18 FDD3-502X FUEL - Beyond-X\",\"isPartOf\":{\"@id\":\"https:\/\/beyondx.se\/no\/#website\"},\"datePublished\":\"2023-10-20T10:40:27+00:00\",\"dateModified\":\"2026-05-01T06:07:07+00:00\",\"breadcrumb\":{\"@id\":\"https:\/\/beyondx.se\/no\/produkt\/milwaukee-m18-fdd3-502x-fuel\/#breadcrumb\"},\"inLanguage\":\"nb-NO\",\"potentialAction\":[{\"@type\":\"ReadAction\",\"target\":[\"https:\/\/beyondx.se\/no\/produkt\/milwaukee-m18-fdd3-502x-fuel\/\"]}]},{\"@type\":\"BreadcrumbList\",\"@id\":\"https:\/\/beyondx.se\/no\/produkt\/milwaukee-m18-fdd3-502x-fuel\/#breadcrumb\",\"itemListElement\":[{\"@type\":\"ListItem\",\"position\":1,\"name\":\"Hem\",\"item\":\"https:\/\/beyondx.se\/no\/\"},{\"@type\":\"ListItem\",\"position\":2,\"name\":\"Butik\",\"item\":\"https:\/\/beyondx.se\/no\/butik\/\"},{\"@type\":\"ListItem\",\"position\":3,\"name\":\"Milwaukee M18 FDD3-502X FUEL\"}]},{\"@type\":\"WebSite\",\"@id\":\"https:\/\/beyondx.se\/no\/#website\",\"url\":\"https:\/\/beyondx.se\/no\/\",\"name\":\"Beyond-X\",\"description\":\"No Bullshit Ski Wear\",\"publisher\":{\"@id\":\"https:\/\/beyondx.se\/no\/#organization\"},\"potentialAction\":[{\"@type\":\"SearchAction\",\"target\":{\"@type\":\"EntryPoint\",\"urlTemplate\":\"https:\/\/beyondx.se\/no\/?s={search_term_string}\"},\"query-input\":\"required name=search_term_string\"}],\"inLanguage\":\"nb-NO\"},{\"@type\":\"Organization\",\"@id\":\"https:\/\/beyondx.se\/no\/#organization\",\"name\":\"B-stedt of Sweden AB\",\"url\":\"https:\/\/beyondx.se\/no\/\",\"logo\":{\"@type\":\"ImageObject\",\"inLanguage\":\"nb-NO\",\"@id\":\"https:\/\/beyondx.se\/no\/#\/schema\/logo\/image\/\",\"url\":\"https:\/\/beyondx.se\/wp-content\/uploads\/2023\/08\/bx-logo.svg\",\"contentUrl\":\"https:\/\/beyondx.se\/wp-content\/uploads\/2023\/08\/bx-logo.svg\",\"width\":1,\"height\":1,\"caption\":\"B-stedt of Sweden AB\"},\"image\":{\"@id\":\"https:\/\/beyondx.se\/no\/#\/schema\/logo\/image\/\"}}]}<\/script>\n<!-- \/ Yoast SEO plugin. -->","yoast_head_json":{"title":"Milwaukee M18 FDD3-502X FUEL - Beyond-X","robots":{"index":"index","follow":"follow","max-snippet":"max-snippet:-1","max-image-preview":"max-image-preview:large","max-video-preview":"max-video-preview:-1"},"canonical":"https:\/\/beyondx.se\/no\/produkt\/milwaukee-m18-fdd3-502x-fuel\/","og_locale":"nb_NO","og_type":"article","og_title":"Milwaukee M18 FDD3-502X FUEL - Beyond-X","og_description":"Milwaukee M18 FDD3 &#228;r en kraftfull 18V borrskruvdragare med enast&#229;ende vridmoment p&#229; 158 Nm. Med LED-belysning, gummerat grepphandtag och autostop-funktion, erbjuder den h&#246;g effektivitet och s&#228;kerhet. Levereras med 2st 5,0ah batterier, extra st&#246;dhandtag, batteriladdare och en HD BOX f&#246;rvaringsv&#228;ska.","og_url":"https:\/\/beyondx.se\/no\/produkt\/milwaukee-m18-fdd3-502x-fuel\/","og_site_name":"Beyond-X","article_modified_time":"2026-05-01T06:07:07+00:00","og_image":[{"width":800,"height":800,"url":"https:\/\/beyondx.se\/wp-content\/uploads\/2023\/10\/4933479863_1.jpg","type":"image\/jpeg"}],"twitter_card":"summary_large_image","twitter_misc":{"Ansl. lesetid":"2 minutter"},"schema":{"@context":"https:\/\/schema.org","@graph":[{"@type":"WebPage","@id":"https:\/\/beyondx.se\/no\/produkt\/milwaukee-m18-fdd3-502x-fuel\/","url":"https:\/\/beyondx.se\/no\/produkt\/milwaukee-m18-fdd3-502x-fuel\/","name":"Milwaukee M18 FDD3-502X FUEL - Beyond-X","isPartOf":{"@id":"https:\/\/beyondx.se\/no\/#website"},"datePublished":"2023-10-20T10:40:27+00:00","dateModified":"2026-05-01T06:07:07+00:00","breadcrumb":{"@id":"https:\/\/beyondx.se\/no\/produkt\/milwaukee-m18-fdd3-502x-fuel\/#breadcrumb"},"inLanguage":"nb-NO","potentialAction":[{"@type":"ReadAction","target":["https:\/\/beyondx.se\/no\/produkt\/milwaukee-m18-fdd3-502x-fuel\/"]}]},{"@type":"BreadcrumbList","@id":"https:\/\/beyondx.se\/no\/produkt\/milwaukee-m18-fdd3-502x-fuel\/#breadcrumb","itemListElement":[{"@type":"ListItem","position":1,"name":"Hem","item":"https:\/\/beyondx.se\/no\/"},{"@type":"ListItem","position":2,"name":"Butik","item":"https:\/\/beyondx.se\/no\/butik\/"},{"@type":"ListItem","position":3,"name":"Milwaukee M18 FDD3-502X FUEL"}]},{"@type":"WebSite","@id":"https:\/\/beyondx.se\/no\/#website","url":"https:\/\/beyondx.se\/no\/","name":"Beyond-X","description":"No Bullshit Ski Wear","publisher":{"@id":"https:\/\/beyondx.se\/no\/#organization"},"potentialAction":[{"@type":"SearchAction","target":{"@type":"EntryPoint","urlTemplate":"https:\/\/beyondx.se\/no\/?s={search_term_string}"},"query-input":"required name=search_term_string"}],"inLanguage":"nb-NO"},{"@type":"Organization","@id":"https:\/\/beyondx.se\/no\/#organization","name":"B-stedt of Sweden AB","url":"https:\/\/beyondx.se\/no\/","logo":{"@type":"ImageObject","inLanguage":"nb-NO","@id":"https:\/\/beyondx.se\/no\/#\/schema\/logo\/image\/","url":"https:\/\/beyondx.se\/wp-content\/uploads\/2023\/08\/bx-logo.svg","contentUrl":"https:\/\/beyondx.se\/wp-content\/uploads\/2023\/08\/bx-logo.svg","width":1,"height":1,"caption":"B-stedt of Sweden AB"},"image":{"@id":"https:\/\/beyondx.se\/no\/#\/schema\/logo\/image\/"}}]}},"_links":{"self":[{"href":"https:\/\/beyondx.se\/no\/wp-json\/wp\/v2\/product\/115878","targetHints":{"allow":["GET"]}}],"collection":[{"href":"https:\/\/beyondx.se\/no\/wp-json\/wp\/v2\/product"}],"about":[{"href":"https:\/\/beyondx.se\/no\/wp-json\/wp\/v2\/types\/product"}],"wp:featuredmedia":[{"embeddable":true,"href":"https:\/\/beyondx.se\/no\/wp-json\/wp\/v2\/media\/115876"}],"wp:attachment":[{"href":"https:\/\/beyondx.se\/no\/wp-json\/wp\/v2\/media?parent=115878"}],"wp:term":[{"taxonomy":"product_cat","embeddable":true,"href":"https:\/\/beyondx.se\/no\/wp-json\/wp\/v2\/product_cat?post=115878"},{"taxonomy":"product_tag","embeddable":true,"href":"https:\/\/beyondx.se\/no\/wp-json\/wp\/v2\/product_tag?post=115878"}],"curies":[{"name":"wp","href":"https:\/\/api.w.org\/{rel}","templated":true}]}}