{"id":116027,"date":"2023-10-20T12:41:28","date_gmt":"2023-10-20T10:41:28","guid":{"rendered":"https:\/\/beyondx.se\/product\/sakte-slow-sign-06x25m-no-poles\/"},"modified":"2026-05-05T08:17:02","modified_gmt":"2026-05-05T06:17:02","slug":"sakte-slow-sign-06x25m-no-poles","status":"publish","type":"product","link":"https:\/\/beyondx.se\/no\/produkt\/sakte-slow-sign-06x25m-no-poles\/","title":{"rendered":"SAKTE\/SLOW n\u00e4tbanderoll 0,6\u00d72,5m, ink r\u00f6d k\u00e4pp"},"content":{"rendered":"","protected":false},"excerpt":{"rendered":"<p>SAKTE \/ SLOW banderoll i digitaltryckt mesh material. Insydda tunnlar p&#229; vardera sida f&#246;r att tr&#228; i k&#228;ppar som sitter &#229;t med res&#229;r i botten. <br \/>Bredd: 2,5m <br \/>35mmx160cm PC-k&#228;ppar kan v&#228;ljas till i r&#246;tt eller bl&#229;tt. <br \/>&#214;nskas eget tryck s&#229; &#228;r det m&#246;jligt, kontakta oss s&#229; hj&#228;lper vi till!<\/p>","protected":false},"featured_media":152173,"template":"","meta":[],"product_cat":[15],"product_tag":[],"class_list":["post-116027","product","type-product","status-publish","has-post-thumbnail","hentry","product_cat-okategoriserad","fpd-variation-needed"],"yoast_head":"<!-- This site is optimized with the Yoast SEO plugin v21.0 - https:\/\/yoast.com\/wordpress\/plugins\/seo\/ -->\n<title>SAKTE\/SLOW n\u00e4tbanderoll 0,6\u00d72,5m, ink r\u00f6d k\u00e4pp - Beyond-X<\/title>\n<meta name=\"robots\" content=\"index, follow, max-snippet:-1, max-image-preview:large, max-video-preview:-1\" \/>\n<link rel=\"canonical\" href=\"https:\/\/beyondx.se\/no\/produkt\/sakte-slow-sign-06x25m-no-poles\/\" \/>\n<meta property=\"og:locale\" content=\"nb_NO\" \/>\n<meta property=\"og:type\" content=\"article\" \/>\n<meta property=\"og:title\" content=\"SAKTE\/SLOW n\u00e4tbanderoll 0,6\u00d72,5m, ink r\u00f6d k\u00e4pp - Beyond-X\" \/>\n<meta property=\"og:description\" content=\"SAKTE \/ SLOW banderoll i digitaltryckt mesh material. Insydda tunnlar p&#229; vardera sida f&#246;r att tr&#228; i k&#228;ppar som sitter &#229;t med res&#229;r i botten. Bredd: 2,5m 35mmx160cm PC-k&#228;ppar kan v&#228;ljas till i r&#246;tt eller bl&#229;tt. &#214;nskas eget tryck s&#229; &#228;r det m&#246;jligt, kontakta oss s&#229; hj&#228;lper vi till!\" \/>\n<meta property=\"og:url\" content=\"https:\/\/beyondx.se\/no\/produkt\/sakte-slow-sign-06x25m-no-poles\/\" \/>\n<meta property=\"og:site_name\" content=\"Beyond-X\" \/>\n<meta property=\"article:modified_time\" content=\"2026-05-05T06:17:02+00:00\" \/>\n<meta name=\"twitter:card\" content=\"summary_large_image\" \/>\n<script type=\"application\/ld+json\" class=\"yoast-schema-graph\">{\"@context\":\"https:\/\/schema.org\",\"@graph\":[{\"@type\":\"WebPage\",\"@id\":\"https:\/\/beyondx.se\/no\/produkt\/sakte-slow-sign-06x25m-no-poles\/\",\"url\":\"https:\/\/beyondx.se\/no\/produkt\/sakte-slow-sign-06x25m-no-poles\/\",\"name\":\"SAKTE\/SLOW n\u00e4tbanderoll 0,6\u00d72,5m, ink r\u00f6d k\u00e4pp - Beyond-X\",\"isPartOf\":{\"@id\":\"https:\/\/beyondx.se\/no\/#website\"},\"datePublished\":\"2023-10-20T10:41:28+00:00\",\"dateModified\":\"2026-05-05T06:17:02+00:00\",\"breadcrumb\":{\"@id\":\"https:\/\/beyondx.se\/no\/produkt\/sakte-slow-sign-06x25m-no-poles\/#breadcrumb\"},\"inLanguage\":\"nb-NO\",\"potentialAction\":[{\"@type\":\"ReadAction\",\"target\":[\"https:\/\/beyondx.se\/no\/produkt\/sakte-slow-sign-06x25m-no-poles\/\"]}]},{\"@type\":\"BreadcrumbList\",\"@id\":\"https:\/\/beyondx.se\/no\/produkt\/sakte-slow-sign-06x25m-no-poles\/#breadcrumb\",\"itemListElement\":[{\"@type\":\"ListItem\",\"position\":1,\"name\":\"Hem\",\"item\":\"https:\/\/beyondx.se\/no\/\"},{\"@type\":\"ListItem\",\"position\":2,\"name\":\"Butik\",\"item\":\"https:\/\/beyondx.se\/no\/butik\/\"},{\"@type\":\"ListItem\",\"position\":3,\"name\":\"SAKTE\/SLOW n\u00e4tbanderoll 0,6\u00d72,5m, ink r\u00f6d k\u00e4pp\"}]},{\"@type\":\"WebSite\",\"@id\":\"https:\/\/beyondx.se\/no\/#website\",\"url\":\"https:\/\/beyondx.se\/no\/\",\"name\":\"Beyond-X\",\"description\":\"No Bullshit Ski Wear\",\"publisher\":{\"@id\":\"https:\/\/beyondx.se\/no\/#organization\"},\"potentialAction\":[{\"@type\":\"SearchAction\",\"target\":{\"@type\":\"EntryPoint\",\"urlTemplate\":\"https:\/\/beyondx.se\/no\/?s={search_term_string}\"},\"query-input\":\"required name=search_term_string\"}],\"inLanguage\":\"nb-NO\"},{\"@type\":\"Organization\",\"@id\":\"https:\/\/beyondx.se\/no\/#organization\",\"name\":\"B-stedt of Sweden AB\",\"url\":\"https:\/\/beyondx.se\/no\/\",\"logo\":{\"@type\":\"ImageObject\",\"inLanguage\":\"nb-NO\",\"@id\":\"https:\/\/beyondx.se\/no\/#\/schema\/logo\/image\/\",\"url\":\"https:\/\/beyondx.se\/wp-content\/uploads\/2023\/08\/bx-logo.svg\",\"contentUrl\":\"https:\/\/beyondx.se\/wp-content\/uploads\/2023\/08\/bx-logo.svg\",\"width\":1,\"height\":1,\"caption\":\"B-stedt of Sweden AB\"},\"image\":{\"@id\":\"https:\/\/beyondx.se\/no\/#\/schema\/logo\/image\/\"}}]}<\/script>\n<!-- \/ Yoast SEO plugin. -->","yoast_head_json":{"title":"SAKTE\/SLOW n\u00e4tbanderoll 0,6\u00d72,5m, ink r\u00f6d k\u00e4pp - Beyond-X","robots":{"index":"index","follow":"follow","max-snippet":"max-snippet:-1","max-image-preview":"max-image-preview:large","max-video-preview":"max-video-preview:-1"},"canonical":"https:\/\/beyondx.se\/no\/produkt\/sakte-slow-sign-06x25m-no-poles\/","og_locale":"nb_NO","og_type":"article","og_title":"SAKTE\/SLOW n\u00e4tbanderoll 0,6\u00d72,5m, ink r\u00f6d k\u00e4pp - Beyond-X","og_description":"SAKTE \/ SLOW banderoll i digitaltryckt mesh material. Insydda tunnlar p&#229; vardera sida f&#246;r att tr&#228; i k&#228;ppar som sitter &#229;t med res&#229;r i botten. Bredd: 2,5m 35mmx160cm PC-k&#228;ppar kan v&#228;ljas till i r&#246;tt eller bl&#229;tt. &#214;nskas eget tryck s&#229; &#228;r det m&#246;jligt, kontakta oss s&#229; hj&#228;lper vi till!","og_url":"https:\/\/beyondx.se\/no\/produkt\/sakte-slow-sign-06x25m-no-poles\/","og_site_name":"Beyond-X","article_modified_time":"2026-05-05T06:17:02+00:00","twitter_card":"summary_large_image","schema":{"@context":"https:\/\/schema.org","@graph":[{"@type":"WebPage","@id":"https:\/\/beyondx.se\/no\/produkt\/sakte-slow-sign-06x25m-no-poles\/","url":"https:\/\/beyondx.se\/no\/produkt\/sakte-slow-sign-06x25m-no-poles\/","name":"SAKTE\/SLOW n\u00e4tbanderoll 0,6\u00d72,5m, ink r\u00f6d k\u00e4pp - Beyond-X","isPartOf":{"@id":"https:\/\/beyondx.se\/no\/#website"},"datePublished":"2023-10-20T10:41:28+00:00","dateModified":"2026-05-05T06:17:02+00:00","breadcrumb":{"@id":"https:\/\/beyondx.se\/no\/produkt\/sakte-slow-sign-06x25m-no-poles\/#breadcrumb"},"inLanguage":"nb-NO","potentialAction":[{"@type":"ReadAction","target":["https:\/\/beyondx.se\/no\/produkt\/sakte-slow-sign-06x25m-no-poles\/"]}]},{"@type":"BreadcrumbList","@id":"https:\/\/beyondx.se\/no\/produkt\/sakte-slow-sign-06x25m-no-poles\/#breadcrumb","itemListElement":[{"@type":"ListItem","position":1,"name":"Hem","item":"https:\/\/beyondx.se\/no\/"},{"@type":"ListItem","position":2,"name":"Butik","item":"https:\/\/beyondx.se\/no\/butik\/"},{"@type":"ListItem","position":3,"name":"SAKTE\/SLOW n\u00e4tbanderoll 0,6\u00d72,5m, ink r\u00f6d k\u00e4pp"}]},{"@type":"WebSite","@id":"https:\/\/beyondx.se\/no\/#website","url":"https:\/\/beyondx.se\/no\/","name":"Beyond-X","description":"No Bullshit Ski Wear","publisher":{"@id":"https:\/\/beyondx.se\/no\/#organization"},"potentialAction":[{"@type":"SearchAction","target":{"@type":"EntryPoint","urlTemplate":"https:\/\/beyondx.se\/no\/?s={search_term_string}"},"query-input":"required name=search_term_string"}],"inLanguage":"nb-NO"},{"@type":"Organization","@id":"https:\/\/beyondx.se\/no\/#organization","name":"B-stedt of Sweden AB","url":"https:\/\/beyondx.se\/no\/","logo":{"@type":"ImageObject","inLanguage":"nb-NO","@id":"https:\/\/beyondx.se\/no\/#\/schema\/logo\/image\/","url":"https:\/\/beyondx.se\/wp-content\/uploads\/2023\/08\/bx-logo.svg","contentUrl":"https:\/\/beyondx.se\/wp-content\/uploads\/2023\/08\/bx-logo.svg","width":1,"height":1,"caption":"B-stedt of Sweden AB"},"image":{"@id":"https:\/\/beyondx.se\/no\/#\/schema\/logo\/image\/"}}]}},"_links":{"self":[{"href":"https:\/\/beyondx.se\/no\/wp-json\/wp\/v2\/product\/116027","targetHints":{"allow":["GET"]}}],"collection":[{"href":"https:\/\/beyondx.se\/no\/wp-json\/wp\/v2\/product"}],"about":[{"href":"https:\/\/beyondx.se\/no\/wp-json\/wp\/v2\/types\/product"}],"wp:featuredmedia":[{"embeddable":true,"href":"https:\/\/beyondx.se\/no\/wp-json\/wp\/v2\/media\/152173"}],"wp:attachment":[{"href":"https:\/\/beyondx.se\/no\/wp-json\/wp\/v2\/media?parent=116027"}],"wp:term":[{"taxonomy":"product_cat","embeddable":true,"href":"https:\/\/beyondx.se\/no\/wp-json\/wp\/v2\/product_cat?post=116027"},{"taxonomy":"product_tag","embeddable":true,"href":"https:\/\/beyondx.se\/no\/wp-json\/wp\/v2\/product_tag?post=116027"}],"curies":[{"name":"wp","href":"https:\/\/api.w.org\/{rel}","templated":true}]}}