{"id":11922,"date":"2023-04-21T12:28:31","date_gmt":"2023-04-21T10:28:31","guid":{"rendered":"https:\/\/beta.karlskogawebbyra.se\/beyond\/product\/hestra-merino-wool-liner-active\/"},"modified":"2026-04-22T11:00:11","modified_gmt":"2026-04-22T09:00:11","slug":"hestra-merino-wool-liner-active","status":"publish","type":"product","link":"https:\/\/beyondx.se\/no\/produkt\/hestra-merino-wool-liner-active\/","title":{"rendered":"Hestra Merino Wool Liner Active"},"content":{"rendered":"","protected":false},"excerpt":{"rendered":"Mjuk och tunn liner som utg\u00f6r ett bra extra lager i kallare v\u00e4der. Passar till de flesta handskar. Materialet \u00e4r en bladning av merinoull och polyamid, vilket g\u00f6r den b\u00e5de varm och t\u00e5lig. Den \u00e4r ett n\u00e5got mer slitstarkt alternativ till Hestras mjuka och fina Merino Wool Liner (art. nr 34120), som \u00e4r gjord i 100% Merinoull.","protected":false},"featured_media":19091,"template":"","meta":[],"product_cat":[100,969,185],"product_tag":[],"class_list":["post-11922","product","type-product","status-publish","has-post-thumbnail","hentry","product_cat-utrustning","product_cat-handskar","product_cat-hestra_sport","brands-hestra","fpd-variation-needed"],"yoast_head":"<!-- This site is optimized with the Yoast SEO plugin v21.0 - https:\/\/yoast.com\/wordpress\/plugins\/seo\/ -->\n<title>Hestra Merino Wool Liner Active - Beyond-X<\/title>\n<meta name=\"robots\" content=\"index, follow, max-snippet:-1, max-image-preview:large, max-video-preview:-1\" \/>\n<link rel=\"canonical\" href=\"https:\/\/beyondx.se\/no\/produkt\/hestra-merino-wool-liner-active\/\" \/>\n<meta property=\"og:locale\" content=\"nb_NO\" \/>\n<meta property=\"og:type\" content=\"article\" \/>\n<meta property=\"og:title\" content=\"Hestra Merino Wool Liner Active - Beyond-X\" \/>\n<meta property=\"og:description\" content=\"Mjuk och tunn liner som utg\u00f6r ett bra extra lager i kallare v\u00e4der. Passar till de flesta handskar. Materialet \u00e4r en bladning av merinoull och polyamid, vilket g\u00f6r den b\u00e5de varm och t\u00e5lig. Den \u00e4r ett n\u00e5got mer slitstarkt alternativ till Hestras mjuka och fina Merino Wool Liner (art. nr 34120), som \u00e4r gjord i 100% Merinoull.\" \/>\n<meta property=\"og:url\" content=\"https:\/\/beyondx.se\/no\/produkt\/hestra-merino-wool-liner-active\/\" \/>\n<meta property=\"og:site_name\" content=\"Beyond-X\" \/>\n<meta property=\"article:modified_time\" content=\"2026-04-22T09:00:11+00:00\" \/>\n<meta property=\"og:image\" content=\"https:\/\/beyondx.se\/wp-content\/uploads\/2023\/06\/34110-390_1.png\" \/>\n\t<meta property=\"og:image:width\" content=\"666\" \/>\n\t<meta property=\"og:image:height\" content=\"800\" \/>\n\t<meta property=\"og:image:type\" content=\"image\/png\" \/>\n<meta name=\"twitter:card\" content=\"summary_large_image\" \/>\n<script type=\"application\/ld+json\" class=\"yoast-schema-graph\">{\"@context\":\"https:\/\/schema.org\",\"@graph\":[{\"@type\":\"WebPage\",\"@id\":\"https:\/\/beyondx.se\/no\/produkt\/hestra-merino-wool-liner-active\/\",\"url\":\"https:\/\/beyondx.se\/no\/produkt\/hestra-merino-wool-liner-active\/\",\"name\":\"Hestra Merino Wool Liner Active - Beyond-X\",\"isPartOf\":{\"@id\":\"https:\/\/beyondx.se\/no\/#website\"},\"datePublished\":\"2023-04-21T10:28:31+00:00\",\"dateModified\":\"2026-04-22T09:00:11+00:00\",\"breadcrumb\":{\"@id\":\"https:\/\/beyondx.se\/no\/produkt\/hestra-merino-wool-liner-active\/#breadcrumb\"},\"inLanguage\":\"nb-NO\",\"potentialAction\":[{\"@type\":\"ReadAction\",\"target\":[\"https:\/\/beyondx.se\/no\/produkt\/hestra-merino-wool-liner-active\/\"]}]},{\"@type\":\"BreadcrumbList\",\"@id\":\"https:\/\/beyondx.se\/no\/produkt\/hestra-merino-wool-liner-active\/#breadcrumb\",\"itemListElement\":[{\"@type\":\"ListItem\",\"position\":1,\"name\":\"Hem\",\"item\":\"https:\/\/beyondx.se\/no\/\"},{\"@type\":\"ListItem\",\"position\":2,\"name\":\"Butik\",\"item\":\"https:\/\/beyondx.se\/no\/butik\/\"},{\"@type\":\"ListItem\",\"position\":3,\"name\":\"Hestra Merino Wool Liner Active\"}]},{\"@type\":\"WebSite\",\"@id\":\"https:\/\/beyondx.se\/no\/#website\",\"url\":\"https:\/\/beyondx.se\/no\/\",\"name\":\"Beyond-X\",\"description\":\"No Bullshit Ski Wear\",\"publisher\":{\"@id\":\"https:\/\/beyondx.se\/no\/#organization\"},\"potentialAction\":[{\"@type\":\"SearchAction\",\"target\":{\"@type\":\"EntryPoint\",\"urlTemplate\":\"https:\/\/beyondx.se\/no\/?s={search_term_string}\"},\"query-input\":\"required name=search_term_string\"}],\"inLanguage\":\"nb-NO\"},{\"@type\":\"Organization\",\"@id\":\"https:\/\/beyondx.se\/no\/#organization\",\"name\":\"B-stedt of Sweden AB\",\"url\":\"https:\/\/beyondx.se\/no\/\",\"logo\":{\"@type\":\"ImageObject\",\"inLanguage\":\"nb-NO\",\"@id\":\"https:\/\/beyondx.se\/no\/#\/schema\/logo\/image\/\",\"url\":\"https:\/\/beyondx.se\/wp-content\/uploads\/2023\/08\/bx-logo.svg\",\"contentUrl\":\"https:\/\/beyondx.se\/wp-content\/uploads\/2023\/08\/bx-logo.svg\",\"width\":1,\"height\":1,\"caption\":\"B-stedt of Sweden AB\"},\"image\":{\"@id\":\"https:\/\/beyondx.se\/no\/#\/schema\/logo\/image\/\"}}]}<\/script>\n<!-- \/ Yoast SEO plugin. -->","yoast_head_json":{"title":"Hestra Merino Wool Liner Active - Beyond-X","robots":{"index":"index","follow":"follow","max-snippet":"max-snippet:-1","max-image-preview":"max-image-preview:large","max-video-preview":"max-video-preview:-1"},"canonical":"https:\/\/beyondx.se\/no\/produkt\/hestra-merino-wool-liner-active\/","og_locale":"nb_NO","og_type":"article","og_title":"Hestra Merino Wool Liner Active - Beyond-X","og_description":"Mjuk och tunn liner som utg\u00f6r ett bra extra lager i kallare v\u00e4der. Passar till de flesta handskar. Materialet \u00e4r en bladning av merinoull och polyamid, vilket g\u00f6r den b\u00e5de varm och t\u00e5lig. Den \u00e4r ett n\u00e5got mer slitstarkt alternativ till Hestras mjuka och fina Merino Wool Liner (art. nr 34120), som \u00e4r gjord i 100% Merinoull.","og_url":"https:\/\/beyondx.se\/no\/produkt\/hestra-merino-wool-liner-active\/","og_site_name":"Beyond-X","article_modified_time":"2026-04-22T09:00:11+00:00","og_image":[{"width":666,"height":800,"url":"https:\/\/beyondx.se\/wp-content\/uploads\/2023\/06\/34110-390_1.png","type":"image\/png"}],"twitter_card":"summary_large_image","schema":{"@context":"https:\/\/schema.org","@graph":[{"@type":"WebPage","@id":"https:\/\/beyondx.se\/no\/produkt\/hestra-merino-wool-liner-active\/","url":"https:\/\/beyondx.se\/no\/produkt\/hestra-merino-wool-liner-active\/","name":"Hestra Merino Wool Liner Active - Beyond-X","isPartOf":{"@id":"https:\/\/beyondx.se\/no\/#website"},"datePublished":"2023-04-21T10:28:31+00:00","dateModified":"2026-04-22T09:00:11+00:00","breadcrumb":{"@id":"https:\/\/beyondx.se\/no\/produkt\/hestra-merino-wool-liner-active\/#breadcrumb"},"inLanguage":"nb-NO","potentialAction":[{"@type":"ReadAction","target":["https:\/\/beyondx.se\/no\/produkt\/hestra-merino-wool-liner-active\/"]}]},{"@type":"BreadcrumbList","@id":"https:\/\/beyondx.se\/no\/produkt\/hestra-merino-wool-liner-active\/#breadcrumb","itemListElement":[{"@type":"ListItem","position":1,"name":"Hem","item":"https:\/\/beyondx.se\/no\/"},{"@type":"ListItem","position":2,"name":"Butik","item":"https:\/\/beyondx.se\/no\/butik\/"},{"@type":"ListItem","position":3,"name":"Hestra Merino Wool Liner Active"}]},{"@type":"WebSite","@id":"https:\/\/beyondx.se\/no\/#website","url":"https:\/\/beyondx.se\/no\/","name":"Beyond-X","description":"No Bullshit Ski Wear","publisher":{"@id":"https:\/\/beyondx.se\/no\/#organization"},"potentialAction":[{"@type":"SearchAction","target":{"@type":"EntryPoint","urlTemplate":"https:\/\/beyondx.se\/no\/?s={search_term_string}"},"query-input":"required name=search_term_string"}],"inLanguage":"nb-NO"},{"@type":"Organization","@id":"https:\/\/beyondx.se\/no\/#organization","name":"B-stedt of Sweden AB","url":"https:\/\/beyondx.se\/no\/","logo":{"@type":"ImageObject","inLanguage":"nb-NO","@id":"https:\/\/beyondx.se\/no\/#\/schema\/logo\/image\/","url":"https:\/\/beyondx.se\/wp-content\/uploads\/2023\/08\/bx-logo.svg","contentUrl":"https:\/\/beyondx.se\/wp-content\/uploads\/2023\/08\/bx-logo.svg","width":1,"height":1,"caption":"B-stedt of Sweden AB"},"image":{"@id":"https:\/\/beyondx.se\/no\/#\/schema\/logo\/image\/"}}]}},"_links":{"self":[{"href":"https:\/\/beyondx.se\/no\/wp-json\/wp\/v2\/product\/11922","targetHints":{"allow":["GET"]}}],"collection":[{"href":"https:\/\/beyondx.se\/no\/wp-json\/wp\/v2\/product"}],"about":[{"href":"https:\/\/beyondx.se\/no\/wp-json\/wp\/v2\/types\/product"}],"wp:featuredmedia":[{"embeddable":true,"href":"https:\/\/beyondx.se\/no\/wp-json\/wp\/v2\/media\/19091"}],"wp:attachment":[{"href":"https:\/\/beyondx.se\/no\/wp-json\/wp\/v2\/media?parent=11922"}],"wp:term":[{"taxonomy":"product_cat","embeddable":true,"href":"https:\/\/beyondx.se\/no\/wp-json\/wp\/v2\/product_cat?post=11922"},{"taxonomy":"product_tag","embeddable":true,"href":"https:\/\/beyondx.se\/no\/wp-json\/wp\/v2\/product_tag?post=11922"}],"curies":[{"name":"wp","href":"https:\/\/api.w.org\/{rel}","templated":true}]}}