{"id":12030,"date":"2023-04-21T12:31:02","date_gmt":"2023-04-21T10:31:02","guid":{"rendered":"https:\/\/beta.karlskogawebbyra.se\/beyond\/product\/orange-fox-35-mm\/"},"modified":"2026-04-26T10:51:39","modified_gmt":"2026-04-26T08:51:39","slug":"orange-fox-35-mm","status":"publish","type":"product","link":"https:\/\/beyondx.se\/no\/produkt\/orange-fox-35-mm\/","title":{"rendered":"35mm Plastic drill bit, double carbide tips (for 35mm B-net"},"content":{"rendered":"<p>#OF35: 35mm borrst\u00e5l f\u00f6r B-n\u00e4ts k\u00e4pp<\/p>\n<p>Se till s\u00e5 B-n\u00e4ten sitter snyggt fr\u00e5n b\u00f6rjan. Med ett borrst\u00e5l i r\u00e4tt dimension s\u00e5 underl\u00e4ttas montering.<\/p>\n","protected":false},"excerpt":{"rendered":"#OF35: 35mm borrst\u00e5l f\u00f6r B-n\u00e4ts k\u00e4pp<br \/><br \/>Se till s\u00e5 B-n\u00e4ten sitter snyggt fr\u00e5n b\u00f6rjan. Med ett borrst\u00e5l i r\u00e4tt dimension s\u00e5 underl\u00e4ttas montering.","protected":false},"featured_media":19796,"template":"","meta":[],"product_cat":[148,163],"product_tag":[],"class_list":["post-12030","product","type-product","status-publish","has-post-thumbnail","hentry","product_cat-skidanlaggning","product_cat-borrning","brands-orange-fox","fpd-variation-needed"],"yoast_head":"<!-- This site is optimized with the Yoast SEO plugin v21.0 - https:\/\/yoast.com\/wordpress\/plugins\/seo\/ -->\n<title>35mm Plastic drill bit, double carbide tips (for 35mm B-net - Beyond-X<\/title>\n<meta name=\"robots\" content=\"index, follow, max-snippet:-1, max-image-preview:large, max-video-preview:-1\" \/>\n<link rel=\"canonical\" href=\"https:\/\/beyondx.se\/no\/produkt\/orange-fox-35-mm\/\" \/>\n<meta property=\"og:locale\" content=\"nb_NO\" \/>\n<meta property=\"og:type\" content=\"article\" \/>\n<meta property=\"og:title\" content=\"35mm Plastic drill bit, double carbide tips (for 35mm B-net - Beyond-X\" \/>\n<meta property=\"og:description\" content=\"#OF35: 35mm borrst\u00e5l f\u00f6r B-n\u00e4ts k\u00e4ppSe till s\u00e5 B-n\u00e4ten sitter snyggt fr\u00e5n b\u00f6rjan. Med ett borrst\u00e5l i r\u00e4tt dimension s\u00e5 underl\u00e4ttas montering.\" \/>\n<meta property=\"og:url\" content=\"https:\/\/beyondx.se\/no\/produkt\/orange-fox-35-mm\/\" \/>\n<meta property=\"og:site_name\" content=\"Beyond-X\" \/>\n<meta property=\"article:modified_time\" content=\"2026-04-26T08:51:39+00:00\" \/>\n<meta property=\"og:image\" content=\"https:\/\/beyondx.se\/wp-content\/uploads\/2023\/06\/OF35_1.png\" \/>\n\t<meta property=\"og:image:width\" content=\"400\" \/>\n\t<meta property=\"og:image:height\" content=\"400\" \/>\n\t<meta property=\"og:image:type\" content=\"image\/png\" \/>\n<meta name=\"twitter:card\" content=\"summary_large_image\" \/>\n<meta name=\"twitter:label1\" content=\"Ansl. lesetid\" \/>\n\t<meta name=\"twitter:data1\" content=\"1 minutt\" \/>\n<script type=\"application\/ld+json\" class=\"yoast-schema-graph\">{\"@context\":\"https:\/\/schema.org\",\"@graph\":[{\"@type\":\"WebPage\",\"@id\":\"https:\/\/beyondx.se\/no\/produkt\/orange-fox-35-mm\/\",\"url\":\"https:\/\/beyondx.se\/no\/produkt\/orange-fox-35-mm\/\",\"name\":\"35mm Plastic drill bit, double carbide tips (for 35mm B-net - Beyond-X\",\"isPartOf\":{\"@id\":\"https:\/\/beyondx.se\/no\/#website\"},\"datePublished\":\"2023-04-21T10:31:02+00:00\",\"dateModified\":\"2026-04-26T08:51:39+00:00\",\"breadcrumb\":{\"@id\":\"https:\/\/beyondx.se\/no\/produkt\/orange-fox-35-mm\/#breadcrumb\"},\"inLanguage\":\"nb-NO\",\"potentialAction\":[{\"@type\":\"ReadAction\",\"target\":[\"https:\/\/beyondx.se\/no\/produkt\/orange-fox-35-mm\/\"]}]},{\"@type\":\"BreadcrumbList\",\"@id\":\"https:\/\/beyondx.se\/no\/produkt\/orange-fox-35-mm\/#breadcrumb\",\"itemListElement\":[{\"@type\":\"ListItem\",\"position\":1,\"name\":\"Hem\",\"item\":\"https:\/\/beyondx.se\/no\/\"},{\"@type\":\"ListItem\",\"position\":2,\"name\":\"Butik\",\"item\":\"https:\/\/beyondx.se\/no\/butik\/\"},{\"@type\":\"ListItem\",\"position\":3,\"name\":\"35mm Plastic drill bit, double carbide tips (for 35mm B-net\"}]},{\"@type\":\"WebSite\",\"@id\":\"https:\/\/beyondx.se\/no\/#website\",\"url\":\"https:\/\/beyondx.se\/no\/\",\"name\":\"Beyond-X\",\"description\":\"No Bullshit Ski Wear\",\"publisher\":{\"@id\":\"https:\/\/beyondx.se\/no\/#organization\"},\"potentialAction\":[{\"@type\":\"SearchAction\",\"target\":{\"@type\":\"EntryPoint\",\"urlTemplate\":\"https:\/\/beyondx.se\/no\/?s={search_term_string}\"},\"query-input\":\"required name=search_term_string\"}],\"inLanguage\":\"nb-NO\"},{\"@type\":\"Organization\",\"@id\":\"https:\/\/beyondx.se\/no\/#organization\",\"name\":\"B-stedt of Sweden AB\",\"url\":\"https:\/\/beyondx.se\/no\/\",\"logo\":{\"@type\":\"ImageObject\",\"inLanguage\":\"nb-NO\",\"@id\":\"https:\/\/beyondx.se\/no\/#\/schema\/logo\/image\/\",\"url\":\"https:\/\/beyondx.se\/wp-content\/uploads\/2023\/08\/bx-logo.svg\",\"contentUrl\":\"https:\/\/beyondx.se\/wp-content\/uploads\/2023\/08\/bx-logo.svg\",\"width\":1,\"height\":1,\"caption\":\"B-stedt of Sweden AB\"},\"image\":{\"@id\":\"https:\/\/beyondx.se\/no\/#\/schema\/logo\/image\/\"}}]}<\/script>\n<!-- \/ Yoast SEO plugin. -->","yoast_head_json":{"title":"35mm Plastic drill bit, double carbide tips (for 35mm B-net - Beyond-X","robots":{"index":"index","follow":"follow","max-snippet":"max-snippet:-1","max-image-preview":"max-image-preview:large","max-video-preview":"max-video-preview:-1"},"canonical":"https:\/\/beyondx.se\/no\/produkt\/orange-fox-35-mm\/","og_locale":"nb_NO","og_type":"article","og_title":"35mm Plastic drill bit, double carbide tips (for 35mm B-net - Beyond-X","og_description":"#OF35: 35mm borrst\u00e5l f\u00f6r B-n\u00e4ts k\u00e4ppSe till s\u00e5 B-n\u00e4ten sitter snyggt fr\u00e5n b\u00f6rjan. Med ett borrst\u00e5l i r\u00e4tt dimension s\u00e5 underl\u00e4ttas montering.","og_url":"https:\/\/beyondx.se\/no\/produkt\/orange-fox-35-mm\/","og_site_name":"Beyond-X","article_modified_time":"2026-04-26T08:51:39+00:00","og_image":[{"width":400,"height":400,"url":"https:\/\/beyondx.se\/wp-content\/uploads\/2023\/06\/OF35_1.png","type":"image\/png"}],"twitter_card":"summary_large_image","twitter_misc":{"Ansl. lesetid":"1 minutt"},"schema":{"@context":"https:\/\/schema.org","@graph":[{"@type":"WebPage","@id":"https:\/\/beyondx.se\/no\/produkt\/orange-fox-35-mm\/","url":"https:\/\/beyondx.se\/no\/produkt\/orange-fox-35-mm\/","name":"35mm Plastic drill bit, double carbide tips (for 35mm B-net - Beyond-X","isPartOf":{"@id":"https:\/\/beyondx.se\/no\/#website"},"datePublished":"2023-04-21T10:31:02+00:00","dateModified":"2026-04-26T08:51:39+00:00","breadcrumb":{"@id":"https:\/\/beyondx.se\/no\/produkt\/orange-fox-35-mm\/#breadcrumb"},"inLanguage":"nb-NO","potentialAction":[{"@type":"ReadAction","target":["https:\/\/beyondx.se\/no\/produkt\/orange-fox-35-mm\/"]}]},{"@type":"BreadcrumbList","@id":"https:\/\/beyondx.se\/no\/produkt\/orange-fox-35-mm\/#breadcrumb","itemListElement":[{"@type":"ListItem","position":1,"name":"Hem","item":"https:\/\/beyondx.se\/no\/"},{"@type":"ListItem","position":2,"name":"Butik","item":"https:\/\/beyondx.se\/no\/butik\/"},{"@type":"ListItem","position":3,"name":"35mm Plastic drill bit, double carbide tips (for 35mm B-net"}]},{"@type":"WebSite","@id":"https:\/\/beyondx.se\/no\/#website","url":"https:\/\/beyondx.se\/no\/","name":"Beyond-X","description":"No Bullshit Ski Wear","publisher":{"@id":"https:\/\/beyondx.se\/no\/#organization"},"potentialAction":[{"@type":"SearchAction","target":{"@type":"EntryPoint","urlTemplate":"https:\/\/beyondx.se\/no\/?s={search_term_string}"},"query-input":"required name=search_term_string"}],"inLanguage":"nb-NO"},{"@type":"Organization","@id":"https:\/\/beyondx.se\/no\/#organization","name":"B-stedt of Sweden AB","url":"https:\/\/beyondx.se\/no\/","logo":{"@type":"ImageObject","inLanguage":"nb-NO","@id":"https:\/\/beyondx.se\/no\/#\/schema\/logo\/image\/","url":"https:\/\/beyondx.se\/wp-content\/uploads\/2023\/08\/bx-logo.svg","contentUrl":"https:\/\/beyondx.se\/wp-content\/uploads\/2023\/08\/bx-logo.svg","width":1,"height":1,"caption":"B-stedt of Sweden AB"},"image":{"@id":"https:\/\/beyondx.se\/no\/#\/schema\/logo\/image\/"}}]}},"_links":{"self":[{"href":"https:\/\/beyondx.se\/no\/wp-json\/wp\/v2\/product\/12030","targetHints":{"allow":["GET"]}}],"collection":[{"href":"https:\/\/beyondx.se\/no\/wp-json\/wp\/v2\/product"}],"about":[{"href":"https:\/\/beyondx.se\/no\/wp-json\/wp\/v2\/types\/product"}],"wp:featuredmedia":[{"embeddable":true,"href":"https:\/\/beyondx.se\/no\/wp-json\/wp\/v2\/media\/19796"}],"wp:attachment":[{"href":"https:\/\/beyondx.se\/no\/wp-json\/wp\/v2\/media?parent=12030"}],"wp:term":[{"taxonomy":"product_cat","embeddable":true,"href":"https:\/\/beyondx.se\/no\/wp-json\/wp\/v2\/product_cat?post=12030"},{"taxonomy":"product_tag","embeddable":true,"href":"https:\/\/beyondx.se\/no\/wp-json\/wp\/v2\/product_tag?post=12030"}],"curies":[{"name":"wp","href":"https:\/\/api.w.org\/{rel}","templated":true}]}}