{"id":12174,"date":"2023-04-21T12:32:25","date_gmt":"2023-04-21T10:32:25","guid":{"rendered":"https:\/\/beta.karlskogawebbyra.se\/beyond\/product\/xbase-lite\/"},"modified":"2026-05-06T03:06:36","modified_gmt":"2026-05-06T01:06:36","slug":"xbase-lite","status":"publish","type":"product","link":"https:\/\/beyondx.se\/no\/produkt\/xbase-lite\/","title":{"rendered":"XBase Lite medium weight Brush base."},"content":{"rendered":"<p>XBase Lite med h\u00e4lften s\u00e5 mycket borst, g\u00f6r det l\u00e4ttare att avl\u00e4gsna k\u00e4pparna ur sn\u00f6n.<\/p>\n<p>XBase Lite f\u00f6renklar bans\u00e4ttningen d\u00e5 behovet att skruva ner spetsen elimineras. Bara borra och stick ner k\u00e4ppen. Raderna med borst l\u00e5ser fast k\u00e4ppen i h\u00e5let.<\/p>\n<p>F\u00f6r att avl\u00e4gsna k\u00e4ppen bara dra upp den. Borra med 41mm borr rekommenderas.<\/p>\n<p>Eftersom XBase Lite spetsen \u00e4r kortare \u00e4n den traditionella l\u00e5nga skruven, s\u00e5 \u00e4r den l\u00e4ttare att anv\u00e4nda \u00e4ven vid tunnare sn\u00f6lager och inomhushallar.<\/p>\n","protected":false},"excerpt":{"rendered":"XBase Lite med h\u00e4lften s\u00e5 mycket borst, g\u00f6r det l\u00e4ttare att avl\u00e4gsna k\u00e4pparna ur sn\u00f6n.","protected":false},"featured_media":20141,"template":"","meta":[],"product_cat":[148,157,164],"product_tag":[],"class_list":["post-12174","product","type-product","status-publish","has-post-thumbnail","hentry","product_cat-skidanlaggning","product_cat-slalomkappar","product_cat-reservdelar-tillbehor","brands-beyond-x","fpd-variation-needed"],"yoast_head":"<!-- This site is optimized with the Yoast SEO plugin v21.0 - https:\/\/yoast.com\/wordpress\/plugins\/seo\/ -->\n<title>XBase Lite medium weight Brush base. - Beyond-X<\/title>\n<meta name=\"robots\" content=\"index, follow, max-snippet:-1, max-image-preview:large, max-video-preview:-1\" \/>\n<link rel=\"canonical\" href=\"https:\/\/beyondx.se\/no\/produkt\/xbase-lite\/\" \/>\n<meta property=\"og:locale\" content=\"nb_NO\" \/>\n<meta property=\"og:type\" content=\"article\" \/>\n<meta property=\"og:title\" content=\"XBase Lite medium weight Brush base. - Beyond-X\" \/>\n<meta property=\"og:description\" content=\"XBase Lite med h\u00e4lften s\u00e5 mycket borst, g\u00f6r det l\u00e4ttare att avl\u00e4gsna k\u00e4pparna ur sn\u00f6n.\" \/>\n<meta property=\"og:url\" content=\"https:\/\/beyondx.se\/no\/produkt\/xbase-lite\/\" \/>\n<meta property=\"og:site_name\" content=\"Beyond-X\" \/>\n<meta property=\"article:modified_time\" content=\"2026-05-06T01:06:36+00:00\" \/>\n<meta property=\"og:image\" content=\"https:\/\/beyondx.se\/wp-content\/uploads\/2023\/06\/XBL_1.png\" \/>\n\t<meta property=\"og:image:width\" content=\"800\" \/>\n\t<meta property=\"og:image:height\" content=\"800\" \/>\n\t<meta property=\"og:image:type\" content=\"image\/png\" \/>\n<meta name=\"twitter:card\" content=\"summary_large_image\" \/>\n<script type=\"application\/ld+json\" class=\"yoast-schema-graph\">{\"@context\":\"https:\/\/schema.org\",\"@graph\":[{\"@type\":\"WebPage\",\"@id\":\"https:\/\/beyondx.se\/no\/produkt\/xbase-lite\/\",\"url\":\"https:\/\/beyondx.se\/no\/produkt\/xbase-lite\/\",\"name\":\"XBase Lite medium weight Brush base. - Beyond-X\",\"isPartOf\":{\"@id\":\"https:\/\/beyondx.se\/no\/#website\"},\"datePublished\":\"2023-04-21T10:32:25+00:00\",\"dateModified\":\"2026-05-06T01:06:36+00:00\",\"breadcrumb\":{\"@id\":\"https:\/\/beyondx.se\/no\/produkt\/xbase-lite\/#breadcrumb\"},\"inLanguage\":\"nb-NO\",\"potentialAction\":[{\"@type\":\"ReadAction\",\"target\":[\"https:\/\/beyondx.se\/no\/produkt\/xbase-lite\/\"]}]},{\"@type\":\"BreadcrumbList\",\"@id\":\"https:\/\/beyondx.se\/no\/produkt\/xbase-lite\/#breadcrumb\",\"itemListElement\":[{\"@type\":\"ListItem\",\"position\":1,\"name\":\"Hem\",\"item\":\"https:\/\/beyondx.se\/no\/\"},{\"@type\":\"ListItem\",\"position\":2,\"name\":\"Butik\",\"item\":\"https:\/\/beyondx.se\/no\/butik\/\"},{\"@type\":\"ListItem\",\"position\":3,\"name\":\"XBase Lite medium weight Brush base.\"}]},{\"@type\":\"WebSite\",\"@id\":\"https:\/\/beyondx.se\/no\/#website\",\"url\":\"https:\/\/beyondx.se\/no\/\",\"name\":\"Beyond-X\",\"description\":\"No Bullshit Ski Wear\",\"publisher\":{\"@id\":\"https:\/\/beyondx.se\/no\/#organization\"},\"potentialAction\":[{\"@type\":\"SearchAction\",\"target\":{\"@type\":\"EntryPoint\",\"urlTemplate\":\"https:\/\/beyondx.se\/no\/?s={search_term_string}\"},\"query-input\":\"required name=search_term_string\"}],\"inLanguage\":\"nb-NO\"},{\"@type\":\"Organization\",\"@id\":\"https:\/\/beyondx.se\/no\/#organization\",\"name\":\"B-stedt of Sweden AB\",\"url\":\"https:\/\/beyondx.se\/no\/\",\"logo\":{\"@type\":\"ImageObject\",\"inLanguage\":\"nb-NO\",\"@id\":\"https:\/\/beyondx.se\/no\/#\/schema\/logo\/image\/\",\"url\":\"https:\/\/beyondx.se\/wp-content\/uploads\/2023\/08\/bx-logo.svg\",\"contentUrl\":\"https:\/\/beyondx.se\/wp-content\/uploads\/2023\/08\/bx-logo.svg\",\"width\":1,\"height\":1,\"caption\":\"B-stedt of Sweden AB\"},\"image\":{\"@id\":\"https:\/\/beyondx.se\/no\/#\/schema\/logo\/image\/\"}}]}<\/script>\n<!-- \/ Yoast SEO plugin. -->","yoast_head_json":{"title":"XBase Lite medium weight Brush base. - Beyond-X","robots":{"index":"index","follow":"follow","max-snippet":"max-snippet:-1","max-image-preview":"max-image-preview:large","max-video-preview":"max-video-preview:-1"},"canonical":"https:\/\/beyondx.se\/no\/produkt\/xbase-lite\/","og_locale":"nb_NO","og_type":"article","og_title":"XBase Lite medium weight Brush base. - Beyond-X","og_description":"XBase Lite med h\u00e4lften s\u00e5 mycket borst, g\u00f6r det l\u00e4ttare att avl\u00e4gsna k\u00e4pparna ur sn\u00f6n.","og_url":"https:\/\/beyondx.se\/no\/produkt\/xbase-lite\/","og_site_name":"Beyond-X","article_modified_time":"2026-05-06T01:06:36+00:00","og_image":[{"width":800,"height":800,"url":"https:\/\/beyondx.se\/wp-content\/uploads\/2023\/06\/XBL_1.png","type":"image\/png"}],"twitter_card":"summary_large_image","schema":{"@context":"https:\/\/schema.org","@graph":[{"@type":"WebPage","@id":"https:\/\/beyondx.se\/no\/produkt\/xbase-lite\/","url":"https:\/\/beyondx.se\/no\/produkt\/xbase-lite\/","name":"XBase Lite medium weight Brush base. - Beyond-X","isPartOf":{"@id":"https:\/\/beyondx.se\/no\/#website"},"datePublished":"2023-04-21T10:32:25+00:00","dateModified":"2026-05-06T01:06:36+00:00","breadcrumb":{"@id":"https:\/\/beyondx.se\/no\/produkt\/xbase-lite\/#breadcrumb"},"inLanguage":"nb-NO","potentialAction":[{"@type":"ReadAction","target":["https:\/\/beyondx.se\/no\/produkt\/xbase-lite\/"]}]},{"@type":"BreadcrumbList","@id":"https:\/\/beyondx.se\/no\/produkt\/xbase-lite\/#breadcrumb","itemListElement":[{"@type":"ListItem","position":1,"name":"Hem","item":"https:\/\/beyondx.se\/no\/"},{"@type":"ListItem","position":2,"name":"Butik","item":"https:\/\/beyondx.se\/no\/butik\/"},{"@type":"ListItem","position":3,"name":"XBase Lite medium weight Brush base."}]},{"@type":"WebSite","@id":"https:\/\/beyondx.se\/no\/#website","url":"https:\/\/beyondx.se\/no\/","name":"Beyond-X","description":"No Bullshit Ski Wear","publisher":{"@id":"https:\/\/beyondx.se\/no\/#organization"},"potentialAction":[{"@type":"SearchAction","target":{"@type":"EntryPoint","urlTemplate":"https:\/\/beyondx.se\/no\/?s={search_term_string}"},"query-input":"required name=search_term_string"}],"inLanguage":"nb-NO"},{"@type":"Organization","@id":"https:\/\/beyondx.se\/no\/#organization","name":"B-stedt of Sweden AB","url":"https:\/\/beyondx.se\/no\/","logo":{"@type":"ImageObject","inLanguage":"nb-NO","@id":"https:\/\/beyondx.se\/no\/#\/schema\/logo\/image\/","url":"https:\/\/beyondx.se\/wp-content\/uploads\/2023\/08\/bx-logo.svg","contentUrl":"https:\/\/beyondx.se\/wp-content\/uploads\/2023\/08\/bx-logo.svg","width":1,"height":1,"caption":"B-stedt of Sweden AB"},"image":{"@id":"https:\/\/beyondx.se\/no\/#\/schema\/logo\/image\/"}}]}},"_links":{"self":[{"href":"https:\/\/beyondx.se\/no\/wp-json\/wp\/v2\/product\/12174","targetHints":{"allow":["GET"]}}],"collection":[{"href":"https:\/\/beyondx.se\/no\/wp-json\/wp\/v2\/product"}],"about":[{"href":"https:\/\/beyondx.se\/no\/wp-json\/wp\/v2\/types\/product"}],"wp:featuredmedia":[{"embeddable":true,"href":"https:\/\/beyondx.se\/no\/wp-json\/wp\/v2\/media\/20141"}],"wp:attachment":[{"href":"https:\/\/beyondx.se\/no\/wp-json\/wp\/v2\/media?parent=12174"}],"wp:term":[{"taxonomy":"product_cat","embeddable":true,"href":"https:\/\/beyondx.se\/no\/wp-json\/wp\/v2\/product_cat?post=12174"},{"taxonomy":"product_tag","embeddable":true,"href":"https:\/\/beyondx.se\/no\/wp-json\/wp\/v2\/product_tag?post=12174"}],"curies":[{"name":"wp","href":"https:\/\/api.w.org\/{rel}","templated":true}]}}