{"id":12824,"date":"2023-04-21T12:41:22","date_gmt":"2023-04-21T10:41:22","guid":{"rendered":"https:\/\/beta.karlskogawebbyra.se\/beyond\/product\/bd-lava-compression-7\/"},"modified":"2026-05-01T02:21:58","modified_gmt":"2026-05-01T00:21:58","slug":"bd-lava-compression-7","status":"publish","type":"product","link":"https:\/\/beyondx.se\/no\/produkt\/bd-lava-compression-7\/","title":{"rendered":"BD Lava Compression 7"},"content":{"rendered":"<p>Kompressionsocka med stretchzoner i t\u00e5 och h\u00e4l. \u00d6kar din prestationsf\u00f6rm\u00e5ga genom f\u00f6rb\u00e4ttrad blodgenomstr\u00f6mmning i f\u00f6tter och ben. En effekt av detta \u00e4r \u00e4ven varmare f\u00f6tter.<\/p>\n","protected":false},"excerpt":{"rendered":"<p>Kompressionsocka med stretchzoner i t&#229; och h&#228;l. &#214;kar din prestationsf&#246;rm&#229;ga genom f&#246;rb&#228;ttrad blodgenomstr&#246;mmning i f&#246;tter och ben. En effekt av detta &#228;r &#228;ven varmare f&#246;tter.<\/p>","protected":false},"featured_media":19021,"template":"","meta":[],"product_cat":[107],"product_tag":[],"class_list":["post-12824","product","type-product","status-publish","has-post-thumbnail","hentry","product_cat-strumpor","brands-boot-doc","fpd-variation-needed"],"yoast_head":"<!-- This site is optimized with the Yoast SEO plugin v21.0 - https:\/\/yoast.com\/wordpress\/plugins\/seo\/ -->\n<title>BD Lava Compression 7 - Beyond-X<\/title>\n<meta name=\"robots\" content=\"index, follow, max-snippet:-1, max-image-preview:large, max-video-preview:-1\" \/>\n<link rel=\"canonical\" href=\"https:\/\/beyondx.se\/no\/produkt\/bd-lava-compression-7\/\" \/>\n<meta property=\"og:locale\" content=\"nb_NO\" \/>\n<meta property=\"og:type\" content=\"article\" \/>\n<meta property=\"og:title\" content=\"BD Lava Compression 7 - Beyond-X\" \/>\n<meta property=\"og:description\" content=\"Kompressionsocka med stretchzoner i t&#229; och h&#228;l. &#214;kar din prestationsf&#246;rm&#229;ga genom f&#246;rb&#228;ttrad blodgenomstr&#246;mmning i f&#246;tter och ben. En effekt av detta &#228;r &#228;ven varmare f&#246;tter.\" \/>\n<meta property=\"og:url\" content=\"https:\/\/beyondx.se\/no\/produkt\/bd-lava-compression-7\/\" \/>\n<meta property=\"og:site_name\" content=\"Beyond-X\" \/>\n<meta property=\"article:modified_time\" content=\"2026-05-01T00:21:58+00:00\" \/>\n<meta property=\"og:image\" content=\"https:\/\/beyondx.se\/wp-content\/uploads\/2023\/06\/0100-0500-064_1.png\" \/>\n\t<meta property=\"og:image:width\" content=\"400\" \/>\n\t<meta property=\"og:image:height\" content=\"400\" \/>\n\t<meta property=\"og:image:type\" content=\"image\/png\" \/>\n<meta name=\"twitter:card\" content=\"summary_large_image\" \/>\n<meta name=\"twitter:label1\" content=\"Ansl. lesetid\" \/>\n\t<meta name=\"twitter:data1\" content=\"1 minutt\" \/>\n<script type=\"application\/ld+json\" class=\"yoast-schema-graph\">{\"@context\":\"https:\/\/schema.org\",\"@graph\":[{\"@type\":\"WebPage\",\"@id\":\"https:\/\/beyondx.se\/no\/produkt\/bd-lava-compression-7\/\",\"url\":\"https:\/\/beyondx.se\/no\/produkt\/bd-lava-compression-7\/\",\"name\":\"BD Lava Compression 7 - Beyond-X\",\"isPartOf\":{\"@id\":\"https:\/\/beyondx.se\/no\/#website\"},\"datePublished\":\"2023-04-21T10:41:22+00:00\",\"dateModified\":\"2026-05-01T00:21:58+00:00\",\"breadcrumb\":{\"@id\":\"https:\/\/beyondx.se\/no\/produkt\/bd-lava-compression-7\/#breadcrumb\"},\"inLanguage\":\"nb-NO\",\"potentialAction\":[{\"@type\":\"ReadAction\",\"target\":[\"https:\/\/beyondx.se\/no\/produkt\/bd-lava-compression-7\/\"]}]},{\"@type\":\"BreadcrumbList\",\"@id\":\"https:\/\/beyondx.se\/no\/produkt\/bd-lava-compression-7\/#breadcrumb\",\"itemListElement\":[{\"@type\":\"ListItem\",\"position\":1,\"name\":\"Hem\",\"item\":\"https:\/\/beyondx.se\/no\/\"},{\"@type\":\"ListItem\",\"position\":2,\"name\":\"Butik\",\"item\":\"https:\/\/beyondx.se\/no\/butik\/\"},{\"@type\":\"ListItem\",\"position\":3,\"name\":\"BD Lava Compression 7\"}]},{\"@type\":\"WebSite\",\"@id\":\"https:\/\/beyondx.se\/no\/#website\",\"url\":\"https:\/\/beyondx.se\/no\/\",\"name\":\"Beyond-X\",\"description\":\"No Bullshit Ski Wear\",\"publisher\":{\"@id\":\"https:\/\/beyondx.se\/no\/#organization\"},\"potentialAction\":[{\"@type\":\"SearchAction\",\"target\":{\"@type\":\"EntryPoint\",\"urlTemplate\":\"https:\/\/beyondx.se\/no\/?s={search_term_string}\"},\"query-input\":\"required name=search_term_string\"}],\"inLanguage\":\"nb-NO\"},{\"@type\":\"Organization\",\"@id\":\"https:\/\/beyondx.se\/no\/#organization\",\"name\":\"B-stedt of Sweden AB\",\"url\":\"https:\/\/beyondx.se\/no\/\",\"logo\":{\"@type\":\"ImageObject\",\"inLanguage\":\"nb-NO\",\"@id\":\"https:\/\/beyondx.se\/no\/#\/schema\/logo\/image\/\",\"url\":\"https:\/\/beyondx.se\/wp-content\/uploads\/2023\/08\/bx-logo.svg\",\"contentUrl\":\"https:\/\/beyondx.se\/wp-content\/uploads\/2023\/08\/bx-logo.svg\",\"width\":1,\"height\":1,\"caption\":\"B-stedt of Sweden AB\"},\"image\":{\"@id\":\"https:\/\/beyondx.se\/no\/#\/schema\/logo\/image\/\"}}]}<\/script>\n<!-- \/ Yoast SEO plugin. -->","yoast_head_json":{"title":"BD Lava Compression 7 - Beyond-X","robots":{"index":"index","follow":"follow","max-snippet":"max-snippet:-1","max-image-preview":"max-image-preview:large","max-video-preview":"max-video-preview:-1"},"canonical":"https:\/\/beyondx.se\/no\/produkt\/bd-lava-compression-7\/","og_locale":"nb_NO","og_type":"article","og_title":"BD Lava Compression 7 - Beyond-X","og_description":"Kompressionsocka med stretchzoner i t&#229; och h&#228;l. &#214;kar din prestationsf&#246;rm&#229;ga genom f&#246;rb&#228;ttrad blodgenomstr&#246;mmning i f&#246;tter och ben. En effekt av detta &#228;r &#228;ven varmare f&#246;tter.","og_url":"https:\/\/beyondx.se\/no\/produkt\/bd-lava-compression-7\/","og_site_name":"Beyond-X","article_modified_time":"2026-05-01T00:21:58+00:00","og_image":[{"width":400,"height":400,"url":"https:\/\/beyondx.se\/wp-content\/uploads\/2023\/06\/0100-0500-064_1.png","type":"image\/png"}],"twitter_card":"summary_large_image","twitter_misc":{"Ansl. lesetid":"1 minutt"},"schema":{"@context":"https:\/\/schema.org","@graph":[{"@type":"WebPage","@id":"https:\/\/beyondx.se\/no\/produkt\/bd-lava-compression-7\/","url":"https:\/\/beyondx.se\/no\/produkt\/bd-lava-compression-7\/","name":"BD Lava Compression 7 - Beyond-X","isPartOf":{"@id":"https:\/\/beyondx.se\/no\/#website"},"datePublished":"2023-04-21T10:41:22+00:00","dateModified":"2026-05-01T00:21:58+00:00","breadcrumb":{"@id":"https:\/\/beyondx.se\/no\/produkt\/bd-lava-compression-7\/#breadcrumb"},"inLanguage":"nb-NO","potentialAction":[{"@type":"ReadAction","target":["https:\/\/beyondx.se\/no\/produkt\/bd-lava-compression-7\/"]}]},{"@type":"BreadcrumbList","@id":"https:\/\/beyondx.se\/no\/produkt\/bd-lava-compression-7\/#breadcrumb","itemListElement":[{"@type":"ListItem","position":1,"name":"Hem","item":"https:\/\/beyondx.se\/no\/"},{"@type":"ListItem","position":2,"name":"Butik","item":"https:\/\/beyondx.se\/no\/butik\/"},{"@type":"ListItem","position":3,"name":"BD Lava Compression 7"}]},{"@type":"WebSite","@id":"https:\/\/beyondx.se\/no\/#website","url":"https:\/\/beyondx.se\/no\/","name":"Beyond-X","description":"No Bullshit Ski Wear","publisher":{"@id":"https:\/\/beyondx.se\/no\/#organization"},"potentialAction":[{"@type":"SearchAction","target":{"@type":"EntryPoint","urlTemplate":"https:\/\/beyondx.se\/no\/?s={search_term_string}"},"query-input":"required name=search_term_string"}],"inLanguage":"nb-NO"},{"@type":"Organization","@id":"https:\/\/beyondx.se\/no\/#organization","name":"B-stedt of Sweden AB","url":"https:\/\/beyondx.se\/no\/","logo":{"@type":"ImageObject","inLanguage":"nb-NO","@id":"https:\/\/beyondx.se\/no\/#\/schema\/logo\/image\/","url":"https:\/\/beyondx.se\/wp-content\/uploads\/2023\/08\/bx-logo.svg","contentUrl":"https:\/\/beyondx.se\/wp-content\/uploads\/2023\/08\/bx-logo.svg","width":1,"height":1,"caption":"B-stedt of Sweden AB"},"image":{"@id":"https:\/\/beyondx.se\/no\/#\/schema\/logo\/image\/"}}]}},"_links":{"self":[{"href":"https:\/\/beyondx.se\/no\/wp-json\/wp\/v2\/product\/12824","targetHints":{"allow":["GET"]}}],"collection":[{"href":"https:\/\/beyondx.se\/no\/wp-json\/wp\/v2\/product"}],"about":[{"href":"https:\/\/beyondx.se\/no\/wp-json\/wp\/v2\/types\/product"}],"wp:featuredmedia":[{"embeddable":true,"href":"https:\/\/beyondx.se\/no\/wp-json\/wp\/v2\/media\/19021"}],"wp:attachment":[{"href":"https:\/\/beyondx.se\/no\/wp-json\/wp\/v2\/media?parent=12824"}],"wp:term":[{"taxonomy":"product_cat","embeddable":true,"href":"https:\/\/beyondx.se\/no\/wp-json\/wp\/v2\/product_cat?post=12824"},{"taxonomy":"product_tag","embeddable":true,"href":"https:\/\/beyondx.se\/no\/wp-json\/wp\/v2\/product_tag?post=12824"}],"curies":[{"name":"wp","href":"https:\/\/api.w.org\/{rel}","templated":true}]}}