{"id":13101,"date":"2023-04-21T12:43:54","date_gmt":"2023-04-21T10:43:54","guid":{"rendered":"https:\/\/beta.karlskogawebbyra.se\/beyond\/product\/bxr37-duved-if-gs-fis-cp1173-2\/"},"modified":"2026-04-23T05:03:03","modified_gmt":"2026-04-23T03:03:03","slug":"bxr37-duved-if-gs-fis-cp1173-2","status":"publish","type":"product","link":"https:\/\/beyondx.se\/no\/produkt\/bxr37-duved-if-gs-fis-cp1173-2\/","title":{"rendered":"BXR37 Duved IF GS Suit Fis"},"content":{"rendered":"<p>Klubbdr\u00e4kt Digitally Printed FIS Godk\u00e4nd.<\/p>\n<p>Gjord av high-tech Eschler tyg av h\u00f6gsta kvalitet. Med strategiskt placerade skydd p\u00e5 armar, ben och rygg, som kan tas bort. Lite rymligare i storlek \u00e4n v\u00e5rt \u00e4ldre orignalm\u00f6nster. Kan anv\u00e4ndas till alla diciplinerna SL, GS, SG och DH, d\u00e5 skydd kan tas bort eller l\u00e4ggas till.<\/p>\n<p>DEEP-tryck teknologin ger dom b\u00e4sta och klaraste f\u00e4rgerna och en f\u00e4rg som g\u00e5r djupare in i tygen. Vilket resulterar i mindre synliga noppor.<\/p>\n","protected":false},"excerpt":{"rendered":"Klubbdr\u00e4kt Digitally Printed FIS Godk\u00e4nd. Gjord av high-tech Eschler tyg av h\u00f6gsta kvalitet. Med strategiskt placerade skydd p\u00e5 armar, ben och rygg, som kan tas bort. Lite rymligare i storlek \u00e4n v\u00e5rt \u00e4ldre orignalm\u00f6nster. Kan anv\u00e4ndas till alla diciplinerna SL, GS, SG och DH, d\u00e5 skydd kan tas bort eller l\u00e4ggas till. DEEP-tryck teknologin ger&#8230; <a class=\"view-article\" href=\"https:\/\/beyondx.se\/no\/produkt\/bxr37-duved-if-gs-fis-cp1173-2\/\">View Article<\/a>","protected":false},"featured_media":141792,"template":"","meta":[],"product_cat":[173],"product_tag":[],"class_list":["post-13101","product","type-product","status-publish","has-post-thumbnail","hentry","product_cat-fis-godkanda","brands-beyond-x","clubs-duved-if","fpd-variation-needed"],"yoast_head":"<!-- This site is optimized with the Yoast SEO plugin v21.0 - https:\/\/yoast.com\/wordpress\/plugins\/seo\/ -->\n<title>BXR37 Duved IF GS Suit Fis - Beyond-X<\/title>\n<meta name=\"robots\" content=\"index, follow, max-snippet:-1, max-image-preview:large, max-video-preview:-1\" \/>\n<link rel=\"canonical\" href=\"https:\/\/beyondx.se\/no\/produkt\/bxr37-duved-if-gs-fis-cp1173-2\/\" \/>\n<meta property=\"og:locale\" content=\"nb_NO\" \/>\n<meta property=\"og:type\" content=\"article\" \/>\n<meta property=\"og:title\" content=\"BXR37 Duved IF GS Suit Fis - Beyond-X\" \/>\n<meta property=\"og:description\" content=\"Klubbdr\u00e4kt Digitally Printed FIS Godk\u00e4nd. Gjord av high-tech Eschler tyg av h\u00f6gsta kvalitet. Med strategiskt placerade skydd p\u00e5 armar, ben och rygg, som kan tas bort. Lite rymligare i storlek \u00e4n v\u00e5rt \u00e4ldre orignalm\u00f6nster. Kan anv\u00e4ndas till alla diciplinerna SL, GS, SG och DH, d\u00e5 skydd kan tas bort eller l\u00e4ggas till. DEEP-tryck teknologin ger... View Article\" \/>\n<meta property=\"og:url\" content=\"https:\/\/beyondx.se\/no\/produkt\/bxr37-duved-if-gs-fis-cp1173-2\/\" \/>\n<meta property=\"og:site_name\" content=\"Beyond-X\" \/>\n<meta property=\"article:modified_time\" content=\"2026-04-23T03:03:03+00:00\" \/>\n<meta property=\"og:image\" content=\"https:\/\/beyondx.se\/wp-content\/uploads\/2023\/08\/BXR1360-25_1.png\" \/>\n\t<meta property=\"og:image:width\" content=\"800\" \/>\n\t<meta property=\"og:image:height\" content=\"782\" \/>\n\t<meta property=\"og:image:type\" content=\"image\/png\" \/>\n<meta name=\"twitter:card\" content=\"summary_large_image\" \/>\n<script type=\"application\/ld+json\" class=\"yoast-schema-graph\">{\"@context\":\"https:\/\/schema.org\",\"@graph\":[{\"@type\":\"WebPage\",\"@id\":\"https:\/\/beyondx.se\/no\/produkt\/bxr37-duved-if-gs-fis-cp1173-2\/\",\"url\":\"https:\/\/beyondx.se\/no\/produkt\/bxr37-duved-if-gs-fis-cp1173-2\/\",\"name\":\"BXR37 Duved IF GS Suit Fis - Beyond-X\",\"isPartOf\":{\"@id\":\"https:\/\/beyondx.se\/no\/#website\"},\"datePublished\":\"2023-04-21T10:43:54+00:00\",\"dateModified\":\"2026-04-23T03:03:03+00:00\",\"breadcrumb\":{\"@id\":\"https:\/\/beyondx.se\/no\/produkt\/bxr37-duved-if-gs-fis-cp1173-2\/#breadcrumb\"},\"inLanguage\":\"nb-NO\",\"potentialAction\":[{\"@type\":\"ReadAction\",\"target\":[\"https:\/\/beyondx.se\/no\/produkt\/bxr37-duved-if-gs-fis-cp1173-2\/\"]}]},{\"@type\":\"BreadcrumbList\",\"@id\":\"https:\/\/beyondx.se\/no\/produkt\/bxr37-duved-if-gs-fis-cp1173-2\/#breadcrumb\",\"itemListElement\":[{\"@type\":\"ListItem\",\"position\":1,\"name\":\"Hem\",\"item\":\"https:\/\/beyondx.se\/no\/\"},{\"@type\":\"ListItem\",\"position\":2,\"name\":\"Butik\",\"item\":\"https:\/\/beyondx.se\/no\/butik\/\"},{\"@type\":\"ListItem\",\"position\":3,\"name\":\"BXR37 Duved IF GS Suit Fis\"}]},{\"@type\":\"WebSite\",\"@id\":\"https:\/\/beyondx.se\/no\/#website\",\"url\":\"https:\/\/beyondx.se\/no\/\",\"name\":\"Beyond-X\",\"description\":\"No Bullshit Ski Wear\",\"publisher\":{\"@id\":\"https:\/\/beyondx.se\/no\/#organization\"},\"potentialAction\":[{\"@type\":\"SearchAction\",\"target\":{\"@type\":\"EntryPoint\",\"urlTemplate\":\"https:\/\/beyondx.se\/no\/?s={search_term_string}\"},\"query-input\":\"required name=search_term_string\"}],\"inLanguage\":\"nb-NO\"},{\"@type\":\"Organization\",\"@id\":\"https:\/\/beyondx.se\/no\/#organization\",\"name\":\"B-stedt of Sweden AB\",\"url\":\"https:\/\/beyondx.se\/no\/\",\"logo\":{\"@type\":\"ImageObject\",\"inLanguage\":\"nb-NO\",\"@id\":\"https:\/\/beyondx.se\/no\/#\/schema\/logo\/image\/\",\"url\":\"https:\/\/beyondx.se\/wp-content\/uploads\/2023\/08\/bx-logo.svg\",\"contentUrl\":\"https:\/\/beyondx.se\/wp-content\/uploads\/2023\/08\/bx-logo.svg\",\"width\":1,\"height\":1,\"caption\":\"B-stedt of Sweden AB\"},\"image\":{\"@id\":\"https:\/\/beyondx.se\/no\/#\/schema\/logo\/image\/\"}}]}<\/script>\n<!-- \/ Yoast SEO plugin. -->","yoast_head_json":{"title":"BXR37 Duved IF GS Suit Fis - Beyond-X","robots":{"index":"index","follow":"follow","max-snippet":"max-snippet:-1","max-image-preview":"max-image-preview:large","max-video-preview":"max-video-preview:-1"},"canonical":"https:\/\/beyondx.se\/no\/produkt\/bxr37-duved-if-gs-fis-cp1173-2\/","og_locale":"nb_NO","og_type":"article","og_title":"BXR37 Duved IF GS Suit Fis - Beyond-X","og_description":"Klubbdr\u00e4kt Digitally Printed FIS Godk\u00e4nd. Gjord av high-tech Eschler tyg av h\u00f6gsta kvalitet. Med strategiskt placerade skydd p\u00e5 armar, ben och rygg, som kan tas bort. Lite rymligare i storlek \u00e4n v\u00e5rt \u00e4ldre orignalm\u00f6nster. Kan anv\u00e4ndas till alla diciplinerna SL, GS, SG och DH, d\u00e5 skydd kan tas bort eller l\u00e4ggas till. DEEP-tryck teknologin ger... View Article","og_url":"https:\/\/beyondx.se\/no\/produkt\/bxr37-duved-if-gs-fis-cp1173-2\/","og_site_name":"Beyond-X","article_modified_time":"2026-04-23T03:03:03+00:00","og_image":[{"width":800,"height":782,"url":"https:\/\/beyondx.se\/wp-content\/uploads\/2023\/08\/BXR1360-25_1.png","type":"image\/png"}],"twitter_card":"summary_large_image","schema":{"@context":"https:\/\/schema.org","@graph":[{"@type":"WebPage","@id":"https:\/\/beyondx.se\/no\/produkt\/bxr37-duved-if-gs-fis-cp1173-2\/","url":"https:\/\/beyondx.se\/no\/produkt\/bxr37-duved-if-gs-fis-cp1173-2\/","name":"BXR37 Duved IF GS Suit Fis - Beyond-X","isPartOf":{"@id":"https:\/\/beyondx.se\/no\/#website"},"datePublished":"2023-04-21T10:43:54+00:00","dateModified":"2026-04-23T03:03:03+00:00","breadcrumb":{"@id":"https:\/\/beyondx.se\/no\/produkt\/bxr37-duved-if-gs-fis-cp1173-2\/#breadcrumb"},"inLanguage":"nb-NO","potentialAction":[{"@type":"ReadAction","target":["https:\/\/beyondx.se\/no\/produkt\/bxr37-duved-if-gs-fis-cp1173-2\/"]}]},{"@type":"BreadcrumbList","@id":"https:\/\/beyondx.se\/no\/produkt\/bxr37-duved-if-gs-fis-cp1173-2\/#breadcrumb","itemListElement":[{"@type":"ListItem","position":1,"name":"Hem","item":"https:\/\/beyondx.se\/no\/"},{"@type":"ListItem","position":2,"name":"Butik","item":"https:\/\/beyondx.se\/no\/butik\/"},{"@type":"ListItem","position":3,"name":"BXR37 Duved IF GS Suit Fis"}]},{"@type":"WebSite","@id":"https:\/\/beyondx.se\/no\/#website","url":"https:\/\/beyondx.se\/no\/","name":"Beyond-X","description":"No Bullshit Ski Wear","publisher":{"@id":"https:\/\/beyondx.se\/no\/#organization"},"potentialAction":[{"@type":"SearchAction","target":{"@type":"EntryPoint","urlTemplate":"https:\/\/beyondx.se\/no\/?s={search_term_string}"},"query-input":"required name=search_term_string"}],"inLanguage":"nb-NO"},{"@type":"Organization","@id":"https:\/\/beyondx.se\/no\/#organization","name":"B-stedt of Sweden AB","url":"https:\/\/beyondx.se\/no\/","logo":{"@type":"ImageObject","inLanguage":"nb-NO","@id":"https:\/\/beyondx.se\/no\/#\/schema\/logo\/image\/","url":"https:\/\/beyondx.se\/wp-content\/uploads\/2023\/08\/bx-logo.svg","contentUrl":"https:\/\/beyondx.se\/wp-content\/uploads\/2023\/08\/bx-logo.svg","width":1,"height":1,"caption":"B-stedt of Sweden AB"},"image":{"@id":"https:\/\/beyondx.se\/no\/#\/schema\/logo\/image\/"}}]}},"_links":{"self":[{"href":"https:\/\/beyondx.se\/no\/wp-json\/wp\/v2\/product\/13101","targetHints":{"allow":["GET"]}}],"collection":[{"href":"https:\/\/beyondx.se\/no\/wp-json\/wp\/v2\/product"}],"about":[{"href":"https:\/\/beyondx.se\/no\/wp-json\/wp\/v2\/types\/product"}],"wp:featuredmedia":[{"embeddable":true,"href":"https:\/\/beyondx.se\/no\/wp-json\/wp\/v2\/media\/141792"}],"wp:attachment":[{"href":"https:\/\/beyondx.se\/no\/wp-json\/wp\/v2\/media?parent=13101"}],"wp:term":[{"taxonomy":"product_cat","embeddable":true,"href":"https:\/\/beyondx.se\/no\/wp-json\/wp\/v2\/product_cat?post=13101"},{"taxonomy":"product_tag","embeddable":true,"href":"https:\/\/beyondx.se\/no\/wp-json\/wp\/v2\/product_tag?post=13101"}],"curies":[{"name":"wp","href":"https:\/\/api.w.org\/{rel}","templated":true}]}}