{"id":13109,"date":"2023-04-21T12:43:57","date_gmt":"2023-04-21T10:43:57","guid":{"rendered":"https:\/\/beta.karlskogawebbyra.se\/beyond\/product\/bxr43-duved-if-gs-icke-fis-cp1173\/"},"modified":"2026-04-17T05:16:46","modified_gmt":"2026-04-17T03:16:46","slug":"bxr43-duved-if-gs-icke-fis-cp1173","status":"publish","type":"product","link":"https:\/\/beyondx.se\/no\/produkt\/bxr43-duved-if-gs-icke-fis-cp1173\/","title":{"rendered":"BXR43 Duved IF GS Suit no fis"},"content":{"rendered":"<p>Klubbdr\u00e4kt Digitally Printed, i v\u00e5rat Icke FIS godk\u00e4nda tyg som nopprar mindre. V\u00e4nligen notera att BXR42\/43 tyget \u00e4r mindre elastiskt j\u00e4mf\u00f6rt med BXR46\/47 och d\u00e4rmed b\u00f6r man ta en st\u00f6rre storlek om man \u00e4r p\u00e5 gr\u00e4nsen till n\u00e4sta storlek i tabellen.<\/p>\n","protected":false},"excerpt":{"rendered":"Klubbdr\u00e4kt Digitally Printed, i v\u00e5rat Icke FIS godk\u00e4nda tyg som nopprar mindre. V\u00e4nligen notera att BXR42\/43 tyget \u00e4r mindre elastiskt j\u00e4mf\u00f6rt med BXR46\/47 och d\u00e4rmed b\u00f6r man ta en st\u00f6rre storlek om man \u00e4r p\u00e5 gr\u00e4nsen till n\u00e4sta storlek i tabellen.","protected":false},"featured_media":150036,"template":"","meta":[],"product_cat":[144],"product_tag":[],"class_list":["post-13109","product","type-product","status-publish","has-post-thumbnail","hentry","product_cat-no-fis","brands-beyond-x","clubs-duved-if","fpd-variation-needed"],"yoast_head":"<!-- This site is optimized with the Yoast SEO plugin v21.0 - https:\/\/yoast.com\/wordpress\/plugins\/seo\/ -->\n<title>BXR43 Duved IF GS Suit no fis - Beyond-X<\/title>\n<meta name=\"robots\" content=\"index, follow, max-snippet:-1, max-image-preview:large, max-video-preview:-1\" \/>\n<link rel=\"canonical\" href=\"https:\/\/beyondx.se\/no\/produkt\/bxr43-duved-if-gs-icke-fis-cp1173\/\" \/>\n<meta property=\"og:locale\" content=\"nb_NO\" \/>\n<meta property=\"og:type\" content=\"article\" \/>\n<meta property=\"og:title\" content=\"BXR43 Duved IF GS Suit no fis - Beyond-X\" \/>\n<meta property=\"og:description\" content=\"Klubbdr\u00e4kt Digitally Printed, i v\u00e5rat Icke FIS godk\u00e4nda tyg som nopprar mindre. V\u00e4nligen notera att BXR42\/43 tyget \u00e4r mindre elastiskt j\u00e4mf\u00f6rt med BXR46\/47 och d\u00e4rmed b\u00f6r man ta en st\u00f6rre storlek om man \u00e4r p\u00e5 gr\u00e4nsen till n\u00e4sta storlek i tabellen.\" \/>\n<meta property=\"og:url\" content=\"https:\/\/beyondx.se\/no\/produkt\/bxr43-duved-if-gs-icke-fis-cp1173\/\" \/>\n<meta property=\"og:site_name\" content=\"Beyond-X\" \/>\n<meta property=\"article:modified_time\" content=\"2026-04-17T03:16:46+00:00\" \/>\n<meta property=\"og:image\" content=\"https:\/\/beyondx.se\/wp-content\/uploads\/2023\/09\/BXR1361-25_1.png\" \/>\n\t<meta property=\"og:image:width\" content=\"800\" \/>\n\t<meta property=\"og:image:height\" content=\"782\" \/>\n\t<meta property=\"og:image:type\" content=\"image\/png\" \/>\n<meta name=\"twitter:card\" content=\"summary_large_image\" \/>\n<script type=\"application\/ld+json\" class=\"yoast-schema-graph\">{\"@context\":\"https:\/\/schema.org\",\"@graph\":[{\"@type\":\"WebPage\",\"@id\":\"https:\/\/beyondx.se\/no\/produkt\/bxr43-duved-if-gs-icke-fis-cp1173\/\",\"url\":\"https:\/\/beyondx.se\/no\/produkt\/bxr43-duved-if-gs-icke-fis-cp1173\/\",\"name\":\"BXR43 Duved IF GS Suit no fis - Beyond-X\",\"isPartOf\":{\"@id\":\"https:\/\/beyondx.se\/no\/#website\"},\"datePublished\":\"2023-04-21T10:43:57+00:00\",\"dateModified\":\"2026-04-17T03:16:46+00:00\",\"breadcrumb\":{\"@id\":\"https:\/\/beyondx.se\/no\/produkt\/bxr43-duved-if-gs-icke-fis-cp1173\/#breadcrumb\"},\"inLanguage\":\"nb-NO\",\"potentialAction\":[{\"@type\":\"ReadAction\",\"target\":[\"https:\/\/beyondx.se\/no\/produkt\/bxr43-duved-if-gs-icke-fis-cp1173\/\"]}]},{\"@type\":\"BreadcrumbList\",\"@id\":\"https:\/\/beyondx.se\/no\/produkt\/bxr43-duved-if-gs-icke-fis-cp1173\/#breadcrumb\",\"itemListElement\":[{\"@type\":\"ListItem\",\"position\":1,\"name\":\"Hem\",\"item\":\"https:\/\/beyondx.se\/no\/\"},{\"@type\":\"ListItem\",\"position\":2,\"name\":\"Butik\",\"item\":\"https:\/\/beyondx.se\/no\/butik\/\"},{\"@type\":\"ListItem\",\"position\":3,\"name\":\"BXR43 Duved IF GS Suit no fis\"}]},{\"@type\":\"WebSite\",\"@id\":\"https:\/\/beyondx.se\/no\/#website\",\"url\":\"https:\/\/beyondx.se\/no\/\",\"name\":\"Beyond-X\",\"description\":\"No Bullshit Ski Wear\",\"publisher\":{\"@id\":\"https:\/\/beyondx.se\/no\/#organization\"},\"potentialAction\":[{\"@type\":\"SearchAction\",\"target\":{\"@type\":\"EntryPoint\",\"urlTemplate\":\"https:\/\/beyondx.se\/no\/?s={search_term_string}\"},\"query-input\":\"required name=search_term_string\"}],\"inLanguage\":\"nb-NO\"},{\"@type\":\"Organization\",\"@id\":\"https:\/\/beyondx.se\/no\/#organization\",\"name\":\"B-stedt of Sweden AB\",\"url\":\"https:\/\/beyondx.se\/no\/\",\"logo\":{\"@type\":\"ImageObject\",\"inLanguage\":\"nb-NO\",\"@id\":\"https:\/\/beyondx.se\/no\/#\/schema\/logo\/image\/\",\"url\":\"https:\/\/beyondx.se\/wp-content\/uploads\/2023\/08\/bx-logo.svg\",\"contentUrl\":\"https:\/\/beyondx.se\/wp-content\/uploads\/2023\/08\/bx-logo.svg\",\"width\":1,\"height\":1,\"caption\":\"B-stedt of Sweden AB\"},\"image\":{\"@id\":\"https:\/\/beyondx.se\/no\/#\/schema\/logo\/image\/\"}}]}<\/script>\n<!-- \/ Yoast SEO plugin. -->","yoast_head_json":{"title":"BXR43 Duved IF GS Suit no fis - Beyond-X","robots":{"index":"index","follow":"follow","max-snippet":"max-snippet:-1","max-image-preview":"max-image-preview:large","max-video-preview":"max-video-preview:-1"},"canonical":"https:\/\/beyondx.se\/no\/produkt\/bxr43-duved-if-gs-icke-fis-cp1173\/","og_locale":"nb_NO","og_type":"article","og_title":"BXR43 Duved IF GS Suit no fis - Beyond-X","og_description":"Klubbdr\u00e4kt Digitally Printed, i v\u00e5rat Icke FIS godk\u00e4nda tyg som nopprar mindre. V\u00e4nligen notera att BXR42\/43 tyget \u00e4r mindre elastiskt j\u00e4mf\u00f6rt med BXR46\/47 och d\u00e4rmed b\u00f6r man ta en st\u00f6rre storlek om man \u00e4r p\u00e5 gr\u00e4nsen till n\u00e4sta storlek i tabellen.","og_url":"https:\/\/beyondx.se\/no\/produkt\/bxr43-duved-if-gs-icke-fis-cp1173\/","og_site_name":"Beyond-X","article_modified_time":"2026-04-17T03:16:46+00:00","og_image":[{"width":800,"height":782,"url":"https:\/\/beyondx.se\/wp-content\/uploads\/2023\/09\/BXR1361-25_1.png","type":"image\/png"}],"twitter_card":"summary_large_image","schema":{"@context":"https:\/\/schema.org","@graph":[{"@type":"WebPage","@id":"https:\/\/beyondx.se\/no\/produkt\/bxr43-duved-if-gs-icke-fis-cp1173\/","url":"https:\/\/beyondx.se\/no\/produkt\/bxr43-duved-if-gs-icke-fis-cp1173\/","name":"BXR43 Duved IF GS Suit no fis - Beyond-X","isPartOf":{"@id":"https:\/\/beyondx.se\/no\/#website"},"datePublished":"2023-04-21T10:43:57+00:00","dateModified":"2026-04-17T03:16:46+00:00","breadcrumb":{"@id":"https:\/\/beyondx.se\/no\/produkt\/bxr43-duved-if-gs-icke-fis-cp1173\/#breadcrumb"},"inLanguage":"nb-NO","potentialAction":[{"@type":"ReadAction","target":["https:\/\/beyondx.se\/no\/produkt\/bxr43-duved-if-gs-icke-fis-cp1173\/"]}]},{"@type":"BreadcrumbList","@id":"https:\/\/beyondx.se\/no\/produkt\/bxr43-duved-if-gs-icke-fis-cp1173\/#breadcrumb","itemListElement":[{"@type":"ListItem","position":1,"name":"Hem","item":"https:\/\/beyondx.se\/no\/"},{"@type":"ListItem","position":2,"name":"Butik","item":"https:\/\/beyondx.se\/no\/butik\/"},{"@type":"ListItem","position":3,"name":"BXR43 Duved IF GS Suit no fis"}]},{"@type":"WebSite","@id":"https:\/\/beyondx.se\/no\/#website","url":"https:\/\/beyondx.se\/no\/","name":"Beyond-X","description":"No Bullshit Ski Wear","publisher":{"@id":"https:\/\/beyondx.se\/no\/#organization"},"potentialAction":[{"@type":"SearchAction","target":{"@type":"EntryPoint","urlTemplate":"https:\/\/beyondx.se\/no\/?s={search_term_string}"},"query-input":"required name=search_term_string"}],"inLanguage":"nb-NO"},{"@type":"Organization","@id":"https:\/\/beyondx.se\/no\/#organization","name":"B-stedt of Sweden AB","url":"https:\/\/beyondx.se\/no\/","logo":{"@type":"ImageObject","inLanguage":"nb-NO","@id":"https:\/\/beyondx.se\/no\/#\/schema\/logo\/image\/","url":"https:\/\/beyondx.se\/wp-content\/uploads\/2023\/08\/bx-logo.svg","contentUrl":"https:\/\/beyondx.se\/wp-content\/uploads\/2023\/08\/bx-logo.svg","width":1,"height":1,"caption":"B-stedt of Sweden AB"},"image":{"@id":"https:\/\/beyondx.se\/no\/#\/schema\/logo\/image\/"}}]}},"_links":{"self":[{"href":"https:\/\/beyondx.se\/no\/wp-json\/wp\/v2\/product\/13109","targetHints":{"allow":["GET"]}}],"collection":[{"href":"https:\/\/beyondx.se\/no\/wp-json\/wp\/v2\/product"}],"about":[{"href":"https:\/\/beyondx.se\/no\/wp-json\/wp\/v2\/types\/product"}],"wp:featuredmedia":[{"embeddable":true,"href":"https:\/\/beyondx.se\/no\/wp-json\/wp\/v2\/media\/150036"}],"wp:attachment":[{"href":"https:\/\/beyondx.se\/no\/wp-json\/wp\/v2\/media?parent=13109"}],"wp:term":[{"taxonomy":"product_cat","embeddable":true,"href":"https:\/\/beyondx.se\/no\/wp-json\/wp\/v2\/product_cat?post=13109"},{"taxonomy":"product_tag","embeddable":true,"href":"https:\/\/beyondx.se\/no\/wp-json\/wp\/v2\/product_tag?post=13109"}],"curies":[{"name":"wp","href":"https:\/\/api.w.org\/{rel}","templated":true}]}}