{"id":13466,"date":"2023-04-21T12:46:39","date_gmt":"2023-04-21T10:46:39","guid":{"rendered":"https:\/\/beta.karlskogawebbyra.se\/beyond\/product\/41-mm-borr-for-xbase-spets-inomhus\/"},"modified":"2026-05-05T11:05:08","modified_gmt":"2026-05-05T09:05:08","slug":"41-mm-borr-for-xbase-spets-inomhus","status":"publish","type":"product","link":"https:\/\/beyondx.se\/no\/produkt\/41-mm-borr-for-xbase-spets-inomhus\/","title":{"rendered":"Drill Bit 41mm \u00f8 x 46cm, carbide tip (for XBase indoor halls"},"content":{"rendered":"<p>SLO41 \/ 2441mm borrst\u00e5l med 24cm stopp f\u00f6r anv\u00e4nding i inomhushallar med<br \/>\nrestriktioner f\u00f6r borrdjup.<\/p>\n<p>Borrst\u00e5let har tillskillnad fr\u00e5n v\u00e5ra \u00f6vriga st\u00e5l endast ett borrhuvud, \u00e4ven detta ett krav fr\u00e5n alpina inomhushallar.<\/p>\n","protected":false},"excerpt":{"rendered":"SLO41 \/ 2441mm borrst\u00e5l med 24cm stopp f\u00f6r anv\u00e4nding i inomhushallar med<br \/>restriktioner f\u00f6r borrdjup.<br \/><br \/>Borrst\u00e5let har tillskillnad fr\u00e5n v\u00e5ra \u00f6vriga st\u00e5l endast ett borrhuvud, \u00e4ven detta ett krav fr\u00e5n alpina inomhushallar.","protected":false},"featured_media":133901,"template":"","meta":[],"product_cat":[148,163],"product_tag":[],"class_list":["post-13466","product","type-product","status-publish","has-post-thumbnail","hentry","product_cat-skidanlaggning","product_cat-borrning","brands-beyond-x","fpd-variation-needed"],"yoast_head":"<!-- This site is optimized with the Yoast SEO plugin v21.0 - https:\/\/yoast.com\/wordpress\/plugins\/seo\/ -->\n<title>Drill Bit 41mm \u00f8 x 46cm, carbide tip (for XBase indoor halls - Beyond-X<\/title>\n<meta name=\"robots\" content=\"index, follow, max-snippet:-1, max-image-preview:large, max-video-preview:-1\" \/>\n<link rel=\"canonical\" href=\"https:\/\/beyondx.se\/no\/produkt\/41-mm-borr-for-xbase-spets-inomhus\/\" \/>\n<meta property=\"og:locale\" content=\"nb_NO\" \/>\n<meta property=\"og:type\" content=\"article\" \/>\n<meta property=\"og:title\" content=\"Drill Bit 41mm \u00f8 x 46cm, carbide tip (for XBase indoor halls - Beyond-X\" \/>\n<meta property=\"og:description\" content=\"SLO41 \/ 2441mm borrst\u00e5l med 24cm stopp f\u00f6r anv\u00e4nding i inomhushallar medrestriktioner f\u00f6r borrdjup.Borrst\u00e5let har tillskillnad fr\u00e5n v\u00e5ra \u00f6vriga st\u00e5l endast ett borrhuvud, \u00e4ven detta ett krav fr\u00e5n alpina inomhushallar.\" \/>\n<meta property=\"og:url\" content=\"https:\/\/beyondx.se\/no\/produkt\/41-mm-borr-for-xbase-spets-inomhus\/\" \/>\n<meta property=\"og:site_name\" content=\"Beyond-X\" \/>\n<meta property=\"article:modified_time\" content=\"2026-05-05T09:05:08+00:00\" \/>\n<meta property=\"og:image\" content=\"https:\/\/beyondx.se\/wp-content\/uploads\/2023\/10\/SLO41-24_1-16.png\" \/>\n\t<meta property=\"og:image:width\" content=\"441\" \/>\n\t<meta property=\"og:image:height\" content=\"437\" \/>\n\t<meta property=\"og:image:type\" content=\"image\/png\" \/>\n<meta name=\"twitter:card\" content=\"summary_large_image\" \/>\n<meta name=\"twitter:label1\" content=\"Ansl. lesetid\" \/>\n\t<meta name=\"twitter:data1\" content=\"1 minutt\" \/>\n<script type=\"application\/ld+json\" class=\"yoast-schema-graph\">{\"@context\":\"https:\/\/schema.org\",\"@graph\":[{\"@type\":\"WebPage\",\"@id\":\"https:\/\/beyondx.se\/no\/produkt\/41-mm-borr-for-xbase-spets-inomhus\/\",\"url\":\"https:\/\/beyondx.se\/no\/produkt\/41-mm-borr-for-xbase-spets-inomhus\/\",\"name\":\"Drill Bit 41mm \u00f8 x 46cm, carbide tip (for XBase indoor halls - Beyond-X\",\"isPartOf\":{\"@id\":\"https:\/\/beyondx.se\/no\/#website\"},\"datePublished\":\"2023-04-21T10:46:39+00:00\",\"dateModified\":\"2026-05-05T09:05:08+00:00\",\"breadcrumb\":{\"@id\":\"https:\/\/beyondx.se\/no\/produkt\/41-mm-borr-for-xbase-spets-inomhus\/#breadcrumb\"},\"inLanguage\":\"nb-NO\",\"potentialAction\":[{\"@type\":\"ReadAction\",\"target\":[\"https:\/\/beyondx.se\/no\/produkt\/41-mm-borr-for-xbase-spets-inomhus\/\"]}]},{\"@type\":\"BreadcrumbList\",\"@id\":\"https:\/\/beyondx.se\/no\/produkt\/41-mm-borr-for-xbase-spets-inomhus\/#breadcrumb\",\"itemListElement\":[{\"@type\":\"ListItem\",\"position\":1,\"name\":\"Hem\",\"item\":\"https:\/\/beyondx.se\/no\/\"},{\"@type\":\"ListItem\",\"position\":2,\"name\":\"Butik\",\"item\":\"https:\/\/beyondx.se\/no\/butik\/\"},{\"@type\":\"ListItem\",\"position\":3,\"name\":\"Drill Bit 41mm \u00f8 x 46cm, carbide tip (for XBase indoor halls\"}]},{\"@type\":\"WebSite\",\"@id\":\"https:\/\/beyondx.se\/no\/#website\",\"url\":\"https:\/\/beyondx.se\/no\/\",\"name\":\"Beyond-X\",\"description\":\"No Bullshit Ski Wear\",\"publisher\":{\"@id\":\"https:\/\/beyondx.se\/no\/#organization\"},\"potentialAction\":[{\"@type\":\"SearchAction\",\"target\":{\"@type\":\"EntryPoint\",\"urlTemplate\":\"https:\/\/beyondx.se\/no\/?s={search_term_string}\"},\"query-input\":\"required name=search_term_string\"}],\"inLanguage\":\"nb-NO\"},{\"@type\":\"Organization\",\"@id\":\"https:\/\/beyondx.se\/no\/#organization\",\"name\":\"B-stedt of Sweden AB\",\"url\":\"https:\/\/beyondx.se\/no\/\",\"logo\":{\"@type\":\"ImageObject\",\"inLanguage\":\"nb-NO\",\"@id\":\"https:\/\/beyondx.se\/no\/#\/schema\/logo\/image\/\",\"url\":\"https:\/\/beyondx.se\/wp-content\/uploads\/2023\/08\/bx-logo.svg\",\"contentUrl\":\"https:\/\/beyondx.se\/wp-content\/uploads\/2023\/08\/bx-logo.svg\",\"width\":1,\"height\":1,\"caption\":\"B-stedt of Sweden AB\"},\"image\":{\"@id\":\"https:\/\/beyondx.se\/no\/#\/schema\/logo\/image\/\"}}]}<\/script>\n<!-- \/ Yoast SEO plugin. -->","yoast_head_json":{"title":"Drill Bit 41mm \u00f8 x 46cm, carbide tip (for XBase indoor halls - Beyond-X","robots":{"index":"index","follow":"follow","max-snippet":"max-snippet:-1","max-image-preview":"max-image-preview:large","max-video-preview":"max-video-preview:-1"},"canonical":"https:\/\/beyondx.se\/no\/produkt\/41-mm-borr-for-xbase-spets-inomhus\/","og_locale":"nb_NO","og_type":"article","og_title":"Drill Bit 41mm \u00f8 x 46cm, carbide tip (for XBase indoor halls - Beyond-X","og_description":"SLO41 \/ 2441mm borrst\u00e5l med 24cm stopp f\u00f6r anv\u00e4nding i inomhushallar medrestriktioner f\u00f6r borrdjup.Borrst\u00e5let har tillskillnad fr\u00e5n v\u00e5ra \u00f6vriga st\u00e5l endast ett borrhuvud, \u00e4ven detta ett krav fr\u00e5n alpina inomhushallar.","og_url":"https:\/\/beyondx.se\/no\/produkt\/41-mm-borr-for-xbase-spets-inomhus\/","og_site_name":"Beyond-X","article_modified_time":"2026-05-05T09:05:08+00:00","og_image":[{"width":441,"height":437,"url":"https:\/\/beyondx.se\/wp-content\/uploads\/2023\/10\/SLO41-24_1-16.png","type":"image\/png"}],"twitter_card":"summary_large_image","twitter_misc":{"Ansl. lesetid":"1 minutt"},"schema":{"@context":"https:\/\/schema.org","@graph":[{"@type":"WebPage","@id":"https:\/\/beyondx.se\/no\/produkt\/41-mm-borr-for-xbase-spets-inomhus\/","url":"https:\/\/beyondx.se\/no\/produkt\/41-mm-borr-for-xbase-spets-inomhus\/","name":"Drill Bit 41mm \u00f8 x 46cm, carbide tip (for XBase indoor halls - Beyond-X","isPartOf":{"@id":"https:\/\/beyondx.se\/no\/#website"},"datePublished":"2023-04-21T10:46:39+00:00","dateModified":"2026-05-05T09:05:08+00:00","breadcrumb":{"@id":"https:\/\/beyondx.se\/no\/produkt\/41-mm-borr-for-xbase-spets-inomhus\/#breadcrumb"},"inLanguage":"nb-NO","potentialAction":[{"@type":"ReadAction","target":["https:\/\/beyondx.se\/no\/produkt\/41-mm-borr-for-xbase-spets-inomhus\/"]}]},{"@type":"BreadcrumbList","@id":"https:\/\/beyondx.se\/no\/produkt\/41-mm-borr-for-xbase-spets-inomhus\/#breadcrumb","itemListElement":[{"@type":"ListItem","position":1,"name":"Hem","item":"https:\/\/beyondx.se\/no\/"},{"@type":"ListItem","position":2,"name":"Butik","item":"https:\/\/beyondx.se\/no\/butik\/"},{"@type":"ListItem","position":3,"name":"Drill Bit 41mm \u00f8 x 46cm, carbide tip (for XBase indoor halls"}]},{"@type":"WebSite","@id":"https:\/\/beyondx.se\/no\/#website","url":"https:\/\/beyondx.se\/no\/","name":"Beyond-X","description":"No Bullshit Ski Wear","publisher":{"@id":"https:\/\/beyondx.se\/no\/#organization"},"potentialAction":[{"@type":"SearchAction","target":{"@type":"EntryPoint","urlTemplate":"https:\/\/beyondx.se\/no\/?s={search_term_string}"},"query-input":"required name=search_term_string"}],"inLanguage":"nb-NO"},{"@type":"Organization","@id":"https:\/\/beyondx.se\/no\/#organization","name":"B-stedt of Sweden AB","url":"https:\/\/beyondx.se\/no\/","logo":{"@type":"ImageObject","inLanguage":"nb-NO","@id":"https:\/\/beyondx.se\/no\/#\/schema\/logo\/image\/","url":"https:\/\/beyondx.se\/wp-content\/uploads\/2023\/08\/bx-logo.svg","contentUrl":"https:\/\/beyondx.se\/wp-content\/uploads\/2023\/08\/bx-logo.svg","width":1,"height":1,"caption":"B-stedt of Sweden AB"},"image":{"@id":"https:\/\/beyondx.se\/no\/#\/schema\/logo\/image\/"}}]}},"_links":{"self":[{"href":"https:\/\/beyondx.se\/no\/wp-json\/wp\/v2\/product\/13466","targetHints":{"allow":["GET"]}}],"collection":[{"href":"https:\/\/beyondx.se\/no\/wp-json\/wp\/v2\/product"}],"about":[{"href":"https:\/\/beyondx.se\/no\/wp-json\/wp\/v2\/types\/product"}],"wp:featuredmedia":[{"embeddable":true,"href":"https:\/\/beyondx.se\/no\/wp-json\/wp\/v2\/media\/133901"}],"wp:attachment":[{"href":"https:\/\/beyondx.se\/no\/wp-json\/wp\/v2\/media?parent=13466"}],"wp:term":[{"taxonomy":"product_cat","embeddable":true,"href":"https:\/\/beyondx.se\/no\/wp-json\/wp\/v2\/product_cat?post=13466"},{"taxonomy":"product_tag","embeddable":true,"href":"https:\/\/beyondx.se\/no\/wp-json\/wp\/v2\/product_tag?post=13466"}],"curies":[{"name":"wp","href":"https:\/\/api.w.org\/{rel}","templated":true}]}}