{"id":13477,"date":"2023-04-21T12:46:42","date_gmt":"2023-04-21T10:46:42","guid":{"rendered":"https:\/\/beta.karlskogawebbyra.se\/beyond\/product\/replacement-hard-metal-points-38-44-mm\/"},"modified":"2026-04-20T11:19:36","modified_gmt":"2026-04-20T09:19:36","slug":"replacement-hard-metal-points-38-44-mm","status":"publish","type":"product","link":"https:\/\/beyondx.se\/no\/produkt\/replacement-hard-metal-points-38-44-mm\/","title":{"rendered":"Set of replacement hard metal points for 38, 41 &amp; 44mm drill"},"content":{"rendered":"","protected":false},"excerpt":{"rendered":"Extra sk\u00e4rst\u00e5l till Orange Fox borr 38-44 mm.  Kan roteras upp till 5 g\u00e5nger f\u00f6r ny vass yta innan byte.","protected":false},"featured_media":19798,"template":"","meta":[],"product_cat":[148,163],"product_tag":[],"class_list":["post-13477","product","type-product","status-publish","has-post-thumbnail","hentry","product_cat-skidanlaggning","product_cat-borrning","brands-orange-fox","fpd-variation-needed"],"yoast_head":"<!-- This site is optimized with the Yoast SEO plugin v21.0 - https:\/\/yoast.com\/wordpress\/plugins\/seo\/ -->\n<title>Set of replacement hard metal points for 38, 41 &amp; 44mm drill - Beyond-X<\/title>\n<meta name=\"robots\" content=\"index, follow, max-snippet:-1, max-image-preview:large, max-video-preview:-1\" \/>\n<link rel=\"canonical\" href=\"https:\/\/beyondx.se\/no\/produkt\/replacement-hard-metal-points-38-44-mm\/\" \/>\n<meta property=\"og:locale\" content=\"nb_NO\" \/>\n<meta property=\"og:type\" content=\"article\" \/>\n<meta property=\"og:title\" content=\"Set of replacement hard metal points for 38, 41 &amp; 44mm drill - Beyond-X\" \/>\n<meta property=\"og:description\" content=\"Extra sk\u00e4rst\u00e5l till Orange Fox borr 38-44 mm. Kan roteras upp till 5 g\u00e5nger f\u00f6r ny vass yta innan byte.\" \/>\n<meta property=\"og:url\" content=\"https:\/\/beyondx.se\/no\/produkt\/replacement-hard-metal-points-38-44-mm\/\" \/>\n<meta property=\"og:site_name\" content=\"Beyond-X\" \/>\n<meta property=\"article:modified_time\" content=\"2026-04-20T09:19:36+00:00\" \/>\n<meta property=\"og:image\" content=\"https:\/\/beyondx.se\/wp-content\/uploads\/2023\/06\/OF38-41-44R_1.png\" \/>\n\t<meta property=\"og:image:width\" content=\"400\" \/>\n\t<meta property=\"og:image:height\" content=\"228\" \/>\n\t<meta property=\"og:image:type\" content=\"image\/png\" \/>\n<meta name=\"twitter:card\" content=\"summary_large_image\" \/>\n<script type=\"application\/ld+json\" class=\"yoast-schema-graph\">{\"@context\":\"https:\/\/schema.org\",\"@graph\":[{\"@type\":\"WebPage\",\"@id\":\"https:\/\/beyondx.se\/no\/produkt\/replacement-hard-metal-points-38-44-mm\/\",\"url\":\"https:\/\/beyondx.se\/no\/produkt\/replacement-hard-metal-points-38-44-mm\/\",\"name\":\"Set of replacement hard metal points for 38, 41 &amp; 44mm drill - Beyond-X\",\"isPartOf\":{\"@id\":\"https:\/\/beyondx.se\/no\/#website\"},\"datePublished\":\"2023-04-21T10:46:42+00:00\",\"dateModified\":\"2026-04-20T09:19:36+00:00\",\"breadcrumb\":{\"@id\":\"https:\/\/beyondx.se\/no\/produkt\/replacement-hard-metal-points-38-44-mm\/#breadcrumb\"},\"inLanguage\":\"nb-NO\",\"potentialAction\":[{\"@type\":\"ReadAction\",\"target\":[\"https:\/\/beyondx.se\/no\/produkt\/replacement-hard-metal-points-38-44-mm\/\"]}]},{\"@type\":\"BreadcrumbList\",\"@id\":\"https:\/\/beyondx.se\/no\/produkt\/replacement-hard-metal-points-38-44-mm\/#breadcrumb\",\"itemListElement\":[{\"@type\":\"ListItem\",\"position\":1,\"name\":\"Hem\",\"item\":\"https:\/\/beyondx.se\/no\/\"},{\"@type\":\"ListItem\",\"position\":2,\"name\":\"Butik\",\"item\":\"https:\/\/beyondx.se\/no\/butik\/\"},{\"@type\":\"ListItem\",\"position\":3,\"name\":\"Set of replacement hard metal points for 38, 41 &amp; 44mm drill\"}]},{\"@type\":\"WebSite\",\"@id\":\"https:\/\/beyondx.se\/no\/#website\",\"url\":\"https:\/\/beyondx.se\/no\/\",\"name\":\"Beyond-X\",\"description\":\"No Bullshit Ski Wear\",\"publisher\":{\"@id\":\"https:\/\/beyondx.se\/no\/#organization\"},\"potentialAction\":[{\"@type\":\"SearchAction\",\"target\":{\"@type\":\"EntryPoint\",\"urlTemplate\":\"https:\/\/beyondx.se\/no\/?s={search_term_string}\"},\"query-input\":\"required name=search_term_string\"}],\"inLanguage\":\"nb-NO\"},{\"@type\":\"Organization\",\"@id\":\"https:\/\/beyondx.se\/no\/#organization\",\"name\":\"B-stedt of Sweden AB\",\"url\":\"https:\/\/beyondx.se\/no\/\",\"logo\":{\"@type\":\"ImageObject\",\"inLanguage\":\"nb-NO\",\"@id\":\"https:\/\/beyondx.se\/no\/#\/schema\/logo\/image\/\",\"url\":\"https:\/\/beyondx.se\/wp-content\/uploads\/2023\/08\/bx-logo.svg\",\"contentUrl\":\"https:\/\/beyondx.se\/wp-content\/uploads\/2023\/08\/bx-logo.svg\",\"width\":1,\"height\":1,\"caption\":\"B-stedt of Sweden AB\"},\"image\":{\"@id\":\"https:\/\/beyondx.se\/no\/#\/schema\/logo\/image\/\"}}]}<\/script>\n<!-- \/ Yoast SEO plugin. -->","yoast_head_json":{"title":"Set of replacement hard metal points for 38, 41 &amp; 44mm drill - Beyond-X","robots":{"index":"index","follow":"follow","max-snippet":"max-snippet:-1","max-image-preview":"max-image-preview:large","max-video-preview":"max-video-preview:-1"},"canonical":"https:\/\/beyondx.se\/no\/produkt\/replacement-hard-metal-points-38-44-mm\/","og_locale":"nb_NO","og_type":"article","og_title":"Set of replacement hard metal points for 38, 41 &amp; 44mm drill - Beyond-X","og_description":"Extra sk\u00e4rst\u00e5l till Orange Fox borr 38-44 mm. Kan roteras upp till 5 g\u00e5nger f\u00f6r ny vass yta innan byte.","og_url":"https:\/\/beyondx.se\/no\/produkt\/replacement-hard-metal-points-38-44-mm\/","og_site_name":"Beyond-X","article_modified_time":"2026-04-20T09:19:36+00:00","og_image":[{"width":400,"height":228,"url":"https:\/\/beyondx.se\/wp-content\/uploads\/2023\/06\/OF38-41-44R_1.png","type":"image\/png"}],"twitter_card":"summary_large_image","schema":{"@context":"https:\/\/schema.org","@graph":[{"@type":"WebPage","@id":"https:\/\/beyondx.se\/no\/produkt\/replacement-hard-metal-points-38-44-mm\/","url":"https:\/\/beyondx.se\/no\/produkt\/replacement-hard-metal-points-38-44-mm\/","name":"Set of replacement hard metal points for 38, 41 &amp; 44mm drill - Beyond-X","isPartOf":{"@id":"https:\/\/beyondx.se\/no\/#website"},"datePublished":"2023-04-21T10:46:42+00:00","dateModified":"2026-04-20T09:19:36+00:00","breadcrumb":{"@id":"https:\/\/beyondx.se\/no\/produkt\/replacement-hard-metal-points-38-44-mm\/#breadcrumb"},"inLanguage":"nb-NO","potentialAction":[{"@type":"ReadAction","target":["https:\/\/beyondx.se\/no\/produkt\/replacement-hard-metal-points-38-44-mm\/"]}]},{"@type":"BreadcrumbList","@id":"https:\/\/beyondx.se\/no\/produkt\/replacement-hard-metal-points-38-44-mm\/#breadcrumb","itemListElement":[{"@type":"ListItem","position":1,"name":"Hem","item":"https:\/\/beyondx.se\/no\/"},{"@type":"ListItem","position":2,"name":"Butik","item":"https:\/\/beyondx.se\/no\/butik\/"},{"@type":"ListItem","position":3,"name":"Set of replacement hard metal points for 38, 41 &amp; 44mm drill"}]},{"@type":"WebSite","@id":"https:\/\/beyondx.se\/no\/#website","url":"https:\/\/beyondx.se\/no\/","name":"Beyond-X","description":"No Bullshit Ski Wear","publisher":{"@id":"https:\/\/beyondx.se\/no\/#organization"},"potentialAction":[{"@type":"SearchAction","target":{"@type":"EntryPoint","urlTemplate":"https:\/\/beyondx.se\/no\/?s={search_term_string}"},"query-input":"required name=search_term_string"}],"inLanguage":"nb-NO"},{"@type":"Organization","@id":"https:\/\/beyondx.se\/no\/#organization","name":"B-stedt of Sweden AB","url":"https:\/\/beyondx.se\/no\/","logo":{"@type":"ImageObject","inLanguage":"nb-NO","@id":"https:\/\/beyondx.se\/no\/#\/schema\/logo\/image\/","url":"https:\/\/beyondx.se\/wp-content\/uploads\/2023\/08\/bx-logo.svg","contentUrl":"https:\/\/beyondx.se\/wp-content\/uploads\/2023\/08\/bx-logo.svg","width":1,"height":1,"caption":"B-stedt of Sweden AB"},"image":{"@id":"https:\/\/beyondx.se\/no\/#\/schema\/logo\/image\/"}}]}},"_links":{"self":[{"href":"https:\/\/beyondx.se\/no\/wp-json\/wp\/v2\/product\/13477","targetHints":{"allow":["GET"]}}],"collection":[{"href":"https:\/\/beyondx.se\/no\/wp-json\/wp\/v2\/product"}],"about":[{"href":"https:\/\/beyondx.se\/no\/wp-json\/wp\/v2\/types\/product"}],"wp:featuredmedia":[{"embeddable":true,"href":"https:\/\/beyondx.se\/no\/wp-json\/wp\/v2\/media\/19798"}],"wp:attachment":[{"href":"https:\/\/beyondx.se\/no\/wp-json\/wp\/v2\/media?parent=13477"}],"wp:term":[{"taxonomy":"product_cat","embeddable":true,"href":"https:\/\/beyondx.se\/no\/wp-json\/wp\/v2\/product_cat?post=13477"},{"taxonomy":"product_tag","embeddable":true,"href":"https:\/\/beyondx.se\/no\/wp-json\/wp\/v2\/product_tag?post=13477"}],"curies":[{"name":"wp","href":"https:\/\/api.w.org\/{rel}","templated":true}]}}