{"id":135647,"date":"2023-12-06T17:20:43","date_gmt":"2023-12-06T16:20:43","guid":{"rendered":"https:\/\/beyondx.se\/product\/baui-lekfigur-60x100x10cm-ink-atervunna-kapp\/"},"modified":"2026-05-05T06:06:47","modified_gmt":"2026-05-05T04:06:47","slug":"baui-lekfigur-60x100x10cm-ink-atervunna-kapp","status":"publish","type":"product","link":"https:\/\/beyondx.se\/no\/produkt\/baui-lekfigur-60x100x10cm-ink-atervunna-kapp\/","title":{"rendered":"Baui lekfigur l\u00e4ngd. Ink \u00e5tervunna k\u00e4pp"},"content":{"rendered":"","protected":false},"excerpt":{"rendered":"<p>Lekfigur f&#246;r l&#228;ngdlekis i sammarbete med Bauhaus och Svenska skidf&#246;rbundet l&#228;ngd.<\/p><p>Ett roligt och trevlig inslag i lekomr&#229;det som uppmuntrar till skidkul!<\/p><p>&#160;<\/p><p>Kommer med tv&#229; st &#229;tervunna k&#228;ppar att f&#228;sta i sn&#246;n.&#160;<\/p><p>&#160;<\/p>","protected":false},"featured_media":135645,"template":"","meta":[],"product_cat":[1422],"product_tag":[],"class_list":["post-135647","product","type-product","status-publish","has-post-thumbnail","hentry","product_cat-langdlekis","brands-beyond-x","fpd-variation-needed"],"yoast_head":"<!-- This site is optimized with the Yoast SEO plugin v21.0 - https:\/\/yoast.com\/wordpress\/plugins\/seo\/ -->\n<title>Baui lekfigur l\u00e4ngd. Ink \u00e5tervunna k\u00e4pp - Beyond-X<\/title>\n<meta name=\"robots\" content=\"index, follow, max-snippet:-1, max-image-preview:large, max-video-preview:-1\" \/>\n<link rel=\"canonical\" href=\"https:\/\/beyondx.se\/no\/produkt\/baui-lekfigur-60x100x10cm-ink-atervunna-kapp\/\" \/>\n<meta property=\"og:locale\" content=\"nb_NO\" \/>\n<meta property=\"og:type\" content=\"article\" \/>\n<meta property=\"og:title\" content=\"Baui lekfigur l\u00e4ngd. Ink \u00e5tervunna k\u00e4pp - Beyond-X\" \/>\n<meta property=\"og:description\" content=\"Lekfigur f&#246;r l&#228;ngdlekis i sammarbete med Bauhaus och Svenska skidf&#246;rbundet l&#228;ngd.Ett roligt och trevlig inslag i lekomr&#229;det som uppmuntrar till skidkul!&#160;Kommer med tv&#229; st &#229;tervunna k&#228;ppar att f&#228;sta i sn&#246;n.&#160;&#160;\" \/>\n<meta property=\"og:url\" content=\"https:\/\/beyondx.se\/no\/produkt\/baui-lekfigur-60x100x10cm-ink-atervunna-kapp\/\" \/>\n<meta property=\"og:site_name\" content=\"Beyond-X\" \/>\n<meta property=\"article:modified_time\" content=\"2026-05-05T04:06:47+00:00\" \/>\n<meta property=\"og:image\" content=\"https:\/\/beyondx.se\/wp-content\/uploads\/2023\/12\/FUN1000_1.jpg\" \/>\n\t<meta property=\"og:image:width\" content=\"800\" \/>\n\t<meta property=\"og:image:height\" content=\"800\" \/>\n\t<meta property=\"og:image:type\" content=\"image\/jpeg\" \/>\n<meta name=\"twitter:card\" content=\"summary_large_image\" \/>\n<script type=\"application\/ld+json\" class=\"yoast-schema-graph\">{\"@context\":\"https:\/\/schema.org\",\"@graph\":[{\"@type\":\"WebPage\",\"@id\":\"https:\/\/beyondx.se\/no\/produkt\/baui-lekfigur-60x100x10cm-ink-atervunna-kapp\/\",\"url\":\"https:\/\/beyondx.se\/no\/produkt\/baui-lekfigur-60x100x10cm-ink-atervunna-kapp\/\",\"name\":\"Baui lekfigur l\u00e4ngd. Ink \u00e5tervunna k\u00e4pp - Beyond-X\",\"isPartOf\":{\"@id\":\"https:\/\/beyondx.se\/no\/#website\"},\"datePublished\":\"2023-12-06T16:20:43+00:00\",\"dateModified\":\"2026-05-05T04:06:47+00:00\",\"breadcrumb\":{\"@id\":\"https:\/\/beyondx.se\/no\/produkt\/baui-lekfigur-60x100x10cm-ink-atervunna-kapp\/#breadcrumb\"},\"inLanguage\":\"nb-NO\",\"potentialAction\":[{\"@type\":\"ReadAction\",\"target\":[\"https:\/\/beyondx.se\/no\/produkt\/baui-lekfigur-60x100x10cm-ink-atervunna-kapp\/\"]}]},{\"@type\":\"BreadcrumbList\",\"@id\":\"https:\/\/beyondx.se\/no\/produkt\/baui-lekfigur-60x100x10cm-ink-atervunna-kapp\/#breadcrumb\",\"itemListElement\":[{\"@type\":\"ListItem\",\"position\":1,\"name\":\"Hem\",\"item\":\"https:\/\/beyondx.se\/no\/\"},{\"@type\":\"ListItem\",\"position\":2,\"name\":\"Butik\",\"item\":\"https:\/\/beyondx.se\/no\/butik\/\"},{\"@type\":\"ListItem\",\"position\":3,\"name\":\"Baui lekfigur l\u00e4ngd. Ink \u00e5tervunna k\u00e4pp\"}]},{\"@type\":\"WebSite\",\"@id\":\"https:\/\/beyondx.se\/no\/#website\",\"url\":\"https:\/\/beyondx.se\/no\/\",\"name\":\"Beyond-X\",\"description\":\"No Bullshit Ski Wear\",\"publisher\":{\"@id\":\"https:\/\/beyondx.se\/no\/#organization\"},\"potentialAction\":[{\"@type\":\"SearchAction\",\"target\":{\"@type\":\"EntryPoint\",\"urlTemplate\":\"https:\/\/beyondx.se\/no\/?s={search_term_string}\"},\"query-input\":\"required name=search_term_string\"}],\"inLanguage\":\"nb-NO\"},{\"@type\":\"Organization\",\"@id\":\"https:\/\/beyondx.se\/no\/#organization\",\"name\":\"B-stedt of Sweden AB\",\"url\":\"https:\/\/beyondx.se\/no\/\",\"logo\":{\"@type\":\"ImageObject\",\"inLanguage\":\"nb-NO\",\"@id\":\"https:\/\/beyondx.se\/no\/#\/schema\/logo\/image\/\",\"url\":\"https:\/\/beyondx.se\/wp-content\/uploads\/2023\/08\/bx-logo.svg\",\"contentUrl\":\"https:\/\/beyondx.se\/wp-content\/uploads\/2023\/08\/bx-logo.svg\",\"width\":1,\"height\":1,\"caption\":\"B-stedt of Sweden AB\"},\"image\":{\"@id\":\"https:\/\/beyondx.se\/no\/#\/schema\/logo\/image\/\"}}]}<\/script>\n<!-- \/ Yoast SEO plugin. -->","yoast_head_json":{"title":"Baui lekfigur l\u00e4ngd. Ink \u00e5tervunna k\u00e4pp - Beyond-X","robots":{"index":"index","follow":"follow","max-snippet":"max-snippet:-1","max-image-preview":"max-image-preview:large","max-video-preview":"max-video-preview:-1"},"canonical":"https:\/\/beyondx.se\/no\/produkt\/baui-lekfigur-60x100x10cm-ink-atervunna-kapp\/","og_locale":"nb_NO","og_type":"article","og_title":"Baui lekfigur l\u00e4ngd. Ink \u00e5tervunna k\u00e4pp - Beyond-X","og_description":"Lekfigur f&#246;r l&#228;ngdlekis i sammarbete med Bauhaus och Svenska skidf&#246;rbundet l&#228;ngd.Ett roligt och trevlig inslag i lekomr&#229;det som uppmuntrar till skidkul!&#160;Kommer med tv&#229; st &#229;tervunna k&#228;ppar att f&#228;sta i sn&#246;n.&#160;&#160;","og_url":"https:\/\/beyondx.se\/no\/produkt\/baui-lekfigur-60x100x10cm-ink-atervunna-kapp\/","og_site_name":"Beyond-X","article_modified_time":"2026-05-05T04:06:47+00:00","og_image":[{"width":800,"height":800,"url":"https:\/\/beyondx.se\/wp-content\/uploads\/2023\/12\/FUN1000_1.jpg","type":"image\/jpeg"}],"twitter_card":"summary_large_image","schema":{"@context":"https:\/\/schema.org","@graph":[{"@type":"WebPage","@id":"https:\/\/beyondx.se\/no\/produkt\/baui-lekfigur-60x100x10cm-ink-atervunna-kapp\/","url":"https:\/\/beyondx.se\/no\/produkt\/baui-lekfigur-60x100x10cm-ink-atervunna-kapp\/","name":"Baui lekfigur l\u00e4ngd. Ink \u00e5tervunna k\u00e4pp - Beyond-X","isPartOf":{"@id":"https:\/\/beyondx.se\/no\/#website"},"datePublished":"2023-12-06T16:20:43+00:00","dateModified":"2026-05-05T04:06:47+00:00","breadcrumb":{"@id":"https:\/\/beyondx.se\/no\/produkt\/baui-lekfigur-60x100x10cm-ink-atervunna-kapp\/#breadcrumb"},"inLanguage":"nb-NO","potentialAction":[{"@type":"ReadAction","target":["https:\/\/beyondx.se\/no\/produkt\/baui-lekfigur-60x100x10cm-ink-atervunna-kapp\/"]}]},{"@type":"BreadcrumbList","@id":"https:\/\/beyondx.se\/no\/produkt\/baui-lekfigur-60x100x10cm-ink-atervunna-kapp\/#breadcrumb","itemListElement":[{"@type":"ListItem","position":1,"name":"Hem","item":"https:\/\/beyondx.se\/no\/"},{"@type":"ListItem","position":2,"name":"Butik","item":"https:\/\/beyondx.se\/no\/butik\/"},{"@type":"ListItem","position":3,"name":"Baui lekfigur l\u00e4ngd. Ink \u00e5tervunna k\u00e4pp"}]},{"@type":"WebSite","@id":"https:\/\/beyondx.se\/no\/#website","url":"https:\/\/beyondx.se\/no\/","name":"Beyond-X","description":"No Bullshit Ski Wear","publisher":{"@id":"https:\/\/beyondx.se\/no\/#organization"},"potentialAction":[{"@type":"SearchAction","target":{"@type":"EntryPoint","urlTemplate":"https:\/\/beyondx.se\/no\/?s={search_term_string}"},"query-input":"required name=search_term_string"}],"inLanguage":"nb-NO"},{"@type":"Organization","@id":"https:\/\/beyondx.se\/no\/#organization","name":"B-stedt of Sweden AB","url":"https:\/\/beyondx.se\/no\/","logo":{"@type":"ImageObject","inLanguage":"nb-NO","@id":"https:\/\/beyondx.se\/no\/#\/schema\/logo\/image\/","url":"https:\/\/beyondx.se\/wp-content\/uploads\/2023\/08\/bx-logo.svg","contentUrl":"https:\/\/beyondx.se\/wp-content\/uploads\/2023\/08\/bx-logo.svg","width":1,"height":1,"caption":"B-stedt of Sweden AB"},"image":{"@id":"https:\/\/beyondx.se\/no\/#\/schema\/logo\/image\/"}}]}},"_links":{"self":[{"href":"https:\/\/beyondx.se\/no\/wp-json\/wp\/v2\/product\/135647","targetHints":{"allow":["GET"]}}],"collection":[{"href":"https:\/\/beyondx.se\/no\/wp-json\/wp\/v2\/product"}],"about":[{"href":"https:\/\/beyondx.se\/no\/wp-json\/wp\/v2\/types\/product"}],"wp:featuredmedia":[{"embeddable":true,"href":"https:\/\/beyondx.se\/no\/wp-json\/wp\/v2\/media\/135645"}],"wp:attachment":[{"href":"https:\/\/beyondx.se\/no\/wp-json\/wp\/v2\/media?parent=135647"}],"wp:term":[{"taxonomy":"product_cat","embeddable":true,"href":"https:\/\/beyondx.se\/no\/wp-json\/wp\/v2\/product_cat?post=135647"},{"taxonomy":"product_tag","embeddable":true,"href":"https:\/\/beyondx.se\/no\/wp-json\/wp\/v2\/product_tag?post=135647"}],"curies":[{"name":"wp","href":"https:\/\/api.w.org\/{rel}","templated":true}]}}