{"id":137050,"date":"2024-02-02T16:20:04","date_gmt":"2024-02-02T15:20:04","guid":{"rendered":"https:\/\/beyondx.se\/product\/zodiac-d400-bt\/"},"modified":"2026-05-14T07:56:24","modified_gmt":"2026-05-14T05:56:24","slug":"zodiac-d400-bt","status":"publish","type":"product","link":"https:\/\/beyondx.se\/no\/produkt\/zodiac-d400-bt\/","title":{"rendered":"Zodiac D400 BT"},"content":{"rendered":"<p>D400 BT \u00e4r kompatibel tillsammans med h\u00f6rselskydd med bl\u00e5tand fr\u00e5n exempelvis Hellberg och Peltor. Denna komradio levereras med de 24 st analoga och 34 st digitala licensfria kanaler p\u00e5 444 MHz + 446 MHz f\u00f6r omg\u00e5ende anv\u00e4ndning. Radion \u00e4r slitstark och klassificerad enligt b\u00e5de MIL-STD-810F samt IP67.<\/p>\n<p>Egenskaper:<br \/>\n\u2022 H\u00f6g kvalitet i ett litet format<br \/>\n\u2022 L\u00e5ng och s\u00e4kert drifttid<br \/>\n\u2022 Strykt\u00e5lig mot vatten och fall<br \/>\n\u2022 Kristallklart ljud och l\u00e5ng r\u00e4ckvidd<br \/>\n\u2022 Inbyggd bl\u00e5tand<br \/>\n\u2022 3 \u00e5rs garanti<\/p>\n<p>Tekniska specifikationer:<br \/>\nFrekvensomr\u00e5de: 406-470MHz<br \/>\nAntal kanaler: 24 analoga, 34 digitala samt<br \/>\n2000 programmerbara kanaler.<br \/>\nAntal pilottoner: 38 st<br \/>\nDimensioner hxbxd: 58x100x34 mm<br \/>\nVikt m\/batteri: 285 g<br \/>\nBatterikapacitet 2000 mAh<br \/>\nBatteritid enligt 5\/5\/90: 16 timmar<br \/>\nIP\/MIL- Standard: 810F<br \/>\nBluetooth: Ja<br \/>\nUteffekt 1W-5W<\/p>\n<p>Zodiac D400 BT levereras tillsammans med 2000 batteri, antenn, snabb bordsladdare, handrem och manual.<\/p>\n","protected":false},"excerpt":{"rendered":"<p>Zodiac D400 BT &#228;r flaggskeppet i Zodiacs nya D-serie. D400 BT &#228;r en komradio f&#246;r professionella anv&#228;ndare i robust och t&#229;lig design. Med det lilla formatet, den l&#228;tta vikten och det enkla handhavandet blir Zodiac D400 BT en av de starkaste produkterna p&#229; marknaden.<\/p>","protected":false},"featured_media":137048,"template":"","meta":[],"product_cat":[1379],"product_tag":[],"class_list":["post-137050","product","type-product","status-publish","has-post-thumbnail","hentry","product_cat-radio","brands-zodiac","fpd-variation-needed"],"yoast_head":"<!-- This site is optimized with the Yoast SEO plugin v21.0 - https:\/\/yoast.com\/wordpress\/plugins\/seo\/ -->\n<title>Zodiac D400 BT - Beyond-X<\/title>\n<meta name=\"robots\" content=\"index, follow, max-snippet:-1, max-image-preview:large, max-video-preview:-1\" \/>\n<link rel=\"canonical\" href=\"https:\/\/beyondx.se\/no\/produkt\/zodiac-d400-bt\/\" \/>\n<meta property=\"og:locale\" content=\"nb_NO\" \/>\n<meta property=\"og:type\" content=\"article\" \/>\n<meta property=\"og:title\" content=\"Zodiac D400 BT - Beyond-X\" \/>\n<meta property=\"og:description\" content=\"Zodiac D400 BT &#228;r flaggskeppet i Zodiacs nya D-serie. D400 BT &#228;r en komradio f&#246;r professionella anv&#228;ndare i robust och t&#229;lig design. Med det lilla formatet, den l&#228;tta vikten och det enkla handhavandet blir Zodiac D400 BT en av de starkaste produkterna p&#229; marknaden.\" \/>\n<meta property=\"og:url\" content=\"https:\/\/beyondx.se\/no\/produkt\/zodiac-d400-bt\/\" \/>\n<meta property=\"og:site_name\" content=\"Beyond-X\" \/>\n<meta property=\"article:modified_time\" content=\"2026-05-14T05:56:24+00:00\" \/>\n<meta property=\"og:image\" content=\"https:\/\/beyondx.se\/wp-content\/uploads\/2024\/02\/31096_1.jpg\" \/>\n\t<meta property=\"og:image:width\" content=\"740\" \/>\n\t<meta property=\"og:image:height\" content=\"680\" \/>\n\t<meta property=\"og:image:type\" content=\"image\/jpeg\" \/>\n<meta name=\"twitter:card\" content=\"summary_large_image\" \/>\n<meta name=\"twitter:label1\" content=\"Ansl. lesetid\" \/>\n\t<meta name=\"twitter:data1\" content=\"1 minutt\" \/>\n<script type=\"application\/ld+json\" class=\"yoast-schema-graph\">{\"@context\":\"https:\/\/schema.org\",\"@graph\":[{\"@type\":\"WebPage\",\"@id\":\"https:\/\/beyondx.se\/no\/produkt\/zodiac-d400-bt\/\",\"url\":\"https:\/\/beyondx.se\/no\/produkt\/zodiac-d400-bt\/\",\"name\":\"Zodiac D400 BT - Beyond-X\",\"isPartOf\":{\"@id\":\"https:\/\/beyondx.se\/no\/#website\"},\"datePublished\":\"2024-02-02T15:20:04+00:00\",\"dateModified\":\"2026-05-14T05:56:24+00:00\",\"breadcrumb\":{\"@id\":\"https:\/\/beyondx.se\/no\/produkt\/zodiac-d400-bt\/#breadcrumb\"},\"inLanguage\":\"nb-NO\",\"potentialAction\":[{\"@type\":\"ReadAction\",\"target\":[\"https:\/\/beyondx.se\/no\/produkt\/zodiac-d400-bt\/\"]}]},{\"@type\":\"BreadcrumbList\",\"@id\":\"https:\/\/beyondx.se\/no\/produkt\/zodiac-d400-bt\/#breadcrumb\",\"itemListElement\":[{\"@type\":\"ListItem\",\"position\":1,\"name\":\"Hem\",\"item\":\"https:\/\/beyondx.se\/no\/\"},{\"@type\":\"ListItem\",\"position\":2,\"name\":\"Butik\",\"item\":\"https:\/\/beyondx.se\/no\/butik\/\"},{\"@type\":\"ListItem\",\"position\":3,\"name\":\"Zodiac D400 BT\"}]},{\"@type\":\"WebSite\",\"@id\":\"https:\/\/beyondx.se\/no\/#website\",\"url\":\"https:\/\/beyondx.se\/no\/\",\"name\":\"Beyond-X\",\"description\":\"No Bullshit Ski Wear\",\"publisher\":{\"@id\":\"https:\/\/beyondx.se\/no\/#organization\"},\"potentialAction\":[{\"@type\":\"SearchAction\",\"target\":{\"@type\":\"EntryPoint\",\"urlTemplate\":\"https:\/\/beyondx.se\/no\/?s={search_term_string}\"},\"query-input\":\"required name=search_term_string\"}],\"inLanguage\":\"nb-NO\"},{\"@type\":\"Organization\",\"@id\":\"https:\/\/beyondx.se\/no\/#organization\",\"name\":\"B-stedt of Sweden AB\",\"url\":\"https:\/\/beyondx.se\/no\/\",\"logo\":{\"@type\":\"ImageObject\",\"inLanguage\":\"nb-NO\",\"@id\":\"https:\/\/beyondx.se\/no\/#\/schema\/logo\/image\/\",\"url\":\"https:\/\/beyondx.se\/wp-content\/uploads\/2023\/08\/bx-logo.svg\",\"contentUrl\":\"https:\/\/beyondx.se\/wp-content\/uploads\/2023\/08\/bx-logo.svg\",\"width\":1,\"height\":1,\"caption\":\"B-stedt of Sweden AB\"},\"image\":{\"@id\":\"https:\/\/beyondx.se\/no\/#\/schema\/logo\/image\/\"}}]}<\/script>\n<!-- \/ Yoast SEO plugin. -->","yoast_head_json":{"title":"Zodiac D400 BT - Beyond-X","robots":{"index":"index","follow":"follow","max-snippet":"max-snippet:-1","max-image-preview":"max-image-preview:large","max-video-preview":"max-video-preview:-1"},"canonical":"https:\/\/beyondx.se\/no\/produkt\/zodiac-d400-bt\/","og_locale":"nb_NO","og_type":"article","og_title":"Zodiac D400 BT - Beyond-X","og_description":"Zodiac D400 BT &#228;r flaggskeppet i Zodiacs nya D-serie. D400 BT &#228;r en komradio f&#246;r professionella anv&#228;ndare i robust och t&#229;lig design. Med det lilla formatet, den l&#228;tta vikten och det enkla handhavandet blir Zodiac D400 BT en av de starkaste produkterna p&#229; marknaden.","og_url":"https:\/\/beyondx.se\/no\/produkt\/zodiac-d400-bt\/","og_site_name":"Beyond-X","article_modified_time":"2026-05-14T05:56:24+00:00","og_image":[{"width":740,"height":680,"url":"https:\/\/beyondx.se\/wp-content\/uploads\/2024\/02\/31096_1.jpg","type":"image\/jpeg"}],"twitter_card":"summary_large_image","twitter_misc":{"Ansl. lesetid":"1 minutt"},"schema":{"@context":"https:\/\/schema.org","@graph":[{"@type":"WebPage","@id":"https:\/\/beyondx.se\/no\/produkt\/zodiac-d400-bt\/","url":"https:\/\/beyondx.se\/no\/produkt\/zodiac-d400-bt\/","name":"Zodiac D400 BT - Beyond-X","isPartOf":{"@id":"https:\/\/beyondx.se\/no\/#website"},"datePublished":"2024-02-02T15:20:04+00:00","dateModified":"2026-05-14T05:56:24+00:00","breadcrumb":{"@id":"https:\/\/beyondx.se\/no\/produkt\/zodiac-d400-bt\/#breadcrumb"},"inLanguage":"nb-NO","potentialAction":[{"@type":"ReadAction","target":["https:\/\/beyondx.se\/no\/produkt\/zodiac-d400-bt\/"]}]},{"@type":"BreadcrumbList","@id":"https:\/\/beyondx.se\/no\/produkt\/zodiac-d400-bt\/#breadcrumb","itemListElement":[{"@type":"ListItem","position":1,"name":"Hem","item":"https:\/\/beyondx.se\/no\/"},{"@type":"ListItem","position":2,"name":"Butik","item":"https:\/\/beyondx.se\/no\/butik\/"},{"@type":"ListItem","position":3,"name":"Zodiac D400 BT"}]},{"@type":"WebSite","@id":"https:\/\/beyondx.se\/no\/#website","url":"https:\/\/beyondx.se\/no\/","name":"Beyond-X","description":"No Bullshit Ski Wear","publisher":{"@id":"https:\/\/beyondx.se\/no\/#organization"},"potentialAction":[{"@type":"SearchAction","target":{"@type":"EntryPoint","urlTemplate":"https:\/\/beyondx.se\/no\/?s={search_term_string}"},"query-input":"required name=search_term_string"}],"inLanguage":"nb-NO"},{"@type":"Organization","@id":"https:\/\/beyondx.se\/no\/#organization","name":"B-stedt of Sweden AB","url":"https:\/\/beyondx.se\/no\/","logo":{"@type":"ImageObject","inLanguage":"nb-NO","@id":"https:\/\/beyondx.se\/no\/#\/schema\/logo\/image\/","url":"https:\/\/beyondx.se\/wp-content\/uploads\/2023\/08\/bx-logo.svg","contentUrl":"https:\/\/beyondx.se\/wp-content\/uploads\/2023\/08\/bx-logo.svg","width":1,"height":1,"caption":"B-stedt of Sweden AB"},"image":{"@id":"https:\/\/beyondx.se\/no\/#\/schema\/logo\/image\/"}}]}},"_links":{"self":[{"href":"https:\/\/beyondx.se\/no\/wp-json\/wp\/v2\/product\/137050","targetHints":{"allow":["GET"]}}],"collection":[{"href":"https:\/\/beyondx.se\/no\/wp-json\/wp\/v2\/product"}],"about":[{"href":"https:\/\/beyondx.se\/no\/wp-json\/wp\/v2\/types\/product"}],"wp:featuredmedia":[{"embeddable":true,"href":"https:\/\/beyondx.se\/no\/wp-json\/wp\/v2\/media\/137048"}],"wp:attachment":[{"href":"https:\/\/beyondx.se\/no\/wp-json\/wp\/v2\/media?parent=137050"}],"wp:term":[{"taxonomy":"product_cat","embeddable":true,"href":"https:\/\/beyondx.se\/no\/wp-json\/wp\/v2\/product_cat?post=137050"},{"taxonomy":"product_tag","embeddable":true,"href":"https:\/\/beyondx.se\/no\/wp-json\/wp\/v2\/product_tag?post=137050"}],"curies":[{"name":"wp","href":"https:\/\/api.w.org\/{rel}","templated":true}]}}