{"id":137065,"date":"2024-02-03T20:07:52","date_gmt":"2024-02-03T19:07:52","guid":{"rendered":"https:\/\/beyondx.se\/?post_type=product&#038;p=137065"},"modified":"2026-04-30T07:30:51","modified_gmt":"2026-04-30T05:30:51","slug":"hestra-titan-flex","status":"publish","type":"product","link":"https:\/\/beyondx.se\/no\/produkt\/hestra-titan-flex\/","title":{"rendered":"Hestra Titan Flex"},"content":{"rendered":"<p>Hestra Titan Flex \u00e4r en robust arbetshandske f\u00f6r dig som arbetar utomhus i kalla, fuktiga milj\u00f6er. Den \u00e4r sydd i impregnerat getskinn med vind- och vattenavvisande stretchv\u00e4v p\u00e5 ovandelen. Kombinationen g\u00f6r att handsken st\u00e5r emot v\u00e4ta samtidigt som den ventilerar bra.<br \/>\nModellen \u00e4r kort med f\u00f6rb\u00f6jd passform och f\u00f6rst\u00e4rkningar p\u00e5 ytor som uts\u00e4tts f\u00f6r h\u00e5rt slitage. Det ger en handske som klarar tuffa tag, samtidigt som den har bra fingertoppsk\u00e4nsla. Ett mjukt fleecefoder leder ut fukt och v\u00e4rmer i kyligt v\u00e4der. Dessutom finns en neoprenmudd som justeras med kardborre f\u00f6r perfekt passform.<\/p>\n<ul class=\"css-a4hcm6\">\n<li class=\"css-1y3gd5h\">Robust arbetshandske f\u00f6r kalla och fuktiga milj\u00f6er.<\/li>\n<li class=\"css-1y3gd5h\">Ovandel i vindt\u00e4t och vattenavvisande stretchv\u00e4v.<\/li>\n<li class=\"css-1y3gd5h\">Slitstarkt impregnerat getskinn i innerhand.<\/li>\n<li class=\"css-1y3gd5h\">F\u00f6rst\u00e4rkningar i handflatan.<\/li>\n<li class=\"css-1y3gd5h\">Fingertoppar har Wolf Paw-konstruktion f\u00f6r extra slitstyrka.<\/li>\n<li class=\"css-1y3gd5h\">Peksk\u00e4rmsv\u00e4nligt material p\u00e5 pekfinger och tumme.<\/li>\n<li class=\"css-1y3gd5h\">Mjukt foder i borstad polyester.<\/li>\n<li class=\"css-1y3gd5h\">Neoprenmudd med kardborrejustering.<\/li>\n<\/ul>\n","protected":false},"excerpt":{"rendered":"Hestra Titan Flex \u00e4r en robust arbetshandske f\u00f6r dig som arbetar utomhus i kalla, fuktiga milj\u00f6er. Den \u00e4r sydd i impregnerat getskinn med vind- och vattenavvisande stretchv\u00e4v p\u00e5 ovandelen. Kombinationen g\u00f6r att handsken st\u00e5r emot v\u00e4ta samtidigt som den ventilerar bra. Modellen \u00e4r kort med f\u00f6rb\u00f6jd passform och f\u00f6rst\u00e4rkningar p\u00e5 ytor som uts\u00e4tts f\u00f6r h\u00e5rt&#8230; <a class=\"view-article\" href=\"https:\/\/beyondx.se\/no\/produkt\/hestra-titan-flex\/\">View Article<\/a>","protected":false},"featured_media":137066,"template":"","meta":[],"product_cat":[100,969,227],"product_tag":[],"class_list":["post-137065","product","type-product","status-publish","has-post-thumbnail","hentry","product_cat-utrustning","product_cat-handskar","product_cat-hestra-job","brands-hestra","fpd-variation-needed"],"yoast_head":"<!-- This site is optimized with the Yoast SEO plugin v21.0 - https:\/\/yoast.com\/wordpress\/plugins\/seo\/ -->\n<title>Hestra Titan Flex - Beyond-X<\/title>\n<meta name=\"description\" content=\"Kort och rej\u00e4l arbetshandske i slitstarkt impregnerat getskinn. Modellen har stretchv\u00e4v p\u00e5 handens ovansida och touch-funktion.\" \/>\n<meta name=\"robots\" content=\"index, follow, max-snippet:-1, max-image-preview:large, max-video-preview:-1\" \/>\n<link rel=\"canonical\" href=\"https:\/\/beyondx.se\/no\/produkt\/hestra-titan-flex\/\" \/>\n<meta property=\"og:locale\" content=\"nb_NO\" \/>\n<meta property=\"og:type\" content=\"article\" \/>\n<meta property=\"og:title\" content=\"Hestra Titan Flex - Beyond-X\" \/>\n<meta property=\"og:description\" content=\"Kort och rej\u00e4l arbetshandske i slitstarkt impregnerat getskinn. Modellen har stretchv\u00e4v p\u00e5 handens ovansida och touch-funktion.\" \/>\n<meta property=\"og:url\" content=\"https:\/\/beyondx.se\/no\/produkt\/hestra-titan-flex\/\" \/>\n<meta property=\"og:site_name\" content=\"Beyond-X\" \/>\n<meta property=\"article:modified_time\" content=\"2026-04-30T05:30:51+00:00\" \/>\n<meta property=\"og:image\" content=\"https:\/\/beyondx.se\/wp-content\/uploads\/2024\/02\/Titan-Winter-Flex.jpg\" \/>\n\t<meta property=\"og:image:width\" content=\"843\" \/>\n\t<meta property=\"og:image:height\" content=\"928\" \/>\n\t<meta property=\"og:image:type\" content=\"image\/jpeg\" \/>\n<meta name=\"twitter:card\" content=\"summary_large_image\" \/>\n<meta name=\"twitter:label1\" content=\"Ansl. lesetid\" \/>\n\t<meta name=\"twitter:data1\" content=\"1 minutt\" \/>\n<script type=\"application\/ld+json\" class=\"yoast-schema-graph\">{\"@context\":\"https:\/\/schema.org\",\"@graph\":[{\"@type\":\"WebPage\",\"@id\":\"https:\/\/beyondx.se\/no\/produkt\/hestra-titan-flex\/\",\"url\":\"https:\/\/beyondx.se\/no\/produkt\/hestra-titan-flex\/\",\"name\":\"Hestra Titan Flex - Beyond-X\",\"isPartOf\":{\"@id\":\"https:\/\/beyondx.se\/no\/#website\"},\"datePublished\":\"2024-02-03T19:07:52+00:00\",\"dateModified\":\"2026-04-30T05:30:51+00:00\",\"description\":\"Kort och rej\u00e4l arbetshandske i slitstarkt impregnerat getskinn. Modellen har stretchv\u00e4v p\u00e5 handens ovansida och touch-funktion.\",\"breadcrumb\":{\"@id\":\"https:\/\/beyondx.se\/no\/produkt\/hestra-titan-flex\/#breadcrumb\"},\"inLanguage\":\"nb-NO\",\"potentialAction\":[{\"@type\":\"ReadAction\",\"target\":[\"https:\/\/beyondx.se\/no\/produkt\/hestra-titan-flex\/\"]}]},{\"@type\":\"BreadcrumbList\",\"@id\":\"https:\/\/beyondx.se\/no\/produkt\/hestra-titan-flex\/#breadcrumb\",\"itemListElement\":[{\"@type\":\"ListItem\",\"position\":1,\"name\":\"Hem\",\"item\":\"https:\/\/beyondx.se\/no\/\"},{\"@type\":\"ListItem\",\"position\":2,\"name\":\"Butik\",\"item\":\"https:\/\/beyondx.se\/no\/butik\/\"},{\"@type\":\"ListItem\",\"position\":3,\"name\":\"Hestra Titan Flex\"}]},{\"@type\":\"WebSite\",\"@id\":\"https:\/\/beyondx.se\/no\/#website\",\"url\":\"https:\/\/beyondx.se\/no\/\",\"name\":\"Beyond-X\",\"description\":\"No Bullshit Ski Wear\",\"publisher\":{\"@id\":\"https:\/\/beyondx.se\/no\/#organization\"},\"potentialAction\":[{\"@type\":\"SearchAction\",\"target\":{\"@type\":\"EntryPoint\",\"urlTemplate\":\"https:\/\/beyondx.se\/no\/?s={search_term_string}\"},\"query-input\":\"required name=search_term_string\"}],\"inLanguage\":\"nb-NO\"},{\"@type\":\"Organization\",\"@id\":\"https:\/\/beyondx.se\/no\/#organization\",\"name\":\"B-stedt of Sweden AB\",\"url\":\"https:\/\/beyondx.se\/no\/\",\"logo\":{\"@type\":\"ImageObject\",\"inLanguage\":\"nb-NO\",\"@id\":\"https:\/\/beyondx.se\/no\/#\/schema\/logo\/image\/\",\"url\":\"https:\/\/beyondx.se\/wp-content\/uploads\/2023\/08\/bx-logo.svg\",\"contentUrl\":\"https:\/\/beyondx.se\/wp-content\/uploads\/2023\/08\/bx-logo.svg\",\"width\":1,\"height\":1,\"caption\":\"B-stedt of Sweden AB\"},\"image\":{\"@id\":\"https:\/\/beyondx.se\/no\/#\/schema\/logo\/image\/\"}}]}<\/script>\n<!-- \/ Yoast SEO plugin. -->","yoast_head_json":{"title":"Hestra Titan Flex - Beyond-X","description":"Kort och rej\u00e4l arbetshandske i slitstarkt impregnerat getskinn. Modellen har stretchv\u00e4v p\u00e5 handens ovansida och touch-funktion.","robots":{"index":"index","follow":"follow","max-snippet":"max-snippet:-1","max-image-preview":"max-image-preview:large","max-video-preview":"max-video-preview:-1"},"canonical":"https:\/\/beyondx.se\/no\/produkt\/hestra-titan-flex\/","og_locale":"nb_NO","og_type":"article","og_title":"Hestra Titan Flex - Beyond-X","og_description":"Kort och rej\u00e4l arbetshandske i slitstarkt impregnerat getskinn. Modellen har stretchv\u00e4v p\u00e5 handens ovansida och touch-funktion.","og_url":"https:\/\/beyondx.se\/no\/produkt\/hestra-titan-flex\/","og_site_name":"Beyond-X","article_modified_time":"2026-04-30T05:30:51+00:00","og_image":[{"width":843,"height":928,"url":"https:\/\/beyondx.se\/wp-content\/uploads\/2024\/02\/Titan-Winter-Flex.jpg","type":"image\/jpeg"}],"twitter_card":"summary_large_image","twitter_misc":{"Ansl. lesetid":"1 minutt"},"schema":{"@context":"https:\/\/schema.org","@graph":[{"@type":"WebPage","@id":"https:\/\/beyondx.se\/no\/produkt\/hestra-titan-flex\/","url":"https:\/\/beyondx.se\/no\/produkt\/hestra-titan-flex\/","name":"Hestra Titan Flex - Beyond-X","isPartOf":{"@id":"https:\/\/beyondx.se\/no\/#website"},"datePublished":"2024-02-03T19:07:52+00:00","dateModified":"2026-04-30T05:30:51+00:00","description":"Kort och rej\u00e4l arbetshandske i slitstarkt impregnerat getskinn. Modellen har stretchv\u00e4v p\u00e5 handens ovansida och touch-funktion.","breadcrumb":{"@id":"https:\/\/beyondx.se\/no\/produkt\/hestra-titan-flex\/#breadcrumb"},"inLanguage":"nb-NO","potentialAction":[{"@type":"ReadAction","target":["https:\/\/beyondx.se\/no\/produkt\/hestra-titan-flex\/"]}]},{"@type":"BreadcrumbList","@id":"https:\/\/beyondx.se\/no\/produkt\/hestra-titan-flex\/#breadcrumb","itemListElement":[{"@type":"ListItem","position":1,"name":"Hem","item":"https:\/\/beyondx.se\/no\/"},{"@type":"ListItem","position":2,"name":"Butik","item":"https:\/\/beyondx.se\/no\/butik\/"},{"@type":"ListItem","position":3,"name":"Hestra Titan Flex"}]},{"@type":"WebSite","@id":"https:\/\/beyondx.se\/no\/#website","url":"https:\/\/beyondx.se\/no\/","name":"Beyond-X","description":"No Bullshit Ski Wear","publisher":{"@id":"https:\/\/beyondx.se\/no\/#organization"},"potentialAction":[{"@type":"SearchAction","target":{"@type":"EntryPoint","urlTemplate":"https:\/\/beyondx.se\/no\/?s={search_term_string}"},"query-input":"required name=search_term_string"}],"inLanguage":"nb-NO"},{"@type":"Organization","@id":"https:\/\/beyondx.se\/no\/#organization","name":"B-stedt of Sweden AB","url":"https:\/\/beyondx.se\/no\/","logo":{"@type":"ImageObject","inLanguage":"nb-NO","@id":"https:\/\/beyondx.se\/no\/#\/schema\/logo\/image\/","url":"https:\/\/beyondx.se\/wp-content\/uploads\/2023\/08\/bx-logo.svg","contentUrl":"https:\/\/beyondx.se\/wp-content\/uploads\/2023\/08\/bx-logo.svg","width":1,"height":1,"caption":"B-stedt of Sweden AB"},"image":{"@id":"https:\/\/beyondx.se\/no\/#\/schema\/logo\/image\/"}}]}},"_links":{"self":[{"href":"https:\/\/beyondx.se\/no\/wp-json\/wp\/v2\/product\/137065","targetHints":{"allow":["GET"]}}],"collection":[{"href":"https:\/\/beyondx.se\/no\/wp-json\/wp\/v2\/product"}],"about":[{"href":"https:\/\/beyondx.se\/no\/wp-json\/wp\/v2\/types\/product"}],"wp:featuredmedia":[{"embeddable":true,"href":"https:\/\/beyondx.se\/no\/wp-json\/wp\/v2\/media\/137066"}],"wp:attachment":[{"href":"https:\/\/beyondx.se\/no\/wp-json\/wp\/v2\/media?parent=137065"}],"wp:term":[{"taxonomy":"product_cat","embeddable":true,"href":"https:\/\/beyondx.se\/no\/wp-json\/wp\/v2\/product_cat?post=137065"},{"taxonomy":"product_tag","embeddable":true,"href":"https:\/\/beyondx.se\/no\/wp-json\/wp\/v2\/product_tag?post=137065"}],"curies":[{"name":"wp","href":"https:\/\/api.w.org\/{rel}","templated":true}]}}