{"id":13724,"date":"2023-04-21T12:51:51","date_gmt":"2023-04-21T10:51:51","guid":{"rendered":"https:\/\/beta.karlskogawebbyra.se\/beyond\/product\/v376b-barnjacka-rd-rd-wh-wh-wh-cpu1221\/"},"modified":"2026-04-19T10:38:38","modified_gmt":"2026-04-19T08:38:38","slug":"v376b-barnjacka-rd-rd-wh-wh-wh-cpu1221","status":"publish","type":"product","link":"https:\/\/beyondx.se\/no\/produkt\/v376b-barnjacka-rd-rd-wh-wh-wh-cpu1221\/","title":{"rendered":"V376b Arboga , Kids Hip length insulated jacket."},"content":{"rendered":"<p>H\u00f6ftl\u00e5ng jacka barnstorlek med tryckta ytor p\u00e5 br\u00f6st, \u00f6vre arm och rygg.<\/p>\n","protected":false},"excerpt":{"rendered":"Isolerad barnjacka","protected":false},"featured_media":151796,"template":"","meta":[],"product_cat":[103],"product_tag":[],"class_list":["post-13724","product","type-product","status-publish","has-post-thumbnail","hentry","product_cat-jackor","brands-beyond-x","clubs-arboga-alpina","fpd-variation-needed"],"yoast_head":"<!-- This site is optimized with the Yoast SEO plugin v21.0 - https:\/\/yoast.com\/wordpress\/plugins\/seo\/ -->\n<title>V376b Arboga , Kids Hip length insulated jacket. - Beyond-X<\/title>\n<meta name=\"robots\" content=\"index, follow, max-snippet:-1, max-image-preview:large, max-video-preview:-1\" \/>\n<link rel=\"canonical\" href=\"https:\/\/beyondx.se\/no\/produkt\/v376b-barnjacka-rd-rd-wh-wh-wh-cpu1221\/\" \/>\n<meta property=\"og:locale\" content=\"nb_NO\" \/>\n<meta property=\"og:type\" content=\"article\" \/>\n<meta property=\"og:title\" content=\"V376b Arboga , Kids Hip length insulated jacket. - Beyond-X\" \/>\n<meta property=\"og:description\" content=\"Isolerad barnjacka\" \/>\n<meta property=\"og:url\" content=\"https:\/\/beyondx.se\/no\/produkt\/v376b-barnjacka-rd-rd-wh-wh-wh-cpu1221\/\" \/>\n<meta property=\"og:site_name\" content=\"Beyond-X\" \/>\n<meta property=\"article:modified_time\" content=\"2026-04-19T08:38:38+00:00\" \/>\n<meta property=\"og:image\" content=\"https:\/\/beyondx.se\/wp-content\/uploads\/2023\/09\/BXK12870110_1.jpg\" \/>\n\t<meta property=\"og:image:width\" content=\"800\" \/>\n\t<meta property=\"og:image:height\" content=\"800\" \/>\n\t<meta property=\"og:image:type\" content=\"image\/jpeg\" \/>\n<meta name=\"twitter:card\" content=\"summary_large_image\" \/>\n<script type=\"application\/ld+json\" class=\"yoast-schema-graph\">{\"@context\":\"https:\/\/schema.org\",\"@graph\":[{\"@type\":\"WebPage\",\"@id\":\"https:\/\/beyondx.se\/no\/produkt\/v376b-barnjacka-rd-rd-wh-wh-wh-cpu1221\/\",\"url\":\"https:\/\/beyondx.se\/no\/produkt\/v376b-barnjacka-rd-rd-wh-wh-wh-cpu1221\/\",\"name\":\"V376b Arboga , Kids Hip length insulated jacket. - Beyond-X\",\"isPartOf\":{\"@id\":\"https:\/\/beyondx.se\/no\/#website\"},\"datePublished\":\"2023-04-21T10:51:51+00:00\",\"dateModified\":\"2026-04-19T08:38:38+00:00\",\"breadcrumb\":{\"@id\":\"https:\/\/beyondx.se\/no\/produkt\/v376b-barnjacka-rd-rd-wh-wh-wh-cpu1221\/#breadcrumb\"},\"inLanguage\":\"nb-NO\",\"potentialAction\":[{\"@type\":\"ReadAction\",\"target\":[\"https:\/\/beyondx.se\/no\/produkt\/v376b-barnjacka-rd-rd-wh-wh-wh-cpu1221\/\"]}]},{\"@type\":\"BreadcrumbList\",\"@id\":\"https:\/\/beyondx.se\/no\/produkt\/v376b-barnjacka-rd-rd-wh-wh-wh-cpu1221\/#breadcrumb\",\"itemListElement\":[{\"@type\":\"ListItem\",\"position\":1,\"name\":\"Hem\",\"item\":\"https:\/\/beyondx.se\/no\/\"},{\"@type\":\"ListItem\",\"position\":2,\"name\":\"Butik\",\"item\":\"https:\/\/beyondx.se\/no\/butik\/\"},{\"@type\":\"ListItem\",\"position\":3,\"name\":\"V376b Arboga , Kids Hip length insulated jacket.\"}]},{\"@type\":\"WebSite\",\"@id\":\"https:\/\/beyondx.se\/no\/#website\",\"url\":\"https:\/\/beyondx.se\/no\/\",\"name\":\"Beyond-X\",\"description\":\"No Bullshit Ski Wear\",\"publisher\":{\"@id\":\"https:\/\/beyondx.se\/no\/#organization\"},\"potentialAction\":[{\"@type\":\"SearchAction\",\"target\":{\"@type\":\"EntryPoint\",\"urlTemplate\":\"https:\/\/beyondx.se\/no\/?s={search_term_string}\"},\"query-input\":\"required name=search_term_string\"}],\"inLanguage\":\"nb-NO\"},{\"@type\":\"Organization\",\"@id\":\"https:\/\/beyondx.se\/no\/#organization\",\"name\":\"B-stedt of Sweden AB\",\"url\":\"https:\/\/beyondx.se\/no\/\",\"logo\":{\"@type\":\"ImageObject\",\"inLanguage\":\"nb-NO\",\"@id\":\"https:\/\/beyondx.se\/no\/#\/schema\/logo\/image\/\",\"url\":\"https:\/\/beyondx.se\/wp-content\/uploads\/2023\/08\/bx-logo.svg\",\"contentUrl\":\"https:\/\/beyondx.se\/wp-content\/uploads\/2023\/08\/bx-logo.svg\",\"width\":1,\"height\":1,\"caption\":\"B-stedt of Sweden AB\"},\"image\":{\"@id\":\"https:\/\/beyondx.se\/no\/#\/schema\/logo\/image\/\"}}]}<\/script>\n<!-- \/ Yoast SEO plugin. -->","yoast_head_json":{"title":"V376b Arboga , Kids Hip length insulated jacket. - Beyond-X","robots":{"index":"index","follow":"follow","max-snippet":"max-snippet:-1","max-image-preview":"max-image-preview:large","max-video-preview":"max-video-preview:-1"},"canonical":"https:\/\/beyondx.se\/no\/produkt\/v376b-barnjacka-rd-rd-wh-wh-wh-cpu1221\/","og_locale":"nb_NO","og_type":"article","og_title":"V376b Arboga , Kids Hip length insulated jacket. - Beyond-X","og_description":"Isolerad barnjacka","og_url":"https:\/\/beyondx.se\/no\/produkt\/v376b-barnjacka-rd-rd-wh-wh-wh-cpu1221\/","og_site_name":"Beyond-X","article_modified_time":"2026-04-19T08:38:38+00:00","og_image":[{"width":800,"height":800,"url":"https:\/\/beyondx.se\/wp-content\/uploads\/2023\/09\/BXK12870110_1.jpg","type":"image\/jpeg"}],"twitter_card":"summary_large_image","schema":{"@context":"https:\/\/schema.org","@graph":[{"@type":"WebPage","@id":"https:\/\/beyondx.se\/no\/produkt\/v376b-barnjacka-rd-rd-wh-wh-wh-cpu1221\/","url":"https:\/\/beyondx.se\/no\/produkt\/v376b-barnjacka-rd-rd-wh-wh-wh-cpu1221\/","name":"V376b Arboga , Kids Hip length insulated jacket. - Beyond-X","isPartOf":{"@id":"https:\/\/beyondx.se\/no\/#website"},"datePublished":"2023-04-21T10:51:51+00:00","dateModified":"2026-04-19T08:38:38+00:00","breadcrumb":{"@id":"https:\/\/beyondx.se\/no\/produkt\/v376b-barnjacka-rd-rd-wh-wh-wh-cpu1221\/#breadcrumb"},"inLanguage":"nb-NO","potentialAction":[{"@type":"ReadAction","target":["https:\/\/beyondx.se\/no\/produkt\/v376b-barnjacka-rd-rd-wh-wh-wh-cpu1221\/"]}]},{"@type":"BreadcrumbList","@id":"https:\/\/beyondx.se\/no\/produkt\/v376b-barnjacka-rd-rd-wh-wh-wh-cpu1221\/#breadcrumb","itemListElement":[{"@type":"ListItem","position":1,"name":"Hem","item":"https:\/\/beyondx.se\/no\/"},{"@type":"ListItem","position":2,"name":"Butik","item":"https:\/\/beyondx.se\/no\/butik\/"},{"@type":"ListItem","position":3,"name":"V376b Arboga , Kids Hip length insulated jacket."}]},{"@type":"WebSite","@id":"https:\/\/beyondx.se\/no\/#website","url":"https:\/\/beyondx.se\/no\/","name":"Beyond-X","description":"No Bullshit Ski Wear","publisher":{"@id":"https:\/\/beyondx.se\/no\/#organization"},"potentialAction":[{"@type":"SearchAction","target":{"@type":"EntryPoint","urlTemplate":"https:\/\/beyondx.se\/no\/?s={search_term_string}"},"query-input":"required name=search_term_string"}],"inLanguage":"nb-NO"},{"@type":"Organization","@id":"https:\/\/beyondx.se\/no\/#organization","name":"B-stedt of Sweden AB","url":"https:\/\/beyondx.se\/no\/","logo":{"@type":"ImageObject","inLanguage":"nb-NO","@id":"https:\/\/beyondx.se\/no\/#\/schema\/logo\/image\/","url":"https:\/\/beyondx.se\/wp-content\/uploads\/2023\/08\/bx-logo.svg","contentUrl":"https:\/\/beyondx.se\/wp-content\/uploads\/2023\/08\/bx-logo.svg","width":1,"height":1,"caption":"B-stedt of Sweden AB"},"image":{"@id":"https:\/\/beyondx.se\/no\/#\/schema\/logo\/image\/"}}]}},"_links":{"self":[{"href":"https:\/\/beyondx.se\/no\/wp-json\/wp\/v2\/product\/13724","targetHints":{"allow":["GET"]}}],"collection":[{"href":"https:\/\/beyondx.se\/no\/wp-json\/wp\/v2\/product"}],"about":[{"href":"https:\/\/beyondx.se\/no\/wp-json\/wp\/v2\/types\/product"}],"wp:featuredmedia":[{"embeddable":true,"href":"https:\/\/beyondx.se\/no\/wp-json\/wp\/v2\/media\/151796"}],"wp:attachment":[{"href":"https:\/\/beyondx.se\/no\/wp-json\/wp\/v2\/media?parent=13724"}],"wp:term":[{"taxonomy":"product_cat","embeddable":true,"href":"https:\/\/beyondx.se\/no\/wp-json\/wp\/v2\/product_cat?post=13724"},{"taxonomy":"product_tag","embeddable":true,"href":"https:\/\/beyondx.se\/no\/wp-json\/wp\/v2\/product_tag?post=13724"}],"curies":[{"name":"wp","href":"https:\/\/api.w.org\/{rel}","templated":true}]}}