{"id":138507,"date":"2024-03-06T02:33:49","date_gmt":"2024-03-06T01:33:49","guid":{"rendered":"https:\/\/beyondx.se\/product\/head-wcr-e-sl-rebel-team-sw-rp-wcr-t-wh-bk\/"},"modified":"2026-05-01T03:13:55","modified_gmt":"2026-05-01T01:13:55","slug":"head-wcr-e-sl-rebel-team-sw-rp-wcr-t-wh-bk","status":"publish","type":"product","link":"https:\/\/beyondx.se\/no\/produkt\/head-wcr-e-sl-rebel-team-sw-rp-wcr-t-wh-bk\/","title":{"rendered":"HEAD WCR E.SL REBEL TEAM SW RP WCR T WH\/BK"},"content":{"rendered":"<p><a href=\"https:\/\/beyondx.se\/wp-content\/uploads\/2024\/03\/314234-index.png\"><img loading=\"lazy\" decoding=\"async\" width=\"400\" height=\"440\" class=\"alignnone size-full wp-image-139799\" src=\"https:\/\/beyondx.se\/wp-content\/uploads\/2024\/03\/314234-index.png\" alt=\"\" srcset=\"https:\/\/beyondx.se\/wp-content\/uploads\/2024\/03\/314234-index.png 400w, https:\/\/beyondx.se\/wp-content\/uploads\/2024\/03\/314234-index-350x385.webp 350w\" sizes=\"auto, (max-width: 400px) 100vw, 400px\" \/><\/a><\/p>\n","protected":false},"excerpt":{"rendered":"Junior SL, slalomskida, f\u00f6r de yngre t\u00e4vlings\u00e5karna.\r\n\r\nNytt f\u00f6r 24\/25 \u00e4r att l\u00e4ngder och radier har uppdaterats.\r\n\r\n&nbsp;\r\n\r\nOBS! Bindning medf\u00f6ljer ej.","protected":false},"featured_media":141819,"template":"","meta":[],"product_cat":[1715,1403,1500,1501,100,221],"product_tag":[],"class_list":["post-138507","product","type-product","status-publish","has-post-thumbnail","hentry","product_cat-skidor","product_cat-head","product_cat-skis","product_cat-sl-2","product_cat-utrustning","product_cat-sl","product_shipping_class-paket-over-120cm","brands-head","fpd-variation-needed"],"yoast_head":"<!-- This site is optimized with the Yoast SEO plugin v21.0 - https:\/\/yoast.com\/wordpress\/plugins\/seo\/ -->\n<title>HEAD WCR E.SL REBEL TEAM SW RP WCR T WH\/BK - Beyond-X<\/title>\n<meta name=\"robots\" content=\"index, follow, max-snippet:-1, max-image-preview:large, max-video-preview:-1\" \/>\n<link rel=\"canonical\" href=\"https:\/\/beyondx.se\/no\/produkt\/head-wcr-e-sl-rebel-team-sw-rp-wcr-t-wh-bk\/\" \/>\n<meta property=\"og:locale\" content=\"nb_NO\" \/>\n<meta property=\"og:type\" content=\"article\" \/>\n<meta property=\"og:title\" content=\"HEAD WCR E.SL REBEL TEAM SW RP WCR T WH\/BK - Beyond-X\" \/>\n<meta property=\"og:description\" content=\"Junior SL, slalomskida, f\u00f6r de yngre t\u00e4vlings\u00e5karna.  Nytt f\u00f6r 24\/25 \u00e4r att l\u00e4ngder och radier har uppdaterats.  &nbsp;  OBS! Bindning medf\u00f6ljer ej.\" \/>\n<meta property=\"og:url\" content=\"https:\/\/beyondx.se\/no\/produkt\/head-wcr-e-sl-rebel-team-sw-rp-wcr-t-wh-bk\/\" \/>\n<meta property=\"og:site_name\" content=\"Beyond-X\" \/>\n<meta property=\"article:modified_time\" content=\"2026-05-01T01:13:55+00:00\" \/>\n<meta property=\"og:image\" content=\"https:\/\/beyondx.se\/wp-content\/uploads\/2024\/08\/314234-139_1.jpg\" \/>\n\t<meta property=\"og:image:width\" content=\"800\" \/>\n\t<meta property=\"og:image:height\" content=\"800\" \/>\n\t<meta property=\"og:image:type\" content=\"image\/jpeg\" \/>\n<meta name=\"twitter:card\" content=\"summary_large_image\" \/>\n<meta name=\"twitter:label1\" content=\"Ansl. lesetid\" \/>\n\t<meta name=\"twitter:data1\" content=\"1 minutt\" \/>\n<script type=\"application\/ld+json\" class=\"yoast-schema-graph\">{\"@context\":\"https:\/\/schema.org\",\"@graph\":[{\"@type\":\"WebPage\",\"@id\":\"https:\/\/beyondx.se\/no\/produkt\/head-wcr-e-sl-rebel-team-sw-rp-wcr-t-wh-bk\/\",\"url\":\"https:\/\/beyondx.se\/no\/produkt\/head-wcr-e-sl-rebel-team-sw-rp-wcr-t-wh-bk\/\",\"name\":\"HEAD WCR E.SL REBEL TEAM SW RP WCR T WH\/BK - Beyond-X\",\"isPartOf\":{\"@id\":\"https:\/\/beyondx.se\/no\/#website\"},\"datePublished\":\"2024-03-06T01:33:49+00:00\",\"dateModified\":\"2026-05-01T01:13:55+00:00\",\"breadcrumb\":{\"@id\":\"https:\/\/beyondx.se\/no\/produkt\/head-wcr-e-sl-rebel-team-sw-rp-wcr-t-wh-bk\/#breadcrumb\"},\"inLanguage\":\"nb-NO\",\"potentialAction\":[{\"@type\":\"ReadAction\",\"target\":[\"https:\/\/beyondx.se\/no\/produkt\/head-wcr-e-sl-rebel-team-sw-rp-wcr-t-wh-bk\/\"]}]},{\"@type\":\"BreadcrumbList\",\"@id\":\"https:\/\/beyondx.se\/no\/produkt\/head-wcr-e-sl-rebel-team-sw-rp-wcr-t-wh-bk\/#breadcrumb\",\"itemListElement\":[{\"@type\":\"ListItem\",\"position\":1,\"name\":\"Hem\",\"item\":\"https:\/\/beyondx.se\/no\/\"},{\"@type\":\"ListItem\",\"position\":2,\"name\":\"Butik\",\"item\":\"https:\/\/beyondx.se\/no\/butik\/\"},{\"@type\":\"ListItem\",\"position\":3,\"name\":\"HEAD WCR E.SL REBEL TEAM SW RP WCR T WH\/BK\"}]},{\"@type\":\"WebSite\",\"@id\":\"https:\/\/beyondx.se\/no\/#website\",\"url\":\"https:\/\/beyondx.se\/no\/\",\"name\":\"Beyond-X\",\"description\":\"No Bullshit Ski Wear\",\"publisher\":{\"@id\":\"https:\/\/beyondx.se\/no\/#organization\"},\"potentialAction\":[{\"@type\":\"SearchAction\",\"target\":{\"@type\":\"EntryPoint\",\"urlTemplate\":\"https:\/\/beyondx.se\/no\/?s={search_term_string}\"},\"query-input\":\"required name=search_term_string\"}],\"inLanguage\":\"nb-NO\"},{\"@type\":\"Organization\",\"@id\":\"https:\/\/beyondx.se\/no\/#organization\",\"name\":\"B-stedt of Sweden AB\",\"url\":\"https:\/\/beyondx.se\/no\/\",\"logo\":{\"@type\":\"ImageObject\",\"inLanguage\":\"nb-NO\",\"@id\":\"https:\/\/beyondx.se\/no\/#\/schema\/logo\/image\/\",\"url\":\"https:\/\/beyondx.se\/wp-content\/uploads\/2023\/08\/bx-logo.svg\",\"contentUrl\":\"https:\/\/beyondx.se\/wp-content\/uploads\/2023\/08\/bx-logo.svg\",\"width\":1,\"height\":1,\"caption\":\"B-stedt of Sweden AB\"},\"image\":{\"@id\":\"https:\/\/beyondx.se\/no\/#\/schema\/logo\/image\/\"}}]}<\/script>\n<!-- \/ Yoast SEO plugin. -->","yoast_head_json":{"title":"HEAD WCR E.SL REBEL TEAM SW RP WCR T WH\/BK - Beyond-X","robots":{"index":"index","follow":"follow","max-snippet":"max-snippet:-1","max-image-preview":"max-image-preview:large","max-video-preview":"max-video-preview:-1"},"canonical":"https:\/\/beyondx.se\/no\/produkt\/head-wcr-e-sl-rebel-team-sw-rp-wcr-t-wh-bk\/","og_locale":"nb_NO","og_type":"article","og_title":"HEAD WCR E.SL REBEL TEAM SW RP WCR T WH\/BK - Beyond-X","og_description":"Junior SL, slalomskida, f\u00f6r de yngre t\u00e4vlings\u00e5karna.  Nytt f\u00f6r 24\/25 \u00e4r att l\u00e4ngder och radier har uppdaterats.  &nbsp;  OBS! Bindning medf\u00f6ljer ej.","og_url":"https:\/\/beyondx.se\/no\/produkt\/head-wcr-e-sl-rebel-team-sw-rp-wcr-t-wh-bk\/","og_site_name":"Beyond-X","article_modified_time":"2026-05-01T01:13:55+00:00","og_image":[{"width":800,"height":800,"url":"https:\/\/beyondx.se\/wp-content\/uploads\/2024\/08\/314234-139_1.jpg","type":"image\/jpeg"}],"twitter_card":"summary_large_image","twitter_misc":{"Ansl. lesetid":"1 minutt"},"schema":{"@context":"https:\/\/schema.org","@graph":[{"@type":"WebPage","@id":"https:\/\/beyondx.se\/no\/produkt\/head-wcr-e-sl-rebel-team-sw-rp-wcr-t-wh-bk\/","url":"https:\/\/beyondx.se\/no\/produkt\/head-wcr-e-sl-rebel-team-sw-rp-wcr-t-wh-bk\/","name":"HEAD WCR E.SL REBEL TEAM SW RP WCR T WH\/BK - Beyond-X","isPartOf":{"@id":"https:\/\/beyondx.se\/no\/#website"},"datePublished":"2024-03-06T01:33:49+00:00","dateModified":"2026-05-01T01:13:55+00:00","breadcrumb":{"@id":"https:\/\/beyondx.se\/no\/produkt\/head-wcr-e-sl-rebel-team-sw-rp-wcr-t-wh-bk\/#breadcrumb"},"inLanguage":"nb-NO","potentialAction":[{"@type":"ReadAction","target":["https:\/\/beyondx.se\/no\/produkt\/head-wcr-e-sl-rebel-team-sw-rp-wcr-t-wh-bk\/"]}]},{"@type":"BreadcrumbList","@id":"https:\/\/beyondx.se\/no\/produkt\/head-wcr-e-sl-rebel-team-sw-rp-wcr-t-wh-bk\/#breadcrumb","itemListElement":[{"@type":"ListItem","position":1,"name":"Hem","item":"https:\/\/beyondx.se\/no\/"},{"@type":"ListItem","position":2,"name":"Butik","item":"https:\/\/beyondx.se\/no\/butik\/"},{"@type":"ListItem","position":3,"name":"HEAD WCR E.SL REBEL TEAM SW RP WCR T WH\/BK"}]},{"@type":"WebSite","@id":"https:\/\/beyondx.se\/no\/#website","url":"https:\/\/beyondx.se\/no\/","name":"Beyond-X","description":"No Bullshit Ski Wear","publisher":{"@id":"https:\/\/beyondx.se\/no\/#organization"},"potentialAction":[{"@type":"SearchAction","target":{"@type":"EntryPoint","urlTemplate":"https:\/\/beyondx.se\/no\/?s={search_term_string}"},"query-input":"required name=search_term_string"}],"inLanguage":"nb-NO"},{"@type":"Organization","@id":"https:\/\/beyondx.se\/no\/#organization","name":"B-stedt of Sweden AB","url":"https:\/\/beyondx.se\/no\/","logo":{"@type":"ImageObject","inLanguage":"nb-NO","@id":"https:\/\/beyondx.se\/no\/#\/schema\/logo\/image\/","url":"https:\/\/beyondx.se\/wp-content\/uploads\/2023\/08\/bx-logo.svg","contentUrl":"https:\/\/beyondx.se\/wp-content\/uploads\/2023\/08\/bx-logo.svg","width":1,"height":1,"caption":"B-stedt of Sweden AB"},"image":{"@id":"https:\/\/beyondx.se\/no\/#\/schema\/logo\/image\/"}}]}},"_links":{"self":[{"href":"https:\/\/beyondx.se\/no\/wp-json\/wp\/v2\/product\/138507","targetHints":{"allow":["GET"]}}],"collection":[{"href":"https:\/\/beyondx.se\/no\/wp-json\/wp\/v2\/product"}],"about":[{"href":"https:\/\/beyondx.se\/no\/wp-json\/wp\/v2\/types\/product"}],"wp:featuredmedia":[{"embeddable":true,"href":"https:\/\/beyondx.se\/no\/wp-json\/wp\/v2\/media\/141819"}],"wp:attachment":[{"href":"https:\/\/beyondx.se\/no\/wp-json\/wp\/v2\/media?parent=138507"}],"wp:term":[{"taxonomy":"product_cat","embeddable":true,"href":"https:\/\/beyondx.se\/no\/wp-json\/wp\/v2\/product_cat?post=138507"},{"taxonomy":"product_tag","embeddable":true,"href":"https:\/\/beyondx.se\/no\/wp-json\/wp\/v2\/product_tag?post=138507"}],"curies":[{"name":"wp","href":"https:\/\/api.w.org\/{rel}","templated":true}]}}