{"id":138984,"date":"2024-03-14T22:00:04","date_gmt":"2024-03-14T21:00:04","guid":{"rendered":"https:\/\/beyondx.se\/product\/hestra-impact-racing-sr-mitt\/"},"modified":"2026-04-30T03:06:50","modified_gmt":"2026-04-30T01:06:50","slug":"hestra-impact-racing-sr-mitt","status":"publish","type":"product","link":"https:\/\/beyondx.se\/no\/produkt\/hestra-impact-racing-sr-mitt\/","title":{"rendered":"HESTRA Impact Racing Sr. Mitt"},"content":{"rendered":"<p>T\u00e5lig tumhandske f\u00f6r slalom\/storslalom&#8230;<br \/>\nGe j\u00e4rnet och njut av farten hela v\u00e4gen mot m\u00e5l \u2013 Impact \u00e4r Hestras mest skyddande t\u00e4vlingshandske och utformad f\u00f6r att du ska kunna k\u00f6ra p\u00e5 max, utan oro f\u00f6r sm\u00e4llar och slag. Denna tummodell passar dig som l\u00e4tt fryser om h\u00e4nderna och s\u00f6ker en extra v\u00e4rmande handske. Den har ett bekv\u00e4mt knogskydd plus st\u00f6td\u00e4mpande skumstoppning som f\u00e5ngar upp och f\u00f6rdelar krafterna om du sl\u00e5r i en port. Ytterhandsken \u00e4r sydd i Hestras slitt\u00e5ligaste getskinn med f\u00f6rst\u00e4rkt innerhand och ut\u00e5tv\u00e4nda s\u00f6mmar f\u00f6r optimalt stavgrepp. Detaljer i Duratan, ett l\u00e4tt och starkt syntetmaterial med mockaliknande k\u00e4nsla. P\u00e5 insidan hj\u00e4lper ett mjukt, isolerande foder till att h\u00e5lla h\u00e4nderna behagligt varma. Sammantaget en riktigt sk\u00f6n och skyddande racinghandske, perfekt n\u00e4r du l\u00e4gger i din allra h\u00f6gsta v\u00e4xel mellan portarna.<\/p>\n","protected":false},"excerpt":{"rendered":"<p>Kort, &#229;tsittande t&#228;vlingshandske f&#246;r slalom och storslalom. En v&#228;rmande tummodell med extra tilltaget skydd mot k&#228;ppar och slag. Slitstarkt getskinn och ut&#229;tv&#228;nda s&#246;mmar ger utm&#228;rkt grepp och G-loft syntetfyllning hj&#228;lper till att h&#229;lla handen varm.<\/p><p>&#160;<\/p><p>&#160;<\/p>","protected":false},"featured_media":145594,"template":"","meta":[],"product_cat":[100,969,185],"product_tag":[],"class_list":["post-138984","product","type-product","status-publish","has-post-thumbnail","hentry","product_cat-utrustning","product_cat-handskar","product_cat-hestra_sport","brands-hestra","fpd-variation-needed"],"yoast_head":"<!-- This site is optimized with the Yoast SEO plugin v21.0 - https:\/\/yoast.com\/wordpress\/plugins\/seo\/ -->\n<title>HESTRA Impact Racing Sr. Mitt - Beyond-X<\/title>\n<meta name=\"robots\" content=\"index, follow, max-snippet:-1, max-image-preview:large, max-video-preview:-1\" \/>\n<link rel=\"canonical\" href=\"https:\/\/beyondx.se\/no\/produkt\/hestra-impact-racing-sr-mitt\/\" \/>\n<meta property=\"og:locale\" content=\"nb_NO\" \/>\n<meta property=\"og:type\" content=\"article\" \/>\n<meta property=\"og:title\" content=\"HESTRA Impact Racing Sr. Mitt - Beyond-X\" \/>\n<meta property=\"og:description\" content=\"Kort, &#229;tsittande t&#228;vlingshandske f&#246;r slalom och storslalom. En v&#228;rmande tummodell med extra tilltaget skydd mot k&#228;ppar och slag. Slitstarkt getskinn och ut&#229;tv&#228;nda s&#246;mmar ger utm&#228;rkt grepp och G-loft syntetfyllning hj&#228;lper till att h&#229;lla handen varm.&#160;&#160;\" \/>\n<meta property=\"og:url\" content=\"https:\/\/beyondx.se\/no\/produkt\/hestra-impact-racing-sr-mitt\/\" \/>\n<meta property=\"og:site_name\" content=\"Beyond-X\" \/>\n<meta property=\"article:modified_time\" content=\"2026-04-30T01:06:50+00:00\" \/>\n<meta property=\"og:image\" content=\"https:\/\/beyondx.se\/wp-content\/uploads\/2025\/03\/31751-100540-10_1.jpg\" \/>\n\t<meta property=\"og:image:width\" content=\"799\" \/>\n\t<meta property=\"og:image:height\" content=\"800\" \/>\n\t<meta property=\"og:image:type\" content=\"image\/jpeg\" \/>\n<meta name=\"twitter:card\" content=\"summary_large_image\" \/>\n<meta name=\"twitter:label1\" content=\"Ansl. lesetid\" \/>\n\t<meta name=\"twitter:data1\" content=\"1 minutt\" \/>\n<script type=\"application\/ld+json\" class=\"yoast-schema-graph\">{\"@context\":\"https:\/\/schema.org\",\"@graph\":[{\"@type\":\"WebPage\",\"@id\":\"https:\/\/beyondx.se\/no\/produkt\/hestra-impact-racing-sr-mitt\/\",\"url\":\"https:\/\/beyondx.se\/no\/produkt\/hestra-impact-racing-sr-mitt\/\",\"name\":\"HESTRA Impact Racing Sr. Mitt - Beyond-X\",\"isPartOf\":{\"@id\":\"https:\/\/beyondx.se\/no\/#website\"},\"datePublished\":\"2024-03-14T21:00:04+00:00\",\"dateModified\":\"2026-04-30T01:06:50+00:00\",\"breadcrumb\":{\"@id\":\"https:\/\/beyondx.se\/no\/produkt\/hestra-impact-racing-sr-mitt\/#breadcrumb\"},\"inLanguage\":\"nb-NO\",\"potentialAction\":[{\"@type\":\"ReadAction\",\"target\":[\"https:\/\/beyondx.se\/no\/produkt\/hestra-impact-racing-sr-mitt\/\"]}]},{\"@type\":\"BreadcrumbList\",\"@id\":\"https:\/\/beyondx.se\/no\/produkt\/hestra-impact-racing-sr-mitt\/#breadcrumb\",\"itemListElement\":[{\"@type\":\"ListItem\",\"position\":1,\"name\":\"Hem\",\"item\":\"https:\/\/beyondx.se\/no\/\"},{\"@type\":\"ListItem\",\"position\":2,\"name\":\"Butik\",\"item\":\"https:\/\/beyondx.se\/no\/butik\/\"},{\"@type\":\"ListItem\",\"position\":3,\"name\":\"HESTRA Impact Racing Sr. Mitt\"}]},{\"@type\":\"WebSite\",\"@id\":\"https:\/\/beyondx.se\/no\/#website\",\"url\":\"https:\/\/beyondx.se\/no\/\",\"name\":\"Beyond-X\",\"description\":\"No Bullshit Ski Wear\",\"publisher\":{\"@id\":\"https:\/\/beyondx.se\/no\/#organization\"},\"potentialAction\":[{\"@type\":\"SearchAction\",\"target\":{\"@type\":\"EntryPoint\",\"urlTemplate\":\"https:\/\/beyondx.se\/no\/?s={search_term_string}\"},\"query-input\":\"required name=search_term_string\"}],\"inLanguage\":\"nb-NO\"},{\"@type\":\"Organization\",\"@id\":\"https:\/\/beyondx.se\/no\/#organization\",\"name\":\"B-stedt of Sweden AB\",\"url\":\"https:\/\/beyondx.se\/no\/\",\"logo\":{\"@type\":\"ImageObject\",\"inLanguage\":\"nb-NO\",\"@id\":\"https:\/\/beyondx.se\/no\/#\/schema\/logo\/image\/\",\"url\":\"https:\/\/beyondx.se\/wp-content\/uploads\/2023\/08\/bx-logo.svg\",\"contentUrl\":\"https:\/\/beyondx.se\/wp-content\/uploads\/2023\/08\/bx-logo.svg\",\"width\":1,\"height\":1,\"caption\":\"B-stedt of Sweden AB\"},\"image\":{\"@id\":\"https:\/\/beyondx.se\/no\/#\/schema\/logo\/image\/\"}}]}<\/script>\n<!-- \/ Yoast SEO plugin. -->","yoast_head_json":{"title":"HESTRA Impact Racing Sr. Mitt - Beyond-X","robots":{"index":"index","follow":"follow","max-snippet":"max-snippet:-1","max-image-preview":"max-image-preview:large","max-video-preview":"max-video-preview:-1"},"canonical":"https:\/\/beyondx.se\/no\/produkt\/hestra-impact-racing-sr-mitt\/","og_locale":"nb_NO","og_type":"article","og_title":"HESTRA Impact Racing Sr. Mitt - Beyond-X","og_description":"Kort, &#229;tsittande t&#228;vlingshandske f&#246;r slalom och storslalom. En v&#228;rmande tummodell med extra tilltaget skydd mot k&#228;ppar och slag. Slitstarkt getskinn och ut&#229;tv&#228;nda s&#246;mmar ger utm&#228;rkt grepp och G-loft syntetfyllning hj&#228;lper till att h&#229;lla handen varm.&#160;&#160;","og_url":"https:\/\/beyondx.se\/no\/produkt\/hestra-impact-racing-sr-mitt\/","og_site_name":"Beyond-X","article_modified_time":"2026-04-30T01:06:50+00:00","og_image":[{"width":799,"height":800,"url":"https:\/\/beyondx.se\/wp-content\/uploads\/2025\/03\/31751-100540-10_1.jpg","type":"image\/jpeg"}],"twitter_card":"summary_large_image","twitter_misc":{"Ansl. lesetid":"1 minutt"},"schema":{"@context":"https:\/\/schema.org","@graph":[{"@type":"WebPage","@id":"https:\/\/beyondx.se\/no\/produkt\/hestra-impact-racing-sr-mitt\/","url":"https:\/\/beyondx.se\/no\/produkt\/hestra-impact-racing-sr-mitt\/","name":"HESTRA Impact Racing Sr. Mitt - Beyond-X","isPartOf":{"@id":"https:\/\/beyondx.se\/no\/#website"},"datePublished":"2024-03-14T21:00:04+00:00","dateModified":"2026-04-30T01:06:50+00:00","breadcrumb":{"@id":"https:\/\/beyondx.se\/no\/produkt\/hestra-impact-racing-sr-mitt\/#breadcrumb"},"inLanguage":"nb-NO","potentialAction":[{"@type":"ReadAction","target":["https:\/\/beyondx.se\/no\/produkt\/hestra-impact-racing-sr-mitt\/"]}]},{"@type":"BreadcrumbList","@id":"https:\/\/beyondx.se\/no\/produkt\/hestra-impact-racing-sr-mitt\/#breadcrumb","itemListElement":[{"@type":"ListItem","position":1,"name":"Hem","item":"https:\/\/beyondx.se\/no\/"},{"@type":"ListItem","position":2,"name":"Butik","item":"https:\/\/beyondx.se\/no\/butik\/"},{"@type":"ListItem","position":3,"name":"HESTRA Impact Racing Sr. Mitt"}]},{"@type":"WebSite","@id":"https:\/\/beyondx.se\/no\/#website","url":"https:\/\/beyondx.se\/no\/","name":"Beyond-X","description":"No Bullshit Ski Wear","publisher":{"@id":"https:\/\/beyondx.se\/no\/#organization"},"potentialAction":[{"@type":"SearchAction","target":{"@type":"EntryPoint","urlTemplate":"https:\/\/beyondx.se\/no\/?s={search_term_string}"},"query-input":"required name=search_term_string"}],"inLanguage":"nb-NO"},{"@type":"Organization","@id":"https:\/\/beyondx.se\/no\/#organization","name":"B-stedt of Sweden AB","url":"https:\/\/beyondx.se\/no\/","logo":{"@type":"ImageObject","inLanguage":"nb-NO","@id":"https:\/\/beyondx.se\/no\/#\/schema\/logo\/image\/","url":"https:\/\/beyondx.se\/wp-content\/uploads\/2023\/08\/bx-logo.svg","contentUrl":"https:\/\/beyondx.se\/wp-content\/uploads\/2023\/08\/bx-logo.svg","width":1,"height":1,"caption":"B-stedt of Sweden AB"},"image":{"@id":"https:\/\/beyondx.se\/no\/#\/schema\/logo\/image\/"}}]}},"_links":{"self":[{"href":"https:\/\/beyondx.se\/no\/wp-json\/wp\/v2\/product\/138984","targetHints":{"allow":["GET"]}}],"collection":[{"href":"https:\/\/beyondx.se\/no\/wp-json\/wp\/v2\/product"}],"about":[{"href":"https:\/\/beyondx.se\/no\/wp-json\/wp\/v2\/types\/product"}],"wp:featuredmedia":[{"embeddable":true,"href":"https:\/\/beyondx.se\/no\/wp-json\/wp\/v2\/media\/145594"}],"wp:attachment":[{"href":"https:\/\/beyondx.se\/no\/wp-json\/wp\/v2\/media?parent=138984"}],"wp:term":[{"taxonomy":"product_cat","embeddable":true,"href":"https:\/\/beyondx.se\/no\/wp-json\/wp\/v2\/product_cat?post=138984"},{"taxonomy":"product_tag","embeddable":true,"href":"https:\/\/beyondx.se\/no\/wp-json\/wp\/v2\/product_tag?post=138984"}],"curies":[{"name":"wp","href":"https:\/\/api.w.org\/{rel}","templated":true}]}}