{"id":139861,"date":"2024-04-16T12:00:05","date_gmt":"2024-04-16T10:00:05","guid":{"rendered":"https:\/\/beyondx.se\/product\/swix-t18w-100-merino-wool-100mm\/"},"modified":"2024-04-22T09:00:15","modified_gmt":"2024-04-22T07:00:15","slug":"swix-t18w-100-merino-wool-100mm","status":"publish","type":"product","link":"https:\/\/beyondx.se\/no\/produkt\/swix-t18w-100-merino-wool-100mm\/","title":{"rendered":"SWIX T18W-100 Merino wool 100mm"},"content":{"rendered":"<div class=\"description-panel__text\">\n<p>Merinoull, 100 mm versjon med 20 mm lange ullh\u00e5r. En ny og revolusjonerende m\u00e5te \u00e5 p\u00e5f\u00f8re glider uten bruk av sm\u00f8rejern.<\/p>\n<p>Metoden er skreddersydd for hardere voks som Marathon-serien, og p\u00e5f\u00f8res skiene i to enkle steg:<\/p>\n<p>1. Start med \u00e5 p\u00e5f\u00f8re glider p\u00e5 rotob\u00f8rsten. Dette gj\u00f8res ved \u00e5 ber\u00f8re den roterende ullb\u00f8rsten med glideren i noen sekunder. Anbefalt fart p\u00e5 drillen er ca 1500 o\/min.<\/p>\n<p>2. Deretter bruker du rotob\u00f8rsten p\u00e5 skien med en hastighet p\u00e5 ca. 1500 o\/min. Bruk lett trykk. Start fra tuppen av skien og beveg deg sakte nedover.<\/p>\n<p>Gjenta disse stegene tre ganger.<\/p>\n<\/div>\n<h4 class=\"description-panel__title\">H\u00f8ydepunkter<\/h4>\n<ul class=\"description-panel__bps\">\n<li>Roto wool<\/li>\n<li>Trendy sm\u00f8reteknikk<\/li>\n<li>Brukes i verdenscupen<\/li>\n<li>Perfekt med fluorfri skism\u00f8ring<\/li>\n<li>Enkel \u00e5 bruke<\/li>\n<li>Trenger ikke varme<\/li>\n<\/ul>\n","protected":false},"excerpt":{"rendered":"Merinoullb\u00f8rste for kald p\u00e5f\u00f8ring av glider.\n<ul>\n \t<li>Profesjonelt resultat uten behov for sm\u00f8rejern<\/li>\n \t<li>Skiene er klare p\u00e5 to minutter<\/li>\n \t<li>Bedre for arbeidsmilj\u00f8et enn tradisjonell gliding<\/li>\n \t<li>Brukes b\u00e5de p\u00e5 trening og i konkurranser<\/li>\n<\/ul>","protected":false},"featured_media":139853,"template":"","meta":[],"product_cat":[1568],"product_tag":[],"class_list":["post-139861","product","type-product","status-publish","has-post-thumbnail","hentry","product_cat-borster","brands-swix","fpd-variation-needed"],"yoast_head":"<!-- This site is optimized with the Yoast SEO plugin v21.0 - https:\/\/yoast.com\/wordpress\/plugins\/seo\/ -->\n<title>SWIX T18W-100 Merino wool 100mm - Beyond-X<\/title>\n<meta name=\"robots\" content=\"index, follow, max-snippet:-1, max-image-preview:large, max-video-preview:-1\" \/>\n<link rel=\"canonical\" href=\"https:\/\/beyondx.se\/no\/produkt\/swix-t18w-100-merino-wool-100mm\/\" \/>\n<meta property=\"og:locale\" content=\"nb_NO\" \/>\n<meta property=\"og:type\" content=\"article\" \/>\n<meta property=\"og:title\" content=\"SWIX T18W-100 Merino wool 100mm - Beyond-X\" \/>\n<meta property=\"og:description\" content=\"Merinoullb\u00f8rste for kald p\u00e5f\u00f8ring av glider.  Profesjonelt resultat uten behov for sm\u00f8rejern  Skiene er klare p\u00e5 to minutter  Bedre for arbeidsmilj\u00f8et enn tradisjonell gliding  Brukes b\u00e5de p\u00e5 trening og i konkurranser\" \/>\n<meta property=\"og:url\" content=\"https:\/\/beyondx.se\/no\/produkt\/swix-t18w-100-merino-wool-100mm\/\" \/>\n<meta property=\"og:site_name\" content=\"Beyond-X\" \/>\n<meta property=\"article:modified_time\" content=\"2024-04-22T07:00:15+00:00\" \/>\n<meta property=\"og:image\" content=\"https:\/\/beyondx.se\/wp-content\/uploads\/2024\/04\/T18W-100_1.jpg\" \/>\n\t<meta property=\"og:image:width\" content=\"800\" \/>\n\t<meta property=\"og:image:height\" content=\"800\" \/>\n\t<meta property=\"og:image:type\" content=\"image\/jpeg\" \/>\n<meta name=\"twitter:card\" content=\"summary_large_image\" \/>\n<meta name=\"twitter:label1\" content=\"Ansl. lesetid\" \/>\n\t<meta name=\"twitter:data1\" content=\"1 minutt\" \/>\n<script type=\"application\/ld+json\" class=\"yoast-schema-graph\">{\"@context\":\"https:\/\/schema.org\",\"@graph\":[{\"@type\":\"WebPage\",\"@id\":\"https:\/\/beyondx.se\/no\/produkt\/swix-t18w-100-merino-wool-100mm\/\",\"url\":\"https:\/\/beyondx.se\/no\/produkt\/swix-t18w-100-merino-wool-100mm\/\",\"name\":\"SWIX T18W-100 Merino wool 100mm - Beyond-X\",\"isPartOf\":{\"@id\":\"https:\/\/beyondx.se\/no\/#website\"},\"datePublished\":\"2024-04-16T10:00:05+00:00\",\"dateModified\":\"2024-04-22T07:00:15+00:00\",\"breadcrumb\":{\"@id\":\"https:\/\/beyondx.se\/no\/produkt\/swix-t18w-100-merino-wool-100mm\/#breadcrumb\"},\"inLanguage\":\"nb-NO\",\"potentialAction\":[{\"@type\":\"ReadAction\",\"target\":[\"https:\/\/beyondx.se\/no\/produkt\/swix-t18w-100-merino-wool-100mm\/\"]}]},{\"@type\":\"BreadcrumbList\",\"@id\":\"https:\/\/beyondx.se\/no\/produkt\/swix-t18w-100-merino-wool-100mm\/#breadcrumb\",\"itemListElement\":[{\"@type\":\"ListItem\",\"position\":1,\"name\":\"Hem\",\"item\":\"https:\/\/beyondx.se\/no\/\"},{\"@type\":\"ListItem\",\"position\":2,\"name\":\"Butik\",\"item\":\"https:\/\/beyondx.se\/no\/butik\/\"},{\"@type\":\"ListItem\",\"position\":3,\"name\":\"SWIX T18W-100 Merino wool 100mm\"}]},{\"@type\":\"WebSite\",\"@id\":\"https:\/\/beyondx.se\/no\/#website\",\"url\":\"https:\/\/beyondx.se\/no\/\",\"name\":\"Beyond-X\",\"description\":\"No Bullshit Ski Wear\",\"publisher\":{\"@id\":\"https:\/\/beyondx.se\/no\/#organization\"},\"potentialAction\":[{\"@type\":\"SearchAction\",\"target\":{\"@type\":\"EntryPoint\",\"urlTemplate\":\"https:\/\/beyondx.se\/no\/?s={search_term_string}\"},\"query-input\":\"required name=search_term_string\"}],\"inLanguage\":\"nb-NO\"},{\"@type\":\"Organization\",\"@id\":\"https:\/\/beyondx.se\/no\/#organization\",\"name\":\"B-stedt of Sweden AB\",\"url\":\"https:\/\/beyondx.se\/no\/\",\"logo\":{\"@type\":\"ImageObject\",\"inLanguage\":\"nb-NO\",\"@id\":\"https:\/\/beyondx.se\/no\/#\/schema\/logo\/image\/\",\"url\":\"https:\/\/beyondx.se\/wp-content\/uploads\/2023\/08\/bx-logo.svg\",\"contentUrl\":\"https:\/\/beyondx.se\/wp-content\/uploads\/2023\/08\/bx-logo.svg\",\"width\":1,\"height\":1,\"caption\":\"B-stedt of Sweden AB\"},\"image\":{\"@id\":\"https:\/\/beyondx.se\/no\/#\/schema\/logo\/image\/\"}}]}<\/script>\n<!-- \/ Yoast SEO plugin. -->","yoast_head_json":{"title":"SWIX T18W-100 Merino wool 100mm - Beyond-X","robots":{"index":"index","follow":"follow","max-snippet":"max-snippet:-1","max-image-preview":"max-image-preview:large","max-video-preview":"max-video-preview:-1"},"canonical":"https:\/\/beyondx.se\/no\/produkt\/swix-t18w-100-merino-wool-100mm\/","og_locale":"nb_NO","og_type":"article","og_title":"SWIX T18W-100 Merino wool 100mm - Beyond-X","og_description":"Merinoullb\u00f8rste for kald p\u00e5f\u00f8ring av glider.  Profesjonelt resultat uten behov for sm\u00f8rejern  Skiene er klare p\u00e5 to minutter  Bedre for arbeidsmilj\u00f8et enn tradisjonell gliding  Brukes b\u00e5de p\u00e5 trening og i konkurranser","og_url":"https:\/\/beyondx.se\/no\/produkt\/swix-t18w-100-merino-wool-100mm\/","og_site_name":"Beyond-X","article_modified_time":"2024-04-22T07:00:15+00:00","og_image":[{"width":800,"height":800,"url":"https:\/\/beyondx.se\/wp-content\/uploads\/2024\/04\/T18W-100_1.jpg","type":"image\/jpeg"}],"twitter_card":"summary_large_image","twitter_misc":{"Ansl. lesetid":"1 minutt"},"schema":{"@context":"https:\/\/schema.org","@graph":[{"@type":"WebPage","@id":"https:\/\/beyondx.se\/no\/produkt\/swix-t18w-100-merino-wool-100mm\/","url":"https:\/\/beyondx.se\/no\/produkt\/swix-t18w-100-merino-wool-100mm\/","name":"SWIX T18W-100 Merino wool 100mm - Beyond-X","isPartOf":{"@id":"https:\/\/beyondx.se\/no\/#website"},"datePublished":"2024-04-16T10:00:05+00:00","dateModified":"2024-04-22T07:00:15+00:00","breadcrumb":{"@id":"https:\/\/beyondx.se\/no\/produkt\/swix-t18w-100-merino-wool-100mm\/#breadcrumb"},"inLanguage":"nb-NO","potentialAction":[{"@type":"ReadAction","target":["https:\/\/beyondx.se\/no\/produkt\/swix-t18w-100-merino-wool-100mm\/"]}]},{"@type":"BreadcrumbList","@id":"https:\/\/beyondx.se\/no\/produkt\/swix-t18w-100-merino-wool-100mm\/#breadcrumb","itemListElement":[{"@type":"ListItem","position":1,"name":"Hem","item":"https:\/\/beyondx.se\/no\/"},{"@type":"ListItem","position":2,"name":"Butik","item":"https:\/\/beyondx.se\/no\/butik\/"},{"@type":"ListItem","position":3,"name":"SWIX T18W-100 Merino wool 100mm"}]},{"@type":"WebSite","@id":"https:\/\/beyondx.se\/no\/#website","url":"https:\/\/beyondx.se\/no\/","name":"Beyond-X","description":"No Bullshit Ski Wear","publisher":{"@id":"https:\/\/beyondx.se\/no\/#organization"},"potentialAction":[{"@type":"SearchAction","target":{"@type":"EntryPoint","urlTemplate":"https:\/\/beyondx.se\/no\/?s={search_term_string}"},"query-input":"required name=search_term_string"}],"inLanguage":"nb-NO"},{"@type":"Organization","@id":"https:\/\/beyondx.se\/no\/#organization","name":"B-stedt of Sweden AB","url":"https:\/\/beyondx.se\/no\/","logo":{"@type":"ImageObject","inLanguage":"nb-NO","@id":"https:\/\/beyondx.se\/no\/#\/schema\/logo\/image\/","url":"https:\/\/beyondx.se\/wp-content\/uploads\/2023\/08\/bx-logo.svg","contentUrl":"https:\/\/beyondx.se\/wp-content\/uploads\/2023\/08\/bx-logo.svg","width":1,"height":1,"caption":"B-stedt of Sweden AB"},"image":{"@id":"https:\/\/beyondx.se\/no\/#\/schema\/logo\/image\/"}}]}},"_links":{"self":[{"href":"https:\/\/beyondx.se\/no\/wp-json\/wp\/v2\/product\/139861","targetHints":{"allow":["GET"]}}],"collection":[{"href":"https:\/\/beyondx.se\/no\/wp-json\/wp\/v2\/product"}],"about":[{"href":"https:\/\/beyondx.se\/no\/wp-json\/wp\/v2\/types\/product"}],"wp:featuredmedia":[{"embeddable":true,"href":"https:\/\/beyondx.se\/no\/wp-json\/wp\/v2\/media\/139853"}],"wp:attachment":[{"href":"https:\/\/beyondx.se\/no\/wp-json\/wp\/v2\/media?parent=139861"}],"wp:term":[{"taxonomy":"product_cat","embeddable":true,"href":"https:\/\/beyondx.se\/no\/wp-json\/wp\/v2\/product_cat?post=139861"},{"taxonomy":"product_tag","embeddable":true,"href":"https:\/\/beyondx.se\/no\/wp-json\/wp\/v2\/product_tag?post=139861"}],"curies":[{"name":"wp","href":"https:\/\/api.w.org\/{rel}","templated":true}]}}