{"id":140239,"date":"2024-05-08T10:19:40","date_gmt":"2024-05-08T08:19:40","guid":{"rendered":"https:\/\/beyondx.se\/?post_type=product&#038;p=140239"},"modified":"2026-04-19T06:15:57","modified_gmt":"2026-04-19T04:15:57","slug":"orgeltramp","status":"publish","type":"product","link":"https:\/\/beyondx.se\/no\/produkt\/orgeltramp\/","title":{"rendered":"Orgeltramp"},"content":{"rendered":"<p>Trampen har tagits fram i samarbete med Norges Skidf\u00f6rbund och Lier Plast AS.<br \/>\nKan levereras i f\u00f6ljande f\u00e4rger r\u00f6d, bl\u00e5, gul, gr\u00f6n och svart<br \/>\nKombinera med hopp, fyll p\u00e5 med sn\u00f6 och du har en komplett skidlekplats.<br \/>\nTrampen \u00e4r l\u00e4tta att flytta n\u00e4r de inte anv\u00e4nds. Du kan dra dem efter en skoter eller anv\u00e4nda en sl\u00e4pvagn.<br \/>\nVi har gjort ett 30 mm h\u00e5l p\u00e5 varje sida av slitbanan s\u00e5 att en k\u00e4pp kan k\u00f6ras in s\u00e5 att trampet ligger stilla i sn\u00f6n.<br \/>\nF\u00f6r anv\u00e4ndning utanf\u00f6r vinters\u00e4songen finns en aluminiumbel\u00e4ggning f\u00f6r anv\u00e4ndning med rullskidor, cykel eller andra \u00e5kdon. Dessa monteras och demonteras enkelt med hj\u00e4lp av de medf\u00f6ljande f\u00e4stena.<\/p>\n","protected":false},"excerpt":{"rendered":"Enskilt orgeltramp, kontakta oss f\u00f6r k\u00f6p av paket med fler tramp och hopp.\r\n\r\n&nbsp;","protected":false},"featured_media":140276,"template":"","meta":[],"product_cat":[2294],"product_tag":[],"class_list":["post-140239","product","type-product","status-publish","has-post-thumbnail","hentry","product_cat-fun2skills-produkter","product_shipping_class-helpall","brands-fun2skills","brands-lier-plast","fpd-variation-needed"],"yoast_head":"<!-- This site is optimized with the Yoast SEO plugin v21.0 - https:\/\/yoast.com\/wordpress\/plugins\/seo\/ -->\n<title>Orgeltramp - Beyond-X<\/title>\n<meta name=\"robots\" content=\"index, follow, max-snippet:-1, max-image-preview:large, max-video-preview:-1\" \/>\n<link rel=\"canonical\" href=\"https:\/\/beyondx.se\/no\/produkt\/orgeltramp\/\" \/>\n<meta property=\"og:locale\" content=\"nb_NO\" \/>\n<meta property=\"og:type\" content=\"article\" \/>\n<meta property=\"og:title\" content=\"Orgeltramp - Beyond-X\" \/>\n<meta property=\"og:description\" content=\"Enskilt orgeltramp, kontakta oss f\u00f6r k\u00f6p av paket med fler tramp och hopp.  &nbsp;\" \/>\n<meta property=\"og:url\" content=\"https:\/\/beyondx.se\/no\/produkt\/orgeltramp\/\" \/>\n<meta property=\"og:site_name\" content=\"Beyond-X\" \/>\n<meta property=\"article:modified_time\" content=\"2026-04-19T04:15:57+00:00\" \/>\n<meta property=\"og:image\" content=\"https:\/\/beyondx.se\/wp-content\/uploads\/2024\/05\/Orgeltramp.jpg\" \/>\n\t<meta property=\"og:image:width\" content=\"692\" \/>\n\t<meta property=\"og:image:height\" content=\"557\" \/>\n\t<meta property=\"og:image:type\" content=\"image\/jpeg\" \/>\n<meta name=\"twitter:card\" content=\"summary_large_image\" \/>\n<meta name=\"twitter:label1\" content=\"Ansl. lesetid\" \/>\n\t<meta name=\"twitter:data1\" content=\"1 minutt\" \/>\n<script type=\"application\/ld+json\" class=\"yoast-schema-graph\">{\"@context\":\"https:\/\/schema.org\",\"@graph\":[{\"@type\":\"WebPage\",\"@id\":\"https:\/\/beyondx.se\/no\/produkt\/orgeltramp\/\",\"url\":\"https:\/\/beyondx.se\/no\/produkt\/orgeltramp\/\",\"name\":\"Orgeltramp - Beyond-X\",\"isPartOf\":{\"@id\":\"https:\/\/beyondx.se\/no\/#website\"},\"datePublished\":\"2024-05-08T08:19:40+00:00\",\"dateModified\":\"2026-04-19T04:15:57+00:00\",\"breadcrumb\":{\"@id\":\"https:\/\/beyondx.se\/no\/produkt\/orgeltramp\/#breadcrumb\"},\"inLanguage\":\"nb-NO\",\"potentialAction\":[{\"@type\":\"ReadAction\",\"target\":[\"https:\/\/beyondx.se\/no\/produkt\/orgeltramp\/\"]}]},{\"@type\":\"BreadcrumbList\",\"@id\":\"https:\/\/beyondx.se\/no\/produkt\/orgeltramp\/#breadcrumb\",\"itemListElement\":[{\"@type\":\"ListItem\",\"position\":1,\"name\":\"Hem\",\"item\":\"https:\/\/beyondx.se\/no\/\"},{\"@type\":\"ListItem\",\"position\":2,\"name\":\"Butik\",\"item\":\"https:\/\/beyondx.se\/no\/butik\/\"},{\"@type\":\"ListItem\",\"position\":3,\"name\":\"Orgeltramp\"}]},{\"@type\":\"WebSite\",\"@id\":\"https:\/\/beyondx.se\/no\/#website\",\"url\":\"https:\/\/beyondx.se\/no\/\",\"name\":\"Beyond-X\",\"description\":\"No Bullshit Ski Wear\",\"publisher\":{\"@id\":\"https:\/\/beyondx.se\/no\/#organization\"},\"potentialAction\":[{\"@type\":\"SearchAction\",\"target\":{\"@type\":\"EntryPoint\",\"urlTemplate\":\"https:\/\/beyondx.se\/no\/?s={search_term_string}\"},\"query-input\":\"required name=search_term_string\"}],\"inLanguage\":\"nb-NO\"},{\"@type\":\"Organization\",\"@id\":\"https:\/\/beyondx.se\/no\/#organization\",\"name\":\"B-stedt of Sweden AB\",\"url\":\"https:\/\/beyondx.se\/no\/\",\"logo\":{\"@type\":\"ImageObject\",\"inLanguage\":\"nb-NO\",\"@id\":\"https:\/\/beyondx.se\/no\/#\/schema\/logo\/image\/\",\"url\":\"https:\/\/beyondx.se\/wp-content\/uploads\/2023\/08\/bx-logo.svg\",\"contentUrl\":\"https:\/\/beyondx.se\/wp-content\/uploads\/2023\/08\/bx-logo.svg\",\"width\":1,\"height\":1,\"caption\":\"B-stedt of Sweden AB\"},\"image\":{\"@id\":\"https:\/\/beyondx.se\/no\/#\/schema\/logo\/image\/\"}}]}<\/script>\n<!-- \/ Yoast SEO plugin. -->","yoast_head_json":{"title":"Orgeltramp - Beyond-X","robots":{"index":"index","follow":"follow","max-snippet":"max-snippet:-1","max-image-preview":"max-image-preview:large","max-video-preview":"max-video-preview:-1"},"canonical":"https:\/\/beyondx.se\/no\/produkt\/orgeltramp\/","og_locale":"nb_NO","og_type":"article","og_title":"Orgeltramp - Beyond-X","og_description":"Enskilt orgeltramp, kontakta oss f\u00f6r k\u00f6p av paket med fler tramp och hopp.  &nbsp;","og_url":"https:\/\/beyondx.se\/no\/produkt\/orgeltramp\/","og_site_name":"Beyond-X","article_modified_time":"2026-04-19T04:15:57+00:00","og_image":[{"width":692,"height":557,"url":"https:\/\/beyondx.se\/wp-content\/uploads\/2024\/05\/Orgeltramp.jpg","type":"image\/jpeg"}],"twitter_card":"summary_large_image","twitter_misc":{"Ansl. lesetid":"1 minutt"},"schema":{"@context":"https:\/\/schema.org","@graph":[{"@type":"WebPage","@id":"https:\/\/beyondx.se\/no\/produkt\/orgeltramp\/","url":"https:\/\/beyondx.se\/no\/produkt\/orgeltramp\/","name":"Orgeltramp - Beyond-X","isPartOf":{"@id":"https:\/\/beyondx.se\/no\/#website"},"datePublished":"2024-05-08T08:19:40+00:00","dateModified":"2026-04-19T04:15:57+00:00","breadcrumb":{"@id":"https:\/\/beyondx.se\/no\/produkt\/orgeltramp\/#breadcrumb"},"inLanguage":"nb-NO","potentialAction":[{"@type":"ReadAction","target":["https:\/\/beyondx.se\/no\/produkt\/orgeltramp\/"]}]},{"@type":"BreadcrumbList","@id":"https:\/\/beyondx.se\/no\/produkt\/orgeltramp\/#breadcrumb","itemListElement":[{"@type":"ListItem","position":1,"name":"Hem","item":"https:\/\/beyondx.se\/no\/"},{"@type":"ListItem","position":2,"name":"Butik","item":"https:\/\/beyondx.se\/no\/butik\/"},{"@type":"ListItem","position":3,"name":"Orgeltramp"}]},{"@type":"WebSite","@id":"https:\/\/beyondx.se\/no\/#website","url":"https:\/\/beyondx.se\/no\/","name":"Beyond-X","description":"No Bullshit Ski Wear","publisher":{"@id":"https:\/\/beyondx.se\/no\/#organization"},"potentialAction":[{"@type":"SearchAction","target":{"@type":"EntryPoint","urlTemplate":"https:\/\/beyondx.se\/no\/?s={search_term_string}"},"query-input":"required name=search_term_string"}],"inLanguage":"nb-NO"},{"@type":"Organization","@id":"https:\/\/beyondx.se\/no\/#organization","name":"B-stedt of Sweden AB","url":"https:\/\/beyondx.se\/no\/","logo":{"@type":"ImageObject","inLanguage":"nb-NO","@id":"https:\/\/beyondx.se\/no\/#\/schema\/logo\/image\/","url":"https:\/\/beyondx.se\/wp-content\/uploads\/2023\/08\/bx-logo.svg","contentUrl":"https:\/\/beyondx.se\/wp-content\/uploads\/2023\/08\/bx-logo.svg","width":1,"height":1,"caption":"B-stedt of Sweden AB"},"image":{"@id":"https:\/\/beyondx.se\/no\/#\/schema\/logo\/image\/"}}]}},"_links":{"self":[{"href":"https:\/\/beyondx.se\/no\/wp-json\/wp\/v2\/product\/140239","targetHints":{"allow":["GET"]}}],"collection":[{"href":"https:\/\/beyondx.se\/no\/wp-json\/wp\/v2\/product"}],"about":[{"href":"https:\/\/beyondx.se\/no\/wp-json\/wp\/v2\/types\/product"}],"wp:featuredmedia":[{"embeddable":true,"href":"https:\/\/beyondx.se\/no\/wp-json\/wp\/v2\/media\/140276"}],"wp:attachment":[{"href":"https:\/\/beyondx.se\/no\/wp-json\/wp\/v2\/media?parent=140239"}],"wp:term":[{"taxonomy":"product_cat","embeddable":true,"href":"https:\/\/beyondx.se\/no\/wp-json\/wp\/v2\/product_cat?post=140239"},{"taxonomy":"product_tag","embeddable":true,"href":"https:\/\/beyondx.se\/no\/wp-json\/wp\/v2\/product_tag?post=140239"}],"curies":[{"name":"wp","href":"https:\/\/api.w.org\/{rel}","templated":true}]}}