{"id":140310,"date":"2024-05-10T09:20:04","date_gmt":"2024-05-10T07:20:04","guid":{"rendered":"https:\/\/beyondx.se\/product\/hestra-gsl-race-comp-mitt\/"},"modified":"2026-04-30T02:23:56","modified_gmt":"2026-04-30T00:23:56","slug":"hestra-gsl-race-comp-mitt","status":"publish","type":"product","link":"https:\/\/beyondx.se\/no\/produkt\/hestra-gsl-race-comp-mitt\/","title":{"rendered":"HESTRA GSL Race Comp Mitt"},"content":{"rendered":"<p><a href=\"https:\/\/beyondx.se\/wp-content\/uploads\/2024\/05\/3001981-index.png\"><img loading=\"lazy\" decoding=\"async\" width=\"961\" height=\"82\" class=\"alignnone size-full wp-image-140325\" src=\"https:\/\/beyondx.se\/wp-content\/uploads\/2024\/05\/3001981-index.png\" alt=\"\" srcset=\"https:\/\/beyondx.se\/wp-content\/uploads\/2024\/05\/3001981-index.png 961w, https:\/\/beyondx.se\/wp-content\/uploads\/2024\/05\/3001981-index-600x51.webp 600w, https:\/\/beyondx.se\/wp-content\/uploads\/2024\/05\/3001981-index-768x66.png 768w, https:\/\/beyondx.se\/wp-content\/uploads\/2024\/05\/3001981-index-400x34.webp 400w, https:\/\/beyondx.se\/wp-content\/uploads\/2024\/05\/3001981-index-350x30.webp 350w\" sizes=\"auto, (max-width: 961px) 100vw, 961px\" \/><\/a><\/p>\n<h2 class=\"css-usse2b\">Slitstark tumhandske <span class=\"secondaryfont css-10e2aru\">f\u00f6r storslalom&#8230;<\/span><\/h2>\n<div class=\"css-1n4h38j\">\n<p class=\"css-1tzracg\">Storslalom uts\u00e4tter vanligtvis skidhandskar f\u00f6r de tuffaste p\u00e5frestningar. I samarbete med svenska alpin\u00e5karen Sara Hector har Hestra tagit fram denna strykt\u00e5liga t\u00e4vlingshandske, som en tuffare storasyster till klassikern RSL Comp Vertical Cut. Extra slitstark och skyddande i ovanhanden och samtidigt med en f\u00f6ljsamhet som ger bekv\u00e4mt grepp runt stavarna.<br \/>\nGSL Race Comp Mitt \u00e4r sydd i Hestras slitstarka getskinn med f\u00f6rst\u00e4rkningar i syntetmocka samt keramiskt material \u00f6ver knoge och fingrar f\u00f6r extra h\u00e5llbarhet. Fingrarna \u00e4r f\u00f6rb\u00f6jda och har ut\u00e5tv\u00e4nda s\u00f6mmar f\u00f6r optimalt grepp, medan f\u00f6ljsam skumstoppning skyddar mot slag p\u00e5 handens ovansida. Insidan \u00e4r i mjuk, borstad polyester och Primaloft Gold syntetfyllning v\u00e4rmer och leder bort fukt.<br \/>\nEn alpin t\u00e4vlingshandske som l\u00e5ter dig ta ut sv\u00e4ngarna och k\u00f6ra p\u00e5 ditt absoluta max. Som tummodell erbjuder den extra v\u00e4rme f\u00f6r frusna fingrar, men handsken finns \u00e4ven i 5-finger- och 3-fingerversion.<\/p>\n<\/div>\n","protected":false},"excerpt":{"rendered":"<ul><li>Slitstark t&#228;vlingshandske f&#246;r storslalom.<\/li><li>St&#246;td&#228;mpande skumstoppning p&#229; handens ovansida och fingrar.<\/li><li>Impregnerat getskinn skyddar mot v&#228;der och vind.<\/li><li>F&#246;rst&#228;rkningar i keramiskt material &#246;ver fingrarna.<\/li><li>Detaljer i syntetisk mocka av polyester\/polyuretan (Duratan).<\/li><li>F&#246;rb&#246;jd sk&#228;rning och ut&#229;tv&#228;nda s&#246;mmar ger optimalt grepp.<\/li><li>Insida i mjukt, borstat fleecematerial av polyester.<\/li><li>V&#228;rmande syntetfyllning (Primaloft Gold)<\/li><li>L&#228;derrem med kardborre justerar vidden runt handled.<\/li><li>F&#228;ste f&#246;r Hestra handcuffs (handledsrem).<\/li><\/ul>","protected":false},"featured_media":142111,"template":"","meta":[],"product_cat":[185],"product_tag":[],"class_list":["post-140310","product","type-product","status-publish","has-post-thumbnail","hentry","product_cat-hestra_sport","brands-hestra","fpd-variation-needed"],"yoast_head":"<!-- This site is optimized with the Yoast SEO plugin v21.0 - https:\/\/yoast.com\/wordpress\/plugins\/seo\/ -->\n<title>HESTRA GSL Race Comp Mitt - Beyond-X<\/title>\n<meta name=\"robots\" content=\"index, follow, max-snippet:-1, max-image-preview:large, max-video-preview:-1\" \/>\n<link rel=\"canonical\" href=\"https:\/\/beyondx.se\/no\/produkt\/hestra-gsl-race-comp-mitt\/\" \/>\n<meta property=\"og:locale\" content=\"nb_NO\" \/>\n<meta property=\"og:type\" content=\"article\" \/>\n<meta property=\"og:title\" content=\"HESTRA GSL Race Comp Mitt - Beyond-X\" \/>\n<meta property=\"og:description\" content=\"Slitstark t&#228;vlingshandske f&#246;r storslalom.St&#246;td&#228;mpande skumstoppning p&#229; handens ovansida och fingrar.Impregnerat getskinn skyddar mot v&#228;der och vind.F&#246;rst&#228;rkningar i keramiskt material &#246;ver fingrarna.Detaljer i syntetisk mocka av polyester\/polyuretan (Duratan).F&#246;rb&#246;jd sk&#228;rning och ut&#229;tv&#228;nda s&#246;mmar ger optimalt grepp.Insida i mjukt, borstat fleecematerial av polyester.V&#228;rmande syntetfyllning (Primaloft Gold)L&#228;derrem med kardborre justerar vidden runt handled.F&#228;ste f&#246;r Hestra handcuffs (handledsrem).\" \/>\n<meta property=\"og:url\" content=\"https:\/\/beyondx.se\/no\/produkt\/hestra-gsl-race-comp-mitt\/\" \/>\n<meta property=\"og:site_name\" content=\"Beyond-X\" \/>\n<meta property=\"article:modified_time\" content=\"2026-04-30T00:23:56+00:00\" \/>\n<meta property=\"og:image\" content=\"https:\/\/beyondx.se\/wp-content\/uploads\/2024\/05\/3001981-100-06_1.jpg\" \/>\n\t<meta property=\"og:image:width\" content=\"800\" \/>\n\t<meta property=\"og:image:height\" content=\"800\" \/>\n\t<meta property=\"og:image:type\" content=\"image\/jpeg\" \/>\n<meta name=\"twitter:card\" content=\"summary_large_image\" \/>\n<meta name=\"twitter:label1\" content=\"Ansl. lesetid\" \/>\n\t<meta name=\"twitter:data1\" content=\"1 minutt\" \/>\n<script type=\"application\/ld+json\" class=\"yoast-schema-graph\">{\"@context\":\"https:\/\/schema.org\",\"@graph\":[{\"@type\":\"WebPage\",\"@id\":\"https:\/\/beyondx.se\/no\/produkt\/hestra-gsl-race-comp-mitt\/\",\"url\":\"https:\/\/beyondx.se\/no\/produkt\/hestra-gsl-race-comp-mitt\/\",\"name\":\"HESTRA GSL Race Comp Mitt - Beyond-X\",\"isPartOf\":{\"@id\":\"https:\/\/beyondx.se\/no\/#website\"},\"datePublished\":\"2024-05-10T07:20:04+00:00\",\"dateModified\":\"2026-04-30T00:23:56+00:00\",\"breadcrumb\":{\"@id\":\"https:\/\/beyondx.se\/no\/produkt\/hestra-gsl-race-comp-mitt\/#breadcrumb\"},\"inLanguage\":\"nb-NO\",\"potentialAction\":[{\"@type\":\"ReadAction\",\"target\":[\"https:\/\/beyondx.se\/no\/produkt\/hestra-gsl-race-comp-mitt\/\"]}]},{\"@type\":\"BreadcrumbList\",\"@id\":\"https:\/\/beyondx.se\/no\/produkt\/hestra-gsl-race-comp-mitt\/#breadcrumb\",\"itemListElement\":[{\"@type\":\"ListItem\",\"position\":1,\"name\":\"Hem\",\"item\":\"https:\/\/beyondx.se\/no\/\"},{\"@type\":\"ListItem\",\"position\":2,\"name\":\"Butik\",\"item\":\"https:\/\/beyondx.se\/no\/butik\/\"},{\"@type\":\"ListItem\",\"position\":3,\"name\":\"HESTRA GSL Race Comp Mitt\"}]},{\"@type\":\"WebSite\",\"@id\":\"https:\/\/beyondx.se\/no\/#website\",\"url\":\"https:\/\/beyondx.se\/no\/\",\"name\":\"Beyond-X\",\"description\":\"No Bullshit Ski Wear\",\"publisher\":{\"@id\":\"https:\/\/beyondx.se\/no\/#organization\"},\"potentialAction\":[{\"@type\":\"SearchAction\",\"target\":{\"@type\":\"EntryPoint\",\"urlTemplate\":\"https:\/\/beyondx.se\/no\/?s={search_term_string}\"},\"query-input\":\"required name=search_term_string\"}],\"inLanguage\":\"nb-NO\"},{\"@type\":\"Organization\",\"@id\":\"https:\/\/beyondx.se\/no\/#organization\",\"name\":\"B-stedt of Sweden AB\",\"url\":\"https:\/\/beyondx.se\/no\/\",\"logo\":{\"@type\":\"ImageObject\",\"inLanguage\":\"nb-NO\",\"@id\":\"https:\/\/beyondx.se\/no\/#\/schema\/logo\/image\/\",\"url\":\"https:\/\/beyondx.se\/wp-content\/uploads\/2023\/08\/bx-logo.svg\",\"contentUrl\":\"https:\/\/beyondx.se\/wp-content\/uploads\/2023\/08\/bx-logo.svg\",\"width\":1,\"height\":1,\"caption\":\"B-stedt of Sweden AB\"},\"image\":{\"@id\":\"https:\/\/beyondx.se\/no\/#\/schema\/logo\/image\/\"}}]}<\/script>\n<!-- \/ Yoast SEO plugin. -->","yoast_head_json":{"title":"HESTRA GSL Race Comp Mitt - Beyond-X","robots":{"index":"index","follow":"follow","max-snippet":"max-snippet:-1","max-image-preview":"max-image-preview:large","max-video-preview":"max-video-preview:-1"},"canonical":"https:\/\/beyondx.se\/no\/produkt\/hestra-gsl-race-comp-mitt\/","og_locale":"nb_NO","og_type":"article","og_title":"HESTRA GSL Race Comp Mitt - Beyond-X","og_description":"Slitstark t&#228;vlingshandske f&#246;r storslalom.St&#246;td&#228;mpande skumstoppning p&#229; handens ovansida och fingrar.Impregnerat getskinn skyddar mot v&#228;der och vind.F&#246;rst&#228;rkningar i keramiskt material &#246;ver fingrarna.Detaljer i syntetisk mocka av polyester\/polyuretan (Duratan).F&#246;rb&#246;jd sk&#228;rning och ut&#229;tv&#228;nda s&#246;mmar ger optimalt grepp.Insida i mjukt, borstat fleecematerial av polyester.V&#228;rmande syntetfyllning (Primaloft Gold)L&#228;derrem med kardborre justerar vidden runt handled.F&#228;ste f&#246;r Hestra handcuffs (handledsrem).","og_url":"https:\/\/beyondx.se\/no\/produkt\/hestra-gsl-race-comp-mitt\/","og_site_name":"Beyond-X","article_modified_time":"2026-04-30T00:23:56+00:00","og_image":[{"width":800,"height":800,"url":"https:\/\/beyondx.se\/wp-content\/uploads\/2024\/05\/3001981-100-06_1.jpg","type":"image\/jpeg"}],"twitter_card":"summary_large_image","twitter_misc":{"Ansl. lesetid":"1 minutt"},"schema":{"@context":"https:\/\/schema.org","@graph":[{"@type":"WebPage","@id":"https:\/\/beyondx.se\/no\/produkt\/hestra-gsl-race-comp-mitt\/","url":"https:\/\/beyondx.se\/no\/produkt\/hestra-gsl-race-comp-mitt\/","name":"HESTRA GSL Race Comp Mitt - Beyond-X","isPartOf":{"@id":"https:\/\/beyondx.se\/no\/#website"},"datePublished":"2024-05-10T07:20:04+00:00","dateModified":"2026-04-30T00:23:56+00:00","breadcrumb":{"@id":"https:\/\/beyondx.se\/no\/produkt\/hestra-gsl-race-comp-mitt\/#breadcrumb"},"inLanguage":"nb-NO","potentialAction":[{"@type":"ReadAction","target":["https:\/\/beyondx.se\/no\/produkt\/hestra-gsl-race-comp-mitt\/"]}]},{"@type":"BreadcrumbList","@id":"https:\/\/beyondx.se\/no\/produkt\/hestra-gsl-race-comp-mitt\/#breadcrumb","itemListElement":[{"@type":"ListItem","position":1,"name":"Hem","item":"https:\/\/beyondx.se\/no\/"},{"@type":"ListItem","position":2,"name":"Butik","item":"https:\/\/beyondx.se\/no\/butik\/"},{"@type":"ListItem","position":3,"name":"HESTRA GSL Race Comp Mitt"}]},{"@type":"WebSite","@id":"https:\/\/beyondx.se\/no\/#website","url":"https:\/\/beyondx.se\/no\/","name":"Beyond-X","description":"No Bullshit Ski Wear","publisher":{"@id":"https:\/\/beyondx.se\/no\/#organization"},"potentialAction":[{"@type":"SearchAction","target":{"@type":"EntryPoint","urlTemplate":"https:\/\/beyondx.se\/no\/?s={search_term_string}"},"query-input":"required name=search_term_string"}],"inLanguage":"nb-NO"},{"@type":"Organization","@id":"https:\/\/beyondx.se\/no\/#organization","name":"B-stedt of Sweden AB","url":"https:\/\/beyondx.se\/no\/","logo":{"@type":"ImageObject","inLanguage":"nb-NO","@id":"https:\/\/beyondx.se\/no\/#\/schema\/logo\/image\/","url":"https:\/\/beyondx.se\/wp-content\/uploads\/2023\/08\/bx-logo.svg","contentUrl":"https:\/\/beyondx.se\/wp-content\/uploads\/2023\/08\/bx-logo.svg","width":1,"height":1,"caption":"B-stedt of Sweden AB"},"image":{"@id":"https:\/\/beyondx.se\/no\/#\/schema\/logo\/image\/"}}]}},"_links":{"self":[{"href":"https:\/\/beyondx.se\/no\/wp-json\/wp\/v2\/product\/140310","targetHints":{"allow":["GET"]}}],"collection":[{"href":"https:\/\/beyondx.se\/no\/wp-json\/wp\/v2\/product"}],"about":[{"href":"https:\/\/beyondx.se\/no\/wp-json\/wp\/v2\/types\/product"}],"wp:featuredmedia":[{"embeddable":true,"href":"https:\/\/beyondx.se\/no\/wp-json\/wp\/v2\/media\/142111"}],"wp:attachment":[{"href":"https:\/\/beyondx.se\/no\/wp-json\/wp\/v2\/media?parent=140310"}],"wp:term":[{"taxonomy":"product_cat","embeddable":true,"href":"https:\/\/beyondx.se\/no\/wp-json\/wp\/v2\/product_cat?post=140310"},{"taxonomy":"product_tag","embeddable":true,"href":"https:\/\/beyondx.se\/no\/wp-json\/wp\/v2\/product_tag?post=140310"}],"curies":[{"name":"wp","href":"https:\/\/api.w.org\/{rel}","templated":true}]}}