{"id":140357,"date":"2024-05-14T14:30:04","date_gmt":"2024-05-14T12:30:04","guid":{"rendered":"https:\/\/beyondx.se\/product\/toko-eco-textile-proof-500ml\/"},"modified":"2024-05-15T08:59:24","modified_gmt":"2024-05-15T06:59:24","slug":"toko-eco-textile-proof-500ml","status":"publish","type":"product","link":"https:\/\/beyondx.se\/no\/produkt\/toko-eco-textile-proof-500ml\/","title":{"rendered":"TOKO Eco Textile Proof 500ml"},"content":{"rendered":"","protected":false},"excerpt":{"rendered":"Milj\u00f8vennlig impregnering for friluftskl\u00e6r.\n\nIdeell for pustende sportst\u00f8y, turkl\u00e6r og andre tekstiler. Bevarer pustbarheten til moderne membrantekstiler (f.eks. GORE-TEX\u00ae). Sv\u00e6rt effektiv takket v\u00e6re ny forskning. Gj\u00f8r stoffet vannavst\u00f8tende. Milj\u00f8vennlig spray uten drivgass, 100% fri for fluorokarboner, 100% biologisk nedbrytbar.","protected":false},"featured_media":140351,"template":"","meta":[],"product_cat":[1581],"product_tag":[],"class_list":["post-140357","product","type-product","status-publish","has-post-thumbnail","hentry","product_cat-vask-og-impregnering","brands-toko","fpd-variation-needed"],"yoast_head":"<!-- This site is optimized with the Yoast SEO plugin v21.0 - https:\/\/yoast.com\/wordpress\/plugins\/seo\/ -->\n<title>TOKO Eco Textile Proof 500ml - Beyond-X<\/title>\n<meta name=\"robots\" content=\"index, follow, max-snippet:-1, max-image-preview:large, max-video-preview:-1\" \/>\n<link rel=\"canonical\" href=\"https:\/\/beyondx.se\/no\/produkt\/toko-eco-textile-proof-500ml\/\" \/>\n<meta property=\"og:locale\" content=\"nb_NO\" \/>\n<meta property=\"og:type\" content=\"article\" \/>\n<meta property=\"og:title\" content=\"TOKO Eco Textile Proof 500ml - Beyond-X\" \/>\n<meta property=\"og:description\" content=\"Milj\u00f8vennlig impregnering for friluftskl\u00e6r. Ideell for pustende sportst\u00f8y, turkl\u00e6r og andre tekstiler. Bevarer pustbarheten til moderne membrantekstiler (f.eks. GORE-TEX\u00ae). Sv\u00e6rt effektiv takket v\u00e6re ny forskning. Gj\u00f8r stoffet vannavst\u00f8tende. Milj\u00f8vennlig spray uten drivgass, 100% fri for fluorokarboner, 100% biologisk nedbrytbar.\" \/>\n<meta property=\"og:url\" content=\"https:\/\/beyondx.se\/no\/produkt\/toko-eco-textile-proof-500ml\/\" \/>\n<meta property=\"og:site_name\" content=\"Beyond-X\" \/>\n<meta property=\"article:modified_time\" content=\"2024-05-15T06:59:24+00:00\" \/>\n<meta property=\"og:image\" content=\"https:\/\/beyondx.se\/wp-content\/uploads\/2024\/05\/5582625_1.jpg\" \/>\n\t<meta property=\"og:image:width\" content=\"800\" \/>\n\t<meta property=\"og:image:height\" content=\"800\" \/>\n\t<meta property=\"og:image:type\" content=\"image\/jpeg\" \/>\n<meta name=\"twitter:card\" content=\"summary_large_image\" \/>\n<script type=\"application\/ld+json\" class=\"yoast-schema-graph\">{\"@context\":\"https:\/\/schema.org\",\"@graph\":[{\"@type\":\"WebPage\",\"@id\":\"https:\/\/beyondx.se\/no\/produkt\/toko-eco-textile-proof-500ml\/\",\"url\":\"https:\/\/beyondx.se\/no\/produkt\/toko-eco-textile-proof-500ml\/\",\"name\":\"TOKO Eco Textile Proof 500ml - Beyond-X\",\"isPartOf\":{\"@id\":\"https:\/\/beyondx.se\/no\/#website\"},\"datePublished\":\"2024-05-14T12:30:04+00:00\",\"dateModified\":\"2024-05-15T06:59:24+00:00\",\"breadcrumb\":{\"@id\":\"https:\/\/beyondx.se\/no\/produkt\/toko-eco-textile-proof-500ml\/#breadcrumb\"},\"inLanguage\":\"nb-NO\",\"potentialAction\":[{\"@type\":\"ReadAction\",\"target\":[\"https:\/\/beyondx.se\/no\/produkt\/toko-eco-textile-proof-500ml\/\"]}]},{\"@type\":\"BreadcrumbList\",\"@id\":\"https:\/\/beyondx.se\/no\/produkt\/toko-eco-textile-proof-500ml\/#breadcrumb\",\"itemListElement\":[{\"@type\":\"ListItem\",\"position\":1,\"name\":\"Hem\",\"item\":\"https:\/\/beyondx.se\/no\/\"},{\"@type\":\"ListItem\",\"position\":2,\"name\":\"Butik\",\"item\":\"https:\/\/beyondx.se\/no\/butik\/\"},{\"@type\":\"ListItem\",\"position\":3,\"name\":\"TOKO Eco Textile Proof 500ml\"}]},{\"@type\":\"WebSite\",\"@id\":\"https:\/\/beyondx.se\/no\/#website\",\"url\":\"https:\/\/beyondx.se\/no\/\",\"name\":\"Beyond-X\",\"description\":\"No Bullshit Ski Wear\",\"publisher\":{\"@id\":\"https:\/\/beyondx.se\/no\/#organization\"},\"potentialAction\":[{\"@type\":\"SearchAction\",\"target\":{\"@type\":\"EntryPoint\",\"urlTemplate\":\"https:\/\/beyondx.se\/no\/?s={search_term_string}\"},\"query-input\":\"required name=search_term_string\"}],\"inLanguage\":\"nb-NO\"},{\"@type\":\"Organization\",\"@id\":\"https:\/\/beyondx.se\/no\/#organization\",\"name\":\"B-stedt of Sweden AB\",\"url\":\"https:\/\/beyondx.se\/no\/\",\"logo\":{\"@type\":\"ImageObject\",\"inLanguage\":\"nb-NO\",\"@id\":\"https:\/\/beyondx.se\/no\/#\/schema\/logo\/image\/\",\"url\":\"https:\/\/beyondx.se\/wp-content\/uploads\/2023\/08\/bx-logo.svg\",\"contentUrl\":\"https:\/\/beyondx.se\/wp-content\/uploads\/2023\/08\/bx-logo.svg\",\"width\":1,\"height\":1,\"caption\":\"B-stedt of Sweden AB\"},\"image\":{\"@id\":\"https:\/\/beyondx.se\/no\/#\/schema\/logo\/image\/\"}}]}<\/script>\n<!-- \/ Yoast SEO plugin. -->","yoast_head_json":{"title":"TOKO Eco Textile Proof 500ml - Beyond-X","robots":{"index":"index","follow":"follow","max-snippet":"max-snippet:-1","max-image-preview":"max-image-preview:large","max-video-preview":"max-video-preview:-1"},"canonical":"https:\/\/beyondx.se\/no\/produkt\/toko-eco-textile-proof-500ml\/","og_locale":"nb_NO","og_type":"article","og_title":"TOKO Eco Textile Proof 500ml - Beyond-X","og_description":"Milj\u00f8vennlig impregnering for friluftskl\u00e6r. Ideell for pustende sportst\u00f8y, turkl\u00e6r og andre tekstiler. Bevarer pustbarheten til moderne membrantekstiler (f.eks. GORE-TEX\u00ae). Sv\u00e6rt effektiv takket v\u00e6re ny forskning. Gj\u00f8r stoffet vannavst\u00f8tende. Milj\u00f8vennlig spray uten drivgass, 100% fri for fluorokarboner, 100% biologisk nedbrytbar.","og_url":"https:\/\/beyondx.se\/no\/produkt\/toko-eco-textile-proof-500ml\/","og_site_name":"Beyond-X","article_modified_time":"2024-05-15T06:59:24+00:00","og_image":[{"width":800,"height":800,"url":"https:\/\/beyondx.se\/wp-content\/uploads\/2024\/05\/5582625_1.jpg","type":"image\/jpeg"}],"twitter_card":"summary_large_image","schema":{"@context":"https:\/\/schema.org","@graph":[{"@type":"WebPage","@id":"https:\/\/beyondx.se\/no\/produkt\/toko-eco-textile-proof-500ml\/","url":"https:\/\/beyondx.se\/no\/produkt\/toko-eco-textile-proof-500ml\/","name":"TOKO Eco Textile Proof 500ml - Beyond-X","isPartOf":{"@id":"https:\/\/beyondx.se\/no\/#website"},"datePublished":"2024-05-14T12:30:04+00:00","dateModified":"2024-05-15T06:59:24+00:00","breadcrumb":{"@id":"https:\/\/beyondx.se\/no\/produkt\/toko-eco-textile-proof-500ml\/#breadcrumb"},"inLanguage":"nb-NO","potentialAction":[{"@type":"ReadAction","target":["https:\/\/beyondx.se\/no\/produkt\/toko-eco-textile-proof-500ml\/"]}]},{"@type":"BreadcrumbList","@id":"https:\/\/beyondx.se\/no\/produkt\/toko-eco-textile-proof-500ml\/#breadcrumb","itemListElement":[{"@type":"ListItem","position":1,"name":"Hem","item":"https:\/\/beyondx.se\/no\/"},{"@type":"ListItem","position":2,"name":"Butik","item":"https:\/\/beyondx.se\/no\/butik\/"},{"@type":"ListItem","position":3,"name":"TOKO Eco Textile Proof 500ml"}]},{"@type":"WebSite","@id":"https:\/\/beyondx.se\/no\/#website","url":"https:\/\/beyondx.se\/no\/","name":"Beyond-X","description":"No Bullshit Ski Wear","publisher":{"@id":"https:\/\/beyondx.se\/no\/#organization"},"potentialAction":[{"@type":"SearchAction","target":{"@type":"EntryPoint","urlTemplate":"https:\/\/beyondx.se\/no\/?s={search_term_string}"},"query-input":"required name=search_term_string"}],"inLanguage":"nb-NO"},{"@type":"Organization","@id":"https:\/\/beyondx.se\/no\/#organization","name":"B-stedt of Sweden AB","url":"https:\/\/beyondx.se\/no\/","logo":{"@type":"ImageObject","inLanguage":"nb-NO","@id":"https:\/\/beyondx.se\/no\/#\/schema\/logo\/image\/","url":"https:\/\/beyondx.se\/wp-content\/uploads\/2023\/08\/bx-logo.svg","contentUrl":"https:\/\/beyondx.se\/wp-content\/uploads\/2023\/08\/bx-logo.svg","width":1,"height":1,"caption":"B-stedt of Sweden AB"},"image":{"@id":"https:\/\/beyondx.se\/no\/#\/schema\/logo\/image\/"}}]}},"_links":{"self":[{"href":"https:\/\/beyondx.se\/no\/wp-json\/wp\/v2\/product\/140357","targetHints":{"allow":["GET"]}}],"collection":[{"href":"https:\/\/beyondx.se\/no\/wp-json\/wp\/v2\/product"}],"about":[{"href":"https:\/\/beyondx.se\/no\/wp-json\/wp\/v2\/types\/product"}],"wp:featuredmedia":[{"embeddable":true,"href":"https:\/\/beyondx.se\/no\/wp-json\/wp\/v2\/media\/140351"}],"wp:attachment":[{"href":"https:\/\/beyondx.se\/no\/wp-json\/wp\/v2\/media?parent=140357"}],"wp:term":[{"taxonomy":"product_cat","embeddable":true,"href":"https:\/\/beyondx.se\/no\/wp-json\/wp\/v2\/product_cat?post=140357"},{"taxonomy":"product_tag","embeddable":true,"href":"https:\/\/beyondx.se\/no\/wp-json\/wp\/v2\/product_tag?post=140357"}],"curies":[{"name":"wp","href":"https:\/\/api.w.org\/{rel}","templated":true}]}}