{"id":141831,"date":"2024-08-31T12:40:04","date_gmt":"2024-08-31T10:40:04","guid":{"rendered":"https:\/\/beyondx.se\/product\/iron-ic-cut-resistant-shirt-junior\/"},"modified":"2026-05-14T07:28:31","modified_gmt":"2026-05-14T05:28:31","slug":"iron-ic-cut-resistant-shirt-junior","status":"publish","type":"product","link":"https:\/\/beyondx.se\/no\/produkt\/iron-ic-cut-resistant-shirt-junior\/","title":{"rendered":"Iron-ic Cut-Resistant shirt Junior"},"content":{"rendered":"<div class=\"shortdescription item_tab open\">\n<div class=\"content\">\n<p class=\"composizione\">50% polyeten 40% polyamid 6% polypropen 4% elastan<\/p>\n<p>I-Protect \u00e4r den innovativa l\u00f6sningen som kombinerar en sk\u00e4rt\u00e5lig skjorta med en termoskjorta i ett enda varmt och slitstarkt baslager. Mjuk och bekv\u00e4m, I-Protect-skjortan anpassar sig perfekt till den anatomiska formen med en utm\u00e4rkt passform tack vare I-Band-patentet och milj\u00f6v\u00e4nlig design med I-Cone-patentet. P\u00e5 grund av dessa egenskaper beh\u00f6vs inget extra baslager eftersom det fungerar b\u00e5de som en termoskjorta och sk\u00e4rt\u00e5lig teknisk kl\u00e4dsel. Testad och certifierad f\u00f6r att vara den idealiska allierade f\u00f6r hela vintern: UNI EN 388:2009 niv\u00e5 3, EN ISO 13997 niv\u00e5 B<\/p>\n<\/div>\n<\/div>\n<div class=\"lavaggio item_tab open\">\n<div class=\"title\">\n<h2><strong>Tv\u00e4ttning<\/strong><\/h2>\n<\/div>\n<div class=\"content\">\n<ul class=\"ul_lavaggio\">\n<li><strong><img decoding=\"async\" src=\"https:\/\/www.iron-ic.it\/static\/version1723892718\/frontend\/Up3up\/ironicm2\/en_US\/images\/lavaggio\/lavaggio-01.png\" alt=\"lavaggio-01\" \/><\/strong>Tv\u00e4ttas i 30\u00b0<\/li>\n<li><strong><img decoding=\"async\" src=\"https:\/\/www.iron-ic.it\/static\/version1723892718\/frontend\/Up3up\/ironicm2\/en_US\/images\/lavaggio\/lavaggio-02.png\" alt=\"lavaggio-02\" \/><\/strong>Blek inte<\/li>\n<li><strong><img decoding=\"async\" src=\"https:\/\/www.iron-ic.it\/static\/version1723892718\/frontend\/Up3up\/ironicm2\/en_US\/images\/lavaggio\/lavaggio-03.png\" alt=\"lavaggio-03\" \/><\/strong>Ingen torktumling<\/li>\n<li><strong><img decoding=\"async\" src=\"https:\/\/www.iron-ic.it\/static\/version1723892718\/frontend\/Up3up\/ironicm2\/en_US\/images\/lavaggio\/lavaggio-04.png\" alt=\"lavaggio-04\" \/><\/strong>Stryk inte<\/li>\n<li><strong><img decoding=\"async\" src=\"https:\/\/www.iron-ic.it\/static\/version1723892718\/frontend\/Up3up\/ironicm2\/en_US\/images\/lavaggio\/lavaggio-05.png\" alt=\"lavaggio-05\" \/><\/strong>Kemtv\u00e4tt inte<\/li>\n<\/ul>\n<\/div>\n<\/div>\n<div class=\"caratteristiche item_tab open\">\n<div class=\"title\">\n<h2><strong>Tekniska egenskaper<\/strong><\/h2>\n<\/div>\n<div class=\"content\">\n<div class=\"additional-attributes-wrapper table-wrapper\">\n<table id=\"product-attribute-specs-table\" class=\"data table additional-attributes\">\n<caption class=\"table-caption\">Mer information<\/caption>\n<tbody>\n<tr>\n<th class=\"col label\" scope=\"row\">Komposition<\/th>\n<td class=\"col data\" data-th=\"Composizione\">50% polyeten 40% polyamid 6% polypropen 4% elastan<\/td>\n<\/tr>\n<tr>\n<th class=\"col label\" scope=\"row\">F\u00e4rg<\/th>\n<td class=\"col data\" data-th=\"Color\">Svart<\/td>\n<\/tr>\n<\/tbody>\n<\/table>\n<\/div>\n<\/div>\n<\/div>\n","protected":false},"excerpt":{"rendered":"<p>I-Protect-certifierad sk&#228;rt&#229;lig och termisk tekniskt underst&#228;ll, testad f&#246;r att s&#228;kerst&#228;lla optimal prestanda och maximalt skydd.<\/p>","protected":false},"featured_media":147110,"template":"","meta":[],"product_cat":[1675],"product_tag":[],"class_list":["post-141831","product","type-product","status-publish","has-post-thumbnail","hentry","product_cat-cut-resistant-under-wear","brands-iron-ic","fpd-variation-needed"],"yoast_head":"<!-- This site is optimized with the Yoast SEO plugin v21.0 - https:\/\/yoast.com\/wordpress\/plugins\/seo\/ -->\n<title>Iron-ic Cut-Resistant shirt Junior - Beyond-X<\/title>\n<meta name=\"robots\" content=\"index, follow, max-snippet:-1, max-image-preview:large, max-video-preview:-1\" \/>\n<link rel=\"canonical\" href=\"https:\/\/beyondx.se\/no\/produkt\/iron-ic-cut-resistant-shirt-junior\/\" \/>\n<meta property=\"og:locale\" content=\"nb_NO\" \/>\n<meta property=\"og:type\" content=\"article\" \/>\n<meta property=\"og:title\" content=\"Iron-ic Cut-Resistant shirt Junior - Beyond-X\" \/>\n<meta property=\"og:description\" content=\"I-Protect-certifierad sk&#228;rt&#229;lig och termisk tekniskt underst&#228;ll, testad f&#246;r att s&#228;kerst&#228;lla optimal prestanda och maximalt skydd.\" \/>\n<meta property=\"og:url\" content=\"https:\/\/beyondx.se\/no\/produkt\/iron-ic-cut-resistant-shirt-junior\/\" \/>\n<meta property=\"og:site_name\" content=\"Beyond-X\" \/>\n<meta property=\"article:modified_time\" content=\"2026-05-14T05:28:31+00:00\" \/>\n<meta property=\"og:image\" content=\"https:\/\/beyondx.se\/wp-content\/uploads\/2024\/08\/201984-12_1.jpg\" \/>\n\t<meta property=\"og:image:width\" content=\"781\" \/>\n\t<meta property=\"og:image:height\" content=\"782\" \/>\n\t<meta property=\"og:image:type\" content=\"image\/jpeg\" \/>\n<meta name=\"twitter:card\" content=\"summary_large_image\" \/>\n<meta name=\"twitter:label1\" content=\"Ansl. lesetid\" \/>\n\t<meta name=\"twitter:data1\" content=\"2 minutter\" \/>\n<script type=\"application\/ld+json\" class=\"yoast-schema-graph\">{\"@context\":\"https:\/\/schema.org\",\"@graph\":[{\"@type\":\"WebPage\",\"@id\":\"https:\/\/beyondx.se\/no\/produkt\/iron-ic-cut-resistant-shirt-junior\/\",\"url\":\"https:\/\/beyondx.se\/no\/produkt\/iron-ic-cut-resistant-shirt-junior\/\",\"name\":\"Iron-ic Cut-Resistant shirt Junior - Beyond-X\",\"isPartOf\":{\"@id\":\"https:\/\/beyondx.se\/no\/#website\"},\"datePublished\":\"2024-08-31T10:40:04+00:00\",\"dateModified\":\"2026-05-14T05:28:31+00:00\",\"breadcrumb\":{\"@id\":\"https:\/\/beyondx.se\/no\/produkt\/iron-ic-cut-resistant-shirt-junior\/#breadcrumb\"},\"inLanguage\":\"nb-NO\",\"potentialAction\":[{\"@type\":\"ReadAction\",\"target\":[\"https:\/\/beyondx.se\/no\/produkt\/iron-ic-cut-resistant-shirt-junior\/\"]}]},{\"@type\":\"BreadcrumbList\",\"@id\":\"https:\/\/beyondx.se\/no\/produkt\/iron-ic-cut-resistant-shirt-junior\/#breadcrumb\",\"itemListElement\":[{\"@type\":\"ListItem\",\"position\":1,\"name\":\"Hem\",\"item\":\"https:\/\/beyondx.se\/no\/\"},{\"@type\":\"ListItem\",\"position\":2,\"name\":\"Butik\",\"item\":\"https:\/\/beyondx.se\/no\/butik\/\"},{\"@type\":\"ListItem\",\"position\":3,\"name\":\"Iron-ic Cut-Resistant shirt Junior\"}]},{\"@type\":\"WebSite\",\"@id\":\"https:\/\/beyondx.se\/no\/#website\",\"url\":\"https:\/\/beyondx.se\/no\/\",\"name\":\"Beyond-X\",\"description\":\"No Bullshit Ski Wear\",\"publisher\":{\"@id\":\"https:\/\/beyondx.se\/no\/#organization\"},\"potentialAction\":[{\"@type\":\"SearchAction\",\"target\":{\"@type\":\"EntryPoint\",\"urlTemplate\":\"https:\/\/beyondx.se\/no\/?s={search_term_string}\"},\"query-input\":\"required name=search_term_string\"}],\"inLanguage\":\"nb-NO\"},{\"@type\":\"Organization\",\"@id\":\"https:\/\/beyondx.se\/no\/#organization\",\"name\":\"B-stedt of Sweden AB\",\"url\":\"https:\/\/beyondx.se\/no\/\",\"logo\":{\"@type\":\"ImageObject\",\"inLanguage\":\"nb-NO\",\"@id\":\"https:\/\/beyondx.se\/no\/#\/schema\/logo\/image\/\",\"url\":\"https:\/\/beyondx.se\/wp-content\/uploads\/2023\/08\/bx-logo.svg\",\"contentUrl\":\"https:\/\/beyondx.se\/wp-content\/uploads\/2023\/08\/bx-logo.svg\",\"width\":1,\"height\":1,\"caption\":\"B-stedt of Sweden AB\"},\"image\":{\"@id\":\"https:\/\/beyondx.se\/no\/#\/schema\/logo\/image\/\"}}]}<\/script>\n<!-- \/ Yoast SEO plugin. -->","yoast_head_json":{"title":"Iron-ic Cut-Resistant shirt Junior - Beyond-X","robots":{"index":"index","follow":"follow","max-snippet":"max-snippet:-1","max-image-preview":"max-image-preview:large","max-video-preview":"max-video-preview:-1"},"canonical":"https:\/\/beyondx.se\/no\/produkt\/iron-ic-cut-resistant-shirt-junior\/","og_locale":"nb_NO","og_type":"article","og_title":"Iron-ic Cut-Resistant shirt Junior - Beyond-X","og_description":"I-Protect-certifierad sk&#228;rt&#229;lig och termisk tekniskt underst&#228;ll, testad f&#246;r att s&#228;kerst&#228;lla optimal prestanda och maximalt skydd.","og_url":"https:\/\/beyondx.se\/no\/produkt\/iron-ic-cut-resistant-shirt-junior\/","og_site_name":"Beyond-X","article_modified_time":"2026-05-14T05:28:31+00:00","og_image":[{"width":781,"height":782,"url":"https:\/\/beyondx.se\/wp-content\/uploads\/2024\/08\/201984-12_1.jpg","type":"image\/jpeg"}],"twitter_card":"summary_large_image","twitter_misc":{"Ansl. lesetid":"2 minutter"},"schema":{"@context":"https:\/\/schema.org","@graph":[{"@type":"WebPage","@id":"https:\/\/beyondx.se\/no\/produkt\/iron-ic-cut-resistant-shirt-junior\/","url":"https:\/\/beyondx.se\/no\/produkt\/iron-ic-cut-resistant-shirt-junior\/","name":"Iron-ic Cut-Resistant shirt Junior - Beyond-X","isPartOf":{"@id":"https:\/\/beyondx.se\/no\/#website"},"datePublished":"2024-08-31T10:40:04+00:00","dateModified":"2026-05-14T05:28:31+00:00","breadcrumb":{"@id":"https:\/\/beyondx.se\/no\/produkt\/iron-ic-cut-resistant-shirt-junior\/#breadcrumb"},"inLanguage":"nb-NO","potentialAction":[{"@type":"ReadAction","target":["https:\/\/beyondx.se\/no\/produkt\/iron-ic-cut-resistant-shirt-junior\/"]}]},{"@type":"BreadcrumbList","@id":"https:\/\/beyondx.se\/no\/produkt\/iron-ic-cut-resistant-shirt-junior\/#breadcrumb","itemListElement":[{"@type":"ListItem","position":1,"name":"Hem","item":"https:\/\/beyondx.se\/no\/"},{"@type":"ListItem","position":2,"name":"Butik","item":"https:\/\/beyondx.se\/no\/butik\/"},{"@type":"ListItem","position":3,"name":"Iron-ic Cut-Resistant shirt Junior"}]},{"@type":"WebSite","@id":"https:\/\/beyondx.se\/no\/#website","url":"https:\/\/beyondx.se\/no\/","name":"Beyond-X","description":"No Bullshit Ski Wear","publisher":{"@id":"https:\/\/beyondx.se\/no\/#organization"},"potentialAction":[{"@type":"SearchAction","target":{"@type":"EntryPoint","urlTemplate":"https:\/\/beyondx.se\/no\/?s={search_term_string}"},"query-input":"required name=search_term_string"}],"inLanguage":"nb-NO"},{"@type":"Organization","@id":"https:\/\/beyondx.se\/no\/#organization","name":"B-stedt of Sweden AB","url":"https:\/\/beyondx.se\/no\/","logo":{"@type":"ImageObject","inLanguage":"nb-NO","@id":"https:\/\/beyondx.se\/no\/#\/schema\/logo\/image\/","url":"https:\/\/beyondx.se\/wp-content\/uploads\/2023\/08\/bx-logo.svg","contentUrl":"https:\/\/beyondx.se\/wp-content\/uploads\/2023\/08\/bx-logo.svg","width":1,"height":1,"caption":"B-stedt of Sweden AB"},"image":{"@id":"https:\/\/beyondx.se\/no\/#\/schema\/logo\/image\/"}}]}},"_links":{"self":[{"href":"https:\/\/beyondx.se\/no\/wp-json\/wp\/v2\/product\/141831","targetHints":{"allow":["GET"]}}],"collection":[{"href":"https:\/\/beyondx.se\/no\/wp-json\/wp\/v2\/product"}],"about":[{"href":"https:\/\/beyondx.se\/no\/wp-json\/wp\/v2\/types\/product"}],"wp:featuredmedia":[{"embeddable":true,"href":"https:\/\/beyondx.se\/no\/wp-json\/wp\/v2\/media\/147110"}],"wp:attachment":[{"href":"https:\/\/beyondx.se\/no\/wp-json\/wp\/v2\/media?parent=141831"}],"wp:term":[{"taxonomy":"product_cat","embeddable":true,"href":"https:\/\/beyondx.se\/no\/wp-json\/wp\/v2\/product_cat?post=141831"},{"taxonomy":"product_tag","embeddable":true,"href":"https:\/\/beyondx.se\/no\/wp-json\/wp\/v2\/product_tag?post=141831"}],"curies":[{"name":"wp","href":"https:\/\/api.w.org\/{rel}","templated":true}]}}