{"id":14239,"date":"2023-04-21T12:55:45","date_gmt":"2023-04-21T10:55:45","guid":{"rendered":"https:\/\/beta.karlskogawebbyra.se\/beyond\/product\/alpine-pack-10\/"},"modified":"2026-04-21T10:34:56","modified_gmt":"2026-04-21T08:34:56","slug":"alpine-pack-10","status":"publish","type":"product","link":"https:\/\/beyondx.se\/no\/produkt\/alpine-pack-10\/","title":{"rendered":"Freelap Alpine Pack 10 LED"},"content":{"rendered":"<p>Enkel och kvick upps\u00e4ttning, ingen synkronisering.<\/p>\n<p>Smartphone\/surfplatta med myfreelap installerat kan anslutas till Relaycoach via bluetooth.<\/p>\n<p>Inneh\u00e5ller:<\/p>\n<p>Startgrind, TX Gate Pro<\/p>\n<p>Relay Coach BLE<\/p>\n<p>M\u00e5lg\u00e5ng, TX Power 5 PRO<\/p>\n<p>FX Chip 10st<\/p>\n<p>LED Display<\/p>\n<p>2 Axelv\u00e4skor (1 f\u00f6r timing, 1 f\u00f6r display)<\/p>\n","protected":false},"excerpt":{"rendered":"Tidtagningskit f\u00f6r 10 ut\u00f6vare utan mellantid. Enkel och kvick upps\u00e4ttning, ingen synkronisering.<br \/><br \/>Smartphone\/surfplatta med myfreelap installerat kan anslutas till Relaycoach via bluetooth.<br \/><br \/>Inneh\u00e5ller:<br \/><br \/>Startgrind, TX Gate Pro<br \/><br \/>Relay Coach BLE<br \/><br \/>M\u00e5lg\u00e5ng, TX Power 5 PRO<br \/><br \/>FX Chip 10st<br \/><br \/>LED Display<br \/><br \/>2 Axelv\u00e4skor (1 f\u00f6r timing, 1 f\u00f6r display)","protected":false},"featured_media":19132,"template":"","meta":[],"product_cat":[212],"product_tag":[],"class_list":["post-14239","product","type-product","status-publish","has-post-thumbnail","hentry","product_cat-skiing","brands-freelap","fpd-variation-needed"],"yoast_head":"<!-- This site is optimized with the Yoast SEO plugin v21.0 - https:\/\/yoast.com\/wordpress\/plugins\/seo\/ -->\n<title>Freelap Alpine Pack 10 LED - Beyond-X<\/title>\n<meta name=\"robots\" content=\"index, follow, max-snippet:-1, max-image-preview:large, max-video-preview:-1\" \/>\n<link rel=\"canonical\" href=\"https:\/\/beyondx.se\/no\/produkt\/alpine-pack-10\/\" \/>\n<meta property=\"og:locale\" content=\"nb_NO\" \/>\n<meta property=\"og:type\" content=\"article\" \/>\n<meta property=\"og:title\" content=\"Freelap Alpine Pack 10 LED - Beyond-X\" \/>\n<meta property=\"og:description\" content=\"Tidtagningskit f\u00f6r 10 ut\u00f6vare utan mellantid. Enkel och kvick upps\u00e4ttning, ingen synkronisering.Smartphone\/surfplatta med myfreelap installerat kan anslutas till Relaycoach via bluetooth.Inneh\u00e5ller:Startgrind, TX Gate ProRelay Coach BLEM\u00e5lg\u00e5ng, TX Power 5 PROFX Chip 10stLED Display2 Axelv\u00e4skor (1 f\u00f6r timing, 1 f\u00f6r display)\" \/>\n<meta property=\"og:url\" content=\"https:\/\/beyondx.se\/no\/produkt\/alpine-pack-10\/\" \/>\n<meta property=\"og:site_name\" content=\"Beyond-X\" \/>\n<meta property=\"article:modified_time\" content=\"2026-04-21T08:34:56+00:00\" \/>\n<meta property=\"og:image\" content=\"https:\/\/beyondx.se\/wp-content\/uploads\/2023\/06\/ALP10LED_1.jpg\" \/>\n\t<meta property=\"og:image:width\" content=\"800\" \/>\n\t<meta property=\"og:image:height\" content=\"800\" \/>\n\t<meta property=\"og:image:type\" content=\"image\/jpeg\" \/>\n<meta name=\"twitter:card\" content=\"summary_large_image\" \/>\n<script type=\"application\/ld+json\" class=\"yoast-schema-graph\">{\"@context\":\"https:\/\/schema.org\",\"@graph\":[{\"@type\":\"WebPage\",\"@id\":\"https:\/\/beyondx.se\/no\/produkt\/alpine-pack-10\/\",\"url\":\"https:\/\/beyondx.se\/no\/produkt\/alpine-pack-10\/\",\"name\":\"Freelap Alpine Pack 10 LED - Beyond-X\",\"isPartOf\":{\"@id\":\"https:\/\/beyondx.se\/no\/#website\"},\"datePublished\":\"2023-04-21T10:55:45+00:00\",\"dateModified\":\"2026-04-21T08:34:56+00:00\",\"breadcrumb\":{\"@id\":\"https:\/\/beyondx.se\/no\/produkt\/alpine-pack-10\/#breadcrumb\"},\"inLanguage\":\"nb-NO\",\"potentialAction\":[{\"@type\":\"ReadAction\",\"target\":[\"https:\/\/beyondx.se\/no\/produkt\/alpine-pack-10\/\"]}]},{\"@type\":\"BreadcrumbList\",\"@id\":\"https:\/\/beyondx.se\/no\/produkt\/alpine-pack-10\/#breadcrumb\",\"itemListElement\":[{\"@type\":\"ListItem\",\"position\":1,\"name\":\"Hem\",\"item\":\"https:\/\/beyondx.se\/no\/\"},{\"@type\":\"ListItem\",\"position\":2,\"name\":\"Butik\",\"item\":\"https:\/\/beyondx.se\/no\/butik\/\"},{\"@type\":\"ListItem\",\"position\":3,\"name\":\"Freelap Alpine Pack 10 LED\"}]},{\"@type\":\"WebSite\",\"@id\":\"https:\/\/beyondx.se\/no\/#website\",\"url\":\"https:\/\/beyondx.se\/no\/\",\"name\":\"Beyond-X\",\"description\":\"No Bullshit Ski Wear\",\"publisher\":{\"@id\":\"https:\/\/beyondx.se\/no\/#organization\"},\"potentialAction\":[{\"@type\":\"SearchAction\",\"target\":{\"@type\":\"EntryPoint\",\"urlTemplate\":\"https:\/\/beyondx.se\/no\/?s={search_term_string}\"},\"query-input\":\"required name=search_term_string\"}],\"inLanguage\":\"nb-NO\"},{\"@type\":\"Organization\",\"@id\":\"https:\/\/beyondx.se\/no\/#organization\",\"name\":\"B-stedt of Sweden AB\",\"url\":\"https:\/\/beyondx.se\/no\/\",\"logo\":{\"@type\":\"ImageObject\",\"inLanguage\":\"nb-NO\",\"@id\":\"https:\/\/beyondx.se\/no\/#\/schema\/logo\/image\/\",\"url\":\"https:\/\/beyondx.se\/wp-content\/uploads\/2023\/08\/bx-logo.svg\",\"contentUrl\":\"https:\/\/beyondx.se\/wp-content\/uploads\/2023\/08\/bx-logo.svg\",\"width\":1,\"height\":1,\"caption\":\"B-stedt of Sweden AB\"},\"image\":{\"@id\":\"https:\/\/beyondx.se\/no\/#\/schema\/logo\/image\/\"}}]}<\/script>\n<!-- \/ Yoast SEO plugin. -->","yoast_head_json":{"title":"Freelap Alpine Pack 10 LED - Beyond-X","robots":{"index":"index","follow":"follow","max-snippet":"max-snippet:-1","max-image-preview":"max-image-preview:large","max-video-preview":"max-video-preview:-1"},"canonical":"https:\/\/beyondx.se\/no\/produkt\/alpine-pack-10\/","og_locale":"nb_NO","og_type":"article","og_title":"Freelap Alpine Pack 10 LED - Beyond-X","og_description":"Tidtagningskit f\u00f6r 10 ut\u00f6vare utan mellantid. Enkel och kvick upps\u00e4ttning, ingen synkronisering.Smartphone\/surfplatta med myfreelap installerat kan anslutas till Relaycoach via bluetooth.Inneh\u00e5ller:Startgrind, TX Gate ProRelay Coach BLEM\u00e5lg\u00e5ng, TX Power 5 PROFX Chip 10stLED Display2 Axelv\u00e4skor (1 f\u00f6r timing, 1 f\u00f6r display)","og_url":"https:\/\/beyondx.se\/no\/produkt\/alpine-pack-10\/","og_site_name":"Beyond-X","article_modified_time":"2026-04-21T08:34:56+00:00","og_image":[{"width":800,"height":800,"url":"https:\/\/beyondx.se\/wp-content\/uploads\/2023\/06\/ALP10LED_1.jpg","type":"image\/jpeg"}],"twitter_card":"summary_large_image","schema":{"@context":"https:\/\/schema.org","@graph":[{"@type":"WebPage","@id":"https:\/\/beyondx.se\/no\/produkt\/alpine-pack-10\/","url":"https:\/\/beyondx.se\/no\/produkt\/alpine-pack-10\/","name":"Freelap Alpine Pack 10 LED - Beyond-X","isPartOf":{"@id":"https:\/\/beyondx.se\/no\/#website"},"datePublished":"2023-04-21T10:55:45+00:00","dateModified":"2026-04-21T08:34:56+00:00","breadcrumb":{"@id":"https:\/\/beyondx.se\/no\/produkt\/alpine-pack-10\/#breadcrumb"},"inLanguage":"nb-NO","potentialAction":[{"@type":"ReadAction","target":["https:\/\/beyondx.se\/no\/produkt\/alpine-pack-10\/"]}]},{"@type":"BreadcrumbList","@id":"https:\/\/beyondx.se\/no\/produkt\/alpine-pack-10\/#breadcrumb","itemListElement":[{"@type":"ListItem","position":1,"name":"Hem","item":"https:\/\/beyondx.se\/no\/"},{"@type":"ListItem","position":2,"name":"Butik","item":"https:\/\/beyondx.se\/no\/butik\/"},{"@type":"ListItem","position":3,"name":"Freelap Alpine Pack 10 LED"}]},{"@type":"WebSite","@id":"https:\/\/beyondx.se\/no\/#website","url":"https:\/\/beyondx.se\/no\/","name":"Beyond-X","description":"No Bullshit Ski Wear","publisher":{"@id":"https:\/\/beyondx.se\/no\/#organization"},"potentialAction":[{"@type":"SearchAction","target":{"@type":"EntryPoint","urlTemplate":"https:\/\/beyondx.se\/no\/?s={search_term_string}"},"query-input":"required name=search_term_string"}],"inLanguage":"nb-NO"},{"@type":"Organization","@id":"https:\/\/beyondx.se\/no\/#organization","name":"B-stedt of Sweden AB","url":"https:\/\/beyondx.se\/no\/","logo":{"@type":"ImageObject","inLanguage":"nb-NO","@id":"https:\/\/beyondx.se\/no\/#\/schema\/logo\/image\/","url":"https:\/\/beyondx.se\/wp-content\/uploads\/2023\/08\/bx-logo.svg","contentUrl":"https:\/\/beyondx.se\/wp-content\/uploads\/2023\/08\/bx-logo.svg","width":1,"height":1,"caption":"B-stedt of Sweden AB"},"image":{"@id":"https:\/\/beyondx.se\/no\/#\/schema\/logo\/image\/"}}]}},"_links":{"self":[{"href":"https:\/\/beyondx.se\/no\/wp-json\/wp\/v2\/product\/14239","targetHints":{"allow":["GET"]}}],"collection":[{"href":"https:\/\/beyondx.se\/no\/wp-json\/wp\/v2\/product"}],"about":[{"href":"https:\/\/beyondx.se\/no\/wp-json\/wp\/v2\/types\/product"}],"wp:featuredmedia":[{"embeddable":true,"href":"https:\/\/beyondx.se\/no\/wp-json\/wp\/v2\/media\/19132"}],"wp:attachment":[{"href":"https:\/\/beyondx.se\/no\/wp-json\/wp\/v2\/media?parent=14239"}],"wp:term":[{"taxonomy":"product_cat","embeddable":true,"href":"https:\/\/beyondx.se\/no\/wp-json\/wp\/v2\/product_cat?post=14239"},{"taxonomy":"product_tag","embeddable":true,"href":"https:\/\/beyondx.se\/no\/wp-json\/wp\/v2\/product_tag?post=14239"}],"curies":[{"name":"wp","href":"https:\/\/api.w.org\/{rel}","templated":true}]}}