{"id":144022,"date":"2025-01-07T11:31:29","date_gmt":"2025-01-07T10:31:29","guid":{"rendered":"https:\/\/beyondx.se\/?post_type=product&#038;p=144022"},"modified":"2026-04-26T06:35:51","modified_gmt":"2026-04-26T04:35:51","slug":"144022","status":"publish","type":"product","link":"https:\/\/beyondx.se\/no\/produkt\/144022\/","title":{"rendered":"Triangul\u00e4r figur 45x40cm"},"content":{"rendered":"","protected":false},"excerpt":{"rendered":"Triangelformad skylt 40cm bred, 45cm h\u00f6g och 10cm djup med k\u00e4rna av skumgummi.\r\nMonteras p\u00e5 31mm \u00d8 k\u00e4pp, k\u00f6pes separat som tillbeh\u00f6r.\r\n\r\nEgen design kan f\u00e5s p\u00e5 dessa figurer.\r\nKontakta oss p\u00e5 b-stedt@b-stedt.se f\u00f6r best\u00e4llning med egen design.","protected":false},"featured_media":144027,"template":"","meta":[],"product_cat":[148,161,196],"product_tag":[],"class_list":["post-144022","product","type-product","status-publish","has-post-thumbnail","hentry","product_cat-skidanlaggning","product_cat-lekland","product_cat-funski","brands-beyond-x","fpd-variation-needed"],"yoast_head":"<!-- This site is optimized with the Yoast SEO plugin v21.0 - https:\/\/yoast.com\/wordpress\/plugins\/seo\/ -->\n<title>Triangul\u00e4r figur 45x40cm - Beyond-X<\/title>\n<meta name=\"robots\" content=\"index, follow, max-snippet:-1, max-image-preview:large, max-video-preview:-1\" \/>\n<link rel=\"canonical\" href=\"https:\/\/beyondx.se\/no\/produkt\/144022\/\" \/>\n<meta property=\"og:locale\" content=\"nb_NO\" \/>\n<meta property=\"og:type\" content=\"article\" \/>\n<meta property=\"og:title\" content=\"Triangul\u00e4r figur 45x40cm - Beyond-X\" \/>\n<meta property=\"og:description\" content=\"Triangelformad skylt 40cm bred, 45cm h\u00f6g och 10cm djup med k\u00e4rna av skumgummi. Monteras p\u00e5 31mm \u00d8 k\u00e4pp, k\u00f6pes separat som tillbeh\u00f6r.  Egen design kan f\u00e5s p\u00e5 dessa figurer. Kontakta oss p\u00e5 b-stedt@b-stedt.se f\u00f6r best\u00e4llning med egen design.\" \/>\n<meta property=\"og:url\" content=\"https:\/\/beyondx.se\/no\/produkt\/144022\/\" \/>\n<meta property=\"og:site_name\" content=\"Beyond-X\" \/>\n<meta property=\"article:modified_time\" content=\"2026-04-26T04:35:51+00:00\" \/>\n<meta property=\"og:image\" content=\"https:\/\/beyondx.se\/wp-content\/uploads\/2025\/01\/FUN-40-webb.png\" \/>\n\t<meta property=\"og:image:width\" content=\"420\" \/>\n\t<meta property=\"og:image:height\" content=\"466\" \/>\n\t<meta property=\"og:image:type\" content=\"image\/png\" \/>\n<meta name=\"twitter:card\" content=\"summary_large_image\" \/>\n<script type=\"application\/ld+json\" class=\"yoast-schema-graph\">{\"@context\":\"https:\/\/schema.org\",\"@graph\":[{\"@type\":\"WebPage\",\"@id\":\"https:\/\/beyondx.se\/no\/produkt\/144022\/\",\"url\":\"https:\/\/beyondx.se\/no\/produkt\/144022\/\",\"name\":\"Triangul\u00e4r figur 45x40cm - Beyond-X\",\"isPartOf\":{\"@id\":\"https:\/\/beyondx.se\/no\/#website\"},\"datePublished\":\"2025-01-07T10:31:29+00:00\",\"dateModified\":\"2026-04-26T04:35:51+00:00\",\"breadcrumb\":{\"@id\":\"https:\/\/beyondx.se\/no\/produkt\/144022\/#breadcrumb\"},\"inLanguage\":\"nb-NO\",\"potentialAction\":[{\"@type\":\"ReadAction\",\"target\":[\"https:\/\/beyondx.se\/no\/produkt\/144022\/\"]}]},{\"@type\":\"BreadcrumbList\",\"@id\":\"https:\/\/beyondx.se\/no\/produkt\/144022\/#breadcrumb\",\"itemListElement\":[{\"@type\":\"ListItem\",\"position\":1,\"name\":\"Hem\",\"item\":\"https:\/\/beyondx.se\/no\/\"},{\"@type\":\"ListItem\",\"position\":2,\"name\":\"Butik\",\"item\":\"https:\/\/beyondx.se\/no\/butik\/\"},{\"@type\":\"ListItem\",\"position\":3,\"name\":\"Triangul\u00e4r figur 45x40cm\"}]},{\"@type\":\"WebSite\",\"@id\":\"https:\/\/beyondx.se\/no\/#website\",\"url\":\"https:\/\/beyondx.se\/no\/\",\"name\":\"Beyond-X\",\"description\":\"No Bullshit Ski Wear\",\"publisher\":{\"@id\":\"https:\/\/beyondx.se\/no\/#organization\"},\"potentialAction\":[{\"@type\":\"SearchAction\",\"target\":{\"@type\":\"EntryPoint\",\"urlTemplate\":\"https:\/\/beyondx.se\/no\/?s={search_term_string}\"},\"query-input\":\"required name=search_term_string\"}],\"inLanguage\":\"nb-NO\"},{\"@type\":\"Organization\",\"@id\":\"https:\/\/beyondx.se\/no\/#organization\",\"name\":\"B-stedt of Sweden AB\",\"url\":\"https:\/\/beyondx.se\/no\/\",\"logo\":{\"@type\":\"ImageObject\",\"inLanguage\":\"nb-NO\",\"@id\":\"https:\/\/beyondx.se\/no\/#\/schema\/logo\/image\/\",\"url\":\"https:\/\/beyondx.se\/wp-content\/uploads\/2023\/08\/bx-logo.svg\",\"contentUrl\":\"https:\/\/beyondx.se\/wp-content\/uploads\/2023\/08\/bx-logo.svg\",\"width\":1,\"height\":1,\"caption\":\"B-stedt of Sweden AB\"},\"image\":{\"@id\":\"https:\/\/beyondx.se\/no\/#\/schema\/logo\/image\/\"}}]}<\/script>\n<!-- \/ Yoast SEO plugin. -->","yoast_head_json":{"title":"Triangul\u00e4r figur 45x40cm - Beyond-X","robots":{"index":"index","follow":"follow","max-snippet":"max-snippet:-1","max-image-preview":"max-image-preview:large","max-video-preview":"max-video-preview:-1"},"canonical":"https:\/\/beyondx.se\/no\/produkt\/144022\/","og_locale":"nb_NO","og_type":"article","og_title":"Triangul\u00e4r figur 45x40cm - Beyond-X","og_description":"Triangelformad skylt 40cm bred, 45cm h\u00f6g och 10cm djup med k\u00e4rna av skumgummi. Monteras p\u00e5 31mm \u00d8 k\u00e4pp, k\u00f6pes separat som tillbeh\u00f6r.  Egen design kan f\u00e5s p\u00e5 dessa figurer. Kontakta oss p\u00e5 b-stedt@b-stedt.se f\u00f6r best\u00e4llning med egen design.","og_url":"https:\/\/beyondx.se\/no\/produkt\/144022\/","og_site_name":"Beyond-X","article_modified_time":"2026-04-26T04:35:51+00:00","og_image":[{"width":420,"height":466,"url":"https:\/\/beyondx.se\/wp-content\/uploads\/2025\/01\/FUN-40-webb.png","type":"image\/png"}],"twitter_card":"summary_large_image","schema":{"@context":"https:\/\/schema.org","@graph":[{"@type":"WebPage","@id":"https:\/\/beyondx.se\/no\/produkt\/144022\/","url":"https:\/\/beyondx.se\/no\/produkt\/144022\/","name":"Triangul\u00e4r figur 45x40cm - Beyond-X","isPartOf":{"@id":"https:\/\/beyondx.se\/no\/#website"},"datePublished":"2025-01-07T10:31:29+00:00","dateModified":"2026-04-26T04:35:51+00:00","breadcrumb":{"@id":"https:\/\/beyondx.se\/no\/produkt\/144022\/#breadcrumb"},"inLanguage":"nb-NO","potentialAction":[{"@type":"ReadAction","target":["https:\/\/beyondx.se\/no\/produkt\/144022\/"]}]},{"@type":"BreadcrumbList","@id":"https:\/\/beyondx.se\/no\/produkt\/144022\/#breadcrumb","itemListElement":[{"@type":"ListItem","position":1,"name":"Hem","item":"https:\/\/beyondx.se\/no\/"},{"@type":"ListItem","position":2,"name":"Butik","item":"https:\/\/beyondx.se\/no\/butik\/"},{"@type":"ListItem","position":3,"name":"Triangul\u00e4r figur 45x40cm"}]},{"@type":"WebSite","@id":"https:\/\/beyondx.se\/no\/#website","url":"https:\/\/beyondx.se\/no\/","name":"Beyond-X","description":"No Bullshit Ski Wear","publisher":{"@id":"https:\/\/beyondx.se\/no\/#organization"},"potentialAction":[{"@type":"SearchAction","target":{"@type":"EntryPoint","urlTemplate":"https:\/\/beyondx.se\/no\/?s={search_term_string}"},"query-input":"required name=search_term_string"}],"inLanguage":"nb-NO"},{"@type":"Organization","@id":"https:\/\/beyondx.se\/no\/#organization","name":"B-stedt of Sweden AB","url":"https:\/\/beyondx.se\/no\/","logo":{"@type":"ImageObject","inLanguage":"nb-NO","@id":"https:\/\/beyondx.se\/no\/#\/schema\/logo\/image\/","url":"https:\/\/beyondx.se\/wp-content\/uploads\/2023\/08\/bx-logo.svg","contentUrl":"https:\/\/beyondx.se\/wp-content\/uploads\/2023\/08\/bx-logo.svg","width":1,"height":1,"caption":"B-stedt of Sweden AB"},"image":{"@id":"https:\/\/beyondx.se\/no\/#\/schema\/logo\/image\/"}}]}},"_links":{"self":[{"href":"https:\/\/beyondx.se\/no\/wp-json\/wp\/v2\/product\/144022","targetHints":{"allow":["GET"]}}],"collection":[{"href":"https:\/\/beyondx.se\/no\/wp-json\/wp\/v2\/product"}],"about":[{"href":"https:\/\/beyondx.se\/no\/wp-json\/wp\/v2\/types\/product"}],"wp:featuredmedia":[{"embeddable":true,"href":"https:\/\/beyondx.se\/no\/wp-json\/wp\/v2\/media\/144027"}],"wp:attachment":[{"href":"https:\/\/beyondx.se\/no\/wp-json\/wp\/v2\/media?parent=144022"}],"wp:term":[{"taxonomy":"product_cat","embeddable":true,"href":"https:\/\/beyondx.se\/no\/wp-json\/wp\/v2\/product_cat?post=144022"},{"taxonomy":"product_tag","embeddable":true,"href":"https:\/\/beyondx.se\/no\/wp-json\/wp\/v2\/product_tag?post=144022"}],"curies":[{"name":"wp","href":"https:\/\/api.w.org\/{rel}","templated":true}]}}