{"id":145881,"date":"2025-04-23T08:30:06","date_gmt":"2025-04-23T06:30:06","guid":{"rendered":"https:\/\/beyondx.se\/product\/alvsjo-bmx-klubbtroja\/"},"modified":"2026-04-29T11:39:00","modified_gmt":"2026-04-29T09:39:00","slug":"alvsjo-bmx-klubbtroja","status":"publish","type":"product","link":"https:\/\/beyondx.se\/no\/produkt\/alvsjo-bmx-klubbtroja\/","title":{"rendered":"\u00c4lvsj\u00f6 BMX klubbtr\u00f6ja"},"content":{"rendered":"","protected":false},"excerpt":{"rendered":"<p>&#196;lvsj&#246; BMX klubbtr&#246;ja, i ny modell MC35 fr&#229;n 2025.<\/p><p>Gjord i v&#228;lventilerande och elastisk 4-v&#228;gs stretch tyg.<\/p><p>Denna modell &#228;r mindre i omkrets kring kropp och armar j&#228;mf&#246;rt med tidigare modeller.<\/p><p>Halsh&#229;let har gjorts runt utan extra krage f&#246;r maximal komfort.<\/p><p>Tillverkas p&#229; best&#228;llning med ca. 3-4 veckors ledtid.<\/p>","protected":false},"featured_media":153504,"template":"","meta":[],"product_cat":[2188,945,468],"product_tag":[],"class_list":["post-145881","product","type-product","status-publish","has-post-thumbnail","hentry","product_cat-bmx-pumptrack","product_cat-garments","product_cat-bmx-mc","brands-beyond-x","clubs-alvsjo","fpd-variation-needed"],"yoast_head":"<!-- This site is optimized with the Yoast SEO plugin v21.0 - https:\/\/yoast.com\/wordpress\/plugins\/seo\/ -->\n<title>\u00c4lvsj\u00f6 BMX klubbtr\u00f6ja - Beyond-X<\/title>\n<meta name=\"robots\" content=\"index, follow, max-snippet:-1, max-image-preview:large, max-video-preview:-1\" \/>\n<link rel=\"canonical\" href=\"https:\/\/beyondx.se\/no\/produkt\/alvsjo-bmx-klubbtroja\/\" \/>\n<meta property=\"og:locale\" content=\"nb_NO\" \/>\n<meta property=\"og:type\" content=\"article\" \/>\n<meta property=\"og:title\" content=\"\u00c4lvsj\u00f6 BMX klubbtr\u00f6ja - Beyond-X\" \/>\n<meta property=\"og:description\" content=\"&#196;lvsj&#246; BMX klubbtr&#246;ja, i ny modell MC35 fr&#229;n 2025.Gjord i v&#228;lventilerande och elastisk 4-v&#228;gs stretch tyg.Denna modell &#228;r mindre i omkrets kring kropp och armar j&#228;mf&#246;rt med tidigare modeller.Halsh&#229;let har gjorts runt utan extra krage f&#246;r maximal komfort.Tillverkas p&#229; best&#228;llning med ca. 3-4 veckors ledtid.\" \/>\n<meta property=\"og:url\" content=\"https:\/\/beyondx.se\/no\/produkt\/alvsjo-bmx-klubbtroja\/\" \/>\n<meta property=\"og:site_name\" content=\"Beyond-X\" \/>\n<meta property=\"article:modified_time\" content=\"2026-04-29T09:39:00+00:00\" \/>\n<meta property=\"og:image\" content=\"https:\/\/beyondx.se\/wp-content\/uploads\/2025\/04\/MC1007-45_1.jpg\" \/>\n\t<meta property=\"og:image:width\" content=\"800\" \/>\n\t<meta property=\"og:image:height\" content=\"800\" \/>\n\t<meta property=\"og:image:type\" content=\"image\/jpeg\" \/>\n<meta name=\"twitter:card\" content=\"summary_large_image\" \/>\n<script type=\"application\/ld+json\" class=\"yoast-schema-graph\">{\"@context\":\"https:\/\/schema.org\",\"@graph\":[{\"@type\":\"WebPage\",\"@id\":\"https:\/\/beyondx.se\/no\/produkt\/alvsjo-bmx-klubbtroja\/\",\"url\":\"https:\/\/beyondx.se\/no\/produkt\/alvsjo-bmx-klubbtroja\/\",\"name\":\"\u00c4lvsj\u00f6 BMX klubbtr\u00f6ja - Beyond-X\",\"isPartOf\":{\"@id\":\"https:\/\/beyondx.se\/no\/#website\"},\"datePublished\":\"2025-04-23T06:30:06+00:00\",\"dateModified\":\"2026-04-29T09:39:00+00:00\",\"breadcrumb\":{\"@id\":\"https:\/\/beyondx.se\/no\/produkt\/alvsjo-bmx-klubbtroja\/#breadcrumb\"},\"inLanguage\":\"nb-NO\",\"potentialAction\":[{\"@type\":\"ReadAction\",\"target\":[\"https:\/\/beyondx.se\/no\/produkt\/alvsjo-bmx-klubbtroja\/\"]}]},{\"@type\":\"BreadcrumbList\",\"@id\":\"https:\/\/beyondx.se\/no\/produkt\/alvsjo-bmx-klubbtroja\/#breadcrumb\",\"itemListElement\":[{\"@type\":\"ListItem\",\"position\":1,\"name\":\"Hem\",\"item\":\"https:\/\/beyondx.se\/no\/\"},{\"@type\":\"ListItem\",\"position\":2,\"name\":\"Butik\",\"item\":\"https:\/\/beyondx.se\/no\/butik\/\"},{\"@type\":\"ListItem\",\"position\":3,\"name\":\"\u00c4lvsj\u00f6 BMX klubbtr\u00f6ja\"}]},{\"@type\":\"WebSite\",\"@id\":\"https:\/\/beyondx.se\/no\/#website\",\"url\":\"https:\/\/beyondx.se\/no\/\",\"name\":\"Beyond-X\",\"description\":\"No Bullshit Ski Wear\",\"publisher\":{\"@id\":\"https:\/\/beyondx.se\/no\/#organization\"},\"potentialAction\":[{\"@type\":\"SearchAction\",\"target\":{\"@type\":\"EntryPoint\",\"urlTemplate\":\"https:\/\/beyondx.se\/no\/?s={search_term_string}\"},\"query-input\":\"required name=search_term_string\"}],\"inLanguage\":\"nb-NO\"},{\"@type\":\"Organization\",\"@id\":\"https:\/\/beyondx.se\/no\/#organization\",\"name\":\"B-stedt of Sweden AB\",\"url\":\"https:\/\/beyondx.se\/no\/\",\"logo\":{\"@type\":\"ImageObject\",\"inLanguage\":\"nb-NO\",\"@id\":\"https:\/\/beyondx.se\/no\/#\/schema\/logo\/image\/\",\"url\":\"https:\/\/beyondx.se\/wp-content\/uploads\/2023\/08\/bx-logo.svg\",\"contentUrl\":\"https:\/\/beyondx.se\/wp-content\/uploads\/2023\/08\/bx-logo.svg\",\"width\":1,\"height\":1,\"caption\":\"B-stedt of Sweden AB\"},\"image\":{\"@id\":\"https:\/\/beyondx.se\/no\/#\/schema\/logo\/image\/\"}}]}<\/script>\n<!-- \/ Yoast SEO plugin. -->","yoast_head_json":{"title":"\u00c4lvsj\u00f6 BMX klubbtr\u00f6ja - Beyond-X","robots":{"index":"index","follow":"follow","max-snippet":"max-snippet:-1","max-image-preview":"max-image-preview:large","max-video-preview":"max-video-preview:-1"},"canonical":"https:\/\/beyondx.se\/no\/produkt\/alvsjo-bmx-klubbtroja\/","og_locale":"nb_NO","og_type":"article","og_title":"\u00c4lvsj\u00f6 BMX klubbtr\u00f6ja - Beyond-X","og_description":"&#196;lvsj&#246; BMX klubbtr&#246;ja, i ny modell MC35 fr&#229;n 2025.Gjord i v&#228;lventilerande och elastisk 4-v&#228;gs stretch tyg.Denna modell &#228;r mindre i omkrets kring kropp och armar j&#228;mf&#246;rt med tidigare modeller.Halsh&#229;let har gjorts runt utan extra krage f&#246;r maximal komfort.Tillverkas p&#229; best&#228;llning med ca. 3-4 veckors ledtid.","og_url":"https:\/\/beyondx.se\/no\/produkt\/alvsjo-bmx-klubbtroja\/","og_site_name":"Beyond-X","article_modified_time":"2026-04-29T09:39:00+00:00","og_image":[{"width":800,"height":800,"url":"https:\/\/beyondx.se\/wp-content\/uploads\/2025\/04\/MC1007-45_1.jpg","type":"image\/jpeg"}],"twitter_card":"summary_large_image","schema":{"@context":"https:\/\/schema.org","@graph":[{"@type":"WebPage","@id":"https:\/\/beyondx.se\/no\/produkt\/alvsjo-bmx-klubbtroja\/","url":"https:\/\/beyondx.se\/no\/produkt\/alvsjo-bmx-klubbtroja\/","name":"\u00c4lvsj\u00f6 BMX klubbtr\u00f6ja - Beyond-X","isPartOf":{"@id":"https:\/\/beyondx.se\/no\/#website"},"datePublished":"2025-04-23T06:30:06+00:00","dateModified":"2026-04-29T09:39:00+00:00","breadcrumb":{"@id":"https:\/\/beyondx.se\/no\/produkt\/alvsjo-bmx-klubbtroja\/#breadcrumb"},"inLanguage":"nb-NO","potentialAction":[{"@type":"ReadAction","target":["https:\/\/beyondx.se\/no\/produkt\/alvsjo-bmx-klubbtroja\/"]}]},{"@type":"BreadcrumbList","@id":"https:\/\/beyondx.se\/no\/produkt\/alvsjo-bmx-klubbtroja\/#breadcrumb","itemListElement":[{"@type":"ListItem","position":1,"name":"Hem","item":"https:\/\/beyondx.se\/no\/"},{"@type":"ListItem","position":2,"name":"Butik","item":"https:\/\/beyondx.se\/no\/butik\/"},{"@type":"ListItem","position":3,"name":"\u00c4lvsj\u00f6 BMX klubbtr\u00f6ja"}]},{"@type":"WebSite","@id":"https:\/\/beyondx.se\/no\/#website","url":"https:\/\/beyondx.se\/no\/","name":"Beyond-X","description":"No Bullshit Ski Wear","publisher":{"@id":"https:\/\/beyondx.se\/no\/#organization"},"potentialAction":[{"@type":"SearchAction","target":{"@type":"EntryPoint","urlTemplate":"https:\/\/beyondx.se\/no\/?s={search_term_string}"},"query-input":"required name=search_term_string"}],"inLanguage":"nb-NO"},{"@type":"Organization","@id":"https:\/\/beyondx.se\/no\/#organization","name":"B-stedt of Sweden AB","url":"https:\/\/beyondx.se\/no\/","logo":{"@type":"ImageObject","inLanguage":"nb-NO","@id":"https:\/\/beyondx.se\/no\/#\/schema\/logo\/image\/","url":"https:\/\/beyondx.se\/wp-content\/uploads\/2023\/08\/bx-logo.svg","contentUrl":"https:\/\/beyondx.se\/wp-content\/uploads\/2023\/08\/bx-logo.svg","width":1,"height":1,"caption":"B-stedt of Sweden AB"},"image":{"@id":"https:\/\/beyondx.se\/no\/#\/schema\/logo\/image\/"}}]}},"_links":{"self":[{"href":"https:\/\/beyondx.se\/no\/wp-json\/wp\/v2\/product\/145881","targetHints":{"allow":["GET"]}}],"collection":[{"href":"https:\/\/beyondx.se\/no\/wp-json\/wp\/v2\/product"}],"about":[{"href":"https:\/\/beyondx.se\/no\/wp-json\/wp\/v2\/types\/product"}],"wp:featuredmedia":[{"embeddable":true,"href":"https:\/\/beyondx.se\/no\/wp-json\/wp\/v2\/media\/153504"}],"wp:attachment":[{"href":"https:\/\/beyondx.se\/no\/wp-json\/wp\/v2\/media?parent=145881"}],"wp:term":[{"taxonomy":"product_cat","embeddable":true,"href":"https:\/\/beyondx.se\/no\/wp-json\/wp\/v2\/product_cat?post=145881"},{"taxonomy":"product_tag","embeddable":true,"href":"https:\/\/beyondx.se\/no\/wp-json\/wp\/v2\/product_tag?post=145881"}],"curies":[{"name":"wp","href":"https:\/\/api.w.org\/{rel}","templated":true}]}}