{"id":146368,"date":"2025-05-07T16:50:09","date_gmt":"2025-05-07T14:50:09","guid":{"rendered":"https:\/\/beyondx.se\/product\/vippbrada-teeterboard\/"},"modified":"2026-04-19T06:13:52","modified_gmt":"2026-04-19T04:13:52","slug":"vippbrada-teeterboard","status":"publish","type":"product","link":"https:\/\/beyondx.se\/no\/produkt\/vippbrada-teeterboard\/","title":{"rendered":"Vippbr\u00e4da &#8220;Teeterboard&#8221;"},"content":{"rendered":"<p>Denna robusta vippbr\u00e4da \u00e4r utformad f\u00f6r att t\u00e5la h\u00e5rd anv\u00e4ndning och ger en sp\u00e4nnande dimension till rullskid\u00e5kning, cykling och andra sporter.<br \/>\nDen \u00e4r utformad f\u00f6r att skapa ett naturligt fl\u00f6de och kontrollerad landning, oavsett om du \u00f6var teknik eller vill utmana dig sj\u00e4lv med hopp och balans.<\/p>\n<p>Vippbr\u00e4dan har en kontrollerad retur och anv\u00e4nder ca. 2 sekunder f\u00f6r att \u00e5terg\u00e5 till normal position, vilket ger en j\u00e4mn och f\u00f6ruts\u00e4gbar r\u00f6relse.<br \/>\nTillverkad av aluminium &#8211; l\u00e4tt, h\u00e5llbar och v\u00e4derbest\u00e4ndig.<br \/>\nPerfekt f\u00f6r rullskid\u00e5kning, cykling och andra sporter.<br \/>\nStabil konstruktion f\u00f6r s\u00e4ker anv\u00e4ndning.<br \/>\n<strong>M\u00e5tt:<\/strong> 40 cm bred, 240 cm l\u00e5ng<br \/>\n<strong>Vikt:<\/strong> ca. 15 kilo<br \/>\nUtvecklad f\u00f6r b\u00e5de nyb\u00f6rjare och erfarna idrottare<br \/>\nTa din tr\u00e4ning till n\u00e4sta niv\u00e5 med v\u00e5r m\u00e5ngsidiga vippbr\u00e4da!<\/p>\n","protected":false},"excerpt":{"rendered":"<p>Vippbr&#228;da, &#8220;Teeterboard&#8221; f&#246;r tekniktr&#228;ning till bland annat rullskid&#229;kning och cykling.<\/p><p>Br&#228;dan &#228;r f&#246;rsedd med antiglid-bel&#228;ggning f&#246;r att motverka halka vid v&#229;t v&#228;derlek.<\/p><p>Vippbr&#228;dan har g&#229;tt tillbaka till sitt ursprungsl&#228;ge efter 2 sekunder.<\/p><p>Tillverkad i aluminium.<\/p><p><em>P&#229; grund av v&#228;ldigt varierande fraktkostnad s&#229; offererar vi denna.<\/em><\/p><p><em>Skriv med till vilken adress leverans &#246;nskas, samt om det &#228;r till f&#246;retag- eller privatadress. <\/em><\/p><p><em>S&#229; &#229;terkommer vi med en offert s&#229; snart vi kan. <\/em><\/p><p>&#160;<\/p>","protected":false},"featured_media":146366,"template":"","meta":[],"product_cat":[1613,148,161],"product_tag":[],"class_list":["post-146368","product","type-product","status-publish","has-post-thumbnail","hentry","product_cat-orgeltramp-hopp","product_cat-skidanlaggning","product_cat-lekland","product_shipping_class-paket-over-200cm","brands-lier-plast","fpd-variation-needed"],"yoast_head":"<!-- This site is optimized with the Yoast SEO plugin v21.0 - https:\/\/yoast.com\/wordpress\/plugins\/seo\/ -->\n<title>Vippbr\u00e4da &quot;Teeterboard&quot; - Beyond-X<\/title>\n<meta name=\"robots\" content=\"index, follow, max-snippet:-1, max-image-preview:large, max-video-preview:-1\" \/>\n<link rel=\"canonical\" href=\"https:\/\/beyondx.se\/no\/produkt\/vippbrada-teeterboard\/\" \/>\n<meta property=\"og:locale\" content=\"nb_NO\" \/>\n<meta property=\"og:type\" content=\"article\" \/>\n<meta property=\"og:title\" content=\"Vippbr\u00e4da &quot;Teeterboard&quot; - Beyond-X\" \/>\n<meta property=\"og:description\" content=\"Vippbr&#228;da, &quot;Teeterboard&quot; f&#246;r tekniktr&#228;ning till bland annat rullskid&#229;kning och cykling.Br&#228;dan &#228;r f&#246;rsedd med antiglid-bel&#228;ggning f&#246;r att motverka halka vid v&#229;t v&#228;derlek.Vippbr&#228;dan har g&#229;tt tillbaka till sitt ursprungsl&#228;ge efter 2 sekunder.Tillverkad i aluminium.P&#229; grund av v&#228;ldigt varierande fraktkostnad s&#229; offererar vi denna.Skriv med till vilken adress leverans &#246;nskas, samt om det &#228;r till f&#246;retag- eller privatadress. S&#229; &#229;terkommer vi med en offert s&#229; snart vi kan. &#160;\" \/>\n<meta property=\"og:url\" content=\"https:\/\/beyondx.se\/no\/produkt\/vippbrada-teeterboard\/\" \/>\n<meta property=\"og:site_name\" content=\"Beyond-X\" \/>\n<meta property=\"article:modified_time\" content=\"2026-04-19T04:13:52+00:00\" \/>\n<meta property=\"og:image\" content=\"https:\/\/beyondx.se\/wp-content\/uploads\/2025\/05\/LP-TB_1.jpg\" \/>\n\t<meta property=\"og:image:width\" content=\"800\" \/>\n\t<meta property=\"og:image:height\" content=\"640\" \/>\n\t<meta property=\"og:image:type\" content=\"image\/jpeg\" \/>\n<meta name=\"twitter:card\" content=\"summary_large_image\" \/>\n<meta name=\"twitter:label1\" content=\"Ansl. lesetid\" \/>\n\t<meta name=\"twitter:data1\" content=\"1 minutt\" \/>\n<script type=\"application\/ld+json\" class=\"yoast-schema-graph\">{\"@context\":\"https:\/\/schema.org\",\"@graph\":[{\"@type\":\"WebPage\",\"@id\":\"https:\/\/beyondx.se\/no\/produkt\/vippbrada-teeterboard\/\",\"url\":\"https:\/\/beyondx.se\/no\/produkt\/vippbrada-teeterboard\/\",\"name\":\"Vippbr\u00e4da \\\"Teeterboard\\\" - Beyond-X\",\"isPartOf\":{\"@id\":\"https:\/\/beyondx.se\/no\/#website\"},\"datePublished\":\"2025-05-07T14:50:09+00:00\",\"dateModified\":\"2026-04-19T04:13:52+00:00\",\"breadcrumb\":{\"@id\":\"https:\/\/beyondx.se\/no\/produkt\/vippbrada-teeterboard\/#breadcrumb\"},\"inLanguage\":\"nb-NO\",\"potentialAction\":[{\"@type\":\"ReadAction\",\"target\":[\"https:\/\/beyondx.se\/no\/produkt\/vippbrada-teeterboard\/\"]}]},{\"@type\":\"BreadcrumbList\",\"@id\":\"https:\/\/beyondx.se\/no\/produkt\/vippbrada-teeterboard\/#breadcrumb\",\"itemListElement\":[{\"@type\":\"ListItem\",\"position\":1,\"name\":\"Hem\",\"item\":\"https:\/\/beyondx.se\/no\/\"},{\"@type\":\"ListItem\",\"position\":2,\"name\":\"Butik\",\"item\":\"https:\/\/beyondx.se\/no\/butik\/\"},{\"@type\":\"ListItem\",\"position\":3,\"name\":\"Vippbr\u00e4da &#8220;Teeterboard&#8221;\"}]},{\"@type\":\"WebSite\",\"@id\":\"https:\/\/beyondx.se\/no\/#website\",\"url\":\"https:\/\/beyondx.se\/no\/\",\"name\":\"Beyond-X\",\"description\":\"No Bullshit Ski Wear\",\"publisher\":{\"@id\":\"https:\/\/beyondx.se\/no\/#organization\"},\"potentialAction\":[{\"@type\":\"SearchAction\",\"target\":{\"@type\":\"EntryPoint\",\"urlTemplate\":\"https:\/\/beyondx.se\/no\/?s={search_term_string}\"},\"query-input\":\"required name=search_term_string\"}],\"inLanguage\":\"nb-NO\"},{\"@type\":\"Organization\",\"@id\":\"https:\/\/beyondx.se\/no\/#organization\",\"name\":\"B-stedt of Sweden AB\",\"url\":\"https:\/\/beyondx.se\/no\/\",\"logo\":{\"@type\":\"ImageObject\",\"inLanguage\":\"nb-NO\",\"@id\":\"https:\/\/beyondx.se\/no\/#\/schema\/logo\/image\/\",\"url\":\"https:\/\/beyondx.se\/wp-content\/uploads\/2023\/08\/bx-logo.svg\",\"contentUrl\":\"https:\/\/beyondx.se\/wp-content\/uploads\/2023\/08\/bx-logo.svg\",\"width\":1,\"height\":1,\"caption\":\"B-stedt of Sweden AB\"},\"image\":{\"@id\":\"https:\/\/beyondx.se\/no\/#\/schema\/logo\/image\/\"}}]}<\/script>\n<!-- \/ Yoast SEO plugin. -->","yoast_head_json":{"title":"Vippbr\u00e4da \"Teeterboard\" - Beyond-X","robots":{"index":"index","follow":"follow","max-snippet":"max-snippet:-1","max-image-preview":"max-image-preview:large","max-video-preview":"max-video-preview:-1"},"canonical":"https:\/\/beyondx.se\/no\/produkt\/vippbrada-teeterboard\/","og_locale":"nb_NO","og_type":"article","og_title":"Vippbr\u00e4da \"Teeterboard\" - Beyond-X","og_description":"Vippbr&#228;da, \"Teeterboard\" f&#246;r tekniktr&#228;ning till bland annat rullskid&#229;kning och cykling.Br&#228;dan &#228;r f&#246;rsedd med antiglid-bel&#228;ggning f&#246;r att motverka halka vid v&#229;t v&#228;derlek.Vippbr&#228;dan har g&#229;tt tillbaka till sitt ursprungsl&#228;ge efter 2 sekunder.Tillverkad i aluminium.P&#229; grund av v&#228;ldigt varierande fraktkostnad s&#229; offererar vi denna.Skriv med till vilken adress leverans &#246;nskas, samt om det &#228;r till f&#246;retag- eller privatadress. S&#229; &#229;terkommer vi med en offert s&#229; snart vi kan. &#160;","og_url":"https:\/\/beyondx.se\/no\/produkt\/vippbrada-teeterboard\/","og_site_name":"Beyond-X","article_modified_time":"2026-04-19T04:13:52+00:00","og_image":[{"width":800,"height":640,"url":"https:\/\/beyondx.se\/wp-content\/uploads\/2025\/05\/LP-TB_1.jpg","type":"image\/jpeg"}],"twitter_card":"summary_large_image","twitter_misc":{"Ansl. lesetid":"1 minutt"},"schema":{"@context":"https:\/\/schema.org","@graph":[{"@type":"WebPage","@id":"https:\/\/beyondx.se\/no\/produkt\/vippbrada-teeterboard\/","url":"https:\/\/beyondx.se\/no\/produkt\/vippbrada-teeterboard\/","name":"Vippbr\u00e4da \"Teeterboard\" - Beyond-X","isPartOf":{"@id":"https:\/\/beyondx.se\/no\/#website"},"datePublished":"2025-05-07T14:50:09+00:00","dateModified":"2026-04-19T04:13:52+00:00","breadcrumb":{"@id":"https:\/\/beyondx.se\/no\/produkt\/vippbrada-teeterboard\/#breadcrumb"},"inLanguage":"nb-NO","potentialAction":[{"@type":"ReadAction","target":["https:\/\/beyondx.se\/no\/produkt\/vippbrada-teeterboard\/"]}]},{"@type":"BreadcrumbList","@id":"https:\/\/beyondx.se\/no\/produkt\/vippbrada-teeterboard\/#breadcrumb","itemListElement":[{"@type":"ListItem","position":1,"name":"Hem","item":"https:\/\/beyondx.se\/no\/"},{"@type":"ListItem","position":2,"name":"Butik","item":"https:\/\/beyondx.se\/no\/butik\/"},{"@type":"ListItem","position":3,"name":"Vippbr\u00e4da &#8220;Teeterboard&#8221;"}]},{"@type":"WebSite","@id":"https:\/\/beyondx.se\/no\/#website","url":"https:\/\/beyondx.se\/no\/","name":"Beyond-X","description":"No Bullshit Ski Wear","publisher":{"@id":"https:\/\/beyondx.se\/no\/#organization"},"potentialAction":[{"@type":"SearchAction","target":{"@type":"EntryPoint","urlTemplate":"https:\/\/beyondx.se\/no\/?s={search_term_string}"},"query-input":"required name=search_term_string"}],"inLanguage":"nb-NO"},{"@type":"Organization","@id":"https:\/\/beyondx.se\/no\/#organization","name":"B-stedt of Sweden AB","url":"https:\/\/beyondx.se\/no\/","logo":{"@type":"ImageObject","inLanguage":"nb-NO","@id":"https:\/\/beyondx.se\/no\/#\/schema\/logo\/image\/","url":"https:\/\/beyondx.se\/wp-content\/uploads\/2023\/08\/bx-logo.svg","contentUrl":"https:\/\/beyondx.se\/wp-content\/uploads\/2023\/08\/bx-logo.svg","width":1,"height":1,"caption":"B-stedt of Sweden AB"},"image":{"@id":"https:\/\/beyondx.se\/no\/#\/schema\/logo\/image\/"}}]}},"_links":{"self":[{"href":"https:\/\/beyondx.se\/no\/wp-json\/wp\/v2\/product\/146368","targetHints":{"allow":["GET"]}}],"collection":[{"href":"https:\/\/beyondx.se\/no\/wp-json\/wp\/v2\/product"}],"about":[{"href":"https:\/\/beyondx.se\/no\/wp-json\/wp\/v2\/types\/product"}],"wp:featuredmedia":[{"embeddable":true,"href":"https:\/\/beyondx.se\/no\/wp-json\/wp\/v2\/media\/146366"}],"wp:attachment":[{"href":"https:\/\/beyondx.se\/no\/wp-json\/wp\/v2\/media?parent=146368"}],"wp:term":[{"taxonomy":"product_cat","embeddable":true,"href":"https:\/\/beyondx.se\/no\/wp-json\/wp\/v2\/product_cat?post=146368"},{"taxonomy":"product_tag","embeddable":true,"href":"https:\/\/beyondx.se\/no\/wp-json\/wp\/v2\/product_tag?post=146368"}],"curies":[{"name":"wp","href":"https:\/\/api.w.org\/{rel}","templated":true}]}}