{"id":146768,"date":"2025-05-26T16:10:06","date_gmt":"2025-05-26T14:10:06","guid":{"rendered":"https:\/\/beyondx.se\/product\/freelap-fxmotion-utan-faste\/"},"modified":"2026-04-21T06:49:33","modified_gmt":"2026-04-21T04:49:33","slug":"freelap-fxmotion-utan-faste","status":"publish","type":"product","link":"https:\/\/beyondx.se\/no\/produkt\/freelap-fxmotion-utan-faste\/","title":{"rendered":"Freelap FxMotion, ink. f\u00e4ste"},"content":{"rendered":"<p><a href=\"https:\/\/beyondx.se\/wp-content\/uploads\/2025\/05\/FxMotion-flyer.jpg\"><img loading=\"lazy\" decoding=\"async\" width=\"913\" height=\"792\" class=\"alignnone size-full wp-image-146773\" src=\"https:\/\/beyondx.se\/wp-content\/uploads\/2025\/05\/FxMotion-flyer.jpg\" alt=\"\" srcset=\"https:\/\/beyondx.se\/wp-content\/uploads\/2025\/05\/FxMotion-flyer.jpg 913w, https:\/\/beyondx.se\/wp-content\/uploads\/2025\/05\/FxMotion-flyer-600x520.webp 600w, https:\/\/beyondx.se\/wp-content\/uploads\/2025\/05\/FxMotion-flyer-768x666.jpg 768w, https:\/\/beyondx.se\/wp-content\/uploads\/2025\/05\/FxMotion-flyer-400x347.webp 400w, https:\/\/beyondx.se\/wp-content\/uploads\/2025\/05\/FxMotion-flyer-350x304.webp 350w\" sizes=\"auto, (max-width: 913px) 100vw, 913px\" \/><\/a><\/p>\n<p><a href=\"https:\/\/beyondx.se\/wp-content\/uploads\/2025\/05\/FxMotion-flyer_2.jpg\"><img loading=\"lazy\" decoding=\"async\" width=\"946\" height=\"941\" class=\"alignnone size-full wp-image-146778\" src=\"https:\/\/beyondx.se\/wp-content\/uploads\/2025\/05\/FxMotion-flyer_2.jpg\" alt=\"\" srcset=\"https:\/\/beyondx.se\/wp-content\/uploads\/2025\/05\/FxMotion-flyer_2.jpg 946w, https:\/\/beyondx.se\/wp-content\/uploads\/2025\/05\/FxMotion-flyer_2-600x597.webp 600w, https:\/\/beyondx.se\/wp-content\/uploads\/2025\/05\/FxMotion-flyer_2-150x150.jpg 150w, https:\/\/beyondx.se\/wp-content\/uploads\/2025\/05\/FxMotion-flyer_2-768x764.jpg 768w, https:\/\/beyondx.se\/wp-content\/uploads\/2025\/05\/FxMotion-flyer_2-400x398.webp 400w, https:\/\/beyondx.se\/wp-content\/uploads\/2025\/05\/FxMotion-flyer_2-350x348.webp 350w\" sizes=\"auto, (max-width: 946px) 100vw, 946px\" \/><\/a><\/p>\n<h3>Technical Sheet:<\/h3>\n<p>\u2022 Dimensions: 52 x 39 x 16 mm<br \/>\n\u2022 Weight: 17 g<br \/>\n\u2022 Technology: Bluetooth smart (BLE)<br \/>\n\u2022 Compatibility: e-Starter, Tx Junior Pro<br \/>\n\u2022 Accuracy: 1\/100 of a second<br \/>\n\u2022 Memory: 5 intermediate times with strides<br \/>\n\u2022 Minimum time between 2 transmitters: 0,7 second<br \/>\n\u2022 Battery: LiPo 3,7V 80mA<br \/>\n\u2022 Battery life: 100h on use<br \/>\n\u2022 Charging time: 5h<br \/>\n\u2022 Automatic shutdown: after 30 minutes without crossing a Freelap transmitter<br \/>\n\u2022 Water resistance: IP67<br \/>\n\u2022 Operating temperatures: -20\u00b0C to +50\u00b0C<\/p>\n<h2><a href=\"https:\/\/www.freelap.com\/wp-content\/uploads\/2025\/04\/fxmotion_manual_v100325.pdf\">Instructions for use<\/a><\/h2>\n","protected":false},"excerpt":{"rendered":"<p>Freelap Premium Bluetooth-transponder<\/p><p>FxMotion &#228;r Freelaps premium Bluetooth-transponder tillverkad f&#246;r friidrott. Den b&#228;rs av idrottaren och m&#228;ter noggrant tidsintervallen mellan varje s&#228;ndare. Den skickar automatiskt all tidtagningsdata direkt vid ankomst (passerar M&#197;Ls&#228;ndaren) via Bluetooth till din mobila enhet.<\/p><p>Ut&#246;ver tidtagningsdata kan du f&#229; REAKTIONSTID och STEGANALYS (frekvens, l&#228;ngd och antal steg).<\/p><p>&#160;<\/p><p>F&#228;ste (clips) ing&#229;r.<\/p><p>Laddadapter beh&#246;ver l&#228;ggas till, 1st adapter kan ladda upp till 6 chip samtidigt.<\/p>","protected":false},"featured_media":146766,"template":"","meta":[],"product_cat":[201,213],"product_tag":[],"class_list":["post-146768","product","type-product","status-publish","has-post-thumbnail","hentry","product_cat-freelap-timing","product_cat-running","brands-freelap","fpd-variation-needed"],"yoast_head":"<!-- This site is optimized with the Yoast SEO plugin v21.0 - https:\/\/yoast.com\/wordpress\/plugins\/seo\/ -->\n<title>Freelap FxMotion, ink. f\u00e4ste - Beyond-X<\/title>\n<meta name=\"description\" content=\"FxMotion \u00e4r Freelaps premium Bluetooth-transponder tillverkad f\u00f6r friidrott. Ut\u00f6ver tidtagningsdata kan du f\u00e5 REAKTIONSTID och STEGANALYS (frekvens, l\u00e4ngd och antal steg).\" \/>\n<meta name=\"robots\" content=\"index, follow, max-snippet:-1, max-image-preview:large, max-video-preview:-1\" \/>\n<link rel=\"canonical\" href=\"https:\/\/beyondx.se\/no\/produkt\/freelap-fxmotion-utan-faste\/\" \/>\n<meta property=\"og:locale\" content=\"nb_NO\" \/>\n<meta property=\"og:type\" content=\"article\" \/>\n<meta property=\"og:title\" content=\"Freelap FxMotion, ink. f\u00e4ste - Beyond-X\" \/>\n<meta property=\"og:description\" content=\"FxMotion \u00e4r Freelaps premium Bluetooth-transponder tillverkad f\u00f6r friidrott. Ut\u00f6ver tidtagningsdata kan du f\u00e5 REAKTIONSTID och STEGANALYS (frekvens, l\u00e4ngd och antal steg).\" \/>\n<meta property=\"og:url\" content=\"https:\/\/beyondx.se\/no\/produkt\/freelap-fxmotion-utan-faste\/\" \/>\n<meta property=\"og:site_name\" content=\"Beyond-X\" \/>\n<meta property=\"article:modified_time\" content=\"2026-04-21T04:49:33+00:00\" \/>\n<meta property=\"og:image\" content=\"https:\/\/beyondx.se\/wp-content\/uploads\/2025\/05\/FXM_1.jpg\" \/>\n\t<meta property=\"og:image:width\" content=\"800\" \/>\n\t<meta property=\"og:image:height\" content=\"800\" \/>\n\t<meta property=\"og:image:type\" content=\"image\/jpeg\" \/>\n<meta name=\"twitter:card\" content=\"summary_large_image\" \/>\n<meta name=\"twitter:label1\" content=\"Ansl. lesetid\" \/>\n\t<meta name=\"twitter:data1\" content=\"1 minutt\" \/>\n<script type=\"application\/ld+json\" class=\"yoast-schema-graph\">{\"@context\":\"https:\/\/schema.org\",\"@graph\":[{\"@type\":\"WebPage\",\"@id\":\"https:\/\/beyondx.se\/no\/produkt\/freelap-fxmotion-utan-faste\/\",\"url\":\"https:\/\/beyondx.se\/no\/produkt\/freelap-fxmotion-utan-faste\/\",\"name\":\"Freelap FxMotion, ink. f\u00e4ste - Beyond-X\",\"isPartOf\":{\"@id\":\"https:\/\/beyondx.se\/no\/#website\"},\"datePublished\":\"2025-05-26T14:10:06+00:00\",\"dateModified\":\"2026-04-21T04:49:33+00:00\",\"description\":\"FxMotion \u00e4r Freelaps premium Bluetooth-transponder tillverkad f\u00f6r friidrott. Ut\u00f6ver tidtagningsdata kan du f\u00e5 REAKTIONSTID och STEGANALYS (frekvens, l\u00e4ngd och antal steg).\",\"breadcrumb\":{\"@id\":\"https:\/\/beyondx.se\/no\/produkt\/freelap-fxmotion-utan-faste\/#breadcrumb\"},\"inLanguage\":\"nb-NO\",\"potentialAction\":[{\"@type\":\"ReadAction\",\"target\":[\"https:\/\/beyondx.se\/no\/produkt\/freelap-fxmotion-utan-faste\/\"]}]},{\"@type\":\"BreadcrumbList\",\"@id\":\"https:\/\/beyondx.se\/no\/produkt\/freelap-fxmotion-utan-faste\/#breadcrumb\",\"itemListElement\":[{\"@type\":\"ListItem\",\"position\":1,\"name\":\"Hem\",\"item\":\"https:\/\/beyondx.se\/no\/\"},{\"@type\":\"ListItem\",\"position\":2,\"name\":\"Butik\",\"item\":\"https:\/\/beyondx.se\/no\/butik\/\"},{\"@type\":\"ListItem\",\"position\":3,\"name\":\"Freelap FxMotion, ink. f\u00e4ste\"}]},{\"@type\":\"WebSite\",\"@id\":\"https:\/\/beyondx.se\/no\/#website\",\"url\":\"https:\/\/beyondx.se\/no\/\",\"name\":\"Beyond-X\",\"description\":\"No Bullshit Ski Wear\",\"publisher\":{\"@id\":\"https:\/\/beyondx.se\/no\/#organization\"},\"potentialAction\":[{\"@type\":\"SearchAction\",\"target\":{\"@type\":\"EntryPoint\",\"urlTemplate\":\"https:\/\/beyondx.se\/no\/?s={search_term_string}\"},\"query-input\":\"required name=search_term_string\"}],\"inLanguage\":\"nb-NO\"},{\"@type\":\"Organization\",\"@id\":\"https:\/\/beyondx.se\/no\/#organization\",\"name\":\"B-stedt of Sweden AB\",\"url\":\"https:\/\/beyondx.se\/no\/\",\"logo\":{\"@type\":\"ImageObject\",\"inLanguage\":\"nb-NO\",\"@id\":\"https:\/\/beyondx.se\/no\/#\/schema\/logo\/image\/\",\"url\":\"https:\/\/beyondx.se\/wp-content\/uploads\/2023\/08\/bx-logo.svg\",\"contentUrl\":\"https:\/\/beyondx.se\/wp-content\/uploads\/2023\/08\/bx-logo.svg\",\"width\":1,\"height\":1,\"caption\":\"B-stedt of Sweden AB\"},\"image\":{\"@id\":\"https:\/\/beyondx.se\/no\/#\/schema\/logo\/image\/\"}}]}<\/script>\n<!-- \/ Yoast SEO plugin. -->","yoast_head_json":{"title":"Freelap FxMotion, ink. f\u00e4ste - Beyond-X","description":"FxMotion \u00e4r Freelaps premium Bluetooth-transponder tillverkad f\u00f6r friidrott. Ut\u00f6ver tidtagningsdata kan du f\u00e5 REAKTIONSTID och STEGANALYS (frekvens, l\u00e4ngd och antal steg).","robots":{"index":"index","follow":"follow","max-snippet":"max-snippet:-1","max-image-preview":"max-image-preview:large","max-video-preview":"max-video-preview:-1"},"canonical":"https:\/\/beyondx.se\/no\/produkt\/freelap-fxmotion-utan-faste\/","og_locale":"nb_NO","og_type":"article","og_title":"Freelap FxMotion, ink. f\u00e4ste - Beyond-X","og_description":"FxMotion \u00e4r Freelaps premium Bluetooth-transponder tillverkad f\u00f6r friidrott. Ut\u00f6ver tidtagningsdata kan du f\u00e5 REAKTIONSTID och STEGANALYS (frekvens, l\u00e4ngd och antal steg).","og_url":"https:\/\/beyondx.se\/no\/produkt\/freelap-fxmotion-utan-faste\/","og_site_name":"Beyond-X","article_modified_time":"2026-04-21T04:49:33+00:00","og_image":[{"width":800,"height":800,"url":"https:\/\/beyondx.se\/wp-content\/uploads\/2025\/05\/FXM_1.jpg","type":"image\/jpeg"}],"twitter_card":"summary_large_image","twitter_misc":{"Ansl. lesetid":"1 minutt"},"schema":{"@context":"https:\/\/schema.org","@graph":[{"@type":"WebPage","@id":"https:\/\/beyondx.se\/no\/produkt\/freelap-fxmotion-utan-faste\/","url":"https:\/\/beyondx.se\/no\/produkt\/freelap-fxmotion-utan-faste\/","name":"Freelap FxMotion, ink. f\u00e4ste - Beyond-X","isPartOf":{"@id":"https:\/\/beyondx.se\/no\/#website"},"datePublished":"2025-05-26T14:10:06+00:00","dateModified":"2026-04-21T04:49:33+00:00","description":"FxMotion \u00e4r Freelaps premium Bluetooth-transponder tillverkad f\u00f6r friidrott. Ut\u00f6ver tidtagningsdata kan du f\u00e5 REAKTIONSTID och STEGANALYS (frekvens, l\u00e4ngd och antal steg).","breadcrumb":{"@id":"https:\/\/beyondx.se\/no\/produkt\/freelap-fxmotion-utan-faste\/#breadcrumb"},"inLanguage":"nb-NO","potentialAction":[{"@type":"ReadAction","target":["https:\/\/beyondx.se\/no\/produkt\/freelap-fxmotion-utan-faste\/"]}]},{"@type":"BreadcrumbList","@id":"https:\/\/beyondx.se\/no\/produkt\/freelap-fxmotion-utan-faste\/#breadcrumb","itemListElement":[{"@type":"ListItem","position":1,"name":"Hem","item":"https:\/\/beyondx.se\/no\/"},{"@type":"ListItem","position":2,"name":"Butik","item":"https:\/\/beyondx.se\/no\/butik\/"},{"@type":"ListItem","position":3,"name":"Freelap FxMotion, ink. f\u00e4ste"}]},{"@type":"WebSite","@id":"https:\/\/beyondx.se\/no\/#website","url":"https:\/\/beyondx.se\/no\/","name":"Beyond-X","description":"No Bullshit Ski Wear","publisher":{"@id":"https:\/\/beyondx.se\/no\/#organization"},"potentialAction":[{"@type":"SearchAction","target":{"@type":"EntryPoint","urlTemplate":"https:\/\/beyondx.se\/no\/?s={search_term_string}"},"query-input":"required name=search_term_string"}],"inLanguage":"nb-NO"},{"@type":"Organization","@id":"https:\/\/beyondx.se\/no\/#organization","name":"B-stedt of Sweden AB","url":"https:\/\/beyondx.se\/no\/","logo":{"@type":"ImageObject","inLanguage":"nb-NO","@id":"https:\/\/beyondx.se\/no\/#\/schema\/logo\/image\/","url":"https:\/\/beyondx.se\/wp-content\/uploads\/2023\/08\/bx-logo.svg","contentUrl":"https:\/\/beyondx.se\/wp-content\/uploads\/2023\/08\/bx-logo.svg","width":1,"height":1,"caption":"B-stedt of Sweden AB"},"image":{"@id":"https:\/\/beyondx.se\/no\/#\/schema\/logo\/image\/"}}]}},"_links":{"self":[{"href":"https:\/\/beyondx.se\/no\/wp-json\/wp\/v2\/product\/146768","targetHints":{"allow":["GET"]}}],"collection":[{"href":"https:\/\/beyondx.se\/no\/wp-json\/wp\/v2\/product"}],"about":[{"href":"https:\/\/beyondx.se\/no\/wp-json\/wp\/v2\/types\/product"}],"wp:featuredmedia":[{"embeddable":true,"href":"https:\/\/beyondx.se\/no\/wp-json\/wp\/v2\/media\/146766"}],"wp:attachment":[{"href":"https:\/\/beyondx.se\/no\/wp-json\/wp\/v2\/media?parent=146768"}],"wp:term":[{"taxonomy":"product_cat","embeddable":true,"href":"https:\/\/beyondx.se\/no\/wp-json\/wp\/v2\/product_cat?post=146768"},{"taxonomy":"product_tag","embeddable":true,"href":"https:\/\/beyondx.se\/no\/wp-json\/wp\/v2\/product_tag?post=146768"}],"curies":[{"name":"wp","href":"https:\/\/api.w.org\/{rel}","templated":true}]}}