{"id":146782,"date":"2025-05-26T17:58:18","date_gmt":"2025-05-26T15:58:18","guid":{"rendered":"https:\/\/beyondx.se\/?post_type=product&#038;p=146782"},"modified":"2026-04-21T06:49:32","modified_gmt":"2026-04-21T04:49:32","slug":"freelap-pack-111","status":"publish","type":"product","link":"https:\/\/beyondx.se\/no\/produkt\/freelap-pack-111\/","title":{"rendered":"Freelap Pack 111"},"content":{"rendered":"<p><a href=\"https:\/\/beyondx.se\/wp-content\/uploads\/2025\/06\/Choose-you-chip.jpg\"><img loading=\"lazy\" decoding=\"async\" width=\"1444\" height=\"884\" class=\"alignnone size-full wp-image-146956\" src=\"https:\/\/beyondx.se\/wp-content\/uploads\/2025\/06\/Choose-you-chip.jpg\" alt=\"\" srcset=\"https:\/\/beyondx.se\/wp-content\/uploads\/2025\/06\/Choose-you-chip.jpg 1444w, https:\/\/beyondx.se\/wp-content\/uploads\/2025\/06\/Choose-you-chip-600x367.webp 600w, https:\/\/beyondx.se\/wp-content\/uploads\/2025\/06\/Choose-you-chip-1200x735.webp 1200w, https:\/\/beyondx.se\/wp-content\/uploads\/2025\/06\/Choose-you-chip-768x470.jpg 768w, https:\/\/beyondx.se\/wp-content\/uploads\/2025\/06\/Choose-you-chip-400x245.webp 400w, https:\/\/beyondx.se\/wp-content\/uploads\/2025\/06\/Choose-you-chip-350x214.webp 350w\" sizes=\"auto, (max-width: 1444px) 100vw, 1444px\" \/><\/a><a href=\"https:\/\/beyondx.se\/wp-content\/uploads\/2025\/05\/Configs-Pack-111-1.jpg\"><img loading=\"lazy\" decoding=\"async\" width=\"1444\" height=\"1122\" class=\"alignnone size-full wp-image-146974\" src=\"https:\/\/beyondx.se\/wp-content\/uploads\/2025\/05\/Configs-Pack-111-1.jpg\" alt=\"\" srcset=\"https:\/\/beyondx.se\/wp-content\/uploads\/2025\/05\/Configs-Pack-111-1.jpg 1444w, https:\/\/beyondx.se\/wp-content\/uploads\/2025\/05\/Configs-Pack-111-1-600x466.webp 600w, https:\/\/beyondx.se\/wp-content\/uploads\/2025\/05\/Configs-Pack-111-1-1200x932.webp 1200w, https:\/\/beyondx.se\/wp-content\/uploads\/2025\/05\/Configs-Pack-111-1-768x597.jpg 768w, https:\/\/beyondx.se\/wp-content\/uploads\/2025\/05\/Configs-Pack-111-1-400x311.webp 400w, https:\/\/beyondx.se\/wp-content\/uploads\/2025\/05\/Configs-Pack-111-1-350x272.webp 350w\" sizes=\"auto, (max-width: 1444px) 100vw, 1444px\" \/><\/a><\/p>\n","protected":false},"excerpt":{"rendered":"L\u00f6parpaket f\u00f6r individuell tr\u00e4ning.\r\n\r\nDetta paket inneh\u00e5ller:\r\n\u2022 1 transponder (FxChip BLE ELLER FxMotion) + FxClip\r\n\u2022 1 e-Starter (START-s\u00e4ndare)\r\n\u2022 1 Tx Junior Pro (m\u00e5ngsidig s\u00e4ndare)\r\n\u2022 1 liten v\u00e4ska (tillbeh\u00f6r)\r\n\u2022 USB-str\u00f6madapter 4-portar\r\nHar du redan chip men vill ha enheterna i detta paket? V\u00e4lj d\u00e5 \u00abinget chip\u00bb.\r\nLaddkablar, clips till chip och adapters f\u00f6ljer med i detta paket.","protected":false},"featured_media":146801,"template":"","meta":[],"product_cat":[201,213],"product_tag":[],"class_list":["post-146782","product","type-product","status-publish","has-post-thumbnail","hentry","product_cat-freelap-timing","product_cat-running","brands-freelap","fpd-variation-needed"],"yoast_head":"<!-- This site is optimized with the Yoast SEO plugin v21.0 - https:\/\/yoast.com\/wordpress\/plugins\/seo\/ -->\n<title>Freelap Pack 111 - Beyond-X<\/title>\n<meta name=\"description\" content=\"Tidtagning grundpaket f\u00f6r en ut\u00f6vare, v\u00e4lj vilket chip som \u00f6nskas till. Packat och klart, med allt du beh\u00f6ver f\u00f6r en lyckad tr\u00e4ning!\" \/>\n<meta name=\"robots\" content=\"index, follow, max-snippet:-1, max-image-preview:large, max-video-preview:-1\" \/>\n<link rel=\"canonical\" href=\"https:\/\/beyondx.se\/no\/produkt\/freelap-pack-111\/\" \/>\n<meta property=\"og:locale\" content=\"nb_NO\" \/>\n<meta property=\"og:type\" content=\"article\" \/>\n<meta property=\"og:title\" content=\"Freelap Pack 111 - Beyond-X\" \/>\n<meta property=\"og:description\" content=\"Tidtagning grundpaket f\u00f6r en ut\u00f6vare, v\u00e4lj vilket chip som \u00f6nskas till. Packat och klart, med allt du beh\u00f6ver f\u00f6r en lyckad tr\u00e4ning!\" \/>\n<meta property=\"og:url\" content=\"https:\/\/beyondx.se\/no\/produkt\/freelap-pack-111\/\" \/>\n<meta property=\"og:site_name\" content=\"Beyond-X\" \/>\n<meta property=\"article:modified_time\" content=\"2026-04-21T04:49:32+00:00\" \/>\n<meta property=\"og:image\" content=\"https:\/\/beyondx.se\/wp-content\/uploads\/2025\/05\/111.jpg\" \/>\n\t<meta property=\"og:image:width\" content=\"800\" \/>\n\t<meta property=\"og:image:height\" content=\"800\" \/>\n\t<meta property=\"og:image:type\" content=\"image\/jpeg\" \/>\n<meta name=\"twitter:card\" content=\"summary_large_image\" \/>\n<meta name=\"twitter:label1\" content=\"Ansl. lesetid\" \/>\n\t<meta name=\"twitter:data1\" content=\"1 minutt\" \/>\n<script type=\"application\/ld+json\" class=\"yoast-schema-graph\">{\"@context\":\"https:\/\/schema.org\",\"@graph\":[{\"@type\":\"WebPage\",\"@id\":\"https:\/\/beyondx.se\/no\/produkt\/freelap-pack-111\/\",\"url\":\"https:\/\/beyondx.se\/no\/produkt\/freelap-pack-111\/\",\"name\":\"Freelap Pack 111 - Beyond-X\",\"isPartOf\":{\"@id\":\"https:\/\/beyondx.se\/no\/#website\"},\"datePublished\":\"2025-05-26T15:58:18+00:00\",\"dateModified\":\"2026-04-21T04:49:32+00:00\",\"description\":\"Tidtagning grundpaket f\u00f6r en ut\u00f6vare, v\u00e4lj vilket chip som \u00f6nskas till. Packat och klart, med allt du beh\u00f6ver f\u00f6r en lyckad tr\u00e4ning!\",\"breadcrumb\":{\"@id\":\"https:\/\/beyondx.se\/no\/produkt\/freelap-pack-111\/#breadcrumb\"},\"inLanguage\":\"nb-NO\",\"potentialAction\":[{\"@type\":\"ReadAction\",\"target\":[\"https:\/\/beyondx.se\/no\/produkt\/freelap-pack-111\/\"]}]},{\"@type\":\"BreadcrumbList\",\"@id\":\"https:\/\/beyondx.se\/no\/produkt\/freelap-pack-111\/#breadcrumb\",\"itemListElement\":[{\"@type\":\"ListItem\",\"position\":1,\"name\":\"Hem\",\"item\":\"https:\/\/beyondx.se\/no\/\"},{\"@type\":\"ListItem\",\"position\":2,\"name\":\"Butik\",\"item\":\"https:\/\/beyondx.se\/no\/butik\/\"},{\"@type\":\"ListItem\",\"position\":3,\"name\":\"Freelap Pack 111\"}]},{\"@type\":\"WebSite\",\"@id\":\"https:\/\/beyondx.se\/no\/#website\",\"url\":\"https:\/\/beyondx.se\/no\/\",\"name\":\"Beyond-X\",\"description\":\"No Bullshit Ski Wear\",\"publisher\":{\"@id\":\"https:\/\/beyondx.se\/no\/#organization\"},\"potentialAction\":[{\"@type\":\"SearchAction\",\"target\":{\"@type\":\"EntryPoint\",\"urlTemplate\":\"https:\/\/beyondx.se\/no\/?s={search_term_string}\"},\"query-input\":\"required name=search_term_string\"}],\"inLanguage\":\"nb-NO\"},{\"@type\":\"Organization\",\"@id\":\"https:\/\/beyondx.se\/no\/#organization\",\"name\":\"B-stedt of Sweden AB\",\"url\":\"https:\/\/beyondx.se\/no\/\",\"logo\":{\"@type\":\"ImageObject\",\"inLanguage\":\"nb-NO\",\"@id\":\"https:\/\/beyondx.se\/no\/#\/schema\/logo\/image\/\",\"url\":\"https:\/\/beyondx.se\/wp-content\/uploads\/2023\/08\/bx-logo.svg\",\"contentUrl\":\"https:\/\/beyondx.se\/wp-content\/uploads\/2023\/08\/bx-logo.svg\",\"width\":1,\"height\":1,\"caption\":\"B-stedt of Sweden AB\"},\"image\":{\"@id\":\"https:\/\/beyondx.se\/no\/#\/schema\/logo\/image\/\"}}]}<\/script>\n<!-- \/ Yoast SEO plugin. -->","yoast_head_json":{"title":"Freelap Pack 111 - Beyond-X","description":"Tidtagning grundpaket f\u00f6r en ut\u00f6vare, v\u00e4lj vilket chip som \u00f6nskas till. Packat och klart, med allt du beh\u00f6ver f\u00f6r en lyckad tr\u00e4ning!","robots":{"index":"index","follow":"follow","max-snippet":"max-snippet:-1","max-image-preview":"max-image-preview:large","max-video-preview":"max-video-preview:-1"},"canonical":"https:\/\/beyondx.se\/no\/produkt\/freelap-pack-111\/","og_locale":"nb_NO","og_type":"article","og_title":"Freelap Pack 111 - Beyond-X","og_description":"Tidtagning grundpaket f\u00f6r en ut\u00f6vare, v\u00e4lj vilket chip som \u00f6nskas till. Packat och klart, med allt du beh\u00f6ver f\u00f6r en lyckad tr\u00e4ning!","og_url":"https:\/\/beyondx.se\/no\/produkt\/freelap-pack-111\/","og_site_name":"Beyond-X","article_modified_time":"2026-04-21T04:49:32+00:00","og_image":[{"width":800,"height":800,"url":"https:\/\/beyondx.se\/wp-content\/uploads\/2025\/05\/111.jpg","type":"image\/jpeg"}],"twitter_card":"summary_large_image","twitter_misc":{"Ansl. lesetid":"1 minutt"},"schema":{"@context":"https:\/\/schema.org","@graph":[{"@type":"WebPage","@id":"https:\/\/beyondx.se\/no\/produkt\/freelap-pack-111\/","url":"https:\/\/beyondx.se\/no\/produkt\/freelap-pack-111\/","name":"Freelap Pack 111 - Beyond-X","isPartOf":{"@id":"https:\/\/beyondx.se\/no\/#website"},"datePublished":"2025-05-26T15:58:18+00:00","dateModified":"2026-04-21T04:49:32+00:00","description":"Tidtagning grundpaket f\u00f6r en ut\u00f6vare, v\u00e4lj vilket chip som \u00f6nskas till. Packat och klart, med allt du beh\u00f6ver f\u00f6r en lyckad tr\u00e4ning!","breadcrumb":{"@id":"https:\/\/beyondx.se\/no\/produkt\/freelap-pack-111\/#breadcrumb"},"inLanguage":"nb-NO","potentialAction":[{"@type":"ReadAction","target":["https:\/\/beyondx.se\/no\/produkt\/freelap-pack-111\/"]}]},{"@type":"BreadcrumbList","@id":"https:\/\/beyondx.se\/no\/produkt\/freelap-pack-111\/#breadcrumb","itemListElement":[{"@type":"ListItem","position":1,"name":"Hem","item":"https:\/\/beyondx.se\/no\/"},{"@type":"ListItem","position":2,"name":"Butik","item":"https:\/\/beyondx.se\/no\/butik\/"},{"@type":"ListItem","position":3,"name":"Freelap Pack 111"}]},{"@type":"WebSite","@id":"https:\/\/beyondx.se\/no\/#website","url":"https:\/\/beyondx.se\/no\/","name":"Beyond-X","description":"No Bullshit Ski Wear","publisher":{"@id":"https:\/\/beyondx.se\/no\/#organization"},"potentialAction":[{"@type":"SearchAction","target":{"@type":"EntryPoint","urlTemplate":"https:\/\/beyondx.se\/no\/?s={search_term_string}"},"query-input":"required name=search_term_string"}],"inLanguage":"nb-NO"},{"@type":"Organization","@id":"https:\/\/beyondx.se\/no\/#organization","name":"B-stedt of Sweden AB","url":"https:\/\/beyondx.se\/no\/","logo":{"@type":"ImageObject","inLanguage":"nb-NO","@id":"https:\/\/beyondx.se\/no\/#\/schema\/logo\/image\/","url":"https:\/\/beyondx.se\/wp-content\/uploads\/2023\/08\/bx-logo.svg","contentUrl":"https:\/\/beyondx.se\/wp-content\/uploads\/2023\/08\/bx-logo.svg","width":1,"height":1,"caption":"B-stedt of Sweden AB"},"image":{"@id":"https:\/\/beyondx.se\/no\/#\/schema\/logo\/image\/"}}]}},"_links":{"self":[{"href":"https:\/\/beyondx.se\/no\/wp-json\/wp\/v2\/product\/146782","targetHints":{"allow":["GET"]}}],"collection":[{"href":"https:\/\/beyondx.se\/no\/wp-json\/wp\/v2\/product"}],"about":[{"href":"https:\/\/beyondx.se\/no\/wp-json\/wp\/v2\/types\/product"}],"wp:featuredmedia":[{"embeddable":true,"href":"https:\/\/beyondx.se\/no\/wp-json\/wp\/v2\/media\/146801"}],"wp:attachment":[{"href":"https:\/\/beyondx.se\/no\/wp-json\/wp\/v2\/media?parent=146782"}],"wp:term":[{"taxonomy":"product_cat","embeddable":true,"href":"https:\/\/beyondx.se\/no\/wp-json\/wp\/v2\/product_cat?post=146782"},{"taxonomy":"product_tag","embeddable":true,"href":"https:\/\/beyondx.se\/no\/wp-json\/wp\/v2\/product_tag?post=146782"}],"curies":[{"name":"wp","href":"https:\/\/api.w.org\/{rel}","templated":true}]}}