{"id":146978,"date":"2025-06-10T19:37:02","date_gmt":"2025-06-10T17:37:02","guid":{"rendered":"https:\/\/beyondx.se\/?post_type=product&#038;p=146978"},"modified":"2026-04-22T02:33:19","modified_gmt":"2026-04-22T00:33:19","slug":"freelap-424","status":"publish","type":"product","link":"https:\/\/beyondx.se\/no\/produkt\/freelap-424\/","title":{"rendered":"Freelap 424"},"content":{"rendered":"<p><a href=\"https:\/\/beyondx.se\/wp-content\/uploads\/2025\/06\/Choose-you-chip.jpg\"><img loading=\"lazy\" decoding=\"async\" width=\"1444\" height=\"884\" class=\"alignnone size-full wp-image-146956\" src=\"https:\/\/beyondx.se\/wp-content\/uploads\/2025\/06\/Choose-you-chip.jpg\" alt=\"\" srcset=\"https:\/\/beyondx.se\/wp-content\/uploads\/2025\/06\/Choose-you-chip.jpg 1444w, https:\/\/beyondx.se\/wp-content\/uploads\/2025\/06\/Choose-you-chip-600x367.webp 600w, https:\/\/beyondx.se\/wp-content\/uploads\/2025\/06\/Choose-you-chip-1200x735.webp 1200w, https:\/\/beyondx.se\/wp-content\/uploads\/2025\/06\/Choose-you-chip-768x470.jpg 768w, https:\/\/beyondx.se\/wp-content\/uploads\/2025\/06\/Choose-you-chip-400x245.webp 400w, https:\/\/beyondx.se\/wp-content\/uploads\/2025\/06\/Choose-you-chip-350x214.webp 350w\" sizes=\"auto, (max-width: 1444px) 100vw, 1444px\" \/><\/a><a href=\"https:\/\/beyondx.se\/wp-content\/uploads\/2025\/06\/Config-1-pack-424.jpg\"><img loading=\"lazy\" decoding=\"async\" width=\"1444\" height=\"1058\" class=\"alignnone size-full wp-image-146996\" src=\"https:\/\/beyondx.se\/wp-content\/uploads\/2025\/06\/Config-1-pack-424.jpg\" alt=\"\" srcset=\"https:\/\/beyondx.se\/wp-content\/uploads\/2025\/06\/Config-1-pack-424.jpg 1444w, https:\/\/beyondx.se\/wp-content\/uploads\/2025\/06\/Config-1-pack-424-600x440.webp 600w, https:\/\/beyondx.se\/wp-content\/uploads\/2025\/06\/Config-1-pack-424-1200x879.webp 1200w, https:\/\/beyondx.se\/wp-content\/uploads\/2025\/06\/Config-1-pack-424-768x563.jpg 768w, https:\/\/beyondx.se\/wp-content\/uploads\/2025\/06\/Config-1-pack-424-400x293.webp 400w, https:\/\/beyondx.se\/wp-content\/uploads\/2025\/06\/Config-1-pack-424-350x256.webp 350w\" sizes=\"auto, (max-width: 1444px) 100vw, 1444px\" \/><\/a><\/p>\n<p><iframe loading=\"lazy\" title=\"Time, Reaction time &amp; Strides analysis - Freelap timing system for track and field.\" width=\"500\" height=\"281\" src=\"https:\/\/www.youtube.com\/embed\/fsB5cV20fF0?feature=oembed\" frameborder=\"0\" allow=\"accelerometer; autoplay; clipboard-write; encrypted-media; gyroscope; picture-in-picture; web-share\" referrerpolicy=\"strict-origin-when-cross-origin\" allowfullscreen><\/iframe><\/p>\n<p><a href=\"https:\/\/beyondx.se\/wp-content\/uploads\/2025\/06\/Config-2-pack-424.jpg\"><img loading=\"lazy\" decoding=\"async\" width=\"1444\" height=\"694\" class=\"alignnone size-full wp-image-147000\" src=\"https:\/\/beyondx.se\/wp-content\/uploads\/2025\/06\/Config-2-pack-424.jpg\" alt=\"\" srcset=\"https:\/\/beyondx.se\/wp-content\/uploads\/2025\/06\/Config-2-pack-424.jpg 1444w, https:\/\/beyondx.se\/wp-content\/uploads\/2025\/06\/Config-2-pack-424-600x288.webp 600w, https:\/\/beyondx.se\/wp-content\/uploads\/2025\/06\/Config-2-pack-424-1200x577.webp 1200w, https:\/\/beyondx.se\/wp-content\/uploads\/2025\/06\/Config-2-pack-424-768x369.jpg 768w, https:\/\/beyondx.se\/wp-content\/uploads\/2025\/06\/Config-2-pack-424-400x192.webp 400w, https:\/\/beyondx.se\/wp-content\/uploads\/2025\/06\/Config-2-pack-424-350x168.webp 350w\" sizes=\"auto, (max-width: 1444px) 100vw, 1444px\" \/><\/a><a href=\"https:\/\/beyondx.se\/wp-content\/uploads\/2025\/06\/Config-start-pack-424.jpg\"><img loading=\"lazy\" decoding=\"async\" width=\"1444\" height=\"820\" class=\"alignnone size-full wp-image-147004\" src=\"https:\/\/beyondx.se\/wp-content\/uploads\/2025\/06\/Config-start-pack-424.jpg\" alt=\"\" srcset=\"https:\/\/beyondx.se\/wp-content\/uploads\/2025\/06\/Config-start-pack-424.jpg 1444w, https:\/\/beyondx.se\/wp-content\/uploads\/2025\/06\/Config-start-pack-424-600x341.webp 600w, https:\/\/beyondx.se\/wp-content\/uploads\/2025\/06\/Config-start-pack-424-1200x681.webp 1200w, https:\/\/beyondx.se\/wp-content\/uploads\/2025\/06\/Config-start-pack-424-768x436.jpg 768w, https:\/\/beyondx.se\/wp-content\/uploads\/2025\/06\/Config-start-pack-424-400x227.webp 400w, https:\/\/beyondx.se\/wp-content\/uploads\/2025\/06\/Config-start-pack-424-350x199.webp 350w\" sizes=\"auto, (max-width: 1444px) 100vw, 1444px\" \/><\/a><a href=\"https:\/\/beyondx.se\/wp-content\/uploads\/2025\/06\/Config-3-pack-424.jpg\"><img loading=\"lazy\" decoding=\"async\" width=\"1444\" height=\"520\" class=\"alignnone size-full wp-image-147008\" src=\"https:\/\/beyondx.se\/wp-content\/uploads\/2025\/06\/Config-3-pack-424.jpg\" alt=\"\" srcset=\"https:\/\/beyondx.se\/wp-content\/uploads\/2025\/06\/Config-3-pack-424.jpg 1444w, https:\/\/beyondx.se\/wp-content\/uploads\/2025\/06\/Config-3-pack-424-600x216.webp 600w, https:\/\/beyondx.se\/wp-content\/uploads\/2025\/06\/Config-3-pack-424-1200x432.webp 1200w, https:\/\/beyondx.se\/wp-content\/uploads\/2025\/06\/Config-3-pack-424-768x277.jpg 768w, https:\/\/beyondx.se\/wp-content\/uploads\/2025\/06\/Config-3-pack-424-400x144.webp 400w, https:\/\/beyondx.se\/wp-content\/uploads\/2025\/06\/Config-3-pack-424-350x126.webp 350w\" sizes=\"auto, (max-width: 1444px) 100vw, 1444px\" \/><\/a><\/p>\n<p><iframe loading=\"lazy\" title=\"Flying start - Timing data &amp; strides analysis | Freelap timing for Track and field\" width=\"500\" height=\"281\" src=\"https:\/\/www.youtube.com\/embed\/gSGgqL3Scbs?feature=oembed\" frameborder=\"0\" allow=\"accelerometer; autoplay; clipboard-write; encrypted-media; gyroscope; picture-in-picture; web-share\" referrerpolicy=\"strict-origin-when-cross-origin\" allowfullscreen><\/iframe><\/p>\n","protected":false},"excerpt":{"rendered":"L\u00f6parpaket f\u00f6r grupptr\u00e4ning\r\n\r\nDetta paket inneh\u00e5ller:\r\n\u2022 4 transpondrar (FxChip BLE ELLER FxMotion) + FxClip\r\n\u2022 2 e-Starter (START-s\u00e4ndare)\r\n\u2022 4 Tx Junior Pro (m\u00e5ngsidiga s\u00e4ndare)\r\n\u2022 1 Satchel Bag Medium\r\n\u2022 USB-str\u00f6madapter 4-portar\r\nHar du redan chip men vill ha enheterna i detta paket? V\u00e4lj d\u00e5 \u00abinget chip\u00bb.\r\nLaddkablar, clips till chip och adapters f\u00f6ljer med i detta paket.","protected":false},"featured_media":146979,"template":"","meta":[],"product_cat":[201,213],"product_tag":[],"class_list":["post-146978","product","type-product","status-publish","has-post-thumbnail","hentry","product_cat-freelap-timing","product_cat-running","brands-freelap","fpd-variation-needed"],"yoast_head":"<!-- This site is optimized with the Yoast SEO plugin v21.0 - https:\/\/yoast.com\/wordpress\/plugins\/seo\/ -->\n<title>Freelap 424 - Beyond-X<\/title>\n<meta name=\"robots\" content=\"index, follow, max-snippet:-1, max-image-preview:large, max-video-preview:-1\" \/>\n<link rel=\"canonical\" href=\"https:\/\/beyondx.se\/no\/produkt\/freelap-424\/\" \/>\n<meta property=\"og:locale\" content=\"nb_NO\" \/>\n<meta property=\"og:type\" content=\"article\" \/>\n<meta property=\"og:title\" content=\"Freelap 424 - Beyond-X\" \/>\n<meta property=\"og:description\" content=\"L\u00f6parpaket f\u00f6r grupptr\u00e4ning  Detta paket inneh\u00e5ller: \u2022 4 transpondrar (FxChip BLE ELLER FxMotion) + FxClip \u2022 2 e-Starter (START-s\u00e4ndare) \u2022 4 Tx Junior Pro (m\u00e5ngsidiga s\u00e4ndare) \u2022 1 Satchel Bag Medium \u2022 USB-str\u00f6madapter 4-portar Har du redan chip men vill ha enheterna i detta paket? V\u00e4lj d\u00e5 \u00abinget chip\u00bb. Laddkablar, clips till chip och adapters f\u00f6ljer med i detta paket.\" \/>\n<meta property=\"og:url\" content=\"https:\/\/beyondx.se\/no\/produkt\/freelap-424\/\" \/>\n<meta property=\"og:site_name\" content=\"Beyond-X\" \/>\n<meta property=\"article:modified_time\" content=\"2026-04-22T00:33:19+00:00\" \/>\n<meta property=\"og:image\" content=\"https:\/\/beyondx.se\/wp-content\/uploads\/2025\/06\/424.jpg\" \/>\n\t<meta property=\"og:image:width\" content=\"800\" \/>\n\t<meta property=\"og:image:height\" content=\"800\" \/>\n\t<meta property=\"og:image:type\" content=\"image\/jpeg\" \/>\n<meta name=\"twitter:card\" content=\"summary_large_image\" \/>\n<meta name=\"twitter:label1\" content=\"Ansl. lesetid\" \/>\n\t<meta name=\"twitter:data1\" content=\"2 minutter\" \/>\n<script type=\"application\/ld+json\" class=\"yoast-schema-graph\">{\"@context\":\"https:\/\/schema.org\",\"@graph\":[{\"@type\":\"WebPage\",\"@id\":\"https:\/\/beyondx.se\/no\/produkt\/freelap-424\/\",\"url\":\"https:\/\/beyondx.se\/no\/produkt\/freelap-424\/\",\"name\":\"Freelap 424 - Beyond-X\",\"isPartOf\":{\"@id\":\"https:\/\/beyondx.se\/no\/#website\"},\"datePublished\":\"2025-06-10T17:37:02+00:00\",\"dateModified\":\"2026-04-22T00:33:19+00:00\",\"breadcrumb\":{\"@id\":\"https:\/\/beyondx.se\/no\/produkt\/freelap-424\/#breadcrumb\"},\"inLanguage\":\"nb-NO\",\"potentialAction\":[{\"@type\":\"ReadAction\",\"target\":[\"https:\/\/beyondx.se\/no\/produkt\/freelap-424\/\"]}]},{\"@type\":\"BreadcrumbList\",\"@id\":\"https:\/\/beyondx.se\/no\/produkt\/freelap-424\/#breadcrumb\",\"itemListElement\":[{\"@type\":\"ListItem\",\"position\":1,\"name\":\"Hem\",\"item\":\"https:\/\/beyondx.se\/no\/\"},{\"@type\":\"ListItem\",\"position\":2,\"name\":\"Butik\",\"item\":\"https:\/\/beyondx.se\/no\/butik\/\"},{\"@type\":\"ListItem\",\"position\":3,\"name\":\"Freelap 424\"}]},{\"@type\":\"WebSite\",\"@id\":\"https:\/\/beyondx.se\/no\/#website\",\"url\":\"https:\/\/beyondx.se\/no\/\",\"name\":\"Beyond-X\",\"description\":\"No Bullshit Ski Wear\",\"publisher\":{\"@id\":\"https:\/\/beyondx.se\/no\/#organization\"},\"potentialAction\":[{\"@type\":\"SearchAction\",\"target\":{\"@type\":\"EntryPoint\",\"urlTemplate\":\"https:\/\/beyondx.se\/no\/?s={search_term_string}\"},\"query-input\":\"required name=search_term_string\"}],\"inLanguage\":\"nb-NO\"},{\"@type\":\"Organization\",\"@id\":\"https:\/\/beyondx.se\/no\/#organization\",\"name\":\"B-stedt of Sweden AB\",\"url\":\"https:\/\/beyondx.se\/no\/\",\"logo\":{\"@type\":\"ImageObject\",\"inLanguage\":\"nb-NO\",\"@id\":\"https:\/\/beyondx.se\/no\/#\/schema\/logo\/image\/\",\"url\":\"https:\/\/beyondx.se\/wp-content\/uploads\/2023\/08\/bx-logo.svg\",\"contentUrl\":\"https:\/\/beyondx.se\/wp-content\/uploads\/2023\/08\/bx-logo.svg\",\"width\":1,\"height\":1,\"caption\":\"B-stedt of Sweden AB\"},\"image\":{\"@id\":\"https:\/\/beyondx.se\/no\/#\/schema\/logo\/image\/\"}}]}<\/script>\n<!-- \/ Yoast SEO plugin. -->","yoast_head_json":{"title":"Freelap 424 - Beyond-X","robots":{"index":"index","follow":"follow","max-snippet":"max-snippet:-1","max-image-preview":"max-image-preview:large","max-video-preview":"max-video-preview:-1"},"canonical":"https:\/\/beyondx.se\/no\/produkt\/freelap-424\/","og_locale":"nb_NO","og_type":"article","og_title":"Freelap 424 - Beyond-X","og_description":"L\u00f6parpaket f\u00f6r grupptr\u00e4ning  Detta paket inneh\u00e5ller: \u2022 4 transpondrar (FxChip BLE ELLER FxMotion) + FxClip \u2022 2 e-Starter (START-s\u00e4ndare) \u2022 4 Tx Junior Pro (m\u00e5ngsidiga s\u00e4ndare) \u2022 1 Satchel Bag Medium \u2022 USB-str\u00f6madapter 4-portar Har du redan chip men vill ha enheterna i detta paket? V\u00e4lj d\u00e5 \u00abinget chip\u00bb. Laddkablar, clips till chip och adapters f\u00f6ljer med i detta paket.","og_url":"https:\/\/beyondx.se\/no\/produkt\/freelap-424\/","og_site_name":"Beyond-X","article_modified_time":"2026-04-22T00:33:19+00:00","og_image":[{"width":800,"height":800,"url":"https:\/\/beyondx.se\/wp-content\/uploads\/2025\/06\/424.jpg","type":"image\/jpeg"}],"twitter_card":"summary_large_image","twitter_misc":{"Ansl. lesetid":"2 minutter"},"schema":{"@context":"https:\/\/schema.org","@graph":[{"@type":"WebPage","@id":"https:\/\/beyondx.se\/no\/produkt\/freelap-424\/","url":"https:\/\/beyondx.se\/no\/produkt\/freelap-424\/","name":"Freelap 424 - Beyond-X","isPartOf":{"@id":"https:\/\/beyondx.se\/no\/#website"},"datePublished":"2025-06-10T17:37:02+00:00","dateModified":"2026-04-22T00:33:19+00:00","breadcrumb":{"@id":"https:\/\/beyondx.se\/no\/produkt\/freelap-424\/#breadcrumb"},"inLanguage":"nb-NO","potentialAction":[{"@type":"ReadAction","target":["https:\/\/beyondx.se\/no\/produkt\/freelap-424\/"]}]},{"@type":"BreadcrumbList","@id":"https:\/\/beyondx.se\/no\/produkt\/freelap-424\/#breadcrumb","itemListElement":[{"@type":"ListItem","position":1,"name":"Hem","item":"https:\/\/beyondx.se\/no\/"},{"@type":"ListItem","position":2,"name":"Butik","item":"https:\/\/beyondx.se\/no\/butik\/"},{"@type":"ListItem","position":3,"name":"Freelap 424"}]},{"@type":"WebSite","@id":"https:\/\/beyondx.se\/no\/#website","url":"https:\/\/beyondx.se\/no\/","name":"Beyond-X","description":"No Bullshit Ski Wear","publisher":{"@id":"https:\/\/beyondx.se\/no\/#organization"},"potentialAction":[{"@type":"SearchAction","target":{"@type":"EntryPoint","urlTemplate":"https:\/\/beyondx.se\/no\/?s={search_term_string}"},"query-input":"required name=search_term_string"}],"inLanguage":"nb-NO"},{"@type":"Organization","@id":"https:\/\/beyondx.se\/no\/#organization","name":"B-stedt of Sweden AB","url":"https:\/\/beyondx.se\/no\/","logo":{"@type":"ImageObject","inLanguage":"nb-NO","@id":"https:\/\/beyondx.se\/no\/#\/schema\/logo\/image\/","url":"https:\/\/beyondx.se\/wp-content\/uploads\/2023\/08\/bx-logo.svg","contentUrl":"https:\/\/beyondx.se\/wp-content\/uploads\/2023\/08\/bx-logo.svg","width":1,"height":1,"caption":"B-stedt of Sweden AB"},"image":{"@id":"https:\/\/beyondx.se\/no\/#\/schema\/logo\/image\/"}}]}},"_links":{"self":[{"href":"https:\/\/beyondx.se\/no\/wp-json\/wp\/v2\/product\/146978","targetHints":{"allow":["GET"]}}],"collection":[{"href":"https:\/\/beyondx.se\/no\/wp-json\/wp\/v2\/product"}],"about":[{"href":"https:\/\/beyondx.se\/no\/wp-json\/wp\/v2\/types\/product"}],"wp:featuredmedia":[{"embeddable":true,"href":"https:\/\/beyondx.se\/no\/wp-json\/wp\/v2\/media\/146979"}],"wp:attachment":[{"href":"https:\/\/beyondx.se\/no\/wp-json\/wp\/v2\/media?parent=146978"}],"wp:term":[{"taxonomy":"product_cat","embeddable":true,"href":"https:\/\/beyondx.se\/no\/wp-json\/wp\/v2\/product_cat?post=146978"},{"taxonomy":"product_tag","embeddable":true,"href":"https:\/\/beyondx.se\/no\/wp-json\/wp\/v2\/product_tag?post=146978"}],"curies":[{"name":"wp","href":"https:\/\/api.w.org\/{rel}","templated":true}]}}