{"id":147592,"date":"2025-06-30T23:00:07","date_gmt":"2025-06-30T21:00:07","guid":{"rendered":"https:\/\/beyondx.se\/product\/art-of-innovation-grinding-machine\/"},"modified":"2026-05-02T06:52:02","modified_gmt":"2026-05-02T04:52:02","slug":"art-of-innovation-grinding-machine","status":"publish","type":"product","link":"https:\/\/beyondx.se\/no\/produkt\/art-of-innovation-grinding-machine\/","title":{"rendered":"ART grinding machine V2"},"content":{"rendered":"<p>\u201dArt of Innovation\u201d \u00e4r en Svensktillverkad batteridriven, enkel, anv\u00e4ndarv\u00e4nlig och exakt skidslipmaskin. Den ligger stabilt p\u00e5 skidans belagssida, ingen trasslande elsladd och fj\u00e4drande slipskiva som manuellt anl\u00e4ggs n\u00e4r slipning skall p\u00e5b\u00f6rjas. M\u00f6jligg\u00f6r snabbt underh\u00e5ll av skidors st\u00e5lkanter, samtidigt som den f\u00f6rl\u00e4nger skidans livsl\u00e4ngd genom att inte slipa bort mer \u00e4n absolut n\u00f6dv\u00e4ndigt av st\u00e5lkanterna. Utbytbara vinlekskivor.<\/p>\n<h3>Ett komplett set med:<\/h3>\n<ul>\n<li>Batteridriven slipmaskin<\/li>\n<li>Batteri med kompakt laddare<\/li>\n<li>Diabor-slipskiva medium (monterad p\u00e5 maskin)<\/li>\n<li>87\u00b0 vinkelskenor<\/li>\n<li>88\u00b0 vinkelskenor<\/li>\n<li>Hard-case med anpassade fack<br \/>\n<a href=\"https:\/\/artinnovation.net\/art-by-innovation\/instruction_manual\/\" target=\"_blank\" rel=\"noopener\"><strong>Se instruktionsbok h\u00e4r<\/strong><\/a><\/li>\n<\/ul>\n<p><strong>Slipskivor:<\/strong> Slipskivan som sitter p\u00e5 maskinen vid leverans \u00e4r medium, Grit46 i Diabors egen skala. Passande att ha som regulj\u00e4r slipsten f\u00f6r att slita s\u00e5 lite som m\u00f6jligt p\u00e5 kanterna.<\/p>\n<p><strong>Anv\u00e4nd inte edge finisher verktyg efter maskinen.<\/strong> <em>Det finns en m\u00e4ngd manuella verktyg f\u00f6r att ge extra sk\u00e4rpa snabbt. M\u00e5nga har en fj\u00e4drande funktion p\u00e5 slipdiskar eller keramiska stenar s\u00e5 de kan slipa yttersta spetsen ovansett vinkle som kanten har. Detta bryter ner yttersta sk\u00e4rpan som maskinen skapar p\u00e5 kanten, och g\u00f6r tyv\u00e4rr arbetet med en elslip ogjort. <strong>Anv\u00e4nd helst en fin keramisk handh\u00e5llen sten utan filh\u00e5llare f\u00f6r att bryta s\u00f6nder de sm\u00e5 graderna med mycket f\u00f6rsiktigt tryck.<\/strong><\/em><\/p>\n<p><a href=\"https:\/\/beyondx.se\/wp-content\/uploads\/2025\/06\/Edge-finishing-tools-expl.jpg\"><img loading=\"lazy\" decoding=\"async\" width=\"1608\" height=\"950\" class=\"alignnone size-full wp-image-150810\" src=\"https:\/\/beyondx.se\/wp-content\/uploads\/2025\/06\/Edge-finishing-tools-expl.jpg\" alt=\"\" srcset=\"https:\/\/beyondx.se\/wp-content\/uploads\/2025\/06\/Edge-finishing-tools-expl.jpg 1608w, https:\/\/beyondx.se\/wp-content\/uploads\/2025\/06\/Edge-finishing-tools-expl-600x354.webp 600w, https:\/\/beyondx.se\/wp-content\/uploads\/2025\/06\/Edge-finishing-tools-expl-1200x709.webp 1200w, https:\/\/beyondx.se\/wp-content\/uploads\/2025\/06\/Edge-finishing-tools-expl-768x454.jpg 768w, https:\/\/beyondx.se\/wp-content\/uploads\/2025\/06\/Edge-finishing-tools-expl-1536x907.jpg 1536w, https:\/\/beyondx.se\/wp-content\/uploads\/2025\/06\/Edge-finishing-tools-expl-400x236.webp 400w, https:\/\/beyondx.se\/wp-content\/uploads\/2025\/06\/Edge-finishing-tools-expl-350x207.webp 350w\" sizes=\"auto, (max-width: 1608px) 100vw, 1608px\" \/><\/a><\/p>\n","protected":false},"excerpt":{"rendered":"<p>Svensk innovation n&#228;r den &#228;r som b&#228;st!<\/p><p>En mycket exakt, anv&#228;ndarv&#228;nlig, l&#228;tt och batteridriven slipmaskin.<\/p><p>Utvecklad och tillverkad i Helsingborg, Sverige.<\/p><p>Komplett set med ordentlig v&#228;ska.<\/p>","protected":false},"featured_media":148039,"template":"","meta":[],"product_cat":[2246,108],"product_tag":[],"class_list":["post-147592","product","type-product","status-publish","has-post-thumbnail","hentry","product_cat-art-of-innovation-elslip","product_cat-skidvard-valla","brands-art-of-innovation","fpd-variation-needed"],"yoast_head":"<!-- This site is optimized with the Yoast SEO plugin v21.0 - https:\/\/yoast.com\/wordpress\/plugins\/seo\/ -->\n<title>ART grinding machine V2 - Beyond-X<\/title>\n<meta name=\"description\" content=\"Svensk innovation! En mycket exakt, anv\u00e4ndarv\u00e4nlig, l\u00e4tt och batteridriven slipmaskin f\u00f6r alpina skidor. Utvecklad och tillverkad i Helsingborg, Sverige.\" \/>\n<meta name=\"robots\" content=\"index, follow, max-snippet:-1, max-image-preview:large, max-video-preview:-1\" \/>\n<link rel=\"canonical\" href=\"https:\/\/beyondx.se\/no\/produkt\/art-of-innovation-grinding-machine\/\" \/>\n<meta property=\"og:locale\" content=\"nb_NO\" \/>\n<meta property=\"og:type\" content=\"article\" \/>\n<meta property=\"og:title\" content=\"ART grinding machine V2 - Beyond-X\" \/>\n<meta property=\"og:description\" content=\"Svensk innovation! En mycket exakt, anv\u00e4ndarv\u00e4nlig, l\u00e4tt och batteridriven slipmaskin f\u00f6r alpina skidor. Utvecklad och tillverkad i Helsingborg, Sverige.\" \/>\n<meta property=\"og:url\" content=\"https:\/\/beyondx.se\/no\/produkt\/art-of-innovation-grinding-machine\/\" \/>\n<meta property=\"og:site_name\" content=\"Beyond-X\" \/>\n<meta property=\"article:modified_time\" content=\"2026-05-02T04:52:02+00:00\" \/>\n<meta property=\"og:image\" content=\"https:\/\/beyondx.se\/wp-content\/uploads\/2025\/07\/ARTOI_1.png\" \/>\n\t<meta property=\"og:image:width\" content=\"800\" \/>\n\t<meta property=\"og:image:height\" content=\"800\" \/>\n\t<meta property=\"og:image:type\" content=\"image\/png\" \/>\n<meta name=\"twitter:card\" content=\"summary_large_image\" \/>\n<meta name=\"twitter:label1\" content=\"Ansl. lesetid\" \/>\n\t<meta name=\"twitter:data1\" content=\"2 minutter\" \/>\n<script type=\"application\/ld+json\" class=\"yoast-schema-graph\">{\"@context\":\"https:\/\/schema.org\",\"@graph\":[{\"@type\":\"WebPage\",\"@id\":\"https:\/\/beyondx.se\/no\/produkt\/art-of-innovation-grinding-machine\/\",\"url\":\"https:\/\/beyondx.se\/no\/produkt\/art-of-innovation-grinding-machine\/\",\"name\":\"ART grinding machine V2 - Beyond-X\",\"isPartOf\":{\"@id\":\"https:\/\/beyondx.se\/no\/#website\"},\"datePublished\":\"2025-06-30T21:00:07+00:00\",\"dateModified\":\"2026-05-02T04:52:02+00:00\",\"description\":\"Svensk innovation! En mycket exakt, anv\u00e4ndarv\u00e4nlig, l\u00e4tt och batteridriven slipmaskin f\u00f6r alpina skidor. Utvecklad och tillverkad i Helsingborg, Sverige.\",\"breadcrumb\":{\"@id\":\"https:\/\/beyondx.se\/no\/produkt\/art-of-innovation-grinding-machine\/#breadcrumb\"},\"inLanguage\":\"nb-NO\",\"potentialAction\":[{\"@type\":\"ReadAction\",\"target\":[\"https:\/\/beyondx.se\/no\/produkt\/art-of-innovation-grinding-machine\/\"]}]},{\"@type\":\"BreadcrumbList\",\"@id\":\"https:\/\/beyondx.se\/no\/produkt\/art-of-innovation-grinding-machine\/#breadcrumb\",\"itemListElement\":[{\"@type\":\"ListItem\",\"position\":1,\"name\":\"Hem\",\"item\":\"https:\/\/beyondx.se\/no\/\"},{\"@type\":\"ListItem\",\"position\":2,\"name\":\"Butik\",\"item\":\"https:\/\/beyondx.se\/no\/butik\/\"},{\"@type\":\"ListItem\",\"position\":3,\"name\":\"ART grinding machine V2\"}]},{\"@type\":\"WebSite\",\"@id\":\"https:\/\/beyondx.se\/no\/#website\",\"url\":\"https:\/\/beyondx.se\/no\/\",\"name\":\"Beyond-X\",\"description\":\"No Bullshit Ski Wear\",\"publisher\":{\"@id\":\"https:\/\/beyondx.se\/no\/#organization\"},\"potentialAction\":[{\"@type\":\"SearchAction\",\"target\":{\"@type\":\"EntryPoint\",\"urlTemplate\":\"https:\/\/beyondx.se\/no\/?s={search_term_string}\"},\"query-input\":\"required name=search_term_string\"}],\"inLanguage\":\"nb-NO\"},{\"@type\":\"Organization\",\"@id\":\"https:\/\/beyondx.se\/no\/#organization\",\"name\":\"B-stedt of Sweden AB\",\"url\":\"https:\/\/beyondx.se\/no\/\",\"logo\":{\"@type\":\"ImageObject\",\"inLanguage\":\"nb-NO\",\"@id\":\"https:\/\/beyondx.se\/no\/#\/schema\/logo\/image\/\",\"url\":\"https:\/\/beyondx.se\/wp-content\/uploads\/2023\/08\/bx-logo.svg\",\"contentUrl\":\"https:\/\/beyondx.se\/wp-content\/uploads\/2023\/08\/bx-logo.svg\",\"width\":1,\"height\":1,\"caption\":\"B-stedt of Sweden AB\"},\"image\":{\"@id\":\"https:\/\/beyondx.se\/no\/#\/schema\/logo\/image\/\"}}]}<\/script>\n<!-- \/ Yoast SEO plugin. -->","yoast_head_json":{"title":"ART grinding machine V2 - Beyond-X","description":"Svensk innovation! En mycket exakt, anv\u00e4ndarv\u00e4nlig, l\u00e4tt och batteridriven slipmaskin f\u00f6r alpina skidor. Utvecklad och tillverkad i Helsingborg, Sverige.","robots":{"index":"index","follow":"follow","max-snippet":"max-snippet:-1","max-image-preview":"max-image-preview:large","max-video-preview":"max-video-preview:-1"},"canonical":"https:\/\/beyondx.se\/no\/produkt\/art-of-innovation-grinding-machine\/","og_locale":"nb_NO","og_type":"article","og_title":"ART grinding machine V2 - Beyond-X","og_description":"Svensk innovation! En mycket exakt, anv\u00e4ndarv\u00e4nlig, l\u00e4tt och batteridriven slipmaskin f\u00f6r alpina skidor. Utvecklad och tillverkad i Helsingborg, Sverige.","og_url":"https:\/\/beyondx.se\/no\/produkt\/art-of-innovation-grinding-machine\/","og_site_name":"Beyond-X","article_modified_time":"2026-05-02T04:52:02+00:00","og_image":[{"width":800,"height":800,"url":"https:\/\/beyondx.se\/wp-content\/uploads\/2025\/07\/ARTOI_1.png","type":"image\/png"}],"twitter_card":"summary_large_image","twitter_misc":{"Ansl. lesetid":"2 minutter"},"schema":{"@context":"https:\/\/schema.org","@graph":[{"@type":"WebPage","@id":"https:\/\/beyondx.se\/no\/produkt\/art-of-innovation-grinding-machine\/","url":"https:\/\/beyondx.se\/no\/produkt\/art-of-innovation-grinding-machine\/","name":"ART grinding machine V2 - Beyond-X","isPartOf":{"@id":"https:\/\/beyondx.se\/no\/#website"},"datePublished":"2025-06-30T21:00:07+00:00","dateModified":"2026-05-02T04:52:02+00:00","description":"Svensk innovation! En mycket exakt, anv\u00e4ndarv\u00e4nlig, l\u00e4tt och batteridriven slipmaskin f\u00f6r alpina skidor. Utvecklad och tillverkad i Helsingborg, Sverige.","breadcrumb":{"@id":"https:\/\/beyondx.se\/no\/produkt\/art-of-innovation-grinding-machine\/#breadcrumb"},"inLanguage":"nb-NO","potentialAction":[{"@type":"ReadAction","target":["https:\/\/beyondx.se\/no\/produkt\/art-of-innovation-grinding-machine\/"]}]},{"@type":"BreadcrumbList","@id":"https:\/\/beyondx.se\/no\/produkt\/art-of-innovation-grinding-machine\/#breadcrumb","itemListElement":[{"@type":"ListItem","position":1,"name":"Hem","item":"https:\/\/beyondx.se\/no\/"},{"@type":"ListItem","position":2,"name":"Butik","item":"https:\/\/beyondx.se\/no\/butik\/"},{"@type":"ListItem","position":3,"name":"ART grinding machine V2"}]},{"@type":"WebSite","@id":"https:\/\/beyondx.se\/no\/#website","url":"https:\/\/beyondx.se\/no\/","name":"Beyond-X","description":"No Bullshit Ski Wear","publisher":{"@id":"https:\/\/beyondx.se\/no\/#organization"},"potentialAction":[{"@type":"SearchAction","target":{"@type":"EntryPoint","urlTemplate":"https:\/\/beyondx.se\/no\/?s={search_term_string}"},"query-input":"required name=search_term_string"}],"inLanguage":"nb-NO"},{"@type":"Organization","@id":"https:\/\/beyondx.se\/no\/#organization","name":"B-stedt of Sweden AB","url":"https:\/\/beyondx.se\/no\/","logo":{"@type":"ImageObject","inLanguage":"nb-NO","@id":"https:\/\/beyondx.se\/no\/#\/schema\/logo\/image\/","url":"https:\/\/beyondx.se\/wp-content\/uploads\/2023\/08\/bx-logo.svg","contentUrl":"https:\/\/beyondx.se\/wp-content\/uploads\/2023\/08\/bx-logo.svg","width":1,"height":1,"caption":"B-stedt of Sweden AB"},"image":{"@id":"https:\/\/beyondx.se\/no\/#\/schema\/logo\/image\/"}}]}},"_links":{"self":[{"href":"https:\/\/beyondx.se\/no\/wp-json\/wp\/v2\/product\/147592","targetHints":{"allow":["GET"]}}],"collection":[{"href":"https:\/\/beyondx.se\/no\/wp-json\/wp\/v2\/product"}],"about":[{"href":"https:\/\/beyondx.se\/no\/wp-json\/wp\/v2\/types\/product"}],"wp:featuredmedia":[{"embeddable":true,"href":"https:\/\/beyondx.se\/no\/wp-json\/wp\/v2\/media\/148039"}],"wp:attachment":[{"href":"https:\/\/beyondx.se\/no\/wp-json\/wp\/v2\/media?parent=147592"}],"wp:term":[{"taxonomy":"product_cat","embeddable":true,"href":"https:\/\/beyondx.se\/no\/wp-json\/wp\/v2\/product_cat?post=147592"},{"taxonomy":"product_tag","embeddable":true,"href":"https:\/\/beyondx.se\/no\/wp-json\/wp\/v2\/product_tag?post=147592"}],"curies":[{"name":"wp","href":"https:\/\/api.w.org\/{rel}","templated":true}]}}