{"id":147724,"date":"2025-07-08T14:20:09","date_gmt":"2025-07-08T12:20:09","guid":{"rendered":"https:\/\/beyondx.se\/product\/a16-varning-for-cyklande-och-mopedforare\/"},"modified":"2026-04-20T06:55:56","modified_gmt":"2026-04-20T04:55:56","slug":"a16-varning-for-cyklande-och-mopedforare","status":"publish","type":"product","link":"https:\/\/beyondx.se\/no\/produkt\/a16-varning-for-cyklande-och-mopedforare\/","title":{"rendered":"A16 Varning f\u00f6r cyklande och mopedf\u00f6rare"},"content":{"rendered":"<p>Slagt\u00e5lig skylt i 3mm tjock polykarbonat. K\u00f6ldt\u00e5lig och flexibel, med en transparent skyddsfillm p\u00e5 framsida f\u00f6r att skydda mot skrapm\u00e4rken och Uv-str\u00e5lning.<\/p>\n","protected":false},"excerpt":{"rendered":"<p>M&#228;rket anger en v&#228;gstr&#228;cka d&#228;r cyklande eller mopedf&#246;rare ofta korsar eller k&#246;r in p&#229; v&#228;gen.<\/p>","protected":false},"featured_media":147722,"template":"","meta":[],"product_cat":[2236],"product_tag":[],"class_list":["post-147724","product","type-product","status-publish","has-post-thumbnail","hentry","product_cat-a-varningsmarken","brands-beyond-x","fpd-variation-needed"],"yoast_head":"<!-- This site is optimized with the Yoast SEO plugin v21.0 - https:\/\/yoast.com\/wordpress\/plugins\/seo\/ -->\n<title>A16 Varning f\u00f6r cyklande och mopedf\u00f6rare - Beyond-X<\/title>\n<meta name=\"robots\" content=\"index, follow, max-snippet:-1, max-image-preview:large, max-video-preview:-1\" \/>\n<link rel=\"canonical\" href=\"https:\/\/beyondx.se\/no\/produkt\/a16-varning-for-cyklande-och-mopedforare\/\" \/>\n<meta property=\"og:locale\" content=\"nb_NO\" \/>\n<meta property=\"og:type\" content=\"article\" \/>\n<meta property=\"og:title\" content=\"A16 Varning f\u00f6r cyklande och mopedf\u00f6rare - Beyond-X\" \/>\n<meta property=\"og:description\" content=\"M&#228;rket anger en v&#228;gstr&#228;cka d&#228;r cyklande eller mopedf&#246;rare ofta korsar eller k&#246;r in p&#229; v&#228;gen.\" \/>\n<meta property=\"og:url\" content=\"https:\/\/beyondx.se\/no\/produkt\/a16-varning-for-cyklande-och-mopedforare\/\" \/>\n<meta property=\"og:site_name\" content=\"Beyond-X\" \/>\n<meta property=\"article:modified_time\" content=\"2026-04-20T04:55:56+00:00\" \/>\n<meta property=\"og:image\" content=\"https:\/\/beyondx.se\/wp-content\/uploads\/2025\/07\/A16-1_1.png\" \/>\n\t<meta property=\"og:image:width\" content=\"457\" \/>\n\t<meta property=\"og:image:height\" content=\"406\" \/>\n\t<meta property=\"og:image:type\" content=\"image\/png\" \/>\n<meta name=\"twitter:card\" content=\"summary_large_image\" \/>\n<meta name=\"twitter:label1\" content=\"Ansl. lesetid\" \/>\n\t<meta name=\"twitter:data1\" content=\"1 minutt\" \/>\n<script type=\"application\/ld+json\" class=\"yoast-schema-graph\">{\"@context\":\"https:\/\/schema.org\",\"@graph\":[{\"@type\":\"WebPage\",\"@id\":\"https:\/\/beyondx.se\/no\/produkt\/a16-varning-for-cyklande-och-mopedforare\/\",\"url\":\"https:\/\/beyondx.se\/no\/produkt\/a16-varning-for-cyklande-och-mopedforare\/\",\"name\":\"A16 Varning f\u00f6r cyklande och mopedf\u00f6rare - Beyond-X\",\"isPartOf\":{\"@id\":\"https:\/\/beyondx.se\/no\/#website\"},\"datePublished\":\"2025-07-08T12:20:09+00:00\",\"dateModified\":\"2026-04-20T04:55:56+00:00\",\"breadcrumb\":{\"@id\":\"https:\/\/beyondx.se\/no\/produkt\/a16-varning-for-cyklande-och-mopedforare\/#breadcrumb\"},\"inLanguage\":\"nb-NO\",\"potentialAction\":[{\"@type\":\"ReadAction\",\"target\":[\"https:\/\/beyondx.se\/no\/produkt\/a16-varning-for-cyklande-och-mopedforare\/\"]}]},{\"@type\":\"BreadcrumbList\",\"@id\":\"https:\/\/beyondx.se\/no\/produkt\/a16-varning-for-cyklande-och-mopedforare\/#breadcrumb\",\"itemListElement\":[{\"@type\":\"ListItem\",\"position\":1,\"name\":\"Hem\",\"item\":\"https:\/\/beyondx.se\/no\/\"},{\"@type\":\"ListItem\",\"position\":2,\"name\":\"Butik\",\"item\":\"https:\/\/beyondx.se\/no\/butik\/\"},{\"@type\":\"ListItem\",\"position\":3,\"name\":\"A16 Varning f\u00f6r cyklande och mopedf\u00f6rare\"}]},{\"@type\":\"WebSite\",\"@id\":\"https:\/\/beyondx.se\/no\/#website\",\"url\":\"https:\/\/beyondx.se\/no\/\",\"name\":\"Beyond-X\",\"description\":\"No Bullshit Ski Wear\",\"publisher\":{\"@id\":\"https:\/\/beyondx.se\/no\/#organization\"},\"potentialAction\":[{\"@type\":\"SearchAction\",\"target\":{\"@type\":\"EntryPoint\",\"urlTemplate\":\"https:\/\/beyondx.se\/no\/?s={search_term_string}\"},\"query-input\":\"required name=search_term_string\"}],\"inLanguage\":\"nb-NO\"},{\"@type\":\"Organization\",\"@id\":\"https:\/\/beyondx.se\/no\/#organization\",\"name\":\"B-stedt of Sweden AB\",\"url\":\"https:\/\/beyondx.se\/no\/\",\"logo\":{\"@type\":\"ImageObject\",\"inLanguage\":\"nb-NO\",\"@id\":\"https:\/\/beyondx.se\/no\/#\/schema\/logo\/image\/\",\"url\":\"https:\/\/beyondx.se\/wp-content\/uploads\/2023\/08\/bx-logo.svg\",\"contentUrl\":\"https:\/\/beyondx.se\/wp-content\/uploads\/2023\/08\/bx-logo.svg\",\"width\":1,\"height\":1,\"caption\":\"B-stedt of Sweden AB\"},\"image\":{\"@id\":\"https:\/\/beyondx.se\/no\/#\/schema\/logo\/image\/\"}}]}<\/script>\n<!-- \/ Yoast SEO plugin. -->","yoast_head_json":{"title":"A16 Varning f\u00f6r cyklande och mopedf\u00f6rare - Beyond-X","robots":{"index":"index","follow":"follow","max-snippet":"max-snippet:-1","max-image-preview":"max-image-preview:large","max-video-preview":"max-video-preview:-1"},"canonical":"https:\/\/beyondx.se\/no\/produkt\/a16-varning-for-cyklande-och-mopedforare\/","og_locale":"nb_NO","og_type":"article","og_title":"A16 Varning f\u00f6r cyklande och mopedf\u00f6rare - Beyond-X","og_description":"M&#228;rket anger en v&#228;gstr&#228;cka d&#228;r cyklande eller mopedf&#246;rare ofta korsar eller k&#246;r in p&#229; v&#228;gen.","og_url":"https:\/\/beyondx.se\/no\/produkt\/a16-varning-for-cyklande-och-mopedforare\/","og_site_name":"Beyond-X","article_modified_time":"2026-04-20T04:55:56+00:00","og_image":[{"width":457,"height":406,"url":"https:\/\/beyondx.se\/wp-content\/uploads\/2025\/07\/A16-1_1.png","type":"image\/png"}],"twitter_card":"summary_large_image","twitter_misc":{"Ansl. lesetid":"1 minutt"},"schema":{"@context":"https:\/\/schema.org","@graph":[{"@type":"WebPage","@id":"https:\/\/beyondx.se\/no\/produkt\/a16-varning-for-cyklande-och-mopedforare\/","url":"https:\/\/beyondx.se\/no\/produkt\/a16-varning-for-cyklande-och-mopedforare\/","name":"A16 Varning f\u00f6r cyklande och mopedf\u00f6rare - Beyond-X","isPartOf":{"@id":"https:\/\/beyondx.se\/no\/#website"},"datePublished":"2025-07-08T12:20:09+00:00","dateModified":"2026-04-20T04:55:56+00:00","breadcrumb":{"@id":"https:\/\/beyondx.se\/no\/produkt\/a16-varning-for-cyklande-och-mopedforare\/#breadcrumb"},"inLanguage":"nb-NO","potentialAction":[{"@type":"ReadAction","target":["https:\/\/beyondx.se\/no\/produkt\/a16-varning-for-cyklande-och-mopedforare\/"]}]},{"@type":"BreadcrumbList","@id":"https:\/\/beyondx.se\/no\/produkt\/a16-varning-for-cyklande-och-mopedforare\/#breadcrumb","itemListElement":[{"@type":"ListItem","position":1,"name":"Hem","item":"https:\/\/beyondx.se\/no\/"},{"@type":"ListItem","position":2,"name":"Butik","item":"https:\/\/beyondx.se\/no\/butik\/"},{"@type":"ListItem","position":3,"name":"A16 Varning f\u00f6r cyklande och mopedf\u00f6rare"}]},{"@type":"WebSite","@id":"https:\/\/beyondx.se\/no\/#website","url":"https:\/\/beyondx.se\/no\/","name":"Beyond-X","description":"No Bullshit Ski Wear","publisher":{"@id":"https:\/\/beyondx.se\/no\/#organization"},"potentialAction":[{"@type":"SearchAction","target":{"@type":"EntryPoint","urlTemplate":"https:\/\/beyondx.se\/no\/?s={search_term_string}"},"query-input":"required name=search_term_string"}],"inLanguage":"nb-NO"},{"@type":"Organization","@id":"https:\/\/beyondx.se\/no\/#organization","name":"B-stedt of Sweden AB","url":"https:\/\/beyondx.se\/no\/","logo":{"@type":"ImageObject","inLanguage":"nb-NO","@id":"https:\/\/beyondx.se\/no\/#\/schema\/logo\/image\/","url":"https:\/\/beyondx.se\/wp-content\/uploads\/2023\/08\/bx-logo.svg","contentUrl":"https:\/\/beyondx.se\/wp-content\/uploads\/2023\/08\/bx-logo.svg","width":1,"height":1,"caption":"B-stedt of Sweden AB"},"image":{"@id":"https:\/\/beyondx.se\/no\/#\/schema\/logo\/image\/"}}]}},"_links":{"self":[{"href":"https:\/\/beyondx.se\/no\/wp-json\/wp\/v2\/product\/147724","targetHints":{"allow":["GET"]}}],"collection":[{"href":"https:\/\/beyondx.se\/no\/wp-json\/wp\/v2\/product"}],"about":[{"href":"https:\/\/beyondx.se\/no\/wp-json\/wp\/v2\/types\/product"}],"wp:featuredmedia":[{"embeddable":true,"href":"https:\/\/beyondx.se\/no\/wp-json\/wp\/v2\/media\/147722"}],"wp:attachment":[{"href":"https:\/\/beyondx.se\/no\/wp-json\/wp\/v2\/media?parent=147724"}],"wp:term":[{"taxonomy":"product_cat","embeddable":true,"href":"https:\/\/beyondx.se\/no\/wp-json\/wp\/v2\/product_cat?post=147724"},{"taxonomy":"product_tag","embeddable":true,"href":"https:\/\/beyondx.se\/no\/wp-json\/wp\/v2\/product_tag?post=147724"}],"curies":[{"name":"wp","href":"https:\/\/api.w.org\/{rel}","templated":true}]}}