{"id":147757,"date":"2025-07-08T14:30:07","date_gmt":"2025-07-08T12:30:07","guid":{"rendered":"https:\/\/beyondx.se\/product\/a21-slut-pa-stracka-med-vagarbete\/"},"modified":"2026-04-20T06:55:01","modified_gmt":"2026-04-20T04:55:01","slug":"a21-slut-pa-stracka-med-vagarbete","status":"publish","type":"product","link":"https:\/\/beyondx.se\/no\/produkt\/a21-slut-pa-stracka-med-vagarbete\/","title":{"rendered":"A21 Slut p\u00e5 str\u00e4cka med v\u00e4garbete"},"content":{"rendered":"<p>Slagt\u00e5lig skylt i 3mm tjock polykarbonat. K\u00f6ldt\u00e5lig och flexibel, med en transparent skyddsfillm p\u00e5 framsida f\u00f6r att skydda mot skrapm\u00e4rken och Uv-str\u00e5lning.<\/p>\n","protected":false},"excerpt":{"rendered":"<p>M&#228;rket anger slut p&#229; en v&#228;gstr&#228;cka med v&#228;garbete som m&#228;rkts ut med m&#228;rke A20, varning f&#246;r v&#228;garbete. M&#228;rket &#228;r inte uppsatt om det &#228;nd&#229; tydligt framg&#229;r var str&#228;ckan slutar.<\/p>","protected":false},"featured_media":147755,"template":"","meta":[],"product_cat":[2236],"product_tag":[],"class_list":["post-147757","product","type-product","status-publish","has-post-thumbnail","hentry","product_cat-a-varningsmarken","brands-beyond-x","fpd-variation-needed"],"yoast_head":"<!-- This site is optimized with the Yoast SEO plugin v21.0 - https:\/\/yoast.com\/wordpress\/plugins\/seo\/ -->\n<title>A21 Slut p\u00e5 str\u00e4cka med v\u00e4garbete - Beyond-X<\/title>\n<meta name=\"robots\" content=\"index, follow, max-snippet:-1, max-image-preview:large, max-video-preview:-1\" \/>\n<link rel=\"canonical\" href=\"https:\/\/beyondx.se\/no\/produkt\/a21-slut-pa-stracka-med-vagarbete\/\" \/>\n<meta property=\"og:locale\" content=\"nb_NO\" \/>\n<meta property=\"og:type\" content=\"article\" \/>\n<meta property=\"og:title\" content=\"A21 Slut p\u00e5 str\u00e4cka med v\u00e4garbete - Beyond-X\" \/>\n<meta property=\"og:description\" content=\"M&#228;rket anger slut p&#229; en v&#228;gstr&#228;cka med v&#228;garbete som m&#228;rkts ut med m&#228;rke A20, varning f&#246;r v&#228;garbete. M&#228;rket &#228;r inte uppsatt om det &#228;nd&#229; tydligt framg&#229;r var str&#228;ckan slutar.\" \/>\n<meta property=\"og:url\" content=\"https:\/\/beyondx.se\/no\/produkt\/a21-slut-pa-stracka-med-vagarbete\/\" \/>\n<meta property=\"og:site_name\" content=\"Beyond-X\" \/>\n<meta property=\"article:modified_time\" content=\"2026-04-20T04:55:01+00:00\" \/>\n<meta property=\"og:image\" content=\"https:\/\/beyondx.se\/wp-content\/uploads\/2025\/07\/A21-1_1.png\" \/>\n\t<meta property=\"og:image:width\" content=\"318\" \/>\n\t<meta property=\"og:image:height\" content=\"234\" \/>\n\t<meta property=\"og:image:type\" content=\"image\/png\" \/>\n<meta name=\"twitter:card\" content=\"summary_large_image\" \/>\n<meta name=\"twitter:label1\" content=\"Ansl. lesetid\" \/>\n\t<meta name=\"twitter:data1\" content=\"1 minutt\" \/>\n<script type=\"application\/ld+json\" class=\"yoast-schema-graph\">{\"@context\":\"https:\/\/schema.org\",\"@graph\":[{\"@type\":\"WebPage\",\"@id\":\"https:\/\/beyondx.se\/no\/produkt\/a21-slut-pa-stracka-med-vagarbete\/\",\"url\":\"https:\/\/beyondx.se\/no\/produkt\/a21-slut-pa-stracka-med-vagarbete\/\",\"name\":\"A21 Slut p\u00e5 str\u00e4cka med v\u00e4garbete - Beyond-X\",\"isPartOf\":{\"@id\":\"https:\/\/beyondx.se\/no\/#website\"},\"datePublished\":\"2025-07-08T12:30:07+00:00\",\"dateModified\":\"2026-04-20T04:55:01+00:00\",\"breadcrumb\":{\"@id\":\"https:\/\/beyondx.se\/no\/produkt\/a21-slut-pa-stracka-med-vagarbete\/#breadcrumb\"},\"inLanguage\":\"nb-NO\",\"potentialAction\":[{\"@type\":\"ReadAction\",\"target\":[\"https:\/\/beyondx.se\/no\/produkt\/a21-slut-pa-stracka-med-vagarbete\/\"]}]},{\"@type\":\"BreadcrumbList\",\"@id\":\"https:\/\/beyondx.se\/no\/produkt\/a21-slut-pa-stracka-med-vagarbete\/#breadcrumb\",\"itemListElement\":[{\"@type\":\"ListItem\",\"position\":1,\"name\":\"Hem\",\"item\":\"https:\/\/beyondx.se\/no\/\"},{\"@type\":\"ListItem\",\"position\":2,\"name\":\"Butik\",\"item\":\"https:\/\/beyondx.se\/no\/butik\/\"},{\"@type\":\"ListItem\",\"position\":3,\"name\":\"A21 Slut p\u00e5 str\u00e4cka med v\u00e4garbete\"}]},{\"@type\":\"WebSite\",\"@id\":\"https:\/\/beyondx.se\/no\/#website\",\"url\":\"https:\/\/beyondx.se\/no\/\",\"name\":\"Beyond-X\",\"description\":\"No Bullshit Ski Wear\",\"publisher\":{\"@id\":\"https:\/\/beyondx.se\/no\/#organization\"},\"potentialAction\":[{\"@type\":\"SearchAction\",\"target\":{\"@type\":\"EntryPoint\",\"urlTemplate\":\"https:\/\/beyondx.se\/no\/?s={search_term_string}\"},\"query-input\":\"required name=search_term_string\"}],\"inLanguage\":\"nb-NO\"},{\"@type\":\"Organization\",\"@id\":\"https:\/\/beyondx.se\/no\/#organization\",\"name\":\"B-stedt of Sweden AB\",\"url\":\"https:\/\/beyondx.se\/no\/\",\"logo\":{\"@type\":\"ImageObject\",\"inLanguage\":\"nb-NO\",\"@id\":\"https:\/\/beyondx.se\/no\/#\/schema\/logo\/image\/\",\"url\":\"https:\/\/beyondx.se\/wp-content\/uploads\/2023\/08\/bx-logo.svg\",\"contentUrl\":\"https:\/\/beyondx.se\/wp-content\/uploads\/2023\/08\/bx-logo.svg\",\"width\":1,\"height\":1,\"caption\":\"B-stedt of Sweden AB\"},\"image\":{\"@id\":\"https:\/\/beyondx.se\/no\/#\/schema\/logo\/image\/\"}}]}<\/script>\n<!-- \/ Yoast SEO plugin. -->","yoast_head_json":{"title":"A21 Slut p\u00e5 str\u00e4cka med v\u00e4garbete - Beyond-X","robots":{"index":"index","follow":"follow","max-snippet":"max-snippet:-1","max-image-preview":"max-image-preview:large","max-video-preview":"max-video-preview:-1"},"canonical":"https:\/\/beyondx.se\/no\/produkt\/a21-slut-pa-stracka-med-vagarbete\/","og_locale":"nb_NO","og_type":"article","og_title":"A21 Slut p\u00e5 str\u00e4cka med v\u00e4garbete - Beyond-X","og_description":"M&#228;rket anger slut p&#229; en v&#228;gstr&#228;cka med v&#228;garbete som m&#228;rkts ut med m&#228;rke A20, varning f&#246;r v&#228;garbete. M&#228;rket &#228;r inte uppsatt om det &#228;nd&#229; tydligt framg&#229;r var str&#228;ckan slutar.","og_url":"https:\/\/beyondx.se\/no\/produkt\/a21-slut-pa-stracka-med-vagarbete\/","og_site_name":"Beyond-X","article_modified_time":"2026-04-20T04:55:01+00:00","og_image":[{"width":318,"height":234,"url":"https:\/\/beyondx.se\/wp-content\/uploads\/2025\/07\/A21-1_1.png","type":"image\/png"}],"twitter_card":"summary_large_image","twitter_misc":{"Ansl. lesetid":"1 minutt"},"schema":{"@context":"https:\/\/schema.org","@graph":[{"@type":"WebPage","@id":"https:\/\/beyondx.se\/no\/produkt\/a21-slut-pa-stracka-med-vagarbete\/","url":"https:\/\/beyondx.se\/no\/produkt\/a21-slut-pa-stracka-med-vagarbete\/","name":"A21 Slut p\u00e5 str\u00e4cka med v\u00e4garbete - Beyond-X","isPartOf":{"@id":"https:\/\/beyondx.se\/no\/#website"},"datePublished":"2025-07-08T12:30:07+00:00","dateModified":"2026-04-20T04:55:01+00:00","breadcrumb":{"@id":"https:\/\/beyondx.se\/no\/produkt\/a21-slut-pa-stracka-med-vagarbete\/#breadcrumb"},"inLanguage":"nb-NO","potentialAction":[{"@type":"ReadAction","target":["https:\/\/beyondx.se\/no\/produkt\/a21-slut-pa-stracka-med-vagarbete\/"]}]},{"@type":"BreadcrumbList","@id":"https:\/\/beyondx.se\/no\/produkt\/a21-slut-pa-stracka-med-vagarbete\/#breadcrumb","itemListElement":[{"@type":"ListItem","position":1,"name":"Hem","item":"https:\/\/beyondx.se\/no\/"},{"@type":"ListItem","position":2,"name":"Butik","item":"https:\/\/beyondx.se\/no\/butik\/"},{"@type":"ListItem","position":3,"name":"A21 Slut p\u00e5 str\u00e4cka med v\u00e4garbete"}]},{"@type":"WebSite","@id":"https:\/\/beyondx.se\/no\/#website","url":"https:\/\/beyondx.se\/no\/","name":"Beyond-X","description":"No Bullshit Ski Wear","publisher":{"@id":"https:\/\/beyondx.se\/no\/#organization"},"potentialAction":[{"@type":"SearchAction","target":{"@type":"EntryPoint","urlTemplate":"https:\/\/beyondx.se\/no\/?s={search_term_string}"},"query-input":"required name=search_term_string"}],"inLanguage":"nb-NO"},{"@type":"Organization","@id":"https:\/\/beyondx.se\/no\/#organization","name":"B-stedt of Sweden AB","url":"https:\/\/beyondx.se\/no\/","logo":{"@type":"ImageObject","inLanguage":"nb-NO","@id":"https:\/\/beyondx.se\/no\/#\/schema\/logo\/image\/","url":"https:\/\/beyondx.se\/wp-content\/uploads\/2023\/08\/bx-logo.svg","contentUrl":"https:\/\/beyondx.se\/wp-content\/uploads\/2023\/08\/bx-logo.svg","width":1,"height":1,"caption":"B-stedt of Sweden AB"},"image":{"@id":"https:\/\/beyondx.se\/no\/#\/schema\/logo\/image\/"}}]}},"_links":{"self":[{"href":"https:\/\/beyondx.se\/no\/wp-json\/wp\/v2\/product\/147757","targetHints":{"allow":["GET"]}}],"collection":[{"href":"https:\/\/beyondx.se\/no\/wp-json\/wp\/v2\/product"}],"about":[{"href":"https:\/\/beyondx.se\/no\/wp-json\/wp\/v2\/types\/product"}],"wp:featuredmedia":[{"embeddable":true,"href":"https:\/\/beyondx.se\/no\/wp-json\/wp\/v2\/media\/147755"}],"wp:attachment":[{"href":"https:\/\/beyondx.se\/no\/wp-json\/wp\/v2\/media?parent=147757"}],"wp:term":[{"taxonomy":"product_cat","embeddable":true,"href":"https:\/\/beyondx.se\/no\/wp-json\/wp\/v2\/product_cat?post=147757"},{"taxonomy":"product_tag","embeddable":true,"href":"https:\/\/beyondx.se\/no\/wp-json\/wp\/v2\/product_tag?post=147757"}],"curies":[{"name":"wp","href":"https:\/\/api.w.org\/{rel}","templated":true}]}}