{"id":14838,"date":"2023-04-21T13:10:12","date_gmt":"2023-04-21T11:10:12","guid":{"rendered":"https:\/\/beta.karlskogawebbyra.se\/beyond\/product\/freelap-alpine-base\/"},"modified":"2026-05-06T10:27:45","modified_gmt":"2026-05-06T08:27:45","slug":"freelap-alpine-base","status":"publish","type":"product","link":"https:\/\/beyondx.se\/no\/produkt\/freelap-alpine-base\/","title":{"rendered":"Freelap Alpine Base"},"content":{"rendered":"<p>Inneh\u00e5llande:<\/p>\n<p><strong>Startgrind <\/strong> &#8211; Drivs av 2st AA batterier, endast ig\u00e5ng n\u00e4r grinden \u00f6ppnas.<\/p>\n<p><strong>TX Track Pro<\/strong> &#8211; M\u00e5lg\u00e5ng, inbyggt batteri. <\/p>\n<p><strong>Realy Coach BLE<\/strong> &#8211; Tidshanterar somkopplas med bluetooth till LED Display och\/eller mobilapp<\/p>\n<p><strong>V\u00e4ska<\/strong><\/p>\n<p>\u00d6nskat antal FX Chip m\u00e5ste l\u00e4ggas till f\u00f6r att tidtagningen ska fungera. Ju fler chip du v\u00e4ljer, desto billigare blir det!<\/p>\n<p>L\u00e4gg \u00e4ven till LED Display f\u00f6r riktigt smidig och enkel tr\u00e4ning, eller ytterligare TX track PRO f\u00f6r mellantider som kan ses i mobilappen. Eller en fotocell f\u00f6r riktigt exakta tidangivelser.<\/p>\n","protected":false},"excerpt":{"rendered":"Alpint grundpaket med start och m\u00e5l. Du v\u00e4ljer sj\u00e4lv till antal FX Chip. Inneh\u00e5llande:<br \/><br \/><strong>Startgrind <\/strong> &#8211; Drivs av 2st AA batterier, endast ig\u00e5ng n\u00e4r grinden \u00f6ppnas.<br \/><br \/><strong>TX Track Pro<\/strong> &#8211; M\u00e5lg\u00e5ng, inbyggt batteri. <br \/><br \/><strong>Realy Coach BLE<\/strong> &#8211; Tidshanterar somkopplas med bluetooth till LED Display och\/eller mobilapp<br \/><br \/><strong>V\u00e4ska<\/strong><br \/><br \/>\u00d6nskat antal FX Chip m\u00e5ste l\u00e4ggas till f\u00f6r att tidtagningen ska fungera. Ju fler chip du v\u00e4ljer, desto billigare blir det!<br \/><br \/>L\u00e4gg \u00e4ven till LED Display f\u00f6r riktigt smidig och enkel tr\u00e4ning, eller ytterligare TX track PRO f\u00f6r mellantider som kan ses i mobilappen. Eller en fotocell f\u00f6r riktigt exakta tidangivelser.","protected":false},"featured_media":19653,"template":"","meta":[],"product_cat":[212],"product_tag":[],"class_list":["post-14838","product","type-product","status-publish","has-post-thumbnail","hentry","product_cat-skiing","brands-freelap","fpd-variation-needed"],"yoast_head":"<!-- This site is optimized with the Yoast SEO plugin v21.0 - https:\/\/yoast.com\/wordpress\/plugins\/seo\/ -->\n<title>Freelap Alpine Base - Beyond-X<\/title>\n<meta name=\"robots\" content=\"index, follow, max-snippet:-1, max-image-preview:large, max-video-preview:-1\" \/>\n<link rel=\"canonical\" href=\"https:\/\/beyondx.se\/no\/produkt\/freelap-alpine-base\/\" \/>\n<meta property=\"og:locale\" content=\"nb_NO\" \/>\n<meta property=\"og:type\" content=\"article\" \/>\n<meta property=\"og:title\" content=\"Freelap Alpine Base - Beyond-X\" \/>\n<meta property=\"og:description\" content=\"Alpint grundpaket med start och m\u00e5l. Du v\u00e4ljer sj\u00e4lv till antal FX Chip. Inneh\u00e5llande:Startgrind - Drivs av 2st AA batterier, endast ig\u00e5ng n\u00e4r grinden \u00f6ppnas.TX Track Pro - M\u00e5lg\u00e5ng, inbyggt batteri. Realy Coach BLE - Tidshanterar somkopplas med bluetooth till LED Display och\/eller mobilappV\u00e4ska\u00d6nskat antal FX Chip m\u00e5ste l\u00e4ggas till f\u00f6r att tidtagningen ska fungera. Ju fler chip du v\u00e4ljer, desto billigare blir det!L\u00e4gg \u00e4ven till LED Display f\u00f6r riktigt smidig och enkel tr\u00e4ning, eller ytterligare TX track PRO f\u00f6r mellantider som kan ses i mobilappen. Eller en fotocell f\u00f6r riktigt exakta tidangivelser.\" \/>\n<meta property=\"og:url\" content=\"https:\/\/beyondx.se\/no\/produkt\/freelap-alpine-base\/\" \/>\n<meta property=\"og:site_name\" content=\"Beyond-X\" \/>\n<meta property=\"article:modified_time\" content=\"2026-05-06T08:27:45+00:00\" \/>\n<meta property=\"og:image\" content=\"https:\/\/beyondx.se\/wp-content\/uploads\/2023\/06\/FAB01_1.jpg\" \/>\n\t<meta property=\"og:image:width\" content=\"800\" \/>\n\t<meta property=\"og:image:height\" content=\"800\" \/>\n\t<meta property=\"og:image:type\" content=\"image\/jpeg\" \/>\n<meta name=\"twitter:card\" content=\"summary_large_image\" \/>\n<meta name=\"twitter:label1\" content=\"Ansl. lesetid\" \/>\n\t<meta name=\"twitter:data1\" content=\"1 minutt\" \/>\n<script type=\"application\/ld+json\" class=\"yoast-schema-graph\">{\"@context\":\"https:\/\/schema.org\",\"@graph\":[{\"@type\":\"WebPage\",\"@id\":\"https:\/\/beyondx.se\/no\/produkt\/freelap-alpine-base\/\",\"url\":\"https:\/\/beyondx.se\/no\/produkt\/freelap-alpine-base\/\",\"name\":\"Freelap Alpine Base - Beyond-X\",\"isPartOf\":{\"@id\":\"https:\/\/beyondx.se\/no\/#website\"},\"datePublished\":\"2023-04-21T11:10:12+00:00\",\"dateModified\":\"2026-05-06T08:27:45+00:00\",\"breadcrumb\":{\"@id\":\"https:\/\/beyondx.se\/no\/produkt\/freelap-alpine-base\/#breadcrumb\"},\"inLanguage\":\"nb-NO\",\"potentialAction\":[{\"@type\":\"ReadAction\",\"target\":[\"https:\/\/beyondx.se\/no\/produkt\/freelap-alpine-base\/\"]}]},{\"@type\":\"BreadcrumbList\",\"@id\":\"https:\/\/beyondx.se\/no\/produkt\/freelap-alpine-base\/#breadcrumb\",\"itemListElement\":[{\"@type\":\"ListItem\",\"position\":1,\"name\":\"Hem\",\"item\":\"https:\/\/beyondx.se\/no\/\"},{\"@type\":\"ListItem\",\"position\":2,\"name\":\"Butik\",\"item\":\"https:\/\/beyondx.se\/no\/butik\/\"},{\"@type\":\"ListItem\",\"position\":3,\"name\":\"Freelap Alpine Base\"}]},{\"@type\":\"WebSite\",\"@id\":\"https:\/\/beyondx.se\/no\/#website\",\"url\":\"https:\/\/beyondx.se\/no\/\",\"name\":\"Beyond-X\",\"description\":\"No Bullshit Ski Wear\",\"publisher\":{\"@id\":\"https:\/\/beyondx.se\/no\/#organization\"},\"potentialAction\":[{\"@type\":\"SearchAction\",\"target\":{\"@type\":\"EntryPoint\",\"urlTemplate\":\"https:\/\/beyondx.se\/no\/?s={search_term_string}\"},\"query-input\":\"required name=search_term_string\"}],\"inLanguage\":\"nb-NO\"},{\"@type\":\"Organization\",\"@id\":\"https:\/\/beyondx.se\/no\/#organization\",\"name\":\"B-stedt of Sweden AB\",\"url\":\"https:\/\/beyondx.se\/no\/\",\"logo\":{\"@type\":\"ImageObject\",\"inLanguage\":\"nb-NO\",\"@id\":\"https:\/\/beyondx.se\/no\/#\/schema\/logo\/image\/\",\"url\":\"https:\/\/beyondx.se\/wp-content\/uploads\/2023\/08\/bx-logo.svg\",\"contentUrl\":\"https:\/\/beyondx.se\/wp-content\/uploads\/2023\/08\/bx-logo.svg\",\"width\":1,\"height\":1,\"caption\":\"B-stedt of Sweden AB\"},\"image\":{\"@id\":\"https:\/\/beyondx.se\/no\/#\/schema\/logo\/image\/\"}}]}<\/script>\n<!-- \/ Yoast SEO plugin. -->","yoast_head_json":{"title":"Freelap Alpine Base - Beyond-X","robots":{"index":"index","follow":"follow","max-snippet":"max-snippet:-1","max-image-preview":"max-image-preview:large","max-video-preview":"max-video-preview:-1"},"canonical":"https:\/\/beyondx.se\/no\/produkt\/freelap-alpine-base\/","og_locale":"nb_NO","og_type":"article","og_title":"Freelap Alpine Base - Beyond-X","og_description":"Alpint grundpaket med start och m\u00e5l. Du v\u00e4ljer sj\u00e4lv till antal FX Chip. Inneh\u00e5llande:Startgrind - Drivs av 2st AA batterier, endast ig\u00e5ng n\u00e4r grinden \u00f6ppnas.TX Track Pro - M\u00e5lg\u00e5ng, inbyggt batteri. Realy Coach BLE - Tidshanterar somkopplas med bluetooth till LED Display och\/eller mobilappV\u00e4ska\u00d6nskat antal FX Chip m\u00e5ste l\u00e4ggas till f\u00f6r att tidtagningen ska fungera. Ju fler chip du v\u00e4ljer, desto billigare blir det!L\u00e4gg \u00e4ven till LED Display f\u00f6r riktigt smidig och enkel tr\u00e4ning, eller ytterligare TX track PRO f\u00f6r mellantider som kan ses i mobilappen. Eller en fotocell f\u00f6r riktigt exakta tidangivelser.","og_url":"https:\/\/beyondx.se\/no\/produkt\/freelap-alpine-base\/","og_site_name":"Beyond-X","article_modified_time":"2026-05-06T08:27:45+00:00","og_image":[{"width":800,"height":800,"url":"https:\/\/beyondx.se\/wp-content\/uploads\/2023\/06\/FAB01_1.jpg","type":"image\/jpeg"}],"twitter_card":"summary_large_image","twitter_misc":{"Ansl. lesetid":"1 minutt"},"schema":{"@context":"https:\/\/schema.org","@graph":[{"@type":"WebPage","@id":"https:\/\/beyondx.se\/no\/produkt\/freelap-alpine-base\/","url":"https:\/\/beyondx.se\/no\/produkt\/freelap-alpine-base\/","name":"Freelap Alpine Base - Beyond-X","isPartOf":{"@id":"https:\/\/beyondx.se\/no\/#website"},"datePublished":"2023-04-21T11:10:12+00:00","dateModified":"2026-05-06T08:27:45+00:00","breadcrumb":{"@id":"https:\/\/beyondx.se\/no\/produkt\/freelap-alpine-base\/#breadcrumb"},"inLanguage":"nb-NO","potentialAction":[{"@type":"ReadAction","target":["https:\/\/beyondx.se\/no\/produkt\/freelap-alpine-base\/"]}]},{"@type":"BreadcrumbList","@id":"https:\/\/beyondx.se\/no\/produkt\/freelap-alpine-base\/#breadcrumb","itemListElement":[{"@type":"ListItem","position":1,"name":"Hem","item":"https:\/\/beyondx.se\/no\/"},{"@type":"ListItem","position":2,"name":"Butik","item":"https:\/\/beyondx.se\/no\/butik\/"},{"@type":"ListItem","position":3,"name":"Freelap Alpine Base"}]},{"@type":"WebSite","@id":"https:\/\/beyondx.se\/no\/#website","url":"https:\/\/beyondx.se\/no\/","name":"Beyond-X","description":"No Bullshit Ski Wear","publisher":{"@id":"https:\/\/beyondx.se\/no\/#organization"},"potentialAction":[{"@type":"SearchAction","target":{"@type":"EntryPoint","urlTemplate":"https:\/\/beyondx.se\/no\/?s={search_term_string}"},"query-input":"required name=search_term_string"}],"inLanguage":"nb-NO"},{"@type":"Organization","@id":"https:\/\/beyondx.se\/no\/#organization","name":"B-stedt of Sweden AB","url":"https:\/\/beyondx.se\/no\/","logo":{"@type":"ImageObject","inLanguage":"nb-NO","@id":"https:\/\/beyondx.se\/no\/#\/schema\/logo\/image\/","url":"https:\/\/beyondx.se\/wp-content\/uploads\/2023\/08\/bx-logo.svg","contentUrl":"https:\/\/beyondx.se\/wp-content\/uploads\/2023\/08\/bx-logo.svg","width":1,"height":1,"caption":"B-stedt of Sweden AB"},"image":{"@id":"https:\/\/beyondx.se\/no\/#\/schema\/logo\/image\/"}}]}},"_links":{"self":[{"href":"https:\/\/beyondx.se\/no\/wp-json\/wp\/v2\/product\/14838","targetHints":{"allow":["GET"]}}],"collection":[{"href":"https:\/\/beyondx.se\/no\/wp-json\/wp\/v2\/product"}],"about":[{"href":"https:\/\/beyondx.se\/no\/wp-json\/wp\/v2\/types\/product"}],"wp:featuredmedia":[{"embeddable":true,"href":"https:\/\/beyondx.se\/no\/wp-json\/wp\/v2\/media\/19653"}],"wp:attachment":[{"href":"https:\/\/beyondx.se\/no\/wp-json\/wp\/v2\/media?parent=14838"}],"wp:term":[{"taxonomy":"product_cat","embeddable":true,"href":"https:\/\/beyondx.se\/no\/wp-json\/wp\/v2\/product_cat?post=14838"},{"taxonomy":"product_tag","embeddable":true,"href":"https:\/\/beyondx.se\/no\/wp-json\/wp\/v2\/product_tag?post=14838"}],"curies":[{"name":"wp","href":"https:\/\/api.w.org\/{rel}","templated":true}]}}