{"id":149974,"date":"2025-08-22T19:00:07","date_gmt":"2025-08-22T17:00:07","guid":{"rendered":"https:\/\/beyondx.se\/product\/iron-ic-cut-resistant-pant-3-4-fis-3-star\/"},"modified":"2026-05-14T06:55:17","modified_gmt":"2026-05-14T04:55:17","slug":"iron-ic-cut-resistant-pant-3-4-fis-3-star","status":"publish","type":"product","link":"https:\/\/beyondx.se\/no\/produkt\/iron-ic-cut-resistant-pant-3-4-fis-3-star\/","title":{"rendered":"Iron-ic Cut-Resistant pant 3\/4, FIS 3-star"},"content":{"rendered":"<h3>Product details and composition<\/h3>\n<p>65% Polyethylene 25% Polyamide 6% Polypropylene 4% Elastane<\/p>\n<p>I-Protect 3 FIS is the innovative solution for winter sports, combining a 3-Star Cut-Resistant legging with a thermal garment in a single warm, durable baselayer pant that does not require additional thermal layers. Soft and comfortable, the I-Protect FIS 3-Star leggings adapt perfectly to the anatomical shape, offering a flawless fit thanks to the I-Band patent, and maximum environmental sustainability thanks to the I-Cone patent. Tested and certified to protect you all winter long: FIS 3-Star Certification. Ideal for races and competitive activities.<\/p>\n<p><a href=\"https:\/\/beyondx.se\/wp-content\/uploads\/2025\/08\/600894-washing.jpg\"><img loading=\"lazy\" decoding=\"async\" width=\"546\" height=\"118\" class=\"alignnone size-full wp-image-149980\" src=\"https:\/\/beyondx.se\/wp-content\/uploads\/2025\/08\/600894-washing.jpg\" alt=\"\" srcset=\"https:\/\/beyondx.se\/wp-content\/uploads\/2025\/08\/600894-washing.jpg 546w, https:\/\/beyondx.se\/wp-content\/uploads\/2025\/08\/600894-washing-400x86.webp 400w, https:\/\/beyondx.se\/wp-content\/uploads\/2025\/08\/600894-washing-350x76.webp 350w\" sizes=\"auto, (max-width: 546px) 100vw, 546px\" \/><\/a><\/p>\n","protected":false},"excerpt":{"rendered":"<p>I-Protect 3 FIS-leggings, certifierade och testade som sk&#228;rt&#229;liga med FIS 3-stj&#228;rnig certifiering.<\/p><p>&#160;<\/p><p>De enda FIS 3-stj&#228;rniga sk&#228;rt&#229;liga leggingsen som &#228;r mjuka vid ber&#246;ring och v&#228;rmek&#228;nsliga, vilket garanterar optimal prestanda och skydd. Perfekta f&#246;r t&#228;vlings&#229;kare p&#229; FIS-niv&#229; och upp&#229;t.<\/p>","protected":false},"featured_media":150619,"template":"","meta":[],"product_cat":[1675,100,105],"product_tag":[],"class_list":["post-149974","product","type-product","status-publish","has-post-thumbnail","hentry","product_cat-cut-resistant-under-wear","product_cat-utrustning","product_cat-skyddsutrustning","brands-iron-ic","fpd-variation-needed"],"yoast_head":"<!-- This site is optimized with the Yoast SEO plugin v21.0 - https:\/\/yoast.com\/wordpress\/plugins\/seo\/ -->\n<title>Iron-ic Cut-Resistant pant 3\/4, FIS 3-star - Beyond-X<\/title>\n<meta name=\"description\" content=\"Sk\u00e4rresistant underst\u00e4llsbyxor 3\/4 f\u00f6r alpint, FIS-godk\u00e4nda 3-star. F\u00e5r anv\u00e4ndas p\u00e5 kontinentalcuper och v\u00e4rldscup. Har bra elasticitet och komfort!\" \/>\n<meta name=\"robots\" content=\"index, follow, max-snippet:-1, max-image-preview:large, max-video-preview:-1\" \/>\n<link rel=\"canonical\" href=\"https:\/\/beyondx.se\/no\/produkt\/iron-ic-cut-resistant-pant-3-4-fis-3-star\/\" \/>\n<meta property=\"og:locale\" content=\"nb_NO\" \/>\n<meta property=\"og:type\" content=\"article\" \/>\n<meta property=\"og:title\" content=\"Iron-ic Cut-Resistant pant 3\/4, FIS 3-star - Beyond-X\" \/>\n<meta property=\"og:description\" content=\"Sk\u00e4rresistant underst\u00e4llsbyxor 3\/4 f\u00f6r alpint, FIS-godk\u00e4nda 3-star. F\u00e5r anv\u00e4ndas p\u00e5 kontinentalcuper och v\u00e4rldscup. Har bra elasticitet och komfort!\" \/>\n<meta property=\"og:url\" content=\"https:\/\/beyondx.se\/no\/produkt\/iron-ic-cut-resistant-pant-3-4-fis-3-star\/\" \/>\n<meta property=\"og:site_name\" content=\"Beyond-X\" \/>\n<meta property=\"article:modified_time\" content=\"2026-05-14T04:55:17+00:00\" \/>\n<meta property=\"og:image\" content=\"https:\/\/beyondx.se\/wp-content\/uploads\/2025\/08\/600894-46_1.jpg\" \/>\n\t<meta property=\"og:image:width\" content=\"800\" \/>\n\t<meta property=\"og:image:height\" content=\"800\" \/>\n\t<meta property=\"og:image:type\" content=\"image\/jpeg\" \/>\n<meta name=\"twitter:card\" content=\"summary_large_image\" \/>\n<meta name=\"twitter:label1\" content=\"Ansl. lesetid\" \/>\n\t<meta name=\"twitter:data1\" content=\"1 minutt\" \/>\n<script type=\"application\/ld+json\" class=\"yoast-schema-graph\">{\"@context\":\"https:\/\/schema.org\",\"@graph\":[{\"@type\":\"WebPage\",\"@id\":\"https:\/\/beyondx.se\/no\/produkt\/iron-ic-cut-resistant-pant-3-4-fis-3-star\/\",\"url\":\"https:\/\/beyondx.se\/no\/produkt\/iron-ic-cut-resistant-pant-3-4-fis-3-star\/\",\"name\":\"Iron-ic Cut-Resistant pant 3\/4, FIS 3-star - Beyond-X\",\"isPartOf\":{\"@id\":\"https:\/\/beyondx.se\/no\/#website\"},\"datePublished\":\"2025-08-22T17:00:07+00:00\",\"dateModified\":\"2026-05-14T04:55:17+00:00\",\"description\":\"Sk\u00e4rresistant underst\u00e4llsbyxor 3\/4 f\u00f6r alpint, FIS-godk\u00e4nda 3-star. F\u00e5r anv\u00e4ndas p\u00e5 kontinentalcuper och v\u00e4rldscup. Har bra elasticitet och komfort!\",\"breadcrumb\":{\"@id\":\"https:\/\/beyondx.se\/no\/produkt\/iron-ic-cut-resistant-pant-3-4-fis-3-star\/#breadcrumb\"},\"inLanguage\":\"nb-NO\",\"potentialAction\":[{\"@type\":\"ReadAction\",\"target\":[\"https:\/\/beyondx.se\/no\/produkt\/iron-ic-cut-resistant-pant-3-4-fis-3-star\/\"]}]},{\"@type\":\"BreadcrumbList\",\"@id\":\"https:\/\/beyondx.se\/no\/produkt\/iron-ic-cut-resistant-pant-3-4-fis-3-star\/#breadcrumb\",\"itemListElement\":[{\"@type\":\"ListItem\",\"position\":1,\"name\":\"Hem\",\"item\":\"https:\/\/beyondx.se\/no\/\"},{\"@type\":\"ListItem\",\"position\":2,\"name\":\"Butik\",\"item\":\"https:\/\/beyondx.se\/no\/butik\/\"},{\"@type\":\"ListItem\",\"position\":3,\"name\":\"Iron-ic Cut-Resistant pant 3\/4, FIS 3-star\"}]},{\"@type\":\"WebSite\",\"@id\":\"https:\/\/beyondx.se\/no\/#website\",\"url\":\"https:\/\/beyondx.se\/no\/\",\"name\":\"Beyond-X\",\"description\":\"No Bullshit Ski Wear\",\"publisher\":{\"@id\":\"https:\/\/beyondx.se\/no\/#organization\"},\"potentialAction\":[{\"@type\":\"SearchAction\",\"target\":{\"@type\":\"EntryPoint\",\"urlTemplate\":\"https:\/\/beyondx.se\/no\/?s={search_term_string}\"},\"query-input\":\"required name=search_term_string\"}],\"inLanguage\":\"nb-NO\"},{\"@type\":\"Organization\",\"@id\":\"https:\/\/beyondx.se\/no\/#organization\",\"name\":\"B-stedt of Sweden AB\",\"url\":\"https:\/\/beyondx.se\/no\/\",\"logo\":{\"@type\":\"ImageObject\",\"inLanguage\":\"nb-NO\",\"@id\":\"https:\/\/beyondx.se\/no\/#\/schema\/logo\/image\/\",\"url\":\"https:\/\/beyondx.se\/wp-content\/uploads\/2023\/08\/bx-logo.svg\",\"contentUrl\":\"https:\/\/beyondx.se\/wp-content\/uploads\/2023\/08\/bx-logo.svg\",\"width\":1,\"height\":1,\"caption\":\"B-stedt of Sweden AB\"},\"image\":{\"@id\":\"https:\/\/beyondx.se\/no\/#\/schema\/logo\/image\/\"}}]}<\/script>\n<!-- \/ Yoast SEO plugin. -->","yoast_head_json":{"title":"Iron-ic Cut-Resistant pant 3\/4, FIS 3-star - Beyond-X","description":"Sk\u00e4rresistant underst\u00e4llsbyxor 3\/4 f\u00f6r alpint, FIS-godk\u00e4nda 3-star. F\u00e5r anv\u00e4ndas p\u00e5 kontinentalcuper och v\u00e4rldscup. Har bra elasticitet och komfort!","robots":{"index":"index","follow":"follow","max-snippet":"max-snippet:-1","max-image-preview":"max-image-preview:large","max-video-preview":"max-video-preview:-1"},"canonical":"https:\/\/beyondx.se\/no\/produkt\/iron-ic-cut-resistant-pant-3-4-fis-3-star\/","og_locale":"nb_NO","og_type":"article","og_title":"Iron-ic Cut-Resistant pant 3\/4, FIS 3-star - Beyond-X","og_description":"Sk\u00e4rresistant underst\u00e4llsbyxor 3\/4 f\u00f6r alpint, FIS-godk\u00e4nda 3-star. F\u00e5r anv\u00e4ndas p\u00e5 kontinentalcuper och v\u00e4rldscup. Har bra elasticitet och komfort!","og_url":"https:\/\/beyondx.se\/no\/produkt\/iron-ic-cut-resistant-pant-3-4-fis-3-star\/","og_site_name":"Beyond-X","article_modified_time":"2026-05-14T04:55:17+00:00","og_image":[{"width":800,"height":800,"url":"https:\/\/beyondx.se\/wp-content\/uploads\/2025\/08\/600894-46_1.jpg","type":"image\/jpeg"}],"twitter_card":"summary_large_image","twitter_misc":{"Ansl. lesetid":"1 minutt"},"schema":{"@context":"https:\/\/schema.org","@graph":[{"@type":"WebPage","@id":"https:\/\/beyondx.se\/no\/produkt\/iron-ic-cut-resistant-pant-3-4-fis-3-star\/","url":"https:\/\/beyondx.se\/no\/produkt\/iron-ic-cut-resistant-pant-3-4-fis-3-star\/","name":"Iron-ic Cut-Resistant pant 3\/4, FIS 3-star - Beyond-X","isPartOf":{"@id":"https:\/\/beyondx.se\/no\/#website"},"datePublished":"2025-08-22T17:00:07+00:00","dateModified":"2026-05-14T04:55:17+00:00","description":"Sk\u00e4rresistant underst\u00e4llsbyxor 3\/4 f\u00f6r alpint, FIS-godk\u00e4nda 3-star. F\u00e5r anv\u00e4ndas p\u00e5 kontinentalcuper och v\u00e4rldscup. Har bra elasticitet och komfort!","breadcrumb":{"@id":"https:\/\/beyondx.se\/no\/produkt\/iron-ic-cut-resistant-pant-3-4-fis-3-star\/#breadcrumb"},"inLanguage":"nb-NO","potentialAction":[{"@type":"ReadAction","target":["https:\/\/beyondx.se\/no\/produkt\/iron-ic-cut-resistant-pant-3-4-fis-3-star\/"]}]},{"@type":"BreadcrumbList","@id":"https:\/\/beyondx.se\/no\/produkt\/iron-ic-cut-resistant-pant-3-4-fis-3-star\/#breadcrumb","itemListElement":[{"@type":"ListItem","position":1,"name":"Hem","item":"https:\/\/beyondx.se\/no\/"},{"@type":"ListItem","position":2,"name":"Butik","item":"https:\/\/beyondx.se\/no\/butik\/"},{"@type":"ListItem","position":3,"name":"Iron-ic Cut-Resistant pant 3\/4, FIS 3-star"}]},{"@type":"WebSite","@id":"https:\/\/beyondx.se\/no\/#website","url":"https:\/\/beyondx.se\/no\/","name":"Beyond-X","description":"No Bullshit Ski Wear","publisher":{"@id":"https:\/\/beyondx.se\/no\/#organization"},"potentialAction":[{"@type":"SearchAction","target":{"@type":"EntryPoint","urlTemplate":"https:\/\/beyondx.se\/no\/?s={search_term_string}"},"query-input":"required name=search_term_string"}],"inLanguage":"nb-NO"},{"@type":"Organization","@id":"https:\/\/beyondx.se\/no\/#organization","name":"B-stedt of Sweden AB","url":"https:\/\/beyondx.se\/no\/","logo":{"@type":"ImageObject","inLanguage":"nb-NO","@id":"https:\/\/beyondx.se\/no\/#\/schema\/logo\/image\/","url":"https:\/\/beyondx.se\/wp-content\/uploads\/2023\/08\/bx-logo.svg","contentUrl":"https:\/\/beyondx.se\/wp-content\/uploads\/2023\/08\/bx-logo.svg","width":1,"height":1,"caption":"B-stedt of Sweden AB"},"image":{"@id":"https:\/\/beyondx.se\/no\/#\/schema\/logo\/image\/"}}]}},"_links":{"self":[{"href":"https:\/\/beyondx.se\/no\/wp-json\/wp\/v2\/product\/149974","targetHints":{"allow":["GET"]}}],"collection":[{"href":"https:\/\/beyondx.se\/no\/wp-json\/wp\/v2\/product"}],"about":[{"href":"https:\/\/beyondx.se\/no\/wp-json\/wp\/v2\/types\/product"}],"wp:featuredmedia":[{"embeddable":true,"href":"https:\/\/beyondx.se\/no\/wp-json\/wp\/v2\/media\/150619"}],"wp:attachment":[{"href":"https:\/\/beyondx.se\/no\/wp-json\/wp\/v2\/media?parent=149974"}],"wp:term":[{"taxonomy":"product_cat","embeddable":true,"href":"https:\/\/beyondx.se\/no\/wp-json\/wp\/v2\/product_cat?post=149974"},{"taxonomy":"product_tag","embeddable":true,"href":"https:\/\/beyondx.se\/no\/wp-json\/wp\/v2\/product_tag?post=149974"}],"curies":[{"name":"wp","href":"https:\/\/api.w.org\/{rel}","templated":true}]}}