{"id":150237,"date":"2025-09-02T17:59:50","date_gmt":"2025-09-02T15:59:50","guid":{"rendered":"https:\/\/beyondx.se\/?post_type=product&#038;p=150237"},"modified":"2026-04-19T06:29:52","modified_gmt":"2026-04-19T04:29:52","slug":"maskotdrakt-lynx","status":"publish","type":"product","link":"https:\/\/beyondx.se\/no\/produkt\/maskotdrakt-lynx\/","title":{"rendered":"Maskotdr\u00e4kt Lynx"},"content":{"rendered":"<p>Dr\u00e4kten passar f\u00f6r de flesta personer fr\u00e5n 165-190cm.<br \/>\nP\u00e5 bild b\u00e4rs dr\u00e4kten av en person som \u00e4r 180cm \/ 90 kg<\/p>\n<ul>\n<li>Integrerad hj\u00e4lm med fl\u00e4kt i huvud<\/li>\n<li>Tassar f\u00f6r inomhus bruk<\/li>\n<li>Damasker som kan tr\u00e4s \u00f6ver alpin eller l\u00e4ngdpj\u00e4xor \u00e4ven d\u00e5 de sitter i bindningar.<\/li>\n<li>F\u00f6rvaringsv\u00e4skor ing\u00e5r<\/li>\n<li>Tillverkad i EU<\/li>\n<\/ul>\n","protected":false},"excerpt":{"rendered":"En helt ny maskotdr\u00e4kt anpassad f\u00f6r sportanl\u00e4ggningar.\r\nHuvud har integrerad fl\u00e4kt, och sikt genom \u00f6gon och mun.\r\nTassar f\u00f6r inomhus samt damasker f\u00f6r utomhus f\u00f6ljer med.","protected":false},"featured_media":150266,"template":"","meta":[],"product_cat":[117,148,161,1422,196],"product_tag":[],"class_list":["post-150237","product","type-product","status-publish","has-post-thumbnail","hentry","product_cat-fyndmarknad","product_cat-skidanlaggning","product_cat-lekland","product_cat-langdlekis","product_cat-funski","product_shipping_class-paket-over-150cm","brands-beyond-x","fpd-variation-needed"],"yoast_head":"<!-- This site is optimized with the Yoast SEO plugin v21.0 - https:\/\/yoast.com\/wordpress\/plugins\/seo\/ -->\n<title>Maskotdr\u00e4kt Lynx - Beyond-X<\/title>\n<meta name=\"description\" content=\"En helt ny maskotdr\u00e4kt anpassad f\u00f6r sportanl\u00e4ggningar.Huvud har integrerad fl\u00e4kt, och sikt genom \u00f6gon och mun. Djur: Lo \/ Lynx\" \/>\n<meta name=\"robots\" content=\"index, follow, max-snippet:-1, max-image-preview:large, max-video-preview:-1\" \/>\n<link rel=\"canonical\" href=\"https:\/\/beyondx.se\/no\/produkt\/maskotdrakt-lynx\/\" \/>\n<meta property=\"og:locale\" content=\"nb_NO\" \/>\n<meta property=\"og:type\" content=\"article\" \/>\n<meta property=\"og:title\" content=\"Maskotdr\u00e4kt Lynx - Beyond-X\" \/>\n<meta property=\"og:description\" content=\"En helt ny maskotdr\u00e4kt anpassad f\u00f6r sportanl\u00e4ggningar.Huvud har integrerad fl\u00e4kt, och sikt genom \u00f6gon och mun. Djur: Lo \/ Lynx\" \/>\n<meta property=\"og:url\" content=\"https:\/\/beyondx.se\/no\/produkt\/maskotdrakt-lynx\/\" \/>\n<meta property=\"og:site_name\" content=\"Beyond-X\" \/>\n<meta property=\"article:modified_time\" content=\"2026-04-19T04:29:52+00:00\" \/>\n<meta property=\"og:image\" content=\"https:\/\/beyondx.se\/wp-content\/uploads\/2025\/09\/1000010888.png\" \/>\n\t<meta property=\"og:image:width\" content=\"2000\" \/>\n\t<meta property=\"og:image:height\" content=\"2000\" \/>\n\t<meta property=\"og:image:type\" content=\"image\/png\" \/>\n<meta name=\"twitter:card\" content=\"summary_large_image\" \/>\n<meta name=\"twitter:label1\" content=\"Ansl. lesetid\" \/>\n\t<meta name=\"twitter:data1\" content=\"1 minutt\" \/>\n<script type=\"application\/ld+json\" class=\"yoast-schema-graph\">{\"@context\":\"https:\/\/schema.org\",\"@graph\":[{\"@type\":\"WebPage\",\"@id\":\"https:\/\/beyondx.se\/no\/produkt\/maskotdrakt-lynx\/\",\"url\":\"https:\/\/beyondx.se\/no\/produkt\/maskotdrakt-lynx\/\",\"name\":\"Maskotdr\u00e4kt Lynx - Beyond-X\",\"isPartOf\":{\"@id\":\"https:\/\/beyondx.se\/no\/#website\"},\"datePublished\":\"2025-09-02T15:59:50+00:00\",\"dateModified\":\"2026-04-19T04:29:52+00:00\",\"description\":\"En helt ny maskotdr\u00e4kt anpassad f\u00f6r sportanl\u00e4ggningar.Huvud har integrerad fl\u00e4kt, och sikt genom \u00f6gon och mun. Djur: Lo \/ Lynx\",\"breadcrumb\":{\"@id\":\"https:\/\/beyondx.se\/no\/produkt\/maskotdrakt-lynx\/#breadcrumb\"},\"inLanguage\":\"nb-NO\",\"potentialAction\":[{\"@type\":\"ReadAction\",\"target\":[\"https:\/\/beyondx.se\/no\/produkt\/maskotdrakt-lynx\/\"]}]},{\"@type\":\"BreadcrumbList\",\"@id\":\"https:\/\/beyondx.se\/no\/produkt\/maskotdrakt-lynx\/#breadcrumb\",\"itemListElement\":[{\"@type\":\"ListItem\",\"position\":1,\"name\":\"Hem\",\"item\":\"https:\/\/beyondx.se\/no\/\"},{\"@type\":\"ListItem\",\"position\":2,\"name\":\"Butik\",\"item\":\"https:\/\/beyondx.se\/no\/butik\/\"},{\"@type\":\"ListItem\",\"position\":3,\"name\":\"Maskotdr\u00e4kt Lynx\"}]},{\"@type\":\"WebSite\",\"@id\":\"https:\/\/beyondx.se\/no\/#website\",\"url\":\"https:\/\/beyondx.se\/no\/\",\"name\":\"Beyond-X\",\"description\":\"No Bullshit Ski Wear\",\"publisher\":{\"@id\":\"https:\/\/beyondx.se\/no\/#organization\"},\"potentialAction\":[{\"@type\":\"SearchAction\",\"target\":{\"@type\":\"EntryPoint\",\"urlTemplate\":\"https:\/\/beyondx.se\/no\/?s={search_term_string}\"},\"query-input\":\"required name=search_term_string\"}],\"inLanguage\":\"nb-NO\"},{\"@type\":\"Organization\",\"@id\":\"https:\/\/beyondx.se\/no\/#organization\",\"name\":\"B-stedt of Sweden AB\",\"url\":\"https:\/\/beyondx.se\/no\/\",\"logo\":{\"@type\":\"ImageObject\",\"inLanguage\":\"nb-NO\",\"@id\":\"https:\/\/beyondx.se\/no\/#\/schema\/logo\/image\/\",\"url\":\"https:\/\/beyondx.se\/wp-content\/uploads\/2023\/08\/bx-logo.svg\",\"contentUrl\":\"https:\/\/beyondx.se\/wp-content\/uploads\/2023\/08\/bx-logo.svg\",\"width\":1,\"height\":1,\"caption\":\"B-stedt of Sweden AB\"},\"image\":{\"@id\":\"https:\/\/beyondx.se\/no\/#\/schema\/logo\/image\/\"}}]}<\/script>\n<!-- \/ Yoast SEO plugin. -->","yoast_head_json":{"title":"Maskotdr\u00e4kt Lynx - Beyond-X","description":"En helt ny maskotdr\u00e4kt anpassad f\u00f6r sportanl\u00e4ggningar.Huvud har integrerad fl\u00e4kt, och sikt genom \u00f6gon och mun. Djur: Lo \/ Lynx","robots":{"index":"index","follow":"follow","max-snippet":"max-snippet:-1","max-image-preview":"max-image-preview:large","max-video-preview":"max-video-preview:-1"},"canonical":"https:\/\/beyondx.se\/no\/produkt\/maskotdrakt-lynx\/","og_locale":"nb_NO","og_type":"article","og_title":"Maskotdr\u00e4kt Lynx - Beyond-X","og_description":"En helt ny maskotdr\u00e4kt anpassad f\u00f6r sportanl\u00e4ggningar.Huvud har integrerad fl\u00e4kt, och sikt genom \u00f6gon och mun. Djur: Lo \/ Lynx","og_url":"https:\/\/beyondx.se\/no\/produkt\/maskotdrakt-lynx\/","og_site_name":"Beyond-X","article_modified_time":"2026-04-19T04:29:52+00:00","og_image":[{"width":2000,"height":2000,"url":"https:\/\/beyondx.se\/wp-content\/uploads\/2025\/09\/1000010888.png","type":"image\/png"}],"twitter_card":"summary_large_image","twitter_misc":{"Ansl. lesetid":"1 minutt"},"schema":{"@context":"https:\/\/schema.org","@graph":[{"@type":"WebPage","@id":"https:\/\/beyondx.se\/no\/produkt\/maskotdrakt-lynx\/","url":"https:\/\/beyondx.se\/no\/produkt\/maskotdrakt-lynx\/","name":"Maskotdr\u00e4kt Lynx - Beyond-X","isPartOf":{"@id":"https:\/\/beyondx.se\/no\/#website"},"datePublished":"2025-09-02T15:59:50+00:00","dateModified":"2026-04-19T04:29:52+00:00","description":"En helt ny maskotdr\u00e4kt anpassad f\u00f6r sportanl\u00e4ggningar.Huvud har integrerad fl\u00e4kt, och sikt genom \u00f6gon och mun. Djur: Lo \/ Lynx","breadcrumb":{"@id":"https:\/\/beyondx.se\/no\/produkt\/maskotdrakt-lynx\/#breadcrumb"},"inLanguage":"nb-NO","potentialAction":[{"@type":"ReadAction","target":["https:\/\/beyondx.se\/no\/produkt\/maskotdrakt-lynx\/"]}]},{"@type":"BreadcrumbList","@id":"https:\/\/beyondx.se\/no\/produkt\/maskotdrakt-lynx\/#breadcrumb","itemListElement":[{"@type":"ListItem","position":1,"name":"Hem","item":"https:\/\/beyondx.se\/no\/"},{"@type":"ListItem","position":2,"name":"Butik","item":"https:\/\/beyondx.se\/no\/butik\/"},{"@type":"ListItem","position":3,"name":"Maskotdr\u00e4kt Lynx"}]},{"@type":"WebSite","@id":"https:\/\/beyondx.se\/no\/#website","url":"https:\/\/beyondx.se\/no\/","name":"Beyond-X","description":"No Bullshit Ski Wear","publisher":{"@id":"https:\/\/beyondx.se\/no\/#organization"},"potentialAction":[{"@type":"SearchAction","target":{"@type":"EntryPoint","urlTemplate":"https:\/\/beyondx.se\/no\/?s={search_term_string}"},"query-input":"required name=search_term_string"}],"inLanguage":"nb-NO"},{"@type":"Organization","@id":"https:\/\/beyondx.se\/no\/#organization","name":"B-stedt of Sweden AB","url":"https:\/\/beyondx.se\/no\/","logo":{"@type":"ImageObject","inLanguage":"nb-NO","@id":"https:\/\/beyondx.se\/no\/#\/schema\/logo\/image\/","url":"https:\/\/beyondx.se\/wp-content\/uploads\/2023\/08\/bx-logo.svg","contentUrl":"https:\/\/beyondx.se\/wp-content\/uploads\/2023\/08\/bx-logo.svg","width":1,"height":1,"caption":"B-stedt of Sweden AB"},"image":{"@id":"https:\/\/beyondx.se\/no\/#\/schema\/logo\/image\/"}}]}},"_links":{"self":[{"href":"https:\/\/beyondx.se\/no\/wp-json\/wp\/v2\/product\/150237","targetHints":{"allow":["GET"]}}],"collection":[{"href":"https:\/\/beyondx.se\/no\/wp-json\/wp\/v2\/product"}],"about":[{"href":"https:\/\/beyondx.se\/no\/wp-json\/wp\/v2\/types\/product"}],"wp:featuredmedia":[{"embeddable":true,"href":"https:\/\/beyondx.se\/no\/wp-json\/wp\/v2\/media\/150266"}],"wp:attachment":[{"href":"https:\/\/beyondx.se\/no\/wp-json\/wp\/v2\/media?parent=150237"}],"wp:term":[{"taxonomy":"product_cat","embeddable":true,"href":"https:\/\/beyondx.se\/no\/wp-json\/wp\/v2\/product_cat?post=150237"},{"taxonomy":"product_tag","embeddable":true,"href":"https:\/\/beyondx.se\/no\/wp-json\/wp\/v2\/product_tag?post=150237"}],"curies":[{"name":"wp","href":"https:\/\/api.w.org\/{rel}","templated":true}]}}