{"id":15026,"date":"2023-04-21T13:11:55","date_gmt":"2023-04-21T11:11:55","guid":{"rendered":"https:\/\/beta.karlskogawebbyra.se\/beyond\/product\/aluminiumborr-32-mm\/"},"modified":"2026-04-30T10:56:41","modified_gmt":"2026-04-30T08:56:41","slug":"aluminiumborr-32-mm","status":"publish","type":"product","link":"https:\/\/beyondx.se\/no\/produkt\/aluminiumborr-32-mm\/","title":{"rendered":"ALU. Drill Bit 32mm \u00f8 45cm, double carbide tips (for 32mm C-"},"content":{"rendered":"<p>Knickerbocker .Jp 32mmx490mm<\/p>\n<p>V\u00e4ldigt l\u00e4tt och starkt 49 cm l\u00e5ngt borr i aluminium med 12mm triangul\u00e4rt f\u00e4ste.<\/p>\n<p>De b\u00e5da spetsarna \u00e4r utbytbara och l\u00e4tt vinklade f\u00f6r maximal effekt \u00e4ven p\u00e5 riktigt h\u00e5rd is.<\/p>\n<p>Dimensioner:<\/p>\n<p>32mm: f\u00f6r 31mm n\u00e4t k\u00e4ppar<\/p>\n<p>35mm: f\u00f6r B-n\u00e4t k\u00e4ppar<\/p>\n<p>38mm<\/p>\n<p>40mm: f\u00f6r X-base slalomspetsar<\/p>\n","protected":false},"excerpt":{"rendered":"Knickerbocker .Jp 32mmx490mm<br \/><br \/>V\u00e4ldigt l\u00e4tt och starkt 49 cm l\u00e5ngt borr i aluminium med 12mm triangul\u00e4rt f\u00e4ste. <br \/><br \/>De b\u00e5da spetsarna \u00e4r utbytbara och l\u00e4tt vinklade f\u00f6r maximal effekt \u00e4ven p\u00e5 riktigt h\u00e5rd is.<br \/><br \/>Dimensioner:<br \/><br \/>32mm: f\u00f6r 31mm n\u00e4t k\u00e4ppar<br \/><br \/>35mm: f\u00f6r B-n\u00e4t k\u00e4ppar<br \/><br \/>38mm<br \/><br \/>40mm: f\u00f6r X-base slalomspetsar","protected":false},"featured_media":19135,"template":"","meta":[],"product_cat":[148,163],"product_tag":[],"class_list":["post-15026","product","type-product","status-publish","has-post-thumbnail","hentry","product_cat-skidanlaggning","product_cat-borrning","brands-knickerbocker","fpd-variation-needed"],"yoast_head":"<!-- This site is optimized with the Yoast SEO plugin v21.0 - https:\/\/yoast.com\/wordpress\/plugins\/seo\/ -->\n<title>ALU. Drill Bit 32mm \u00f8 45cm, double carbide tips (for 32mm C- Beyond-X<\/title>\n<meta name=\"robots\" content=\"index, follow, max-snippet:-1, max-image-preview:large, max-video-preview:-1\" \/>\n<link rel=\"canonical\" href=\"https:\/\/beyondx.se\/no\/produkt\/aluminiumborr-32-mm\/\" \/>\n<meta property=\"og:locale\" content=\"nb_NO\" \/>\n<meta property=\"og:type\" content=\"article\" \/>\n<meta property=\"og:title\" content=\"ALU. Drill Bit 32mm \u00f8 45cm, double carbide tips (for 32mm C- Beyond-X\" \/>\n<meta property=\"og:description\" content=\"Knickerbocker .Jp 32mmx490mmV\u00e4ldigt l\u00e4tt och starkt 49 cm l\u00e5ngt borr i aluminium med 12mm triangul\u00e4rt f\u00e4ste. De b\u00e5da spetsarna \u00e4r utbytbara och l\u00e4tt vinklade f\u00f6r maximal effekt \u00e4ven p\u00e5 riktigt h\u00e5rd is.Dimensioner:32mm: f\u00f6r 31mm n\u00e4t k\u00e4ppar35mm: f\u00f6r B-n\u00e4t k\u00e4ppar38mm40mm: f\u00f6r X-base slalomspetsar\" \/>\n<meta property=\"og:url\" content=\"https:\/\/beyondx.se\/no\/produkt\/aluminiumborr-32-mm\/\" \/>\n<meta property=\"og:site_name\" content=\"Beyond-X\" \/>\n<meta property=\"article:modified_time\" content=\"2026-04-30T08:56:41+00:00\" \/>\n<meta property=\"og:image\" content=\"https:\/\/beyondx.se\/wp-content\/uploads\/2023\/06\/ALU32_1.png\" \/>\n\t<meta property=\"og:image:width\" content=\"789\" \/>\n\t<meta property=\"og:image:height\" content=\"789\" \/>\n\t<meta property=\"og:image:type\" content=\"image\/png\" \/>\n<meta name=\"twitter:card\" content=\"summary_large_image\" \/>\n<meta name=\"twitter:label1\" content=\"Ansl. lesetid\" \/>\n\t<meta name=\"twitter:data1\" content=\"1 minutt\" \/>\n<script type=\"application\/ld+json\" class=\"yoast-schema-graph\">{\"@context\":\"https:\/\/schema.org\",\"@graph\":[{\"@type\":\"WebPage\",\"@id\":\"https:\/\/beyondx.se\/no\/produkt\/aluminiumborr-32-mm\/\",\"url\":\"https:\/\/beyondx.se\/no\/produkt\/aluminiumborr-32-mm\/\",\"name\":\"ALU. Drill Bit 32mm \u00f8 45cm, double carbide tips (for 32mm C- Beyond-X\",\"isPartOf\":{\"@id\":\"https:\/\/beyondx.se\/no\/#website\"},\"datePublished\":\"2023-04-21T11:11:55+00:00\",\"dateModified\":\"2026-04-30T08:56:41+00:00\",\"breadcrumb\":{\"@id\":\"https:\/\/beyondx.se\/no\/produkt\/aluminiumborr-32-mm\/#breadcrumb\"},\"inLanguage\":\"nb-NO\",\"potentialAction\":[{\"@type\":\"ReadAction\",\"target\":[\"https:\/\/beyondx.se\/no\/produkt\/aluminiumborr-32-mm\/\"]}]},{\"@type\":\"BreadcrumbList\",\"@id\":\"https:\/\/beyondx.se\/no\/produkt\/aluminiumborr-32-mm\/#breadcrumb\",\"itemListElement\":[{\"@type\":\"ListItem\",\"position\":1,\"name\":\"Hem\",\"item\":\"https:\/\/beyondx.se\/no\/\"},{\"@type\":\"ListItem\",\"position\":2,\"name\":\"Butik\",\"item\":\"https:\/\/beyondx.se\/no\/butik\/\"},{\"@type\":\"ListItem\",\"position\":3,\"name\":\"ALU. Drill Bit 32mm \u00f8 45cm, double carbide tips (for 32mm C-\"}]},{\"@type\":\"WebSite\",\"@id\":\"https:\/\/beyondx.se\/no\/#website\",\"url\":\"https:\/\/beyondx.se\/no\/\",\"name\":\"Beyond-X\",\"description\":\"No Bullshit Ski Wear\",\"publisher\":{\"@id\":\"https:\/\/beyondx.se\/no\/#organization\"},\"potentialAction\":[{\"@type\":\"SearchAction\",\"target\":{\"@type\":\"EntryPoint\",\"urlTemplate\":\"https:\/\/beyondx.se\/no\/?s={search_term_string}\"},\"query-input\":\"required name=search_term_string\"}],\"inLanguage\":\"nb-NO\"},{\"@type\":\"Organization\",\"@id\":\"https:\/\/beyondx.se\/no\/#organization\",\"name\":\"B-stedt of Sweden AB\",\"url\":\"https:\/\/beyondx.se\/no\/\",\"logo\":{\"@type\":\"ImageObject\",\"inLanguage\":\"nb-NO\",\"@id\":\"https:\/\/beyondx.se\/no\/#\/schema\/logo\/image\/\",\"url\":\"https:\/\/beyondx.se\/wp-content\/uploads\/2023\/08\/bx-logo.svg\",\"contentUrl\":\"https:\/\/beyondx.se\/wp-content\/uploads\/2023\/08\/bx-logo.svg\",\"width\":1,\"height\":1,\"caption\":\"B-stedt of Sweden AB\"},\"image\":{\"@id\":\"https:\/\/beyondx.se\/no\/#\/schema\/logo\/image\/\"}}]}<\/script>\n<!-- \/ Yoast SEO plugin. -->","yoast_head_json":{"title":"ALU. Drill Bit 32mm \u00f8 45cm, double carbide tips (for 32mm C- Beyond-X","robots":{"index":"index","follow":"follow","max-snippet":"max-snippet:-1","max-image-preview":"max-image-preview:large","max-video-preview":"max-video-preview:-1"},"canonical":"https:\/\/beyondx.se\/no\/produkt\/aluminiumborr-32-mm\/","og_locale":"nb_NO","og_type":"article","og_title":"ALU. Drill Bit 32mm \u00f8 45cm, double carbide tips (for 32mm C- Beyond-X","og_description":"Knickerbocker .Jp 32mmx490mmV\u00e4ldigt l\u00e4tt och starkt 49 cm l\u00e5ngt borr i aluminium med 12mm triangul\u00e4rt f\u00e4ste. De b\u00e5da spetsarna \u00e4r utbytbara och l\u00e4tt vinklade f\u00f6r maximal effekt \u00e4ven p\u00e5 riktigt h\u00e5rd is.Dimensioner:32mm: f\u00f6r 31mm n\u00e4t k\u00e4ppar35mm: f\u00f6r B-n\u00e4t k\u00e4ppar38mm40mm: f\u00f6r X-base slalomspetsar","og_url":"https:\/\/beyondx.se\/no\/produkt\/aluminiumborr-32-mm\/","og_site_name":"Beyond-X","article_modified_time":"2026-04-30T08:56:41+00:00","og_image":[{"width":789,"height":789,"url":"https:\/\/beyondx.se\/wp-content\/uploads\/2023\/06\/ALU32_1.png","type":"image\/png"}],"twitter_card":"summary_large_image","twitter_misc":{"Ansl. lesetid":"1 minutt"},"schema":{"@context":"https:\/\/schema.org","@graph":[{"@type":"WebPage","@id":"https:\/\/beyondx.se\/no\/produkt\/aluminiumborr-32-mm\/","url":"https:\/\/beyondx.se\/no\/produkt\/aluminiumborr-32-mm\/","name":"ALU. Drill Bit 32mm \u00f8 45cm, double carbide tips (for 32mm C- Beyond-X","isPartOf":{"@id":"https:\/\/beyondx.se\/no\/#website"},"datePublished":"2023-04-21T11:11:55+00:00","dateModified":"2026-04-30T08:56:41+00:00","breadcrumb":{"@id":"https:\/\/beyondx.se\/no\/produkt\/aluminiumborr-32-mm\/#breadcrumb"},"inLanguage":"nb-NO","potentialAction":[{"@type":"ReadAction","target":["https:\/\/beyondx.se\/no\/produkt\/aluminiumborr-32-mm\/"]}]},{"@type":"BreadcrumbList","@id":"https:\/\/beyondx.se\/no\/produkt\/aluminiumborr-32-mm\/#breadcrumb","itemListElement":[{"@type":"ListItem","position":1,"name":"Hem","item":"https:\/\/beyondx.se\/no\/"},{"@type":"ListItem","position":2,"name":"Butik","item":"https:\/\/beyondx.se\/no\/butik\/"},{"@type":"ListItem","position":3,"name":"ALU. Drill Bit 32mm \u00f8 45cm, double carbide tips (for 32mm C-"}]},{"@type":"WebSite","@id":"https:\/\/beyondx.se\/no\/#website","url":"https:\/\/beyondx.se\/no\/","name":"Beyond-X","description":"No Bullshit Ski Wear","publisher":{"@id":"https:\/\/beyondx.se\/no\/#organization"},"potentialAction":[{"@type":"SearchAction","target":{"@type":"EntryPoint","urlTemplate":"https:\/\/beyondx.se\/no\/?s={search_term_string}"},"query-input":"required name=search_term_string"}],"inLanguage":"nb-NO"},{"@type":"Organization","@id":"https:\/\/beyondx.se\/no\/#organization","name":"B-stedt of Sweden AB","url":"https:\/\/beyondx.se\/no\/","logo":{"@type":"ImageObject","inLanguage":"nb-NO","@id":"https:\/\/beyondx.se\/no\/#\/schema\/logo\/image\/","url":"https:\/\/beyondx.se\/wp-content\/uploads\/2023\/08\/bx-logo.svg","contentUrl":"https:\/\/beyondx.se\/wp-content\/uploads\/2023\/08\/bx-logo.svg","width":1,"height":1,"caption":"B-stedt of Sweden AB"},"image":{"@id":"https:\/\/beyondx.se\/no\/#\/schema\/logo\/image\/"}}]}},"_links":{"self":[{"href":"https:\/\/beyondx.se\/no\/wp-json\/wp\/v2\/product\/15026","targetHints":{"allow":["GET"]}}],"collection":[{"href":"https:\/\/beyondx.se\/no\/wp-json\/wp\/v2\/product"}],"about":[{"href":"https:\/\/beyondx.se\/no\/wp-json\/wp\/v2\/types\/product"}],"wp:featuredmedia":[{"embeddable":true,"href":"https:\/\/beyondx.se\/no\/wp-json\/wp\/v2\/media\/19135"}],"wp:attachment":[{"href":"https:\/\/beyondx.se\/no\/wp-json\/wp\/v2\/media?parent=15026"}],"wp:term":[{"taxonomy":"product_cat","embeddable":true,"href":"https:\/\/beyondx.se\/no\/wp-json\/wp\/v2\/product_cat?post=15026"},{"taxonomy":"product_tag","embeddable":true,"href":"https:\/\/beyondx.se\/no\/wp-json\/wp\/v2\/product_tag?post=15026"}],"curies":[{"name":"wp","href":"https:\/\/api.w.org\/{rel}","templated":true}]}}