{"id":150339,"date":"2025-09-08T19:40:12","date_gmt":"2025-09-08T17:40:12","guid":{"rendered":"https:\/\/beyondx.se\/product\/hestra-impact-racing-sr-5-finger\/"},"modified":"2026-04-30T03:06:44","modified_gmt":"2026-04-30T01:06:44","slug":"hestra-impact-racing-sr-5-finger","status":"publish","type":"product","link":"https:\/\/beyondx.se\/no\/produkt\/hestra-impact-racing-sr-5-finger\/","title":{"rendered":"HESTRA Impact Racing Sr. &#8211; 5 finger"},"content":{"rendered":"<h3>T\u00e5lig t\u00e4vlingshandske med rej\u00e4lt skydd&#8230;<\/h3>\n<p>Kort, \u00e5tsittande t\u00e4vlingshandske f\u00f6r slalom och storslalom. En 5-fingermodell med extra tilltaget skydd mot k\u00e4ppar och slag. Slitstarkt getskinn och ut\u00e5tv\u00e4nda s\u00f6mmar ger utm\u00e4rkt grepp och G-loft syntetfyllning hj\u00e4lper till att h\u00e5lla handen varm. &#8220;Ge j\u00e4rnet och njut av farten hela v\u00e4gen mot m\u00e5l \u2013 Impact \u00e4r Hestras mest skyddande t\u00e4vlingshandske och utformad f\u00f6r att du ska kunna k\u00f6ra p\u00e5 max, utan oro f\u00f6r sm\u00e4llar och slag. Den har ett bekv\u00e4mt knogskydd plus st\u00f6td\u00e4mpande skumstoppning som f\u00e5ngar upp och f\u00f6rdelar krafterna om du sl\u00e5r i en port. Ytterhandsken \u00e4r sydd i Hestras slitt\u00e5ligaste getskinn med f\u00f6rst\u00e4rkt innerhand och ut\u00e5tv\u00e4nda s\u00f6mmar f\u00f6r optimalt stavgrepp. Detaljer i Duratan, ett l\u00e4tt och starkt syntetmaterial med mockaliknande k\u00e4nsla. P\u00e5 insidan hj\u00e4lper ett mjukt, isolerande foder till att h\u00e5lla h\u00e4nderna behagligt varma. Sammantaget en riktigt sk\u00f6n och skyddande racinghandske, perfekt n\u00e4r du l\u00e4gger i din allra h\u00f6gsta v\u00e4xel mellan portarna. Finns \u00e4ven i tummodell.<\/p>\n<p><a href=\"https:\/\/beyondx.se\/wp-content\/uploads\/2025\/09\/31750-100540-index.jpg\"><img loading=\"lazy\" decoding=\"async\" width=\"957\" height=\"80\" class=\"alignnone size-full wp-image-150348\" src=\"https:\/\/beyondx.se\/wp-content\/uploads\/2025\/09\/31750-100540-index.jpg\" alt=\"\" srcset=\"https:\/\/beyondx.se\/wp-content\/uploads\/2025\/09\/31750-100540-index.jpg 957w, https:\/\/beyondx.se\/wp-content\/uploads\/2025\/09\/31750-100540-index-600x50.webp 600w, https:\/\/beyondx.se\/wp-content\/uploads\/2025\/09\/31750-100540-index-768x64.jpg 768w, https:\/\/beyondx.se\/wp-content\/uploads\/2025\/09\/31750-100540-index-400x33.webp 400w, https:\/\/beyondx.se\/wp-content\/uploads\/2025\/09\/31750-100540-index-350x29.webp 350w\" sizes=\"auto, (max-width: 957px) 100vw, 957px\" \/><\/a><\/p>\n","protected":false},"excerpt":{"rendered":"<p>Kort, &#229;tsittande t&#228;vlingshandske f&#246;r slalom och storslalom. En 5-fingermodell med extra tilltaget skydd mot k&#228;ppar och slag. Slitstarkt getskinn och ut&#229;tv&#228;nda s&#246;mmar ger utm&#228;rkt grepp och G-loft syntetfyllning hj&#228;lper till att h&#229;lla handen varm.<\/p>","protected":false},"featured_media":152043,"template":"","meta":[],"product_cat":[100,969,185],"product_tag":[],"class_list":["post-150339","product","type-product","status-publish","has-post-thumbnail","hentry","product_cat-utrustning","product_cat-handskar","product_cat-hestra_sport","brands-hestra","fpd-variation-needed"],"yoast_head":"<!-- This site is optimized with the Yoast SEO plugin v21.0 - https:\/\/yoast.com\/wordpress\/plugins\/seo\/ -->\n<title>HESTRA Impact Racing Sr. - 5 finger - Beyond-X<\/title>\n<meta name=\"description\" content=\"Kort, \u00e5tsittande t\u00e4vlingshandske f\u00f6r slalom och storslalom. En 5-fingermodell med extra tilltaget skydd mot k\u00e4ppar och slag.\" \/>\n<meta name=\"robots\" content=\"index, follow, max-snippet:-1, max-image-preview:large, max-video-preview:-1\" \/>\n<link rel=\"canonical\" href=\"https:\/\/beyondx.se\/no\/produkt\/hestra-impact-racing-sr-5-finger\/\" \/>\n<meta property=\"og:locale\" content=\"nb_NO\" \/>\n<meta property=\"og:type\" content=\"article\" \/>\n<meta property=\"og:title\" content=\"HESTRA Impact Racing Sr. - 5 finger - Beyond-X\" \/>\n<meta property=\"og:description\" content=\"Kort, \u00e5tsittande t\u00e4vlingshandske f\u00f6r slalom och storslalom. En 5-fingermodell med extra tilltaget skydd mot k\u00e4ppar och slag.\" \/>\n<meta property=\"og:url\" content=\"https:\/\/beyondx.se\/no\/produkt\/hestra-impact-racing-sr-5-finger\/\" \/>\n<meta property=\"og:site_name\" content=\"Beyond-X\" \/>\n<meta property=\"article:modified_time\" content=\"2026-04-30T01:06:44+00:00\" \/>\n<meta property=\"og:image\" content=\"https:\/\/beyondx.se\/wp-content\/uploads\/2025\/09\/31750-100540-07_1.jpg\" \/>\n\t<meta property=\"og:image:width\" content=\"800\" \/>\n\t<meta property=\"og:image:height\" content=\"800\" \/>\n\t<meta property=\"og:image:type\" content=\"image\/jpeg\" \/>\n<meta name=\"twitter:card\" content=\"summary_large_image\" \/>\n<meta name=\"twitter:label1\" content=\"Ansl. lesetid\" \/>\n\t<meta name=\"twitter:data1\" content=\"1 minutt\" \/>\n<script type=\"application\/ld+json\" class=\"yoast-schema-graph\">{\"@context\":\"https:\/\/schema.org\",\"@graph\":[{\"@type\":\"WebPage\",\"@id\":\"https:\/\/beyondx.se\/no\/produkt\/hestra-impact-racing-sr-5-finger\/\",\"url\":\"https:\/\/beyondx.se\/no\/produkt\/hestra-impact-racing-sr-5-finger\/\",\"name\":\"HESTRA Impact Racing Sr. - 5 finger - Beyond-X\",\"isPartOf\":{\"@id\":\"https:\/\/beyondx.se\/no\/#website\"},\"datePublished\":\"2025-09-08T17:40:12+00:00\",\"dateModified\":\"2026-04-30T01:06:44+00:00\",\"description\":\"Kort, \u00e5tsittande t\u00e4vlingshandske f\u00f6r slalom och storslalom. En 5-fingermodell med extra tilltaget skydd mot k\u00e4ppar och slag.\",\"breadcrumb\":{\"@id\":\"https:\/\/beyondx.se\/no\/produkt\/hestra-impact-racing-sr-5-finger\/#breadcrumb\"},\"inLanguage\":\"nb-NO\",\"potentialAction\":[{\"@type\":\"ReadAction\",\"target\":[\"https:\/\/beyondx.se\/no\/produkt\/hestra-impact-racing-sr-5-finger\/\"]}]},{\"@type\":\"BreadcrumbList\",\"@id\":\"https:\/\/beyondx.se\/no\/produkt\/hestra-impact-racing-sr-5-finger\/#breadcrumb\",\"itemListElement\":[{\"@type\":\"ListItem\",\"position\":1,\"name\":\"Hem\",\"item\":\"https:\/\/beyondx.se\/no\/\"},{\"@type\":\"ListItem\",\"position\":2,\"name\":\"Butik\",\"item\":\"https:\/\/beyondx.se\/no\/butik\/\"},{\"@type\":\"ListItem\",\"position\":3,\"name\":\"HESTRA Impact Racing Sr. &#8211; 5 finger\"}]},{\"@type\":\"WebSite\",\"@id\":\"https:\/\/beyondx.se\/no\/#website\",\"url\":\"https:\/\/beyondx.se\/no\/\",\"name\":\"Beyond-X\",\"description\":\"No Bullshit Ski Wear\",\"publisher\":{\"@id\":\"https:\/\/beyondx.se\/no\/#organization\"},\"potentialAction\":[{\"@type\":\"SearchAction\",\"target\":{\"@type\":\"EntryPoint\",\"urlTemplate\":\"https:\/\/beyondx.se\/no\/?s={search_term_string}\"},\"query-input\":\"required name=search_term_string\"}],\"inLanguage\":\"nb-NO\"},{\"@type\":\"Organization\",\"@id\":\"https:\/\/beyondx.se\/no\/#organization\",\"name\":\"B-stedt of Sweden AB\",\"url\":\"https:\/\/beyondx.se\/no\/\",\"logo\":{\"@type\":\"ImageObject\",\"inLanguage\":\"nb-NO\",\"@id\":\"https:\/\/beyondx.se\/no\/#\/schema\/logo\/image\/\",\"url\":\"https:\/\/beyondx.se\/wp-content\/uploads\/2023\/08\/bx-logo.svg\",\"contentUrl\":\"https:\/\/beyondx.se\/wp-content\/uploads\/2023\/08\/bx-logo.svg\",\"width\":1,\"height\":1,\"caption\":\"B-stedt of Sweden AB\"},\"image\":{\"@id\":\"https:\/\/beyondx.se\/no\/#\/schema\/logo\/image\/\"}}]}<\/script>\n<!-- \/ Yoast SEO plugin. -->","yoast_head_json":{"title":"HESTRA Impact Racing Sr. - 5 finger - Beyond-X","description":"Kort, \u00e5tsittande t\u00e4vlingshandske f\u00f6r slalom och storslalom. En 5-fingermodell med extra tilltaget skydd mot k\u00e4ppar och slag.","robots":{"index":"index","follow":"follow","max-snippet":"max-snippet:-1","max-image-preview":"max-image-preview:large","max-video-preview":"max-video-preview:-1"},"canonical":"https:\/\/beyondx.se\/no\/produkt\/hestra-impact-racing-sr-5-finger\/","og_locale":"nb_NO","og_type":"article","og_title":"HESTRA Impact Racing Sr. - 5 finger - Beyond-X","og_description":"Kort, \u00e5tsittande t\u00e4vlingshandske f\u00f6r slalom och storslalom. En 5-fingermodell med extra tilltaget skydd mot k\u00e4ppar och slag.","og_url":"https:\/\/beyondx.se\/no\/produkt\/hestra-impact-racing-sr-5-finger\/","og_site_name":"Beyond-X","article_modified_time":"2026-04-30T01:06:44+00:00","og_image":[{"width":800,"height":800,"url":"https:\/\/beyondx.se\/wp-content\/uploads\/2025\/09\/31750-100540-07_1.jpg","type":"image\/jpeg"}],"twitter_card":"summary_large_image","twitter_misc":{"Ansl. lesetid":"1 minutt"},"schema":{"@context":"https:\/\/schema.org","@graph":[{"@type":"WebPage","@id":"https:\/\/beyondx.se\/no\/produkt\/hestra-impact-racing-sr-5-finger\/","url":"https:\/\/beyondx.se\/no\/produkt\/hestra-impact-racing-sr-5-finger\/","name":"HESTRA Impact Racing Sr. - 5 finger - Beyond-X","isPartOf":{"@id":"https:\/\/beyondx.se\/no\/#website"},"datePublished":"2025-09-08T17:40:12+00:00","dateModified":"2026-04-30T01:06:44+00:00","description":"Kort, \u00e5tsittande t\u00e4vlingshandske f\u00f6r slalom och storslalom. En 5-fingermodell med extra tilltaget skydd mot k\u00e4ppar och slag.","breadcrumb":{"@id":"https:\/\/beyondx.se\/no\/produkt\/hestra-impact-racing-sr-5-finger\/#breadcrumb"},"inLanguage":"nb-NO","potentialAction":[{"@type":"ReadAction","target":["https:\/\/beyondx.se\/no\/produkt\/hestra-impact-racing-sr-5-finger\/"]}]},{"@type":"BreadcrumbList","@id":"https:\/\/beyondx.se\/no\/produkt\/hestra-impact-racing-sr-5-finger\/#breadcrumb","itemListElement":[{"@type":"ListItem","position":1,"name":"Hem","item":"https:\/\/beyondx.se\/no\/"},{"@type":"ListItem","position":2,"name":"Butik","item":"https:\/\/beyondx.se\/no\/butik\/"},{"@type":"ListItem","position":3,"name":"HESTRA Impact Racing Sr. &#8211; 5 finger"}]},{"@type":"WebSite","@id":"https:\/\/beyondx.se\/no\/#website","url":"https:\/\/beyondx.se\/no\/","name":"Beyond-X","description":"No Bullshit Ski Wear","publisher":{"@id":"https:\/\/beyondx.se\/no\/#organization"},"potentialAction":[{"@type":"SearchAction","target":{"@type":"EntryPoint","urlTemplate":"https:\/\/beyondx.se\/no\/?s={search_term_string}"},"query-input":"required name=search_term_string"}],"inLanguage":"nb-NO"},{"@type":"Organization","@id":"https:\/\/beyondx.se\/no\/#organization","name":"B-stedt of Sweden AB","url":"https:\/\/beyondx.se\/no\/","logo":{"@type":"ImageObject","inLanguage":"nb-NO","@id":"https:\/\/beyondx.se\/no\/#\/schema\/logo\/image\/","url":"https:\/\/beyondx.se\/wp-content\/uploads\/2023\/08\/bx-logo.svg","contentUrl":"https:\/\/beyondx.se\/wp-content\/uploads\/2023\/08\/bx-logo.svg","width":1,"height":1,"caption":"B-stedt of Sweden AB"},"image":{"@id":"https:\/\/beyondx.se\/no\/#\/schema\/logo\/image\/"}}]}},"_links":{"self":[{"href":"https:\/\/beyondx.se\/no\/wp-json\/wp\/v2\/product\/150339","targetHints":{"allow":["GET"]}}],"collection":[{"href":"https:\/\/beyondx.se\/no\/wp-json\/wp\/v2\/product"}],"about":[{"href":"https:\/\/beyondx.se\/no\/wp-json\/wp\/v2\/types\/product"}],"wp:featuredmedia":[{"embeddable":true,"href":"https:\/\/beyondx.se\/no\/wp-json\/wp\/v2\/media\/152043"}],"wp:attachment":[{"href":"https:\/\/beyondx.se\/no\/wp-json\/wp\/v2\/media?parent=150339"}],"wp:term":[{"taxonomy":"product_cat","embeddable":true,"href":"https:\/\/beyondx.se\/no\/wp-json\/wp\/v2\/product_cat?post=150339"},{"taxonomy":"product_tag","embeddable":true,"href":"https:\/\/beyondx.se\/no\/wp-json\/wp\/v2\/product_tag?post=150339"}],"curies":[{"name":"wp","href":"https:\/\/api.w.org\/{rel}","templated":true}]}}