{"id":151458,"date":"2025-11-28T18:20:08","date_gmt":"2025-11-28T17:20:08","guid":{"rendered":"https:\/\/beyondx.se\/product\/milwaukee-m18-switch-tank-15-l-chemical-tank-only\/"},"modified":"2026-04-21T06:32:05","modified_gmt":"2026-04-21T04:32:05","slug":"milwaukee-m18-switch-tank-15-l-chemical-tank-only","status":"publish","type":"product","link":"https:\/\/beyondx.se\/no\/produkt\/milwaukee-m18-switch-tank-15-l-chemical-tank-only\/","title":{"rendered":"Milwaukee M18\u2122 SWITCH TANK\u2122 15L kemikaliespraytank"},"content":{"rendered":"<p><a href=\"https:\/\/beyondx.se\/wp-content\/uploads\/2025\/11\/4933498964_2.jpg\"><img loading=\"lazy\" decoding=\"async\" width=\"381\" height=\"255\" class=\"alignnone size-full wp-image-151503\" src=\"https:\/\/beyondx.se\/wp-content\/uploads\/2025\/11\/4933498964_2.jpg\" alt=\"\" srcset=\"https:\/\/beyondx.se\/wp-content\/uploads\/2025\/11\/4933498964_2.jpg 381w, https:\/\/beyondx.se\/wp-content\/uploads\/2025\/11\/4933498964_2-350x234.webp 350w\" sizes=\"auto, (max-width: 381px) 100vw, 381px\" \/><\/a><\/p>\n","protected":false},"excerpt":{"rendered":"<ul><li>Anv&#228;nds tillsammans med SWITCH TANK&#8482; basenhet<\/li><li>Upp till 7,3 meters vertikal sprutdistans och justerbart sprutm&#246;nster &#8211; fr&#229;n kon till rak str&#229;le, anpassat efter yrkesanv&#228;ndarens preferenser och applikation<\/li><li>Kemikaliespraytank f&#246;r bek&#228;mpningsmedel\/g&#246;dningsmedel\/behandlings&#228;mnen\/ogr&#228;smedel\/insektsmedel\/avisningsmedel mm.<\/li><li>Semitransparent tank med m&#228;tskala f&#246;r att veta hur mycket v&#228;tska som finns kvar<\/li><li>B&#228;rhandtag p&#229; locket med bred &#246;ppning underl&#228;ttar transport och p&#229;fyllning av v&#228;tska i tanken.<\/li><li>Spraymunstycke med gummihandtag och l&#229;sfunktion<\/li><li>F&#246;rvaringsf&#228;ste f&#246;r sprutr&#246;r f&#246;r att spara utrymme och undvika skador under transport<\/li><li>Integrerat silfilter f&#246;rhindrar att skr&#228;p kommer in i tanken<\/li><\/ul><p><strong>Standardutrustning:<\/strong>1 x rak kon- och 1 x vinklad flatstr&#229;lemunstycke, rostfritt sprutr&#246;r<\/p>","protected":false},"featured_media":151459,"template":"","meta":[],"product_cat":[148,225],"product_tag":[],"class_list":["post-151458","product","type-product","status-publish","has-post-thumbnail","hentry","product_cat-skidanlaggning","product_cat-fargsprutor-och-farg","brands-milwaukee","fpd-variation-needed"],"yoast_head":"<!-- This site is optimized with the Yoast SEO plugin v21.0 - https:\/\/yoast.com\/wordpress\/plugins\/seo\/ -->\n<title>Milwaukee M18\u2122 SWITCH TANK\u2122 15L kemikaliespraytank - Beyond-X<\/title>\n<meta name=\"description\" content=\"MILWAUKEE\u00ae M18\u2122 SWITCH TANK\u2122 batteridrivna spruta \u00e4r en snabb och enkel l\u00f6sning f\u00f6r professionella anv\u00e4ndare vid utomhussprutning.\" \/>\n<meta name=\"robots\" content=\"index, follow, max-snippet:-1, max-image-preview:large, max-video-preview:-1\" \/>\n<link rel=\"canonical\" href=\"https:\/\/beyondx.se\/no\/produkt\/milwaukee-m18-switch-tank-15-l-chemical-tank-only\/\" \/>\n<meta property=\"og:locale\" content=\"nb_NO\" \/>\n<meta property=\"og:type\" content=\"article\" \/>\n<meta property=\"og:title\" content=\"Milwaukee M18\u2122 SWITCH TANK\u2122 15L kemikaliespraytank - Beyond-X\" \/>\n<meta property=\"og:description\" content=\"MILWAUKEE\u00ae M18\u2122 SWITCH TANK\u2122 batteridrivna spruta \u00e4r en snabb och enkel l\u00f6sning f\u00f6r professionella anv\u00e4ndare vid utomhussprutning.\" \/>\n<meta property=\"og:url\" content=\"https:\/\/beyondx.se\/no\/produkt\/milwaukee-m18-switch-tank-15-l-chemical-tank-only\/\" \/>\n<meta property=\"og:site_name\" content=\"Beyond-X\" \/>\n<meta property=\"article:modified_time\" content=\"2026-04-21T04:32:05+00:00\" \/>\n<meta property=\"og:image\" content=\"https:\/\/beyondx.se\/wp-content\/uploads\/2025\/11\/4933498964_1-1.jpg\" \/>\n\t<meta property=\"og:image:width\" content=\"442\" \/>\n\t<meta property=\"og:image:height\" content=\"442\" \/>\n\t<meta property=\"og:image:type\" content=\"image\/jpeg\" \/>\n<meta name=\"twitter:card\" content=\"summary_large_image\" \/>\n<meta name=\"twitter:label1\" content=\"Ansl. lesetid\" \/>\n\t<meta name=\"twitter:data1\" content=\"1 minutt\" \/>\n<script type=\"application\/ld+json\" class=\"yoast-schema-graph\">{\"@context\":\"https:\/\/schema.org\",\"@graph\":[{\"@type\":\"WebPage\",\"@id\":\"https:\/\/beyondx.se\/no\/produkt\/milwaukee-m18-switch-tank-15-l-chemical-tank-only\/\",\"url\":\"https:\/\/beyondx.se\/no\/produkt\/milwaukee-m18-switch-tank-15-l-chemical-tank-only\/\",\"name\":\"Milwaukee M18\u2122 SWITCH TANK\u2122 15L kemikaliespraytank - Beyond-X\",\"isPartOf\":{\"@id\":\"https:\/\/beyondx.se\/no\/#website\"},\"datePublished\":\"2025-11-28T17:20:08+00:00\",\"dateModified\":\"2026-04-21T04:32:05+00:00\",\"description\":\"MILWAUKEE\u00ae M18\u2122 SWITCH TANK\u2122 batteridrivna spruta \u00e4r en snabb och enkel l\u00f6sning f\u00f6r professionella anv\u00e4ndare vid utomhussprutning.\",\"breadcrumb\":{\"@id\":\"https:\/\/beyondx.se\/no\/produkt\/milwaukee-m18-switch-tank-15-l-chemical-tank-only\/#breadcrumb\"},\"inLanguage\":\"nb-NO\",\"potentialAction\":[{\"@type\":\"ReadAction\",\"target\":[\"https:\/\/beyondx.se\/no\/produkt\/milwaukee-m18-switch-tank-15-l-chemical-tank-only\/\"]}]},{\"@type\":\"BreadcrumbList\",\"@id\":\"https:\/\/beyondx.se\/no\/produkt\/milwaukee-m18-switch-tank-15-l-chemical-tank-only\/#breadcrumb\",\"itemListElement\":[{\"@type\":\"ListItem\",\"position\":1,\"name\":\"Hem\",\"item\":\"https:\/\/beyondx.se\/no\/\"},{\"@type\":\"ListItem\",\"position\":2,\"name\":\"Butik\",\"item\":\"https:\/\/beyondx.se\/no\/butik\/\"},{\"@type\":\"ListItem\",\"position\":3,\"name\":\"Milwaukee M18\u2122 SWITCH TANK\u2122 15L kemikaliespraytank\"}]},{\"@type\":\"WebSite\",\"@id\":\"https:\/\/beyondx.se\/no\/#website\",\"url\":\"https:\/\/beyondx.se\/no\/\",\"name\":\"Beyond-X\",\"description\":\"No Bullshit Ski Wear\",\"publisher\":{\"@id\":\"https:\/\/beyondx.se\/no\/#organization\"},\"potentialAction\":[{\"@type\":\"SearchAction\",\"target\":{\"@type\":\"EntryPoint\",\"urlTemplate\":\"https:\/\/beyondx.se\/no\/?s={search_term_string}\"},\"query-input\":\"required name=search_term_string\"}],\"inLanguage\":\"nb-NO\"},{\"@type\":\"Organization\",\"@id\":\"https:\/\/beyondx.se\/no\/#organization\",\"name\":\"B-stedt of Sweden AB\",\"url\":\"https:\/\/beyondx.se\/no\/\",\"logo\":{\"@type\":\"ImageObject\",\"inLanguage\":\"nb-NO\",\"@id\":\"https:\/\/beyondx.se\/no\/#\/schema\/logo\/image\/\",\"url\":\"https:\/\/beyondx.se\/wp-content\/uploads\/2023\/08\/bx-logo.svg\",\"contentUrl\":\"https:\/\/beyondx.se\/wp-content\/uploads\/2023\/08\/bx-logo.svg\",\"width\":1,\"height\":1,\"caption\":\"B-stedt of Sweden AB\"},\"image\":{\"@id\":\"https:\/\/beyondx.se\/no\/#\/schema\/logo\/image\/\"}}]}<\/script>\n<!-- \/ Yoast SEO plugin. -->","yoast_head_json":{"title":"Milwaukee M18\u2122 SWITCH TANK\u2122 15L kemikaliespraytank - Beyond-X","description":"MILWAUKEE\u00ae M18\u2122 SWITCH TANK\u2122 batteridrivna spruta \u00e4r en snabb och enkel l\u00f6sning f\u00f6r professionella anv\u00e4ndare vid utomhussprutning.","robots":{"index":"index","follow":"follow","max-snippet":"max-snippet:-1","max-image-preview":"max-image-preview:large","max-video-preview":"max-video-preview:-1"},"canonical":"https:\/\/beyondx.se\/no\/produkt\/milwaukee-m18-switch-tank-15-l-chemical-tank-only\/","og_locale":"nb_NO","og_type":"article","og_title":"Milwaukee M18\u2122 SWITCH TANK\u2122 15L kemikaliespraytank - Beyond-X","og_description":"MILWAUKEE\u00ae M18\u2122 SWITCH TANK\u2122 batteridrivna spruta \u00e4r en snabb och enkel l\u00f6sning f\u00f6r professionella anv\u00e4ndare vid utomhussprutning.","og_url":"https:\/\/beyondx.se\/no\/produkt\/milwaukee-m18-switch-tank-15-l-chemical-tank-only\/","og_site_name":"Beyond-X","article_modified_time":"2026-04-21T04:32:05+00:00","og_image":[{"width":442,"height":442,"url":"https:\/\/beyondx.se\/wp-content\/uploads\/2025\/11\/4933498964_1-1.jpg","type":"image\/jpeg"}],"twitter_card":"summary_large_image","twitter_misc":{"Ansl. lesetid":"1 minutt"},"schema":{"@context":"https:\/\/schema.org","@graph":[{"@type":"WebPage","@id":"https:\/\/beyondx.se\/no\/produkt\/milwaukee-m18-switch-tank-15-l-chemical-tank-only\/","url":"https:\/\/beyondx.se\/no\/produkt\/milwaukee-m18-switch-tank-15-l-chemical-tank-only\/","name":"Milwaukee M18\u2122 SWITCH TANK\u2122 15L kemikaliespraytank - Beyond-X","isPartOf":{"@id":"https:\/\/beyondx.se\/no\/#website"},"datePublished":"2025-11-28T17:20:08+00:00","dateModified":"2026-04-21T04:32:05+00:00","description":"MILWAUKEE\u00ae M18\u2122 SWITCH TANK\u2122 batteridrivna spruta \u00e4r en snabb och enkel l\u00f6sning f\u00f6r professionella anv\u00e4ndare vid utomhussprutning.","breadcrumb":{"@id":"https:\/\/beyondx.se\/no\/produkt\/milwaukee-m18-switch-tank-15-l-chemical-tank-only\/#breadcrumb"},"inLanguage":"nb-NO","potentialAction":[{"@type":"ReadAction","target":["https:\/\/beyondx.se\/no\/produkt\/milwaukee-m18-switch-tank-15-l-chemical-tank-only\/"]}]},{"@type":"BreadcrumbList","@id":"https:\/\/beyondx.se\/no\/produkt\/milwaukee-m18-switch-tank-15-l-chemical-tank-only\/#breadcrumb","itemListElement":[{"@type":"ListItem","position":1,"name":"Hem","item":"https:\/\/beyondx.se\/no\/"},{"@type":"ListItem","position":2,"name":"Butik","item":"https:\/\/beyondx.se\/no\/butik\/"},{"@type":"ListItem","position":3,"name":"Milwaukee M18\u2122 SWITCH TANK\u2122 15L kemikaliespraytank"}]},{"@type":"WebSite","@id":"https:\/\/beyondx.se\/no\/#website","url":"https:\/\/beyondx.se\/no\/","name":"Beyond-X","description":"No Bullshit Ski Wear","publisher":{"@id":"https:\/\/beyondx.se\/no\/#organization"},"potentialAction":[{"@type":"SearchAction","target":{"@type":"EntryPoint","urlTemplate":"https:\/\/beyondx.se\/no\/?s={search_term_string}"},"query-input":"required name=search_term_string"}],"inLanguage":"nb-NO"},{"@type":"Organization","@id":"https:\/\/beyondx.se\/no\/#organization","name":"B-stedt of Sweden AB","url":"https:\/\/beyondx.se\/no\/","logo":{"@type":"ImageObject","inLanguage":"nb-NO","@id":"https:\/\/beyondx.se\/no\/#\/schema\/logo\/image\/","url":"https:\/\/beyondx.se\/wp-content\/uploads\/2023\/08\/bx-logo.svg","contentUrl":"https:\/\/beyondx.se\/wp-content\/uploads\/2023\/08\/bx-logo.svg","width":1,"height":1,"caption":"B-stedt of Sweden AB"},"image":{"@id":"https:\/\/beyondx.se\/no\/#\/schema\/logo\/image\/"}}]}},"_links":{"self":[{"href":"https:\/\/beyondx.se\/no\/wp-json\/wp\/v2\/product\/151458","targetHints":{"allow":["GET"]}}],"collection":[{"href":"https:\/\/beyondx.se\/no\/wp-json\/wp\/v2\/product"}],"about":[{"href":"https:\/\/beyondx.se\/no\/wp-json\/wp\/v2\/types\/product"}],"wp:featuredmedia":[{"embeddable":true,"href":"https:\/\/beyondx.se\/no\/wp-json\/wp\/v2\/media\/151459"}],"wp:attachment":[{"href":"https:\/\/beyondx.se\/no\/wp-json\/wp\/v2\/media?parent=151458"}],"wp:term":[{"taxonomy":"product_cat","embeddable":true,"href":"https:\/\/beyondx.se\/no\/wp-json\/wp\/v2\/product_cat?post=151458"},{"taxonomy":"product_tag","embeddable":true,"href":"https:\/\/beyondx.se\/no\/wp-json\/wp\/v2\/product_tag?post=151458"}],"curies":[{"name":"wp","href":"https:\/\/api.w.org\/{rel}","templated":true}]}}