{"id":152443,"date":"2026-02-09T11:50:06","date_gmt":"2026-02-09T10:50:06","guid":{"rendered":"https:\/\/beyondx.se\/product\/shred-ski-race-protective-jacket\/"},"modified":"2026-04-17T06:05:08","modified_gmt":"2026-04-17T04:05:08","slug":"shred-ski-race-protective-jacket","status":"publish","type":"product","link":"https:\/\/beyondx.se\/no\/produkt\/shred-ski-race-protective-jacket\/","title":{"rendered":"SHRED. SKI RACE PROTECTIVE JACKET"},"content":{"rendered":"<p><span style=\"color: #fa8100\"><strong>FUNKTIONER<\/strong><\/span><br \/>\n<strong>SLYTECH\u00ae SHOCK ABSORPTION RACE |<\/strong> Byggd f\u00f6r dig som v\u00e4rdes\u00e4tter p\u00e5litligt skydd och vardaglig komfort. Den anpassar sig intelligent till dina r\u00f6relser \u2013 mjuk och flexibel under anv\u00e4ndning, men h\u00e5rdare f\u00f6r att absorbera st\u00f6tar n\u00e4r du beh\u00f6ver det som mest. L\u00e4tt och p\u00e5litlig, SLYTECH\u00ae SHOCK ABSORPTION l\u00e5ter dig cykla med sj\u00e4lvf\u00f6rtroende.<\/p>\n<p><span style=\"color: #fa8100\"><strong>TEKNISKA SPECIFIKATIONER:<\/strong><\/span><br \/>\n<strong>KONSTRUKTION |<\/strong> Superstretchigt nylontyg | Axel- och underarmsskydd | Blixtl\u00e5s<br \/>\n<strong>S\u00c4KERHETSSTANDARDER |<\/strong> Uppfyller EU 2016\/425 personlig skyddsutrustningsstandard, kategori 1<br \/>\n<strong>MATERIAL |<\/strong> SLYTECH\u00ae Shock Absorption Race | Nylontyg<\/p>\n<p><span style=\"color: #fa8100\"><strong>I F\u00d6RPACKNINGEN:<\/strong><\/span><br \/>\n1 SHRED. Ski Race Protective Jacket<\/p>\n","protected":false},"excerpt":{"rendered":"<p>Om du &#228;r en skid&#229;kare som vill skydda din &#246;verkropp fr&#229;n k&#228;ppslag och vill ha obegr&#228;nsad r&#246;relsefrihet i en design med l&#229;g profil, spana in SHRED. Ski Race Protective Jackets. <br \/>Deras &#8220;SLYTECH&#8482; SHOCK ABSORPTION in the Cold Impact Formulation&#8221; anpassar sig effektivt till olika krafter och kollisionshastigheter, vilket ger skydd mot slag fr&#229;n k&#228;ppar p&#229; underarmar och axlar &#8211; &#228;ven i s&#228;rskilt kalla temperaturer. <br \/>Dragkedjan fram g&#246;r det ocks&#229; enkelt att ta av\/p&#229;. F&#229; det sj&#228;lvf&#246;rtroende du beh&#246;ver f&#246;r att n&#229; n&#228;sta niv&#229; och k&#228;nn dig som ett proffs med SHRED. Ski Race Protective Jackets.<\/p>","protected":false},"featured_media":152461,"template":"","meta":[],"product_cat":[1653,1541,1656,100,105,106],"product_tag":[],"class_list":["post-152443","product","type-product","status-publish","has-post-thumbnail","hentry","product_cat-shred","product_cat-shred-ski-race-protectors","product_cat-skydd","product_cat-utrustning","product_cat-skyddsutrustning","product_cat-skyddstrojor","brands-shred","fpd-variation-needed"],"yoast_head":"<!-- This site is optimized with the Yoast SEO plugin v21.0 - https:\/\/yoast.com\/wordpress\/plugins\/seo\/ -->\n<title>SHRED. SKI RACE PROTECTIVE JACKET - Beyond-X<\/title>\n<meta name=\"description\" content=\"Skyddtr\u00f6ja med strategiskt placerade SLYTECH\u2122 SHOCK ABSORPTION skydd f\u00f6r alpin racing. En smidigt skyddstr\u00f6ja som ger h\u00f6gt skydd med bibeh\u00e5llen r\u00f6rlighet.\" \/>\n<meta name=\"robots\" content=\"index, follow, max-snippet:-1, max-image-preview:large, max-video-preview:-1\" \/>\n<link rel=\"canonical\" href=\"https:\/\/beyondx.se\/no\/produkt\/shred-ski-race-protective-jacket\/\" \/>\n<meta property=\"og:locale\" content=\"nb_NO\" \/>\n<meta property=\"og:type\" content=\"article\" \/>\n<meta property=\"og:title\" content=\"SHRED. SKI RACE PROTECTIVE JACKET - Beyond-X\" \/>\n<meta property=\"og:description\" content=\"Skyddtr\u00f6ja med strategiskt placerade SLYTECH\u2122 SHOCK ABSORPTION skydd f\u00f6r alpin racing. En smidigt skyddstr\u00f6ja som ger h\u00f6gt skydd med bibeh\u00e5llen r\u00f6rlighet.\" \/>\n<meta property=\"og:url\" content=\"https:\/\/beyondx.se\/no\/produkt\/shred-ski-race-protective-jacket\/\" \/>\n<meta property=\"og:site_name\" content=\"Beyond-X\" \/>\n<meta property=\"article:modified_time\" content=\"2026-04-17T04:05:08+00:00\" \/>\n<meta property=\"og:image\" content=\"https:\/\/beyondx.se\/wp-content\/uploads\/2026\/02\/PESRJQ11-65_1.jpg\" \/>\n\t<meta property=\"og:image:width\" content=\"231\" \/>\n\t<meta property=\"og:image:height\" content=\"231\" \/>\n\t<meta property=\"og:image:type\" content=\"image\/jpeg\" \/>\n<meta name=\"twitter:card\" content=\"summary_large_image\" \/>\n<meta name=\"twitter:label1\" content=\"Ansl. lesetid\" \/>\n\t<meta name=\"twitter:data1\" content=\"1 minutt\" \/>\n<script type=\"application\/ld+json\" class=\"yoast-schema-graph\">{\"@context\":\"https:\/\/schema.org\",\"@graph\":[{\"@type\":\"WebPage\",\"@id\":\"https:\/\/beyondx.se\/no\/produkt\/shred-ski-race-protective-jacket\/\",\"url\":\"https:\/\/beyondx.se\/no\/produkt\/shred-ski-race-protective-jacket\/\",\"name\":\"SHRED. SKI RACE PROTECTIVE JACKET - Beyond-X\",\"isPartOf\":{\"@id\":\"https:\/\/beyondx.se\/no\/#website\"},\"datePublished\":\"2026-02-09T10:50:06+00:00\",\"dateModified\":\"2026-04-17T04:05:08+00:00\",\"description\":\"Skyddtr\u00f6ja med strategiskt placerade SLYTECH\u2122 SHOCK ABSORPTION skydd f\u00f6r alpin racing. En smidigt skyddstr\u00f6ja som ger h\u00f6gt skydd med bibeh\u00e5llen r\u00f6rlighet.\",\"breadcrumb\":{\"@id\":\"https:\/\/beyondx.se\/no\/produkt\/shred-ski-race-protective-jacket\/#breadcrumb\"},\"inLanguage\":\"nb-NO\",\"potentialAction\":[{\"@type\":\"ReadAction\",\"target\":[\"https:\/\/beyondx.se\/no\/produkt\/shred-ski-race-protective-jacket\/\"]}]},{\"@type\":\"BreadcrumbList\",\"@id\":\"https:\/\/beyondx.se\/no\/produkt\/shred-ski-race-protective-jacket\/#breadcrumb\",\"itemListElement\":[{\"@type\":\"ListItem\",\"position\":1,\"name\":\"Hem\",\"item\":\"https:\/\/beyondx.se\/no\/\"},{\"@type\":\"ListItem\",\"position\":2,\"name\":\"Butik\",\"item\":\"https:\/\/beyondx.se\/no\/butik\/\"},{\"@type\":\"ListItem\",\"position\":3,\"name\":\"SHRED. SKI RACE PROTECTIVE JACKET\"}]},{\"@type\":\"WebSite\",\"@id\":\"https:\/\/beyondx.se\/no\/#website\",\"url\":\"https:\/\/beyondx.se\/no\/\",\"name\":\"Beyond-X\",\"description\":\"No Bullshit Ski Wear\",\"publisher\":{\"@id\":\"https:\/\/beyondx.se\/no\/#organization\"},\"potentialAction\":[{\"@type\":\"SearchAction\",\"target\":{\"@type\":\"EntryPoint\",\"urlTemplate\":\"https:\/\/beyondx.se\/no\/?s={search_term_string}\"},\"query-input\":\"required name=search_term_string\"}],\"inLanguage\":\"nb-NO\"},{\"@type\":\"Organization\",\"@id\":\"https:\/\/beyondx.se\/no\/#organization\",\"name\":\"B-stedt of Sweden AB\",\"url\":\"https:\/\/beyondx.se\/no\/\",\"logo\":{\"@type\":\"ImageObject\",\"inLanguage\":\"nb-NO\",\"@id\":\"https:\/\/beyondx.se\/no\/#\/schema\/logo\/image\/\",\"url\":\"https:\/\/beyondx.se\/wp-content\/uploads\/2023\/08\/bx-logo.svg\",\"contentUrl\":\"https:\/\/beyondx.se\/wp-content\/uploads\/2023\/08\/bx-logo.svg\",\"width\":1,\"height\":1,\"caption\":\"B-stedt of Sweden AB\"},\"image\":{\"@id\":\"https:\/\/beyondx.se\/no\/#\/schema\/logo\/image\/\"}}]}<\/script>\n<!-- \/ Yoast SEO plugin. -->","yoast_head_json":{"title":"SHRED. SKI RACE PROTECTIVE JACKET - Beyond-X","description":"Skyddtr\u00f6ja med strategiskt placerade SLYTECH\u2122 SHOCK ABSORPTION skydd f\u00f6r alpin racing. En smidigt skyddstr\u00f6ja som ger h\u00f6gt skydd med bibeh\u00e5llen r\u00f6rlighet.","robots":{"index":"index","follow":"follow","max-snippet":"max-snippet:-1","max-image-preview":"max-image-preview:large","max-video-preview":"max-video-preview:-1"},"canonical":"https:\/\/beyondx.se\/no\/produkt\/shred-ski-race-protective-jacket\/","og_locale":"nb_NO","og_type":"article","og_title":"SHRED. SKI RACE PROTECTIVE JACKET - Beyond-X","og_description":"Skyddtr\u00f6ja med strategiskt placerade SLYTECH\u2122 SHOCK ABSORPTION skydd f\u00f6r alpin racing. En smidigt skyddstr\u00f6ja som ger h\u00f6gt skydd med bibeh\u00e5llen r\u00f6rlighet.","og_url":"https:\/\/beyondx.se\/no\/produkt\/shred-ski-race-protective-jacket\/","og_site_name":"Beyond-X","article_modified_time":"2026-04-17T04:05:08+00:00","og_image":[{"width":231,"height":231,"url":"https:\/\/beyondx.se\/wp-content\/uploads\/2026\/02\/PESRJQ11-65_1.jpg","type":"image\/jpeg"}],"twitter_card":"summary_large_image","twitter_misc":{"Ansl. lesetid":"1 minutt"},"schema":{"@context":"https:\/\/schema.org","@graph":[{"@type":"WebPage","@id":"https:\/\/beyondx.se\/no\/produkt\/shred-ski-race-protective-jacket\/","url":"https:\/\/beyondx.se\/no\/produkt\/shred-ski-race-protective-jacket\/","name":"SHRED. SKI RACE PROTECTIVE JACKET - Beyond-X","isPartOf":{"@id":"https:\/\/beyondx.se\/no\/#website"},"datePublished":"2026-02-09T10:50:06+00:00","dateModified":"2026-04-17T04:05:08+00:00","description":"Skyddtr\u00f6ja med strategiskt placerade SLYTECH\u2122 SHOCK ABSORPTION skydd f\u00f6r alpin racing. En smidigt skyddstr\u00f6ja som ger h\u00f6gt skydd med bibeh\u00e5llen r\u00f6rlighet.","breadcrumb":{"@id":"https:\/\/beyondx.se\/no\/produkt\/shred-ski-race-protective-jacket\/#breadcrumb"},"inLanguage":"nb-NO","potentialAction":[{"@type":"ReadAction","target":["https:\/\/beyondx.se\/no\/produkt\/shred-ski-race-protective-jacket\/"]}]},{"@type":"BreadcrumbList","@id":"https:\/\/beyondx.se\/no\/produkt\/shred-ski-race-protective-jacket\/#breadcrumb","itemListElement":[{"@type":"ListItem","position":1,"name":"Hem","item":"https:\/\/beyondx.se\/no\/"},{"@type":"ListItem","position":2,"name":"Butik","item":"https:\/\/beyondx.se\/no\/butik\/"},{"@type":"ListItem","position":3,"name":"SHRED. SKI RACE PROTECTIVE JACKET"}]},{"@type":"WebSite","@id":"https:\/\/beyondx.se\/no\/#website","url":"https:\/\/beyondx.se\/no\/","name":"Beyond-X","description":"No Bullshit Ski Wear","publisher":{"@id":"https:\/\/beyondx.se\/no\/#organization"},"potentialAction":[{"@type":"SearchAction","target":{"@type":"EntryPoint","urlTemplate":"https:\/\/beyondx.se\/no\/?s={search_term_string}"},"query-input":"required name=search_term_string"}],"inLanguage":"nb-NO"},{"@type":"Organization","@id":"https:\/\/beyondx.se\/no\/#organization","name":"B-stedt of Sweden AB","url":"https:\/\/beyondx.se\/no\/","logo":{"@type":"ImageObject","inLanguage":"nb-NO","@id":"https:\/\/beyondx.se\/no\/#\/schema\/logo\/image\/","url":"https:\/\/beyondx.se\/wp-content\/uploads\/2023\/08\/bx-logo.svg","contentUrl":"https:\/\/beyondx.se\/wp-content\/uploads\/2023\/08\/bx-logo.svg","width":1,"height":1,"caption":"B-stedt of Sweden AB"},"image":{"@id":"https:\/\/beyondx.se\/no\/#\/schema\/logo\/image\/"}}]}},"_links":{"self":[{"href":"https:\/\/beyondx.se\/no\/wp-json\/wp\/v2\/product\/152443","targetHints":{"allow":["GET"]}}],"collection":[{"href":"https:\/\/beyondx.se\/no\/wp-json\/wp\/v2\/product"}],"about":[{"href":"https:\/\/beyondx.se\/no\/wp-json\/wp\/v2\/types\/product"}],"wp:featuredmedia":[{"embeddable":true,"href":"https:\/\/beyondx.se\/no\/wp-json\/wp\/v2\/media\/152461"}],"wp:attachment":[{"href":"https:\/\/beyondx.se\/no\/wp-json\/wp\/v2\/media?parent=152443"}],"wp:term":[{"taxonomy":"product_cat","embeddable":true,"href":"https:\/\/beyondx.se\/no\/wp-json\/wp\/v2\/product_cat?post=152443"},{"taxonomy":"product_tag","embeddable":true,"href":"https:\/\/beyondx.se\/no\/wp-json\/wp\/v2\/product_tag?post=152443"}],"curies":[{"name":"wp","href":"https:\/\/api.w.org\/{rel}","templated":true}]}}