{"id":152470,"date":"2026-02-12T08:16:33","date_gmt":"2026-02-12T07:16:33","guid":{"rendered":"https:\/\/beyondx.se\/?post_type=product&#038;p=152470"},"modified":"2026-04-17T06:04:56","modified_gmt":"2026-04-17T04:04:56","slug":"hestra-army-leather-heli-ski-3-finger-black","status":"publish","type":"product","link":"https:\/\/beyondx.se\/no\/produkt\/hestra-army-leather-heli-ski-3-finger-black\/","title":{"rendered":"HESTRA Army Leather Heli Ski 3-finger Black"},"content":{"rendered":"<p><strong>Varm skidhandske med tekniska funktioner&#8230;<\/strong><br \/>\nHestras Army Leather Heli Ski skapades ursprungligen f\u00f6r skidguider i v\u00e4stra Kanada som beh\u00f6vde en p\u00e5litlig och varm skidhandske f\u00f6r l\u00e5nga dagar i sn\u00f6 och kyla. Sydd i slitstarkt getskinn som ger utomordentligt grepp och k\u00e4nsla och med ovansida i v\u00e4dert\u00e5lig polyamidv\u00e4v. Denna 3-fingermodell passar dig som s\u00f6ker lite mer v\u00e4rme, men \u00e4nd\u00e5 beh\u00e5lla viss m\u00f6jlighet att arbeta med fingrarna, och den har en rad smarta funktioner som underl\u00e4ttar n\u00e4r du inte kan g\u00e5 in och v\u00e4rma dig s\u00e5 ofta. S\u00e5 \u00e4r till exempel fodret l\u00e4tt att ta ur och byta om det blir fuktigt eller f\u00f6r att anpassa efter varierande aktivitetsniv\u00e5 och temperatur. Och den l\u00e5nga kragen har sn\u00f6l\u00e5s som tillsammans med en kardborrerem vid handleden ser till att v\u00e4rmen stannar kvar inuti handsken. En handledsrem minskar risken f\u00f6r att du tappar handsken om du tagit av den f\u00f6r att hantera telefon eller utrustning. Dessutom g\u00f6r en medf\u00f6ljande karbinhake och l\u00e4der\u00f6gla p\u00e5 pekfingret att du kan h\u00e4nga handsken med \u00f6ppningen ner\u00e5t i skidbyxan eller kl\u00e4tterselen \u2013 praktiskt f\u00f6r att undvika att den fylls av sn\u00f6 om du jobbar med enbart en tunnare liner p\u00e5 h\u00e4nderna. En strykt\u00e5lig, flexibel f\u00f6ljeslagare f\u00f6r skid\u00e5kare som tillbringar mycket tid utomhus och ofta r\u00f6r sig en bra bit bort fr\u00e5n liftsystem och bekv\u00e4mligheter. Finns \u00e4ven i tum- och 5-fingermodell.<\/p>\n","protected":false},"excerpt":{"rendered":"Varm skidhandske med tekniska funktioner&#8230; Hestras Army Leather Heli Ski skapades ursprungligen f\u00f6r skidguider i v\u00e4stra Kanada som beh\u00f6vde en p\u00e5litlig och varm skidhandske f\u00f6r l\u00e5nga dagar i sn\u00f6 och kyla. Sydd i slitstarkt getskinn som ger utomordentligt grepp och k\u00e4nsla och med ovansida i v\u00e4dert\u00e5lig polyamidv\u00e4v. Denna 3-fingermodell passar dig som s\u00f6ker lite mer&#8230; <a class=\"view-article\" href=\"https:\/\/beyondx.se\/no\/produkt\/hestra-army-leather-heli-ski-3-finger-black\/\">View Article<\/a>","protected":false},"featured_media":152487,"template":"","meta":[],"product_cat":[100,969,185],"product_tag":[],"class_list":["post-152470","product","type-product","status-publish","has-post-thumbnail","hentry","product_cat-utrustning","product_cat-handskar","product_cat-hestra_sport","brands-hestra","fpd-variation-needed"],"yoast_head":"<!-- This site is optimized with the Yoast SEO plugin v21.0 - https:\/\/yoast.com\/wordpress\/plugins\/seo\/ -->\n<title>HESTRA Army Leather Heli Ski 3-finger Black - Beyond-X<\/title>\n<meta name=\"description\" content=\"En p\u00e5litlig och varm skidhandske f\u00f6r l\u00e5nga dagar i sn\u00f6 och kyla. Sydd i slitstarkt getskinn som ger utomordentligt grepp och k\u00e4nsla.\" \/>\n<meta name=\"robots\" content=\"index, follow, max-snippet:-1, max-image-preview:large, max-video-preview:-1\" \/>\n<link rel=\"canonical\" href=\"https:\/\/beyondx.se\/no\/produkt\/hestra-army-leather-heli-ski-3-finger-black\/\" \/>\n<meta property=\"og:locale\" content=\"nb_NO\" \/>\n<meta property=\"og:type\" content=\"article\" \/>\n<meta property=\"og:title\" content=\"HESTRA Army Leather Heli Ski 3-finger Black - Beyond-X\" \/>\n<meta property=\"og:description\" content=\"En p\u00e5litlig och varm skidhandske f\u00f6r l\u00e5nga dagar i sn\u00f6 och kyla. Sydd i slitstarkt getskinn som ger utomordentligt grepp och k\u00e4nsla.\" \/>\n<meta property=\"og:url\" content=\"https:\/\/beyondx.se\/no\/produkt\/hestra-army-leather-heli-ski-3-finger-black\/\" \/>\n<meta property=\"og:site_name\" content=\"Beyond-X\" \/>\n<meta property=\"article:modified_time\" content=\"2026-04-17T04:04:56+00:00\" \/>\n<meta property=\"og:image\" content=\"https:\/\/beyondx.se\/wp-content\/uploads\/2026\/02\/30572-100-1.jpg\" \/>\n\t<meta property=\"og:image:width\" content=\"1536\" \/>\n\t<meta property=\"og:image:height\" content=\"1600\" \/>\n\t<meta property=\"og:image:type\" content=\"image\/jpeg\" \/>\n<meta name=\"twitter:card\" content=\"summary_large_image\" \/>\n<meta name=\"twitter:label1\" content=\"Ansl. lesetid\" \/>\n\t<meta name=\"twitter:data1\" content=\"2 minutter\" \/>\n<script type=\"application\/ld+json\" class=\"yoast-schema-graph\">{\"@context\":\"https:\/\/schema.org\",\"@graph\":[{\"@type\":\"WebPage\",\"@id\":\"https:\/\/beyondx.se\/no\/produkt\/hestra-army-leather-heli-ski-3-finger-black\/\",\"url\":\"https:\/\/beyondx.se\/no\/produkt\/hestra-army-leather-heli-ski-3-finger-black\/\",\"name\":\"HESTRA Army Leather Heli Ski 3-finger Black - Beyond-X\",\"isPartOf\":{\"@id\":\"https:\/\/beyondx.se\/no\/#website\"},\"datePublished\":\"2026-02-12T07:16:33+00:00\",\"dateModified\":\"2026-04-17T04:04:56+00:00\",\"description\":\"En p\u00e5litlig och varm skidhandske f\u00f6r l\u00e5nga dagar i sn\u00f6 och kyla. Sydd i slitstarkt getskinn som ger utomordentligt grepp och k\u00e4nsla.\",\"breadcrumb\":{\"@id\":\"https:\/\/beyondx.se\/no\/produkt\/hestra-army-leather-heli-ski-3-finger-black\/#breadcrumb\"},\"inLanguage\":\"nb-NO\",\"potentialAction\":[{\"@type\":\"ReadAction\",\"target\":[\"https:\/\/beyondx.se\/no\/produkt\/hestra-army-leather-heli-ski-3-finger-black\/\"]}]},{\"@type\":\"BreadcrumbList\",\"@id\":\"https:\/\/beyondx.se\/no\/produkt\/hestra-army-leather-heli-ski-3-finger-black\/#breadcrumb\",\"itemListElement\":[{\"@type\":\"ListItem\",\"position\":1,\"name\":\"Hem\",\"item\":\"https:\/\/beyondx.se\/no\/\"},{\"@type\":\"ListItem\",\"position\":2,\"name\":\"Butik\",\"item\":\"https:\/\/beyondx.se\/no\/butik\/\"},{\"@type\":\"ListItem\",\"position\":3,\"name\":\"HESTRA Army Leather Heli Ski 3-finger Black\"}]},{\"@type\":\"WebSite\",\"@id\":\"https:\/\/beyondx.se\/no\/#website\",\"url\":\"https:\/\/beyondx.se\/no\/\",\"name\":\"Beyond-X\",\"description\":\"No Bullshit Ski Wear\",\"publisher\":{\"@id\":\"https:\/\/beyondx.se\/no\/#organization\"},\"potentialAction\":[{\"@type\":\"SearchAction\",\"target\":{\"@type\":\"EntryPoint\",\"urlTemplate\":\"https:\/\/beyondx.se\/no\/?s={search_term_string}\"},\"query-input\":\"required name=search_term_string\"}],\"inLanguage\":\"nb-NO\"},{\"@type\":\"Organization\",\"@id\":\"https:\/\/beyondx.se\/no\/#organization\",\"name\":\"B-stedt of Sweden AB\",\"url\":\"https:\/\/beyondx.se\/no\/\",\"logo\":{\"@type\":\"ImageObject\",\"inLanguage\":\"nb-NO\",\"@id\":\"https:\/\/beyondx.se\/no\/#\/schema\/logo\/image\/\",\"url\":\"https:\/\/beyondx.se\/wp-content\/uploads\/2023\/08\/bx-logo.svg\",\"contentUrl\":\"https:\/\/beyondx.se\/wp-content\/uploads\/2023\/08\/bx-logo.svg\",\"width\":1,\"height\":1,\"caption\":\"B-stedt of Sweden AB\"},\"image\":{\"@id\":\"https:\/\/beyondx.se\/no\/#\/schema\/logo\/image\/\"}}]}<\/script>\n<!-- \/ Yoast SEO plugin. -->","yoast_head_json":{"title":"HESTRA Army Leather Heli Ski 3-finger Black - Beyond-X","description":"En p\u00e5litlig och varm skidhandske f\u00f6r l\u00e5nga dagar i sn\u00f6 och kyla. Sydd i slitstarkt getskinn som ger utomordentligt grepp och k\u00e4nsla.","robots":{"index":"index","follow":"follow","max-snippet":"max-snippet:-1","max-image-preview":"max-image-preview:large","max-video-preview":"max-video-preview:-1"},"canonical":"https:\/\/beyondx.se\/no\/produkt\/hestra-army-leather-heli-ski-3-finger-black\/","og_locale":"nb_NO","og_type":"article","og_title":"HESTRA Army Leather Heli Ski 3-finger Black - Beyond-X","og_description":"En p\u00e5litlig och varm skidhandske f\u00f6r l\u00e5nga dagar i sn\u00f6 och kyla. Sydd i slitstarkt getskinn som ger utomordentligt grepp och k\u00e4nsla.","og_url":"https:\/\/beyondx.se\/no\/produkt\/hestra-army-leather-heli-ski-3-finger-black\/","og_site_name":"Beyond-X","article_modified_time":"2026-04-17T04:04:56+00:00","og_image":[{"width":1536,"height":1600,"url":"https:\/\/beyondx.se\/wp-content\/uploads\/2026\/02\/30572-100-1.jpg","type":"image\/jpeg"}],"twitter_card":"summary_large_image","twitter_misc":{"Ansl. lesetid":"2 minutter"},"schema":{"@context":"https:\/\/schema.org","@graph":[{"@type":"WebPage","@id":"https:\/\/beyondx.se\/no\/produkt\/hestra-army-leather-heli-ski-3-finger-black\/","url":"https:\/\/beyondx.se\/no\/produkt\/hestra-army-leather-heli-ski-3-finger-black\/","name":"HESTRA Army Leather Heli Ski 3-finger Black - Beyond-X","isPartOf":{"@id":"https:\/\/beyondx.se\/no\/#website"},"datePublished":"2026-02-12T07:16:33+00:00","dateModified":"2026-04-17T04:04:56+00:00","description":"En p\u00e5litlig och varm skidhandske f\u00f6r l\u00e5nga dagar i sn\u00f6 och kyla. Sydd i slitstarkt getskinn som ger utomordentligt grepp och k\u00e4nsla.","breadcrumb":{"@id":"https:\/\/beyondx.se\/no\/produkt\/hestra-army-leather-heli-ski-3-finger-black\/#breadcrumb"},"inLanguage":"nb-NO","potentialAction":[{"@type":"ReadAction","target":["https:\/\/beyondx.se\/no\/produkt\/hestra-army-leather-heli-ski-3-finger-black\/"]}]},{"@type":"BreadcrumbList","@id":"https:\/\/beyondx.se\/no\/produkt\/hestra-army-leather-heli-ski-3-finger-black\/#breadcrumb","itemListElement":[{"@type":"ListItem","position":1,"name":"Hem","item":"https:\/\/beyondx.se\/no\/"},{"@type":"ListItem","position":2,"name":"Butik","item":"https:\/\/beyondx.se\/no\/butik\/"},{"@type":"ListItem","position":3,"name":"HESTRA Army Leather Heli Ski 3-finger Black"}]},{"@type":"WebSite","@id":"https:\/\/beyondx.se\/no\/#website","url":"https:\/\/beyondx.se\/no\/","name":"Beyond-X","description":"No Bullshit Ski Wear","publisher":{"@id":"https:\/\/beyondx.se\/no\/#organization"},"potentialAction":[{"@type":"SearchAction","target":{"@type":"EntryPoint","urlTemplate":"https:\/\/beyondx.se\/no\/?s={search_term_string}"},"query-input":"required name=search_term_string"}],"inLanguage":"nb-NO"},{"@type":"Organization","@id":"https:\/\/beyondx.se\/no\/#organization","name":"B-stedt of Sweden AB","url":"https:\/\/beyondx.se\/no\/","logo":{"@type":"ImageObject","inLanguage":"nb-NO","@id":"https:\/\/beyondx.se\/no\/#\/schema\/logo\/image\/","url":"https:\/\/beyondx.se\/wp-content\/uploads\/2023\/08\/bx-logo.svg","contentUrl":"https:\/\/beyondx.se\/wp-content\/uploads\/2023\/08\/bx-logo.svg","width":1,"height":1,"caption":"B-stedt of Sweden AB"},"image":{"@id":"https:\/\/beyondx.se\/no\/#\/schema\/logo\/image\/"}}]}},"_links":{"self":[{"href":"https:\/\/beyondx.se\/no\/wp-json\/wp\/v2\/product\/152470","targetHints":{"allow":["GET"]}}],"collection":[{"href":"https:\/\/beyondx.se\/no\/wp-json\/wp\/v2\/product"}],"about":[{"href":"https:\/\/beyondx.se\/no\/wp-json\/wp\/v2\/types\/product"}],"wp:featuredmedia":[{"embeddable":true,"href":"https:\/\/beyondx.se\/no\/wp-json\/wp\/v2\/media\/152487"}],"wp:attachment":[{"href":"https:\/\/beyondx.se\/no\/wp-json\/wp\/v2\/media?parent=152470"}],"wp:term":[{"taxonomy":"product_cat","embeddable":true,"href":"https:\/\/beyondx.se\/no\/wp-json\/wp\/v2\/product_cat?post=152470"},{"taxonomy":"product_tag","embeddable":true,"href":"https:\/\/beyondx.se\/no\/wp-json\/wp\/v2\/product_tag?post=152470"}],"curies":[{"name":"wp","href":"https:\/\/api.w.org\/{rel}","templated":true}]}}