{"id":152580,"date":"2026-02-23T11:00:07","date_gmt":"2026-02-23T10:00:07","guid":{"rendered":"https:\/\/beyondx.se\/product\/traning-tavling-natbanderoll-06x25m-ink-rod-kapp\/"},"modified":"2026-04-15T06:23:24","modified_gmt":"2026-04-15T04:23:24","slug":"traning-tavling-natbanderoll-06x25m-ink-rod-kapp","status":"publish","type":"product","link":"https:\/\/beyondx.se\/no\/produkt\/traning-tavling-natbanderoll-06x25m-ink-rod-kapp\/","title":{"rendered":"Tr\u00e4ning \/ T\u00e4vling n\u00e4tbanderoll 0,6&#215;2,5m, ink r\u00f6d k\u00e4pp"},"content":{"rendered":"","protected":false},"excerpt":{"rendered":"<p>Tr&#228;ning\/T&#228;vling banderoll i digitaltryckt mesh material.<br \/>Insydda tunnlar p&#229; vardera sida med k&#228;ppar som sitter &#229;t med res&#229;r i botten.<br \/><strong>H&#246;jd \/ Bredd: <\/strong>0,6m \/ 2,5m<br \/><strong>K&#228;pp:<\/strong> 35mmx160cm.<br \/>&#214;nskas eget tryck s&#229; &#228;r det m&#246;jligt, kontakta oss s&#229; hj&#228;lper vi till!<\/p>","protected":false},"featured_media":152578,"template":"","meta":[],"product_cat":[1427,1268],"product_tag":[],"class_list":["post-152580","product","type-product","status-publish","has-post-thumbnail","hentry","product_cat-skyltning","product_cat-banderoller-och-paneler","product_shipping_class-paket-over-150cm","brands-beyond-x","fpd-variation-needed"],"yoast_head":"<!-- This site is optimized with the Yoast SEO plugin v21.0 - https:\/\/yoast.com\/wordpress\/plugins\/seo\/ -->\n<title>Tr\u00e4ning \/ T\u00e4vling n\u00e4tbanderoll 0,6x2,5m, ink r\u00f6d k\u00e4pp - Beyond-X<\/title>\n<meta name=\"robots\" content=\"index, follow, max-snippet:-1, max-image-preview:large, max-video-preview:-1\" \/>\n<link rel=\"canonical\" href=\"https:\/\/beyondx.se\/no\/produkt\/traning-tavling-natbanderoll-06x25m-ink-rod-kapp\/\" \/>\n<meta property=\"og:locale\" content=\"nb_NO\" \/>\n<meta property=\"og:type\" content=\"article\" \/>\n<meta property=\"og:title\" content=\"Tr\u00e4ning \/ T\u00e4vling n\u00e4tbanderoll 0,6x2,5m, ink r\u00f6d k\u00e4pp - Beyond-X\" \/>\n<meta property=\"og:description\" content=\"Tr&#228;ning\/T&#228;vling banderoll i digitaltryckt mesh material.Insydda tunnlar p&#229; vardera sida med k&#228;ppar som sitter &#229;t med res&#229;r i botten.H&#246;jd \/ Bredd: 0,6m \/ 2,5mK&#228;pp: 35mmx160cm.&#214;nskas eget tryck s&#229; &#228;r det m&#246;jligt, kontakta oss s&#229; hj&#228;lper vi till!\" \/>\n<meta property=\"og:url\" content=\"https:\/\/beyondx.se\/no\/produkt\/traning-tavling-natbanderoll-06x25m-ink-rod-kapp\/\" \/>\n<meta property=\"og:site_name\" content=\"Beyond-X\" \/>\n<meta property=\"article:modified_time\" content=\"2026-04-15T04:23:24+00:00\" \/>\n<meta property=\"og:image\" content=\"https:\/\/beyondx.se\/wp-content\/uploads\/2026\/02\/PPSWE205G_1.jpg\" \/>\n\t<meta property=\"og:image:width\" content=\"800\" \/>\n\t<meta property=\"og:image:height\" content=\"800\" \/>\n\t<meta property=\"og:image:type\" content=\"image\/jpeg\" \/>\n<meta name=\"twitter:card\" content=\"summary_large_image\" \/>\n<script type=\"application\/ld+json\" class=\"yoast-schema-graph\">{\"@context\":\"https:\/\/schema.org\",\"@graph\":[{\"@type\":\"WebPage\",\"@id\":\"https:\/\/beyondx.se\/no\/produkt\/traning-tavling-natbanderoll-06x25m-ink-rod-kapp\/\",\"url\":\"https:\/\/beyondx.se\/no\/produkt\/traning-tavling-natbanderoll-06x25m-ink-rod-kapp\/\",\"name\":\"Tr\u00e4ning \/ T\u00e4vling n\u00e4tbanderoll 0,6x2,5m, ink r\u00f6d k\u00e4pp - Beyond-X\",\"isPartOf\":{\"@id\":\"https:\/\/beyondx.se\/no\/#website\"},\"datePublished\":\"2026-02-23T10:00:07+00:00\",\"dateModified\":\"2026-04-15T04:23:24+00:00\",\"breadcrumb\":{\"@id\":\"https:\/\/beyondx.se\/no\/produkt\/traning-tavling-natbanderoll-06x25m-ink-rod-kapp\/#breadcrumb\"},\"inLanguage\":\"nb-NO\",\"potentialAction\":[{\"@type\":\"ReadAction\",\"target\":[\"https:\/\/beyondx.se\/no\/produkt\/traning-tavling-natbanderoll-06x25m-ink-rod-kapp\/\"]}]},{\"@type\":\"BreadcrumbList\",\"@id\":\"https:\/\/beyondx.se\/no\/produkt\/traning-tavling-natbanderoll-06x25m-ink-rod-kapp\/#breadcrumb\",\"itemListElement\":[{\"@type\":\"ListItem\",\"position\":1,\"name\":\"Hem\",\"item\":\"https:\/\/beyondx.se\/no\/\"},{\"@type\":\"ListItem\",\"position\":2,\"name\":\"Butik\",\"item\":\"https:\/\/beyondx.se\/no\/butik\/\"},{\"@type\":\"ListItem\",\"position\":3,\"name\":\"Tr\u00e4ning \/ T\u00e4vling n\u00e4tbanderoll 0,6&#215;2,5m, ink r\u00f6d k\u00e4pp\"}]},{\"@type\":\"WebSite\",\"@id\":\"https:\/\/beyondx.se\/no\/#website\",\"url\":\"https:\/\/beyondx.se\/no\/\",\"name\":\"Beyond-X\",\"description\":\"No Bullshit Ski Wear\",\"publisher\":{\"@id\":\"https:\/\/beyondx.se\/no\/#organization\"},\"potentialAction\":[{\"@type\":\"SearchAction\",\"target\":{\"@type\":\"EntryPoint\",\"urlTemplate\":\"https:\/\/beyondx.se\/no\/?s={search_term_string}\"},\"query-input\":\"required name=search_term_string\"}],\"inLanguage\":\"nb-NO\"},{\"@type\":\"Organization\",\"@id\":\"https:\/\/beyondx.se\/no\/#organization\",\"name\":\"B-stedt of Sweden AB\",\"url\":\"https:\/\/beyondx.se\/no\/\",\"logo\":{\"@type\":\"ImageObject\",\"inLanguage\":\"nb-NO\",\"@id\":\"https:\/\/beyondx.se\/no\/#\/schema\/logo\/image\/\",\"url\":\"https:\/\/beyondx.se\/wp-content\/uploads\/2023\/08\/bx-logo.svg\",\"contentUrl\":\"https:\/\/beyondx.se\/wp-content\/uploads\/2023\/08\/bx-logo.svg\",\"width\":1,\"height\":1,\"caption\":\"B-stedt of Sweden AB\"},\"image\":{\"@id\":\"https:\/\/beyondx.se\/no\/#\/schema\/logo\/image\/\"}}]}<\/script>\n<!-- \/ Yoast SEO plugin. -->","yoast_head_json":{"title":"Tr\u00e4ning \/ T\u00e4vling n\u00e4tbanderoll 0,6x2,5m, ink r\u00f6d k\u00e4pp - Beyond-X","robots":{"index":"index","follow":"follow","max-snippet":"max-snippet:-1","max-image-preview":"max-image-preview:large","max-video-preview":"max-video-preview:-1"},"canonical":"https:\/\/beyondx.se\/no\/produkt\/traning-tavling-natbanderoll-06x25m-ink-rod-kapp\/","og_locale":"nb_NO","og_type":"article","og_title":"Tr\u00e4ning \/ T\u00e4vling n\u00e4tbanderoll 0,6x2,5m, ink r\u00f6d k\u00e4pp - Beyond-X","og_description":"Tr&#228;ning\/T&#228;vling banderoll i digitaltryckt mesh material.Insydda tunnlar p&#229; vardera sida med k&#228;ppar som sitter &#229;t med res&#229;r i botten.H&#246;jd \/ Bredd: 0,6m \/ 2,5mK&#228;pp: 35mmx160cm.&#214;nskas eget tryck s&#229; &#228;r det m&#246;jligt, kontakta oss s&#229; hj&#228;lper vi till!","og_url":"https:\/\/beyondx.se\/no\/produkt\/traning-tavling-natbanderoll-06x25m-ink-rod-kapp\/","og_site_name":"Beyond-X","article_modified_time":"2026-04-15T04:23:24+00:00","og_image":[{"width":800,"height":800,"url":"https:\/\/beyondx.se\/wp-content\/uploads\/2026\/02\/PPSWE205G_1.jpg","type":"image\/jpeg"}],"twitter_card":"summary_large_image","schema":{"@context":"https:\/\/schema.org","@graph":[{"@type":"WebPage","@id":"https:\/\/beyondx.se\/no\/produkt\/traning-tavling-natbanderoll-06x25m-ink-rod-kapp\/","url":"https:\/\/beyondx.se\/no\/produkt\/traning-tavling-natbanderoll-06x25m-ink-rod-kapp\/","name":"Tr\u00e4ning \/ T\u00e4vling n\u00e4tbanderoll 0,6x2,5m, ink r\u00f6d k\u00e4pp - Beyond-X","isPartOf":{"@id":"https:\/\/beyondx.se\/no\/#website"},"datePublished":"2026-02-23T10:00:07+00:00","dateModified":"2026-04-15T04:23:24+00:00","breadcrumb":{"@id":"https:\/\/beyondx.se\/no\/produkt\/traning-tavling-natbanderoll-06x25m-ink-rod-kapp\/#breadcrumb"},"inLanguage":"nb-NO","potentialAction":[{"@type":"ReadAction","target":["https:\/\/beyondx.se\/no\/produkt\/traning-tavling-natbanderoll-06x25m-ink-rod-kapp\/"]}]},{"@type":"BreadcrumbList","@id":"https:\/\/beyondx.se\/no\/produkt\/traning-tavling-natbanderoll-06x25m-ink-rod-kapp\/#breadcrumb","itemListElement":[{"@type":"ListItem","position":1,"name":"Hem","item":"https:\/\/beyondx.se\/no\/"},{"@type":"ListItem","position":2,"name":"Butik","item":"https:\/\/beyondx.se\/no\/butik\/"},{"@type":"ListItem","position":3,"name":"Tr\u00e4ning \/ T\u00e4vling n\u00e4tbanderoll 0,6&#215;2,5m, ink r\u00f6d k\u00e4pp"}]},{"@type":"WebSite","@id":"https:\/\/beyondx.se\/no\/#website","url":"https:\/\/beyondx.se\/no\/","name":"Beyond-X","description":"No Bullshit Ski Wear","publisher":{"@id":"https:\/\/beyondx.se\/no\/#organization"},"potentialAction":[{"@type":"SearchAction","target":{"@type":"EntryPoint","urlTemplate":"https:\/\/beyondx.se\/no\/?s={search_term_string}"},"query-input":"required name=search_term_string"}],"inLanguage":"nb-NO"},{"@type":"Organization","@id":"https:\/\/beyondx.se\/no\/#organization","name":"B-stedt of Sweden AB","url":"https:\/\/beyondx.se\/no\/","logo":{"@type":"ImageObject","inLanguage":"nb-NO","@id":"https:\/\/beyondx.se\/no\/#\/schema\/logo\/image\/","url":"https:\/\/beyondx.se\/wp-content\/uploads\/2023\/08\/bx-logo.svg","contentUrl":"https:\/\/beyondx.se\/wp-content\/uploads\/2023\/08\/bx-logo.svg","width":1,"height":1,"caption":"B-stedt of Sweden AB"},"image":{"@id":"https:\/\/beyondx.se\/no\/#\/schema\/logo\/image\/"}}]}},"_links":{"self":[{"href":"https:\/\/beyondx.se\/no\/wp-json\/wp\/v2\/product\/152580","targetHints":{"allow":["GET"]}}],"collection":[{"href":"https:\/\/beyondx.se\/no\/wp-json\/wp\/v2\/product"}],"about":[{"href":"https:\/\/beyondx.se\/no\/wp-json\/wp\/v2\/types\/product"}],"wp:featuredmedia":[{"embeddable":true,"href":"https:\/\/beyondx.se\/no\/wp-json\/wp\/v2\/media\/152578"}],"wp:attachment":[{"href":"https:\/\/beyondx.se\/no\/wp-json\/wp\/v2\/media?parent=152580"}],"wp:term":[{"taxonomy":"product_cat","embeddable":true,"href":"https:\/\/beyondx.se\/no\/wp-json\/wp\/v2\/product_cat?post=152580"},{"taxonomy":"product_tag","embeddable":true,"href":"https:\/\/beyondx.se\/no\/wp-json\/wp\/v2\/product_tag?post=152580"}],"curies":[{"name":"wp","href":"https:\/\/api.w.org\/{rel}","templated":true}]}}