{"id":152675,"date":"2026-03-01T15:16:13","date_gmt":"2026-03-01T14:16:13","guid":{"rendered":"https:\/\/beyondx.se\/?post_type=product&#038;p=152675"},"modified":"2026-04-24T06:10:09","modified_gmt":"2026-04-24T04:10:09","slug":"cascade-100-the-legend-toboggan","status":"publish","type":"product","link":"https:\/\/beyondx.se\/no\/produkt\/cascade-100-the-legend-toboggan\/","title":{"rendered":"Cascade 100 &#8211; THE LEGEND TOBOGGAN"},"content":{"rendered":"","protected":false},"excerpt":{"rendered":"Modell 100 kallas f\u00f6r &#8220;The Legend&#8221; helt enkelt f\u00f6r att dess bepr\u00f6vade prestanda \u00e4r inget annat \u00e4n legendarisk.\r\nDenna ultraman\u00f6vrerbara r\u00e4ddningpulka \u00e4r branschstandard och finns i n\u00e4stan alla skidbackar i USA, Kanada och i \u00f6ver 25 olika l\u00e4nder runt om i v\u00e4rlden.\r\n\r\nThe Legend \u00e4r l\u00e4ttare, starkare, snabbare och har fler standardfunktioner \u00e4n n\u00e5gonsin tidigare.\r\nV\u00e4lj <strong>127 cm styrskenor<\/strong> f\u00f6r h\u00e5rdpackade eller isiga backar eller n\u00e4r den bogseras bakom en sn\u00f6skoter.\r\n<strong>76 cm styrskenor<\/strong> utm\u00e4rker sig i branta, djupa pudersn\u00f6f\u00f6rh\u00e5llanden d\u00e4r l\u00e5nga traverseringar kan uppst\u00e5 och i flack utf\u00f6rsk\u00f6rning.\r\n\r\nVi rekommenderar 127cm styrskenor f\u00f6r skandinaviska skidanl\u00e4ggningar.\r\nP\u00e5 grund av att detta \u00e4r mycket skrymmande att skicka s\u00e5 offererar vi frakten.\r\nSkriv ditt postnummer med din f\u00f6rfr\u00e5gan s\u00e5 \u00e5terkommer vi med totalkostnad.","protected":false},"featured_media":143357,"template":"","meta":[],"product_cat":[2314,1683,148,219],"product_tag":[],"class_list":["post-152675","product","type-product","status-publish","has-post-thumbnail","hentry","product_cat-cascade-rescue","product_cat-raddningspulkor","product_cat-skidanlaggning","product_cat-sakerhet-tillbehor","brands-cascade-rescue","fpd-variation-needed"],"yoast_head":"<!-- This site is optimized with the Yoast SEO plugin v21.0 - https:\/\/yoast.com\/wordpress\/plugins\/seo\/ -->\n<title>Cascade 100 - THE LEGEND TOBOGGAN - Beyond-X<\/title>\n<meta name=\"description\" content=\"The Legend \u00e4r l\u00e4ttare, starkare, snabbare och har fler standardfunktioner \u00e4n n\u00e5gonsin tidigare. En riktig p\u00e5litlig slitvarg i skidbackarna.\" \/>\n<meta name=\"robots\" content=\"index, follow, max-snippet:-1, max-image-preview:large, max-video-preview:-1\" \/>\n<link rel=\"canonical\" href=\"https:\/\/beyondx.se\/no\/produkt\/cascade-100-the-legend-toboggan\/\" \/>\n<meta property=\"og:locale\" content=\"nb_NO\" \/>\n<meta property=\"og:type\" content=\"article\" \/>\n<meta property=\"og:title\" content=\"Cascade 100 - THE LEGEND TOBOGGAN - Beyond-X\" \/>\n<meta property=\"og:description\" content=\"The Legend \u00e4r l\u00e4ttare, starkare, snabbare och har fler standardfunktioner \u00e4n n\u00e5gonsin tidigare. En riktig p\u00e5litlig slitvarg i skidbackarna.\" \/>\n<meta property=\"og:url\" content=\"https:\/\/beyondx.se\/no\/produkt\/cascade-100-the-legend-toboggan\/\" \/>\n<meta property=\"og:site_name\" content=\"Beyond-X\" \/>\n<meta property=\"article:modified_time\" content=\"2026-04-24T04:10:09+00:00\" \/>\n<meta property=\"og:image\" content=\"https:\/\/beyondx.se\/wp-content\/uploads\/2024\/11\/Cascade-flyer-poster-edited.jpg\" \/>\n\t<meta property=\"og:image:width\" content=\"1090\" \/>\n\t<meta property=\"og:image:height\" content=\"1090\" \/>\n\t<meta property=\"og:image:type\" content=\"image\/jpeg\" \/>\n<meta name=\"twitter:card\" content=\"summary_large_image\" \/>\n<script type=\"application\/ld+json\" class=\"yoast-schema-graph\">{\"@context\":\"https:\/\/schema.org\",\"@graph\":[{\"@type\":\"WebPage\",\"@id\":\"https:\/\/beyondx.se\/no\/produkt\/cascade-100-the-legend-toboggan\/\",\"url\":\"https:\/\/beyondx.se\/no\/produkt\/cascade-100-the-legend-toboggan\/\",\"name\":\"Cascade 100 - THE LEGEND TOBOGGAN - Beyond-X\",\"isPartOf\":{\"@id\":\"https:\/\/beyondx.se\/no\/#website\"},\"datePublished\":\"2026-03-01T14:16:13+00:00\",\"dateModified\":\"2026-04-24T04:10:09+00:00\",\"description\":\"The Legend \u00e4r l\u00e4ttare, starkare, snabbare och har fler standardfunktioner \u00e4n n\u00e5gonsin tidigare. En riktig p\u00e5litlig slitvarg i skidbackarna.\",\"breadcrumb\":{\"@id\":\"https:\/\/beyondx.se\/no\/produkt\/cascade-100-the-legend-toboggan\/#breadcrumb\"},\"inLanguage\":\"nb-NO\",\"potentialAction\":[{\"@type\":\"ReadAction\",\"target\":[\"https:\/\/beyondx.se\/no\/produkt\/cascade-100-the-legend-toboggan\/\"]}]},{\"@type\":\"BreadcrumbList\",\"@id\":\"https:\/\/beyondx.se\/no\/produkt\/cascade-100-the-legend-toboggan\/#breadcrumb\",\"itemListElement\":[{\"@type\":\"ListItem\",\"position\":1,\"name\":\"Hem\",\"item\":\"https:\/\/beyondx.se\/no\/\"},{\"@type\":\"ListItem\",\"position\":2,\"name\":\"Butik\",\"item\":\"https:\/\/beyondx.se\/no\/butik\/\"},{\"@type\":\"ListItem\",\"position\":3,\"name\":\"Cascade 100 &#8211; THE LEGEND TOBOGGAN\"}]},{\"@type\":\"WebSite\",\"@id\":\"https:\/\/beyondx.se\/no\/#website\",\"url\":\"https:\/\/beyondx.se\/no\/\",\"name\":\"Beyond-X\",\"description\":\"No Bullshit Ski Wear\",\"publisher\":{\"@id\":\"https:\/\/beyondx.se\/no\/#organization\"},\"potentialAction\":[{\"@type\":\"SearchAction\",\"target\":{\"@type\":\"EntryPoint\",\"urlTemplate\":\"https:\/\/beyondx.se\/no\/?s={search_term_string}\"},\"query-input\":\"required name=search_term_string\"}],\"inLanguage\":\"nb-NO\"},{\"@type\":\"Organization\",\"@id\":\"https:\/\/beyondx.se\/no\/#organization\",\"name\":\"B-stedt of Sweden AB\",\"url\":\"https:\/\/beyondx.se\/no\/\",\"logo\":{\"@type\":\"ImageObject\",\"inLanguage\":\"nb-NO\",\"@id\":\"https:\/\/beyondx.se\/no\/#\/schema\/logo\/image\/\",\"url\":\"https:\/\/beyondx.se\/wp-content\/uploads\/2023\/08\/bx-logo.svg\",\"contentUrl\":\"https:\/\/beyondx.se\/wp-content\/uploads\/2023\/08\/bx-logo.svg\",\"width\":1,\"height\":1,\"caption\":\"B-stedt of Sweden AB\"},\"image\":{\"@id\":\"https:\/\/beyondx.se\/no\/#\/schema\/logo\/image\/\"}}]}<\/script>\n<!-- \/ Yoast SEO plugin. -->","yoast_head_json":{"title":"Cascade 100 - THE LEGEND TOBOGGAN - Beyond-X","description":"The Legend \u00e4r l\u00e4ttare, starkare, snabbare och har fler standardfunktioner \u00e4n n\u00e5gonsin tidigare. En riktig p\u00e5litlig slitvarg i skidbackarna.","robots":{"index":"index","follow":"follow","max-snippet":"max-snippet:-1","max-image-preview":"max-image-preview:large","max-video-preview":"max-video-preview:-1"},"canonical":"https:\/\/beyondx.se\/no\/produkt\/cascade-100-the-legend-toboggan\/","og_locale":"nb_NO","og_type":"article","og_title":"Cascade 100 - THE LEGEND TOBOGGAN - Beyond-X","og_description":"The Legend \u00e4r l\u00e4ttare, starkare, snabbare och har fler standardfunktioner \u00e4n n\u00e5gonsin tidigare. En riktig p\u00e5litlig slitvarg i skidbackarna.","og_url":"https:\/\/beyondx.se\/no\/produkt\/cascade-100-the-legend-toboggan\/","og_site_name":"Beyond-X","article_modified_time":"2026-04-24T04:10:09+00:00","og_image":[{"width":1090,"height":1090,"url":"https:\/\/beyondx.se\/wp-content\/uploads\/2024\/11\/Cascade-flyer-poster-edited.jpg","type":"image\/jpeg"}],"twitter_card":"summary_large_image","schema":{"@context":"https:\/\/schema.org","@graph":[{"@type":"WebPage","@id":"https:\/\/beyondx.se\/no\/produkt\/cascade-100-the-legend-toboggan\/","url":"https:\/\/beyondx.se\/no\/produkt\/cascade-100-the-legend-toboggan\/","name":"Cascade 100 - THE LEGEND TOBOGGAN - Beyond-X","isPartOf":{"@id":"https:\/\/beyondx.se\/no\/#website"},"datePublished":"2026-03-01T14:16:13+00:00","dateModified":"2026-04-24T04:10:09+00:00","description":"The Legend \u00e4r l\u00e4ttare, starkare, snabbare och har fler standardfunktioner \u00e4n n\u00e5gonsin tidigare. En riktig p\u00e5litlig slitvarg i skidbackarna.","breadcrumb":{"@id":"https:\/\/beyondx.se\/no\/produkt\/cascade-100-the-legend-toboggan\/#breadcrumb"},"inLanguage":"nb-NO","potentialAction":[{"@type":"ReadAction","target":["https:\/\/beyondx.se\/no\/produkt\/cascade-100-the-legend-toboggan\/"]}]},{"@type":"BreadcrumbList","@id":"https:\/\/beyondx.se\/no\/produkt\/cascade-100-the-legend-toboggan\/#breadcrumb","itemListElement":[{"@type":"ListItem","position":1,"name":"Hem","item":"https:\/\/beyondx.se\/no\/"},{"@type":"ListItem","position":2,"name":"Butik","item":"https:\/\/beyondx.se\/no\/butik\/"},{"@type":"ListItem","position":3,"name":"Cascade 100 &#8211; THE LEGEND TOBOGGAN"}]},{"@type":"WebSite","@id":"https:\/\/beyondx.se\/no\/#website","url":"https:\/\/beyondx.se\/no\/","name":"Beyond-X","description":"No Bullshit Ski Wear","publisher":{"@id":"https:\/\/beyondx.se\/no\/#organization"},"potentialAction":[{"@type":"SearchAction","target":{"@type":"EntryPoint","urlTemplate":"https:\/\/beyondx.se\/no\/?s={search_term_string}"},"query-input":"required name=search_term_string"}],"inLanguage":"nb-NO"},{"@type":"Organization","@id":"https:\/\/beyondx.se\/no\/#organization","name":"B-stedt of Sweden AB","url":"https:\/\/beyondx.se\/no\/","logo":{"@type":"ImageObject","inLanguage":"nb-NO","@id":"https:\/\/beyondx.se\/no\/#\/schema\/logo\/image\/","url":"https:\/\/beyondx.se\/wp-content\/uploads\/2023\/08\/bx-logo.svg","contentUrl":"https:\/\/beyondx.se\/wp-content\/uploads\/2023\/08\/bx-logo.svg","width":1,"height":1,"caption":"B-stedt of Sweden AB"},"image":{"@id":"https:\/\/beyondx.se\/no\/#\/schema\/logo\/image\/"}}]}},"_links":{"self":[{"href":"https:\/\/beyondx.se\/no\/wp-json\/wp\/v2\/product\/152675","targetHints":{"allow":["GET"]}}],"collection":[{"href":"https:\/\/beyondx.se\/no\/wp-json\/wp\/v2\/product"}],"about":[{"href":"https:\/\/beyondx.se\/no\/wp-json\/wp\/v2\/types\/product"}],"wp:featuredmedia":[{"embeddable":true,"href":"https:\/\/beyondx.se\/no\/wp-json\/wp\/v2\/media\/143357"}],"wp:attachment":[{"href":"https:\/\/beyondx.se\/no\/wp-json\/wp\/v2\/media?parent=152675"}],"wp:term":[{"taxonomy":"product_cat","embeddable":true,"href":"https:\/\/beyondx.se\/no\/wp-json\/wp\/v2\/product_cat?post=152675"},{"taxonomy":"product_tag","embeddable":true,"href":"https:\/\/beyondx.se\/no\/wp-json\/wp\/v2\/product_tag?post=152675"}],"curies":[{"name":"wp","href":"https:\/\/api.w.org\/{rel}","templated":true}]}}